{"id":165857,"date":"2021-09-06T13:15:13","date_gmt":"2021-09-06T12:15:13","guid":{"rendered":"https:\/\/positiveprints.com\/product\/te-amo-de-aqui-a-la-luna\/"},"modified":"2026-04-18T08:04:46","modified_gmt":"2026-04-18T07:04:46","slug":"te-amo-de-aqui-a-la-luna","status":"publish","type":"product","link":"https:\/\/positiveprints.com\/es\/producto\/te-amo-de-aqui-a-la-luna\/","title":{"rendered":"Te Amo De Aqu\u00ed A La Luna"},"content":{"rendered":"<p>Si conoces a alguien especial que le encante la Luna, este p\u00f3ster con las fases lunares ser\u00e1 un regalo preciado para toda la vida, especialmente cuando le das un toque personal.<\/p>\r\n\r\n\r\n\r\n<h2 class=\"grenB f24 cblue\" style=\"margin-top: 3rem\">\u00bfQu\u00e9 es \u2018Te amo de aqu\u00ed a la Luna\u2019?<\/h2>\r\n\r\n\r\n\r\n<p style=\"margin-top: 1rem\">Los fan\u00e1ticos de la Luna habr\u00e1n escuchado este dicho muchas veces: Te amo de aqu\u00ed a la Luna. Es una frase conmovedora que muestra que el amor de una persona no tiene l\u00edmites. No tiene que ser pr\u00e1ctico; para la persona promedio, viajar a la Luna es totalmente imposible. Y tal viaje es caro, peligroso y simplemente poco realista, pero estas cosas son detalles peque\u00f1os cuando se trata del amor que sientes por alguien especial.<\/p>\r\n\r\n\r\n\r\n<p style=\"margin-top: 1rem\">Te amo de aqu\u00ed a la Luna es una hermosa manera de capturar esta frase especial y compartirla con alguien que amas. Es uno de los textos que m\u00e1s se utiliza en nuestros p\u00f3steres personalizados de la Luna que contienen una fecha y un lugar espec\u00edfico para mostrar c\u00f3mo luc\u00eda la Luna en dicho momento especial Podr\u00eda ser la noche en que tu hijo o hija lleg\u00f3 al mundo, la noche en que te casaste, cuando te graduaste de la universidad o te mudaste a tu primer hogar. \u00a1La Luna es el l\u00edmite!<\/p>\r\n\r\n\r\n\r\n<h2 class=\"grenB f24 cblue\" style=\"margin-top: 3rem\">Te amo de aqu\u00ed a la Luna, con un toque personal<\/h2>\r\n\r\n\r\n\r\n<p style=\"margin-top: 1rem\">Los regalos personalizados, como Te amo de aqu\u00ed a la Luna, son especiales porque cada uno es \u00fanica e inigualable. Recuerda que la Luna nunca se ve igual dos noches seguidas, por lo que este regalo es un reflejo directo de esas palabras. Adem\u00e1s, al tener en cuenta la fecha y el lugar de tu elecci\u00f3n, podemos recrear la Luna para tu p\u00f3ster.<\/p>\r\n\r\n\r\n\r\n<p style=\"margin-top: 1rem\">Asimismo, puedes agregar otras l\u00edneas de texto y hacerlo a\u00fan m\u00e1s \u00edntimo y personal para la persona que lo recibe. Podr\u00eda ser una cita, una fecha, la letra de una canci\u00f3n, un dicho especial, o incluso un apodo que tienen el uno para el otro.<\/p>\r\n\r\n\r\n\r\n<h2 class=\"grenB f24 cblue\" style=\"margin-top: 3rem\">C\u00f3mo crear tu obra de arte personalizada<\/h2>\r\n\r\n\r\n\r\n<p style=\"margin-top: 1rem\">Si quieres hacer una ilustraci\u00f3n personalizada de la Luna, Positive Prints se ha encargado de la mayor parte del trabajo. Sigue nuestro sencillo proceso de tres pasos y convierte tus ideas en arte:<\/p>\r\n\r\n\r\n\r\n<p style=\"margin-top: 1rem\"><b>Paso 1: Selecciona tu dise\u00f1o<\/b><\/p>\r\n\r\n\r\n\r\n<p style=\"margin-top: 1rem\">Nuestros artistas se han dedicado a preparar una gama de dise\u00f1os de p\u00f3steres lunares, lo que facilita que puedas comenzar a crear regalos personalizados. Elige entre varios fondos y esquemas de color para reflejar la personalidad de la persona que recibir\u00e1 el regalo.<\/p>\r\n\r\n\r\n\r\n<p style=\"margin-top: 1rem\"><b>Paso 2: Coloca los detalles importantes<\/b><\/p>\r\n\r\n\r\n\r\n<p style=\"margin-top: 1rem\">T\u00fa eliges la hora y el lugar, y nosotros recrearemos la Luna de esa noche. Embellece tu p\u00f3ster con l\u00edneas de texto personalizadas, como Te amo de aqu\u00ed a la Luna u otras frases incre\u00edbles.<\/p>\r\n\r\n\r\n\r\n<p style=\"margin-top: 1rem\"><b>Paso 3: Recibe tu obra de arte<\/b><\/p>\r\n\r\n\r\n\r\n<p style=\"margin-top: 1rem\">Positive Prints ofrece env\u00edo en todos los p\u00f3steres impresos, as\u00ed como opciones de descarga digital para que lo puedas imprimir y regalar de inmediato.<\/p>\r\n\r\n\r\n\r\n<h2 class=\"grenB f24 cblue\" style=\"margin-top: 3rem\">Personaliza tu p\u00f3ster lunar<\/h2>\r\n\r\n\r\n\r\n<p style=\"margin-top: 1rem\">Lleva el cielo nocturno a tu hogar para que tu ser amado lo atesore por siempre. \u00a1Comienza a dise\u00f1ar tu propio p\u00f3ster hoy mismo y prep\u00e1rate para decirle: Te amo de aqu\u00ed a la Luna!<\/p>","protected":false},"excerpt":{"rendered":"<ul class=\"check-list\">\n<li>Agrega la sombra de la Luna<\/li>\n<li>Personal\u00edzalo en tres sencillos pasos<\/li>\n<li>Elija entre una variedad de dise\u00f1os impresionantes<\/li>\n<li>Ve el resultado de inmediato: la vista previa interactiva te permite perfeccionar cada detalle<\/li>\n<\/ul>\n","protected":false},"featured_media":1460341,"template":"","meta":[],"product_brand":[],"product_cat":[7965,7213,5270,8012,7853,11460,7693],"product_tag":[8457],"class_list":{"0":"post-165857","1":"product","2":"type-product","3":"status-publish","4":"has-post-thumbnail","6":"product_cat-regalos-para-baby-showers","7":"product_cat-moon-es","8":"product_cat-regalos-de-navidad","9":"product_cat-regalos-para-hombres","10":"product_cat-regalos-para-la-familia","11":"product_cat-regalos-de-navidad-para-los-padres","12":"product_cat-regalos-para-mujeres","13":"product_tag-new-parents-es","15":"first","16":"instock","17":"sale","18":"taxable","19":"shipping-taxable","20":"purchasable","21":"product-type-variable"},"yoast_head":"<!-- This site is optimized with the Yoast SEO Premium plugin v27.2 (Yoast SEO v27.2) - https:\/\/yoast.com\/product\/yoast-seo-premium-wordpress\/ -->\n<title>Te Amo De Aqu\u00ed A La Luna - Positive Prints<\/title>\n<meta name=\"description\" content=\"Es un sentimento inigualable: Te amo de aqu\u00ed a la Luna. Dilo de otra forma con una obra de arte personalizada de Positive Prints.\" \/>\n<meta name=\"robots\" content=\"index, follow, max-snippet:-1, max-image-preview:large, max-video-preview:-1\" \/>\n<link rel=\"canonical\" href=\"https:\/\/positiveprints.com\/es\/producto\/te-amo-de-aqui-a-la-luna\/\" \/>\n<meta property=\"og:locale\" content=\"es_ES\" \/>\n<meta property=\"og:type\" content=\"article\" \/>\n<meta property=\"og:title\" content=\"Te Amo De Aqu\u00ed A La Luna\" \/>\n<meta property=\"og:description\" content=\"Agrega la sombra de la Luna  Personal\u00edzalo en tres sencillos pasos  Elija entre una variedad de dise\u00f1os impresionantes  Ve el resultado de inmediato: la vista previa interactiva te permite perfeccionar cada detalle\" \/>\n<meta property=\"og:url\" content=\"https:\/\/positiveprints.com\/es\/producto\/te-amo-de-aqui-a-la-luna\/\" \/>\n<meta property=\"og:site_name\" content=\"Positive Prints\" \/>\n<meta property=\"article:publisher\" content=\"https:\/\/www.facebook.com\/positiveprintscom\" \/>\n<meta property=\"article:modified_time\" content=\"2026-04-18T07:04:46+00:00\" \/>\n<meta property=\"og:image\" content=\"https:\/\/positiveprints.com\/wp-content\/uploads\/2021\/09\/Packshot_ES_Te-Amo-De-Aqui\u0301-A-La-Luna.webp\" \/>\n\t<meta property=\"og:image:width\" content=\"1450\" \/>\n\t<meta property=\"og:image:height\" content=\"1450\" \/>\n\t<meta property=\"og:image:type\" content=\"image\/webp\" \/>\n<meta name=\"twitter:card\" content=\"summary_large_image\" \/>\n<meta name=\"twitter:label1\" content=\"Tiempo de lectura\" \/>\n\t<meta name=\"twitter:data1\" content=\"3 minutos\" \/>\n<!-- \/ Yoast SEO Premium plugin. -->","yoast_head_json":{"title":"Te Amo De Aqu\u00ed A La Luna - Positive Prints","description":"Es un sentimento inigualable: Te amo de aqu\u00ed a la Luna. Dilo de otra forma con una obra de arte personalizada de Positive Prints.","robots":{"index":"index","follow":"follow","max-snippet":"max-snippet:-1","max-image-preview":"max-image-preview:large","max-video-preview":"max-video-preview:-1"},"canonical":"https:\/\/positiveprints.com\/es\/producto\/te-amo-de-aqui-a-la-luna\/","og_locale":"es_ES","og_type":"article","og_title":"Te Amo De Aqu\u00ed A La Luna","og_description":"Agrega la sombra de la Luna  Personal\u00edzalo en tres sencillos pasos  Elija entre una variedad de dise\u00f1os impresionantes  Ve el resultado de inmediato: la vista previa interactiva te permite perfeccionar cada detalle","og_url":"https:\/\/positiveprints.com\/es\/producto\/te-amo-de-aqui-a-la-luna\/","og_site_name":"Positive Prints","article_publisher":"https:\/\/www.facebook.com\/positiveprintscom","article_modified_time":"2026-04-18T07:04:46+00:00","og_image":[{"width":1450,"height":1450,"url":"https:\/\/positiveprints.com\/wp-content\/uploads\/2021\/09\/Packshot_ES_Te-Amo-De-Aqui\u0301-A-La-Luna.webp","type":"image\/webp"}],"twitter_card":"summary_large_image","twitter_misc":{"Tiempo de lectura":"3 minutos"},"schema":{"@context":"https:\/\/schema.org","@graph":[{"@type":["WebPage","ItemPage"],"@id":"https:\/\/positiveprints.com\/es\/producto\/te-amo-de-aqui-a-la-luna\/","url":"https:\/\/positiveprints.com\/es\/producto\/te-amo-de-aqui-a-la-luna\/","name":"Te Amo De Aqu\u00ed A La Luna - Positive Prints","isPartOf":{"@id":"https:\/\/positiveprints.com\/es\/#website"},"primaryImageOfPage":{"@id":"https:\/\/positiveprints.com\/es\/producto\/te-amo-de-aqui-a-la-luna\/#primaryimage"},"image":{"@id":"https:\/\/positiveprints.com\/es\/producto\/te-amo-de-aqui-a-la-luna\/#primaryimage"},"thumbnailUrl":"https:\/\/positiveprints.com\/wp-content\/uploads\/2021\/09\/Packshot_ES_Te-Amo-De-Aqui\u0301-A-La-Luna.webp","datePublished":"2021-09-06T12:15:13+00:00","dateModified":"2026-04-18T07:04:46+00:00","description":"Es un sentimento inigualable: Te amo de aqu\u00ed a la Luna. Dilo de otra forma con una obra de arte personalizada de Positive Prints.","breadcrumb":{"@id":"https:\/\/positiveprints.com\/es\/producto\/te-amo-de-aqui-a-la-luna\/#breadcrumb"},"inLanguage":"es","potentialAction":[{"@type":"ReadAction","target":["https:\/\/positiveprints.com\/es\/producto\/te-amo-de-aqui-a-la-luna\/"]}]},{"@type":"ImageObject","inLanguage":"es","@id":"https:\/\/positiveprints.com\/es\/producto\/te-amo-de-aqui-a-la-luna\/#primaryimage","url":"https:\/\/positiveprints.com\/wp-content\/uploads\/2021\/09\/Packshot_ES_Te-Amo-De-Aqui\u0301-A-La-Luna.webp","contentUrl":"https:\/\/positiveprints.com\/wp-content\/uploads\/2021\/09\/Packshot_ES_Te-Amo-De-Aqui\u0301-A-La-Luna.webp","width":1450,"height":1450,"caption":"Packshot_ES_Te Amo De Aqui\u0301 A La Luna"},{"@type":"BreadcrumbList","@id":"https:\/\/positiveprints.com\/es\/producto\/te-amo-de-aqui-a-la-luna\/#breadcrumb","itemListElement":[{"@type":"ListItem","position":1,"name":"CASA","item":"https:\/\/positiveprints.com\/es\/"},{"@type":"ListItem","position":2,"name":"Productos","item":"https:\/\/positiveprints.com\/es\/shop\/"},{"@type":"ListItem","position":3,"name":"Te Amo De Aqu\u00ed A La Luna"}]},{"@type":"WebSite","@id":"https:\/\/positiveprints.com\/es\/#website","url":"https:\/\/positiveprints.com\/es\/","name":"Positive Prints","description":"Custom Gifts for Special Occasions","publisher":{"@id":"https:\/\/positiveprints.com\/es\/#organization"},"potentialAction":[{"@type":"SearchAction","target":{"@type":"EntryPoint","urlTemplate":"https:\/\/positiveprints.com\/es\/?s={search_term_string}"},"query-input":{"@type":"PropertyValueSpecification","valueRequired":true,"valueName":"search_term_string"}}],"inLanguage":"es"},{"@type":"Organization","@id":"https:\/\/positiveprints.com\/es\/#organization","name":"Positive Prints","alternateName":"Positive Prints","url":"https:\/\/positiveprints.com\/es\/","logo":{"@type":"ImageObject","inLanguage":"es","@id":"https:\/\/positiveprints.com\/es\/#\/schema\/logo\/image\/","url":"https:\/\/positiveprints.com\/wp-content\/uploads\/2026\/03\/245815646_1337939713319158_5671353136411139666_n.png","contentUrl":"https:\/\/positiveprints.com\/wp-content\/uploads\/2026\/03\/245815646_1337939713319158_5671353136411139666_n.png","width":800,"height":800,"caption":"Positive Prints"},"image":{"@id":"https:\/\/positiveprints.com\/es\/#\/schema\/logo\/image\/"},"sameAs":["https:\/\/www.facebook.com\/positiveprintscom","https:\/\/www.instagram.com\/positiveprintscom\/","https:\/\/www.tiktok.com\/@positiveprintscom","https:\/\/www.pinterest.com\/positiveprintscom\/"]}]}},"jetpack_sharing_enabled":true,"_links":{"self":[{"href":"https:\/\/positiveprints.com\/es\/wp-json\/wp\/v2\/product\/165857","targetHints":{"allow":["GET"]}}],"collection":[{"href":"https:\/\/positiveprints.com\/es\/wp-json\/wp\/v2\/product"}],"about":[{"href":"https:\/\/positiveprints.com\/es\/wp-json\/wp\/v2\/types\/product"}],"wp:featuredmedia":[{"embeddable":true,"href":"https:\/\/positiveprints.com\/es\/wp-json\/wp\/v2\/media\/1460341"}],"wp:attachment":[{"href":"https:\/\/positiveprints.com\/es\/wp-json\/wp\/v2\/media?parent=165857"}],"wp:term":[{"taxonomy":"product_brand","embeddable":true,"href":"https:\/\/positiveprints.com\/es\/wp-json\/wp\/v2\/product_brand?post=165857"},{"taxonomy":"product_cat","embeddable":true,"href":"https:\/\/positiveprints.com\/es\/wp-json\/wp\/v2\/product_cat?post=165857"},{"taxonomy":"product_tag","embeddable":true,"href":"https:\/\/positiveprints.com\/es\/wp-json\/wp\/v2\/product_tag?post=165857"}],"curies":[{"name":"wp","href":"https:\/\/api.w.org\/{rel}","templated":true}]}}