{"id":165804,"date":"2021-03-23T11:06:26","date_gmt":"2021-03-23T10:06:26","guid":{"rendered":"https:\/\/positiveprints.com\/product\/mapa-estelar-de-bodas\/"},"modified":"2026-04-18T09:11:12","modified_gmt":"2026-04-18T08:11:12","slug":"mapa-estelar-de-bodas","status":"publish","type":"product","link":"https:\/\/positiveprints.com\/es\/producto\/mapa-estelar-de-bodas\/","title":{"rendered":"Mapa Estelar De Bodas"},"content":{"rendered":"<p>S\u00ed est\u00e1s buscando un regalo original y personalizado para esa persona especial o si est\u00e1s buscando una forma divertida de decorar tu espacio, puedes elegir el p\u00f3ster de las \u2018estrellas del d\u00eda de la boda\u2019, que brinda un toque hermoso y sentimentalista al lugar.<\/p>\r\n\r\n\r\n\r\n<h2 class=\"grenB f24 cblue\" style=\"margin-top: 3rem\">Mapa estelar de bodas<\/h2>\r\n\r\n\r\n\r\n<p style=\"margin-top: 1rem\">\u00bfRecuerdas c\u00f3mo era el cielo nocturno de uno de los d\u00edas m\u00e1s especiales de tu vida? Con nuestro mapa estelar, podr\u00e1s recrear el momento en el que el universo se aline\u00f3 solo para ti y tu pareja, el d\u00eda de su boda.<\/p>\r\n\r\n\r\n\r\n<p style=\"margin-top: 1rem\">Eventos como nuestra boda y lograr metas en pareja son momentos que valen la pena recordar. Un mapa estelar de boda te ayuda a capturar estos momentos en el tiempo y mostrarlos de una manera art\u00edstica que te ayuda a contar la uni\u00f3n de sus vidas.<\/p>\r\n\r\n\r\n\r\n<p style=\"margin-top: 1rem\">Cada impresi\u00f3n es tan \u00fanica como el momento en s\u00ed. No hay dos viajes que sean iguales, y las \u201cestrellas del d\u00eda de tu boda\u201d te ayudan a relatar la historia que has estado construyendo y escribiendo.<\/p>\r\n\r\n\r\n\r\n<p style=\"margin-top: 1rem\">S\u00ed est\u00e1s buscando un regalo original y personalizado para esa persona especial o si est\u00e1s buscando una forma divertida de decorar tu espacio, puedes elegir el p\u00f3ster de las \u2018estrellas del d\u00eda de la boda\u2019, que brinda un toque hermoso y sentimentalista al lugar.<\/p>\r\n\r\n\r\n\r\n<h2 class=\"grenB f24 cblue\" style=\"margin-top: 3rem\">\u00bfQu\u00e9 es un mapa estelar de bodas?<\/h2>\r\n\r\n\r\n\r\n<p style=\"margin-top: 1rem\">Sin importar d\u00f3nde te ubiques en la Tierra, el cielo nocturno que est\u00e1 sobre ti est\u00e1 lleno de estrellas, planetas y otros cuerpos celestes. Sin embargo, este cielo puede verse muy diferente dependiendo de d\u00f3nde te encuentres y tu perspectiva desde nuestro planeta.<\/p>\r\n\r\n\r\n\r\n<p style=\"margin-top: 1rem\">Es por eso que muchas personas optan por dise\u00f1ar un mapa estelar de boda para honrar los momentos m\u00e1s importantes en la vida, como es la uni\u00f3n de dos personas que se aman. Estos p\u00f3steres ofrecen una representaci\u00f3n precisa de c\u00f3mo se ve\u00eda el cielo desde un lugar, fecha y hora espec\u00edficos. Cuando miras tu p\u00f3ster personalizado, tambi\u00e9n est\u00e1s mirando el cielo de ese d\u00eda tan especial, lo que te permite revivir esos preciosos recuerdos a trav\u00e9s de un mapa estelar.<\/p>\r\n\r\n\r\n\r\n<h2 class=\"grenB f24 cblue\" style=\"margin-top: 3rem\">\u00bfC\u00f3mo puedo personalizar un \u2018mapa estelar de bodas\u2019?<\/h2>\r\n\r\n\r\n\r\n<p style=\"margin-top: 1rem\">Lo que hace que los mapas estelares de bodas sean tan \u00fanicos es que est\u00e1n dise\u00f1ados para cada persona. Cuando ingresas tu fecha, hora y ubicaci\u00f3n, nuestra tecnolog\u00eda pone manos a la obra, organizando estrellas, constelaciones, planetas y otros elementos para crear tu cielo estrellado.<\/p>\r\n\r\n\r\n\r\n<p style=\"margin-top: 1rem\">Sin embargo, la personalizaci\u00f3n no termina all\u00ed. Esto es lo que puedes hacer para dise\u00f1ar y personalizar un mapa estelar de bodas con Positive Prints.<\/p>\r\n\r\n\r\n\r\n<p style=\"margin-top: 1rem\"><b>Paso 1: Selecciona tu dise\u00f1o<\/b><\/p>\r\n\r\n\r\n\r\n<p style=\"margin-top: 1rem\">Nuestra herramienta f\u00e1cil de usar deja las conjeturas de lado para que puedas dise\u00f1ar tu propio mapa estelar de bodas. Elige entre 7 dise\u00f1os de mapas y esquemas de color, o selecciona la opci\u00f3n personalizada para crear tu propio esquema de color. Tambi\u00e9n puedes elegir el nivel de detalle que aparecer\u00e1 en tu obra de arte, como planetas, constelaciones, la V\u00eda L\u00e1ctea y m\u00e1s.<\/p>\r\n\r\n\r\n\r\n<p style=\"margin-top: 1rem\"><b>Paso 2: Introduce la fecha y los detalles<\/b><\/p>\r\n\r\n\r\n\r\n<p style=\"margin-top: 1rem\">Seleccionar un momento en el tiempo es la caracter\u00edstica m\u00e1s distintiva de un mapa estelar de bodas. Tu mapa se genera de forma personalizada para representar un evento importante en tu vida. Tienes la opci\u00f3n de ingresar un lugar o coordenadas espec\u00edficas, as\u00ed como una fecha y hora; podr\u00eda ser el momento en que un ser querido lleg\u00f3 al mundo, el momento en que conoci\u00f3 a esa persona especial, el momento en que dijo que s\u00ed, o un sinn\u00famero de ocasiones especiales.<\/p>\r\n\r\n\r\n\r\n<p style=\"margin-top: 1rem\">Si lo deseas, puedes personalizar tu mapa estelar de bodas a\u00fan m\u00e1s al agregar una frase o texto significativo que te ayude a contar tu historia de amor. Si no sabes c\u00f3mo encontrar las palabras correctas, nuestra nueva funci\u00f3n de citas puede sugerirte algunas, seg\u00fan la ocasi\u00f3n. Simplemente haz clic en la peque\u00f1a burbuja de discurso que se encuentra en el editor de mapas estelares, selecciona la ocasi\u00f3n y elige la cita que mejor se adapte a tus necesidades y sentimientos.<\/p>\r\n\r\n\r\n\r\n<p style=\"margin-top: 1rem\"><b>Paso 3: Elige tu formato<\/b><\/p>\r\n\r\n\r\n\r\n<p style=\"margin-top: 1rem\">Una vez que has creado tu mapa estelar de bodas, puedes seleccionar el formato de entrega que mejor se adapte a tus necesidades. Si tienes un poco de prisa, te recomendamos seleccionar la descarga digital. Si lo haces, recibir\u00e1s tu p\u00f3ster en un archivo digital, que puedes llevar a tu imprenta local para que puedas imprimirlo de forma instant\u00e1nea.<\/p>\r\n\r\n\r\n\r\n<p style=\"margin-top: 1rem\">Si buscas una opci\u00f3n m\u00e1s profesional, podemos imprimir tu p\u00f3ster en lienzo o alg\u00fan material de calidad. Incluso podemos agregar un marco para que lo puedas regalar al instante. Todos nuestros p\u00f3steres cuentan con env\u00edo internacional.<\/p>\r\n\r\n\r\n\r\n<h2 class=\"grenB f24 cblue\" style=\"margin-top: 3rem\">\u00bfNuestros mapas estelares de bodas son precisos?<\/h2>\r\n\r\n\r\n\r\n<p style=\"margin-top: 1rem\">La belleza de un mapa estelar de bodas radica en los detalles, y la precisi\u00f3n entra en esta categor\u00eda. Utilizamos datos del sat\u00e9lite Hipparcos, que se especializa en astrometr\u00eda, para asegurarnos de obtener la representaci\u00f3n m\u00e1s precisa del cielo nocturno, seg\u00fan la fecha y ubicaci\u00f3n que nos proporciones.<\/p>\r\n\r\n\r\n\r\n<p style=\"margin-top: 1rem\">Esto significa que, en tu mapa, podr\u00e1s ver las estrellas de manera muy similar a la forma en que aparecer\u00edan en el cielo. Cada uno de nuestros dise\u00f1os se genera utilizando datos de astrometr\u00eda reales y confiables. Al final, amar\u00e1s el resultado.<\/p>\r\n\r\n\r\n\r\n<h2 class=\"grenB f24 cblue\" style=\"margin-top: 3rem\">\u00a1Sorprende a tu ser amado con un mapa estelar de bodas!<\/h2>\r\n\r\n\r\n\r\n<p style=\"margin-top: 1rem\">Sin duda, un mapa estelar es un regalo \u00fanico. Puedes personalizar e imprimir tu p\u00f3ster seg\u00fan tus necesidades y los detalles que quieras incluir. Estas impresiones son ideales para cada ocasi\u00f3n y son excelentes regalos, para ti y para los dem\u00e1s.<\/p>\r\n\r\n\r\n\r\n<p style=\"margin-top: 1rem\">Ilustra los momentos m\u00e1s preciados de tu vida. \u00a1Comienza a crear tu propio mapa estelar personalizado hoy mismo!<\/p>","protected":false},"excerpt":{"rendered":"<ul class=\"check-list\">\n<li>A\u00f1ade planetas, constelaciones y la V\u00eda L\u00e1ctea<\/li>\n<li>Usa nuestro editor para personalizar tu dise\u00f1o en apenas tres pasos<\/li>\n<li>A\u00f1ade un mensaje personalizado para que\u00a0tu dise\u00f1o sea \u00fanico y especial<\/li>\n<li>Visualiza tu dise\u00f1o de forma r\u00e1pida usando la vista previa interactiva<\/li>\n<\/ul>\n","protected":false},"featured_media":1221319,"template":"","meta":[],"product_brand":[],"product_cat":[9280,3124,7933,3117],"product_tag":[15081],"class_list":{"0":"post-165804","1":"product","2":"type-product","3":"status-publish","4":"has-post-thumbnail","6":"product_cat-bestsellers-label-es","7":"product_cat-regalos-de-boda","8":"product_cat-regalos-para-despedidas-de-soltera","9":"product_cat-star-es-2","10":"product_tag-wedding-es-2","12":"first","13":"instock","14":"sale","15":"taxable","16":"shipping-taxable","17":"purchasable","18":"product-type-variable","19":"has-default-attributes"},"yoast_head":"<!-- This site is optimized with the Yoast SEO Premium plugin v27.2 (Yoast SEO v27.2) - https:\/\/yoast.com\/product\/yoast-seo-premium-wordpress\/ -->\n<title>Mapa Estelar De Bodas - Positive Prints<\/title>\n<meta name=\"description\" content=\"Captura el firmamento de uno de los d\u00edas m\u00e1s importantes de tu vida: el d\u00eda en que dijste S\u00ed, quiero. \u00a1Crea tu mapa estelar de ese d\u00eda tan especial hoy mismo!\" \/>\n<meta name=\"robots\" content=\"index, follow, max-snippet:-1, max-image-preview:large, max-video-preview:-1\" \/>\n<link rel=\"canonical\" href=\"https:\/\/positiveprints.com\/es\/producto\/mapa-estelar-de-bodas\/\" \/>\n<meta property=\"og:locale\" content=\"es_ES\" \/>\n<meta property=\"og:type\" content=\"article\" \/>\n<meta property=\"og:title\" content=\"Mapa Estelar De Bodas\" \/>\n<meta property=\"og:description\" content=\"A\u00f1ade planetas, constelaciones y la V\u00eda L\u00e1ctea  Usa nuestro editor para personalizar tu dise\u00f1o en apenas tres pasos  A\u00f1ade un mensaje personalizado para que\u00a0tu dise\u00f1o sea \u00fanico y especial  Visualiza tu dise\u00f1o de forma r\u00e1pida usando la vista previa interactiva\" \/>\n<meta property=\"og:url\" content=\"https:\/\/positiveprints.com\/es\/producto\/mapa-estelar-de-bodas\/\" \/>\n<meta property=\"og:site_name\" content=\"Positive Prints\" \/>\n<meta property=\"article:publisher\" content=\"https:\/\/www.facebook.com\/positiveprintscom\" \/>\n<meta property=\"article:modified_time\" content=\"2026-04-18T08:11:12+00:00\" \/>\n<meta property=\"og:image\" content=\"https:\/\/positiveprints.com\/wp-content\/uploads\/2024\/10\/Packshot_ES_stars-on-a-wedding-dayporduct-image.webp\" \/>\n\t<meta property=\"og:image:width\" content=\"1450\" \/>\n\t<meta property=\"og:image:height\" content=\"1450\" \/>\n\t<meta property=\"og:image:type\" content=\"image\/webp\" \/>\n<meta name=\"twitter:card\" content=\"summary_large_image\" \/>\n<meta name=\"twitter:label1\" content=\"Tiempo de lectura\" \/>\n\t<meta name=\"twitter:data1\" content=\"5 minutos\" \/>\n<!-- \/ Yoast SEO Premium plugin. -->","yoast_head_json":{"title":"Mapa Estelar De Bodas - Positive Prints","description":"Captura el firmamento de uno de los d\u00edas m\u00e1s importantes de tu vida: el d\u00eda en que dijste S\u00ed, quiero. \u00a1Crea tu mapa estelar de ese d\u00eda tan especial hoy mismo!","robots":{"index":"index","follow":"follow","max-snippet":"max-snippet:-1","max-image-preview":"max-image-preview:large","max-video-preview":"max-video-preview:-1"},"canonical":"https:\/\/positiveprints.com\/es\/producto\/mapa-estelar-de-bodas\/","og_locale":"es_ES","og_type":"article","og_title":"Mapa Estelar De Bodas","og_description":"A\u00f1ade planetas, constelaciones y la V\u00eda L\u00e1ctea  Usa nuestro editor para personalizar tu dise\u00f1o en apenas tres pasos  A\u00f1ade un mensaje personalizado para que\u00a0tu dise\u00f1o sea \u00fanico y especial  Visualiza tu dise\u00f1o de forma r\u00e1pida usando la vista previa interactiva","og_url":"https:\/\/positiveprints.com\/es\/producto\/mapa-estelar-de-bodas\/","og_site_name":"Positive Prints","article_publisher":"https:\/\/www.facebook.com\/positiveprintscom","article_modified_time":"2026-04-18T08:11:12+00:00","og_image":[{"width":1450,"height":1450,"url":"https:\/\/positiveprints.com\/wp-content\/uploads\/2024\/10\/Packshot_ES_stars-on-a-wedding-dayporduct-image.webp","type":"image\/webp"}],"twitter_card":"summary_large_image","twitter_misc":{"Tiempo de lectura":"5 minutos"},"schema":{"@context":"https:\/\/schema.org","@graph":[{"@type":["WebPage","ItemPage"],"@id":"https:\/\/positiveprints.com\/es\/producto\/mapa-estelar-de-bodas\/","url":"https:\/\/positiveprints.com\/es\/producto\/mapa-estelar-de-bodas\/","name":"Mapa Estelar De Bodas - Positive Prints","isPartOf":{"@id":"https:\/\/positiveprints.com\/es\/#website"},"primaryImageOfPage":{"@id":"https:\/\/positiveprints.com\/es\/producto\/mapa-estelar-de-bodas\/#primaryimage"},"image":{"@id":"https:\/\/positiveprints.com\/es\/producto\/mapa-estelar-de-bodas\/#primaryimage"},"thumbnailUrl":"https:\/\/positiveprints.com\/wp-content\/uploads\/2024\/10\/Packshot_ES_stars-on-a-wedding-dayporduct-image.webp","datePublished":"2021-03-23T10:06:26+00:00","dateModified":"2026-04-18T08:11:12+00:00","description":"Captura el firmamento de uno de los d\u00edas m\u00e1s importantes de tu vida: el d\u00eda en que dijste S\u00ed, quiero. \u00a1Crea tu mapa estelar de ese d\u00eda tan especial hoy mismo!","breadcrumb":{"@id":"https:\/\/positiveprints.com\/es\/producto\/mapa-estelar-de-bodas\/#breadcrumb"},"inLanguage":"es","potentialAction":[{"@type":"ReadAction","target":["https:\/\/positiveprints.com\/es\/producto\/mapa-estelar-de-bodas\/"]}]},{"@type":"ImageObject","inLanguage":"es","@id":"https:\/\/positiveprints.com\/es\/producto\/mapa-estelar-de-bodas\/#primaryimage","url":"https:\/\/positiveprints.com\/wp-content\/uploads\/2024\/10\/Packshot_ES_stars-on-a-wedding-dayporduct-image.webp","contentUrl":"https:\/\/positiveprints.com\/wp-content\/uploads\/2024\/10\/Packshot_ES_stars-on-a-wedding-dayporduct-image.webp","width":1450,"height":1450},{"@type":"BreadcrumbList","@id":"https:\/\/positiveprints.com\/es\/producto\/mapa-estelar-de-bodas\/#breadcrumb","itemListElement":[{"@type":"ListItem","position":1,"name":"CASA","item":"https:\/\/positiveprints.com\/es\/"},{"@type":"ListItem","position":2,"name":"Productos","item":"https:\/\/positiveprints.com\/es\/shop\/"},{"@type":"ListItem","position":3,"name":"Mapa Estelar De Bodas"}]},{"@type":"WebSite","@id":"https:\/\/positiveprints.com\/es\/#website","url":"https:\/\/positiveprints.com\/es\/","name":"Positive Prints","description":"Custom Gifts for Special Occasions","publisher":{"@id":"https:\/\/positiveprints.com\/es\/#organization"},"potentialAction":[{"@type":"SearchAction","target":{"@type":"EntryPoint","urlTemplate":"https:\/\/positiveprints.com\/es\/?s={search_term_string}"},"query-input":{"@type":"PropertyValueSpecification","valueRequired":true,"valueName":"search_term_string"}}],"inLanguage":"es"},{"@type":"Organization","@id":"https:\/\/positiveprints.com\/es\/#organization","name":"Positive Prints","alternateName":"Positive Prints","url":"https:\/\/positiveprints.com\/es\/","logo":{"@type":"ImageObject","inLanguage":"es","@id":"https:\/\/positiveprints.com\/es\/#\/schema\/logo\/image\/","url":"https:\/\/positiveprints.com\/wp-content\/uploads\/2026\/03\/245815646_1337939713319158_5671353136411139666_n.png","contentUrl":"https:\/\/positiveprints.com\/wp-content\/uploads\/2026\/03\/245815646_1337939713319158_5671353136411139666_n.png","width":800,"height":800,"caption":"Positive Prints"},"image":{"@id":"https:\/\/positiveprints.com\/es\/#\/schema\/logo\/image\/"},"sameAs":["https:\/\/www.facebook.com\/positiveprintscom","https:\/\/www.instagram.com\/positiveprintscom\/","https:\/\/www.tiktok.com\/@positiveprintscom","https:\/\/www.pinterest.com\/positiveprintscom\/"]}]}},"jetpack_sharing_enabled":true,"_links":{"self":[{"href":"https:\/\/positiveprints.com\/es\/wp-json\/wp\/v2\/product\/165804","targetHints":{"allow":["GET"]}}],"collection":[{"href":"https:\/\/positiveprints.com\/es\/wp-json\/wp\/v2\/product"}],"about":[{"href":"https:\/\/positiveprints.com\/es\/wp-json\/wp\/v2\/types\/product"}],"wp:featuredmedia":[{"embeddable":true,"href":"https:\/\/positiveprints.com\/es\/wp-json\/wp\/v2\/media\/1221319"}],"wp:attachment":[{"href":"https:\/\/positiveprints.com\/es\/wp-json\/wp\/v2\/media?parent=165804"}],"wp:term":[{"taxonomy":"product_brand","embeddable":true,"href":"https:\/\/positiveprints.com\/es\/wp-json\/wp\/v2\/product_brand?post=165804"},{"taxonomy":"product_cat","embeddable":true,"href":"https:\/\/positiveprints.com\/es\/wp-json\/wp\/v2\/product_cat?post=165804"},{"taxonomy":"product_tag","embeddable":true,"href":"https:\/\/positiveprints.com\/es\/wp-json\/wp\/v2\/product_tag?post=165804"}],"curies":[{"name":"wp","href":"https:\/\/api.w.org\/{rel}","templated":true}]}}