{"id":1654586,"date":"2026-02-06T15:11:41","date_gmt":"2026-02-06T14:11:41","guid":{"rendered":"https:\/\/positiveprints.com\/?post_type=product&#038;p=1654586"},"modified":"2026-04-28T13:11:26","modified_gmt":"2026-04-28T12:11:26","slug":"retrato-personalizado-a-partir-de-una-foto","status":"publish","type":"product","link":"https:\/\/positiveprints.com\/es\/producto\/retrato-personalizado-a-partir-de-una-foto\/","title":{"rendered":"Retrato Personalizado a partir de Una Foto"},"content":{"rendered":"","protected":false},"excerpt":{"rendered":"<ul class=\"check-list\">\n<li>Sube tu foto favorita<\/li>\n<li>2 revisiones disponibles si lo solicitas<\/li>\n<li>Rel\u00e1jate mientras nuestros artistas crean tu obra de arte<\/li>\n<li>Recibe la vista previa en 2-3 d\u00edas laborales<\/li>\n<li>M\u00faltiples opciones de impresi\u00f3n para elegir<\/li>\n<\/ul>\n","protected":false},"featured_media":1702355,"template":"","meta":[],"product_brand":[],"product_cat":[8250,9183,9766,13593,106,265,3128,11219,11220,5270,11455,11456,11459,11451,11453,11454,15060,15045,11461,11449,11452,11448,11462,11457,11460,11458,7805,3119,11249,11250],"product_tag":[15624,14920,16103,14921,16099,16102,16100,16101],"class_list":{"0":"post-1654586","1":"product","2":"type-product","3":"status-publish","4":"has-post-thumbnail","6":"product_cat-digital-products-es","7":"product_cat-line-art-es","8":"product_cat-trending-label-es","9":"product_cat-acuarela","10":"product_cat-todos-los-productos","11":"product_cat-creators-es-2","12":"product_cat-regalos-de-cumpleanos","13":"product_cat-regalos-de-cumpleanos-para-mujeres","14":"product_cat-regalos-de-cumpleanos-para-hombres","15":"product_cat-regalos-de-navidad","16":"product_cat-regalos-de-navidad-para-mujer","17":"product_cat-regalos-de-navidad-para-hombre","18":"product_cat-regalos-de-navidad-para-mama","19":"product_cat-regalos-de-navidad-para-papa","20":"product_cat-regalos-de-navidad-para-abuela","21":"product_cat-regalos-de-navidad-para-abuelo","22":"product_cat-regalos-de-navidad-para-la-familia","23":"product_cat-regalos-de-navidad-para-amigos","24":"product_cat-regalos-de-navidad-para-la-hermana","25":"product_cat-regalos-de-navidad-para-el-hermano","26":"product_cat-regalos-de-navidad-para-la-novia","27":"product_cat-regalos-de-navidad-para-el-novio","28":"product_cat-regalos-de-navidad-para-la-esposa","29":"product_cat-regalos-de-navidad-para-el-marido","30":"product_cat-regalos-de-navidad-para-los-padres","31":"product_cat-regalos-de-navidad-para-los-ninos","32":"product_cat-regalos-para-parejas","33":"product_cat-regalos-de-san-valentin","34":"product_cat-regalos-de-san-valentin-mujeres","35":"product_cat-regalos-de-san-valentin-hombres","36":"product_tag-animals-es","37":"product_tag-creators-es-2","38":"product_tag-custom-dog-gifts-es","39":"product_tag-custom-photo-es","40":"product_tag-dog-lover-es","41":"product_tag-dog-mom-gifts-es","42":"product_tag-dog-owner-es","43":"product_tag-gifts-for-dog-owners-es","45":"first","46":"instock","47":"sale","48":"taxable","49":"shipping-taxable","50":"purchasable","51":"product-type-variable"},"yoast_head":"<!-- This site is optimized with the Yoast SEO Premium plugin v27.2 (Yoast SEO v27.2) - https:\/\/yoast.com\/product\/yoast-seo-premium-wordpress\/ -->\n<title>Retrato Personalizado a partir de Una Foto - Positive Prints<\/title>\n<meta name=\"description\" content=\"Convierte tu foto favorita en un bonito retrato personalizado, impreso en p\u00f3ster premium o lienzo de la mejor calidad. Un regalo perfecto para cualquier persona y cualquier ocasi\u00f3n.\" \/>\n<meta name=\"robots\" content=\"index, follow, max-snippet:-1, max-image-preview:large, max-video-preview:-1\" \/>\n<link rel=\"canonical\" href=\"https:\/\/positiveprints.com\/es\/producto\/retrato-personalizado-a-partir-de-una-foto\/\" \/>\n<meta property=\"og:locale\" content=\"es_ES\" \/>\n<meta property=\"og:type\" content=\"article\" \/>\n<meta property=\"og:title\" content=\"Retrato Personalizado a partir de Una Foto\" \/>\n<meta property=\"og:description\" content=\"Sube tu foto favorita  2 revisiones disponibles si lo solicitas  Rel\u00e1jate mientras nuestros artistas crean tu obra de arte  Recibe la vista previa en 2-3 d\u00edas laborales  M\u00faltiples opciones de impresi\u00f3n para elegir\" \/>\n<meta property=\"og:url\" content=\"https:\/\/positiveprints.com\/es\/producto\/retrato-personalizado-a-partir-de-una-foto\/\" \/>\n<meta property=\"og:site_name\" content=\"Positive Prints\" \/>\n<meta property=\"article:publisher\" content=\"https:\/\/www.facebook.com\/positiveprintscom\" \/>\n<meta property=\"article:modified_time\" content=\"2026-04-28T12:11:26+00:00\" \/>\n<meta property=\"og:image\" content=\"https:\/\/positiveprints.com\/wp-content\/uploads\/2026\/04\/Packshot_ES_XX-Retrato-watercolor-a-partir-de-foto.webp\" \/>\n\t<meta property=\"og:image:width\" content=\"1450\" \/>\n\t<meta property=\"og:image:height\" content=\"1450\" \/>\n\t<meta property=\"og:image:type\" content=\"image\/webp\" \/>\n<meta name=\"twitter:card\" content=\"summary_large_image\" \/>\n<!-- \/ Yoast SEO Premium plugin. -->","yoast_head_json":{"title":"Retrato Personalizado a partir de Una Foto - Positive Prints","description":"Convierte tu foto favorita en un bonito retrato personalizado, impreso en p\u00f3ster premium o lienzo de la mejor calidad. Un regalo perfecto para cualquier persona y cualquier ocasi\u00f3n.","robots":{"index":"index","follow":"follow","max-snippet":"max-snippet:-1","max-image-preview":"max-image-preview:large","max-video-preview":"max-video-preview:-1"},"canonical":"https:\/\/positiveprints.com\/es\/producto\/retrato-personalizado-a-partir-de-una-foto\/","og_locale":"es_ES","og_type":"article","og_title":"Retrato Personalizado a partir de Una Foto","og_description":"Sube tu foto favorita  2 revisiones disponibles si lo solicitas  Rel\u00e1jate mientras nuestros artistas crean tu obra de arte  Recibe la vista previa en 2-3 d\u00edas laborales  M\u00faltiples opciones de impresi\u00f3n para elegir","og_url":"https:\/\/positiveprints.com\/es\/producto\/retrato-personalizado-a-partir-de-una-foto\/","og_site_name":"Positive Prints","article_publisher":"https:\/\/www.facebook.com\/positiveprintscom","article_modified_time":"2026-04-28T12:11:26+00:00","og_image":[{"width":1450,"height":1450,"url":"https:\/\/positiveprints.com\/wp-content\/uploads\/2026\/04\/Packshot_ES_XX-Retrato-watercolor-a-partir-de-foto.webp","type":"image\/webp"}],"twitter_card":"summary_large_image","schema":{"@context":"https:\/\/schema.org","@graph":[{"@type":["WebPage","ItemPage"],"@id":"https:\/\/positiveprints.com\/es\/producto\/retrato-personalizado-a-partir-de-una-foto\/","url":"https:\/\/positiveprints.com\/es\/producto\/retrato-personalizado-a-partir-de-una-foto\/","name":"Retrato Personalizado a partir de Una Foto - Positive Prints","isPartOf":{"@id":"https:\/\/positiveprints.com\/es\/#website"},"primaryImageOfPage":{"@id":"https:\/\/positiveprints.com\/es\/producto\/retrato-personalizado-a-partir-de-una-foto\/#primaryimage"},"image":{"@id":"https:\/\/positiveprints.com\/es\/producto\/retrato-personalizado-a-partir-de-una-foto\/#primaryimage"},"thumbnailUrl":"https:\/\/positiveprints.com\/wp-content\/uploads\/2026\/04\/Packshot_ES_XX-Retrato-watercolor-a-partir-de-foto.webp","datePublished":"2026-02-06T14:11:41+00:00","dateModified":"2026-04-28T12:11:26+00:00","description":"Convierte tu foto favorita en un bonito retrato personalizado, impreso en p\u00f3ster premium o lienzo de la mejor calidad. Un regalo perfecto para cualquier persona y cualquier ocasi\u00f3n.","breadcrumb":{"@id":"https:\/\/positiveprints.com\/es\/producto\/retrato-personalizado-a-partir-de-una-foto\/#breadcrumb"},"inLanguage":"es","potentialAction":[{"@type":"ReadAction","target":["https:\/\/positiveprints.com\/es\/producto\/retrato-personalizado-a-partir-de-una-foto\/"]}]},{"@type":"ImageObject","inLanguage":"es","@id":"https:\/\/positiveprints.com\/es\/producto\/retrato-personalizado-a-partir-de-una-foto\/#primaryimage","url":"https:\/\/positiveprints.com\/wp-content\/uploads\/2026\/04\/Packshot_ES_XX-Retrato-watercolor-a-partir-de-foto.webp","contentUrl":"https:\/\/positiveprints.com\/wp-content\/uploads\/2026\/04\/Packshot_ES_XX-Retrato-watercolor-a-partir-de-foto.webp","width":1450,"height":1450},{"@type":"BreadcrumbList","@id":"https:\/\/positiveprints.com\/es\/producto\/retrato-personalizado-a-partir-de-una-foto\/#breadcrumb","itemListElement":[{"@type":"ListItem","position":1,"name":"CASA","item":"https:\/\/positiveprints.com\/es\/"},{"@type":"ListItem","position":2,"name":"Productos","item":"https:\/\/positiveprints.com\/es\/shop\/"},{"@type":"ListItem","position":3,"name":"Retrato Personalizado a partir de Una Foto"}]},{"@type":"WebSite","@id":"https:\/\/positiveprints.com\/es\/#website","url":"https:\/\/positiveprints.com\/es\/","name":"Positive Prints","description":"Custom Gifts for Special Occasions","publisher":{"@id":"https:\/\/positiveprints.com\/es\/#organization"},"potentialAction":[{"@type":"SearchAction","target":{"@type":"EntryPoint","urlTemplate":"https:\/\/positiveprints.com\/es\/?s={search_term_string}"},"query-input":{"@type":"PropertyValueSpecification","valueRequired":true,"valueName":"search_term_string"}}],"inLanguage":"es"},{"@type":"Organization","@id":"https:\/\/positiveprints.com\/es\/#organization","name":"Positive Prints","alternateName":"Positive Prints ","url":"https:\/\/positiveprints.com\/es\/","logo":{"@type":"ImageObject","inLanguage":"es","@id":"https:\/\/positiveprints.com\/es\/#\/schema\/logo\/image\/","url":"https:\/\/positiveprints.com\/wp-content\/uploads\/2026\/03\/245815646_1337939713319158_5671353136411139666_n.png","contentUrl":"https:\/\/positiveprints.com\/wp-content\/uploads\/2026\/03\/245815646_1337939713319158_5671353136411139666_n.png","width":800,"height":800,"caption":"Positive Prints"},"image":{"@id":"https:\/\/positiveprints.com\/es\/#\/schema\/logo\/image\/"},"sameAs":["https:\/\/www.facebook.com\/positiveprintscom","https:\/\/www.instagram.com\/positiveprintscom\/","https:\/\/www.tiktok.com\/@positiveprintscom","https:\/\/www.pinterest.com\/positiveprintscom\/"]}]}},"jetpack_sharing_enabled":true,"_links":{"self":[{"href":"https:\/\/positiveprints.com\/es\/wp-json\/wp\/v2\/product\/1654586","targetHints":{"allow":["GET"]}}],"collection":[{"href":"https:\/\/positiveprints.com\/es\/wp-json\/wp\/v2\/product"}],"about":[{"href":"https:\/\/positiveprints.com\/es\/wp-json\/wp\/v2\/types\/product"}],"wp:featuredmedia":[{"embeddable":true,"href":"https:\/\/positiveprints.com\/es\/wp-json\/wp\/v2\/media\/1702355"}],"wp:attachment":[{"href":"https:\/\/positiveprints.com\/es\/wp-json\/wp\/v2\/media?parent=1654586"}],"wp:term":[{"taxonomy":"product_brand","embeddable":true,"href":"https:\/\/positiveprints.com\/es\/wp-json\/wp\/v2\/product_brand?post=1654586"},{"taxonomy":"product_cat","embeddable":true,"href":"https:\/\/positiveprints.com\/es\/wp-json\/wp\/v2\/product_cat?post=1654586"},{"taxonomy":"product_tag","embeddable":true,"href":"https:\/\/positiveprints.com\/es\/wp-json\/wp\/v2\/product_tag?post=1654586"}],"curies":[{"name":"wp","href":"https:\/\/api.w.org\/{rel}","templated":true}]}}