{"id":1649262,"date":"2026-02-06T22:53:37","date_gmt":"2026-02-06T21:53:37","guid":{"rendered":"https:\/\/positiveprints.com\/?post_type=product&#038;p=1649262"},"modified":"2026-04-03T02:16:34","modified_gmt":"2026-04-03T01:16:34","slug":"poster-del-mapa-de-tu-ruta","status":"publish","type":"product","link":"https:\/\/positiveprints.com\/es\/producto\/poster-del-mapa-de-tu-ruta\/","title":{"rendered":"P\u00f3ster del Mapa de Tu Ruta"},"content":{"rendered":"","protected":false},"excerpt":{"rendered":"<ul class=\"check-list\">\n<li>Sube tu archivo GPX o conecta con Strava<\/li>\n<li>Personaliza tu dise\u00f1o en 3 sencillos pasos<\/li>\n<li>Elige entre varios estilos de color para el mapa<\/li>\n<li>A\u00f1ade un texto personalizado emotivo <\/li>\n<li>Mira como t\u00fa dise\u00f1o se actualiza instant\u00e1neamente gracias a la vista previa interactiva<\/li>\n<\/ul>\n","protected":false},"featured_media":1647281,"template":"","meta":[],"product_brand":[],"product_cat":[15920,15850,8250,265],"product_tag":[14920,15938],"class_list":{"0":"post-1649262","1":"product","2":"type-product","3":"status-publish","4":"has-post-thumbnail","6":"product_cat-gpx-maps-es","7":"product_cat-shop-bestsellers-es","8":"product_cat-digital-products-es","9":"product_cat-creators-es-2","10":"product_tag-creators-es-2","11":"product_tag-gpx-es","13":"first","14":"instock","15":"sale","16":"taxable","17":"shipping-taxable","18":"purchasable","19":"product-type-variable","20":"has-default-attributes"},"yoast_head":"<!-- This site is optimized with the Yoast SEO Premium plugin v27.2 (Yoast SEO v27.2) - https:\/\/yoast.com\/product\/yoast-seo-premium-wordpress\/ -->\n<title>P\u00f3ster del Mapa de Tu Ruta | Positive Prints<\/title>\n<meta name=\"description\" content=\"Convierte cualquier ruta GPX en un elegante p\u00f3ster personalizado con nombres y colores. Un regalo perfecto para atletas, corredores, ciclistas y aventureros de todo el mundo.\" \/>\n<meta name=\"robots\" content=\"index, follow, max-snippet:-1, max-image-preview:large, max-video-preview:-1\" \/>\n<link rel=\"canonical\" href=\"https:\/\/positiveprints.com\/es\/producto\/poster-del-mapa-de-tu-ruta\/\" \/>\n<meta property=\"og:locale\" content=\"es_ES\" \/>\n<meta property=\"og:type\" content=\"article\" \/>\n<meta property=\"og:title\" content=\"P\u00f3ster del Mapa de Tu Ruta\" \/>\n<meta property=\"og:description\" content=\"Sube tu archivo GPX o conecta con Strava Personaliza tu dise\u00f1o en 3 sencillos pasos Elige entre varios estilos de color para el mapa A\u00f1ade un texto personalizado emotivo  Mira como t\u00fa dise\u00f1o se actualiza instant\u00e1neamente gracias a la vista previa interactiva\" \/>\n<meta property=\"og:url\" content=\"https:\/\/positiveprints.com\/es\/producto\/poster-del-mapa-de-tu-ruta\/\" \/>\n<meta property=\"og:site_name\" content=\"Positive Prints\" \/>\n<meta property=\"article:publisher\" content=\"https:\/\/www.facebook.com\/positiveprintscom\" \/>\n<meta property=\"article:modified_time\" content=\"2026-04-03T01:16:34+00:00\" \/>\n<meta property=\"og:image\" content=\"https:\/\/positiveprints.com\/wp-content\/uploads\/2026\/03\/Open-graph-2026-1200x630-1.jpg\" \/>\n\t<meta property=\"og:image:width\" content=\"1200\" \/>\n\t<meta property=\"og:image:height\" content=\"630\" \/>\n\t<meta property=\"og:image:type\" content=\"image\/jpeg\" \/>\n<meta name=\"twitter:card\" content=\"summary_large_image\" \/>\n<!-- \/ Yoast SEO Premium plugin. -->","yoast_head_json":{"title":"P\u00f3ster del Mapa de Tu Ruta | Positive Prints","description":"Convierte cualquier ruta GPX en un elegante p\u00f3ster personalizado con nombres y colores. Un regalo perfecto para atletas, corredores, ciclistas y aventureros de todo el mundo.","robots":{"index":"index","follow":"follow","max-snippet":"max-snippet:-1","max-image-preview":"max-image-preview:large","max-video-preview":"max-video-preview:-1"},"canonical":"https:\/\/positiveprints.com\/es\/producto\/poster-del-mapa-de-tu-ruta\/","og_locale":"es_ES","og_type":"article","og_title":"P\u00f3ster del Mapa de Tu Ruta","og_description":"Sube tu archivo GPX o conecta con Strava Personaliza tu dise\u00f1o en 3 sencillos pasos Elige entre varios estilos de color para el mapa A\u00f1ade un texto personalizado emotivo  Mira como t\u00fa dise\u00f1o se actualiza instant\u00e1neamente gracias a la vista previa interactiva","og_url":"https:\/\/positiveprints.com\/es\/producto\/poster-del-mapa-de-tu-ruta\/","og_site_name":"Positive Prints","article_publisher":"https:\/\/www.facebook.com\/positiveprintscom","article_modified_time":"2026-04-03T01:16:34+00:00","og_image":[{"width":1200,"height":630,"url":"https:\/\/positiveprints.com\/wp-content\/uploads\/2026\/03\/Open-graph-2026-1200x630-1.jpg","type":"image\/jpeg"}],"twitter_card":"summary_large_image","schema":{"@context":"https:\/\/schema.org","@graph":[{"@type":["WebPage","ItemPage"],"@id":"https:\/\/positiveprints.com\/es\/producto\/poster-del-mapa-de-tu-ruta\/","url":"https:\/\/positiveprints.com\/es\/producto\/poster-del-mapa-de-tu-ruta\/","name":"P\u00f3ster del Mapa de Tu Ruta | Positive Prints","isPartOf":{"@id":"https:\/\/positiveprints.com\/es\/#website"},"primaryImageOfPage":{"@id":"https:\/\/positiveprints.com\/es\/producto\/poster-del-mapa-de-tu-ruta\/#primaryimage"},"image":{"@id":"https:\/\/positiveprints.com\/es\/producto\/poster-del-mapa-de-tu-ruta\/#primaryimage"},"thumbnailUrl":"https:\/\/positiveprints.com\/wp-content\/uploads\/2026\/02\/Packshot_ES_Poster-del-Mapa-de-Tu-Ruta.webp","datePublished":"2026-02-06T21:53:37+00:00","dateModified":"2026-04-03T01:16:34+00:00","description":"Convierte cualquier ruta GPX en un elegante p\u00f3ster personalizado con nombres y colores. Un regalo perfecto para atletas, corredores, ciclistas y aventureros de todo el mundo.","breadcrumb":{"@id":"https:\/\/positiveprints.com\/es\/producto\/poster-del-mapa-de-tu-ruta\/#breadcrumb"},"inLanguage":"es","potentialAction":[{"@type":"ReadAction","target":["https:\/\/positiveprints.com\/es\/producto\/poster-del-mapa-de-tu-ruta\/"]}]},{"@type":"ImageObject","inLanguage":"es","@id":"https:\/\/positiveprints.com\/es\/producto\/poster-del-mapa-de-tu-ruta\/#primaryimage","url":"https:\/\/positiveprints.com\/wp-content\/uploads\/2026\/02\/Packshot_ES_Poster-del-Mapa-de-Tu-Ruta.webp","contentUrl":"https:\/\/positiveprints.com\/wp-content\/uploads\/2026\/02\/Packshot_ES_Poster-del-Mapa-de-Tu-Ruta.webp","width":1450,"height":1450},{"@type":"BreadcrumbList","@id":"https:\/\/positiveprints.com\/es\/producto\/poster-del-mapa-de-tu-ruta\/#breadcrumb","itemListElement":[{"@type":"ListItem","position":1,"name":"CASA","item":"https:\/\/positiveprints.com\/es\/"},{"@type":"ListItem","position":2,"name":"Productos","item":"https:\/\/positiveprints.com\/es\/shop\/"},{"@type":"ListItem","position":3,"name":"P\u00f3ster del Mapa de Tu Ruta"}]},{"@type":"WebSite","@id":"https:\/\/positiveprints.com\/es\/#website","url":"https:\/\/positiveprints.com\/es\/","name":"Positive Prints","description":"Custom Gifts for Special Occasions","publisher":{"@id":"https:\/\/positiveprints.com\/es\/#organization"},"potentialAction":[{"@type":"SearchAction","target":{"@type":"EntryPoint","urlTemplate":"https:\/\/positiveprints.com\/es\/?s={search_term_string}"},"query-input":{"@type":"PropertyValueSpecification","valueRequired":true,"valueName":"search_term_string"}}],"inLanguage":"es"},{"@type":"Organization","@id":"https:\/\/positiveprints.com\/es\/#organization","name":"Positive Prints","alternateName":"Positive Prints","url":"https:\/\/positiveprints.com\/es\/","logo":{"@type":"ImageObject","inLanguage":"es","@id":"https:\/\/positiveprints.com\/es\/#\/schema\/logo\/image\/","url":"https:\/\/positiveprints.com\/wp-content\/uploads\/2026\/03\/245815646_1337939713319158_5671353136411139666_n.png","contentUrl":"https:\/\/positiveprints.com\/wp-content\/uploads\/2026\/03\/245815646_1337939713319158_5671353136411139666_n.png","width":800,"height":800,"caption":"Positive Prints"},"image":{"@id":"https:\/\/positiveprints.com\/es\/#\/schema\/logo\/image\/"},"sameAs":["https:\/\/www.facebook.com\/positiveprintscom","https:\/\/www.instagram.com\/positiveprintscom\/","https:\/\/www.tiktok.com\/@positiveprintscom","https:\/\/www.pinterest.com\/positiveprintscom\/"]}]}},"jetpack_sharing_enabled":true,"_links":{"self":[{"href":"https:\/\/positiveprints.com\/es\/wp-json\/wp\/v2\/product\/1649262","targetHints":{"allow":["GET"]}}],"collection":[{"href":"https:\/\/positiveprints.com\/es\/wp-json\/wp\/v2\/product"}],"about":[{"href":"https:\/\/positiveprints.com\/es\/wp-json\/wp\/v2\/types\/product"}],"wp:featuredmedia":[{"embeddable":true,"href":"https:\/\/positiveprints.com\/es\/wp-json\/wp\/v2\/media\/1647281"}],"wp:attachment":[{"href":"https:\/\/positiveprints.com\/es\/wp-json\/wp\/v2\/media?parent=1649262"}],"wp:term":[{"taxonomy":"product_brand","embeddable":true,"href":"https:\/\/positiveprints.com\/es\/wp-json\/wp\/v2\/product_brand?post=1649262"},{"taxonomy":"product_cat","embeddable":true,"href":"https:\/\/positiveprints.com\/es\/wp-json\/wp\/v2\/product_cat?post=1649262"},{"taxonomy":"product_tag","embeddable":true,"href":"https:\/\/positiveprints.com\/es\/wp-json\/wp\/v2\/product_tag?post=1649262"}],"curies":[{"name":"wp","href":"https:\/\/api.w.org\/{rel}","templated":true}]}}