{"id":1643512,"date":"2026-02-13T12:49:54","date_gmt":"2026-02-13T11:49:54","guid":{"rendered":"https:\/\/positiveprints.com\/?post_type=product&#038;p=1643512"},"modified":"2026-05-03T16:15:14","modified_gmt":"2026-05-03T15:15:14","slug":"retrato-personalizado-de-boda-a-partir-de-una-foto","status":"publish","type":"product","link":"https:\/\/positiveprints.com\/es\/producto\/retrato-personalizado-de-boda-a-partir-de-una-foto\/","title":{"rendered":"Retrato personalizado de boda a partir de una foto"},"content":{"rendered":"","protected":false},"excerpt":{"rendered":"<ul class=\"check-list\">\n<li>Sube la foto de la boda<\/li>\n<li>2 revisiones disponibles si lo solicitas<\/li>\n<li>Rel\u00e1jate mientras nuestros artistas crean tu obra de arte<\/li>\n<li>Recibe la vista previa en 2-3 d\u00edas laborales<\/li>\n<li>M\u00faltiples opciones de impresi\u00f3n para elegir<\/li>\n<\/ul>\n","protected":false},"featured_media":1629891,"template":"","meta":[],"product_brand":[],"product_cat":[13593,106,3124,7646,7757],"product_tag":[14937,16314,16525,16315,15081],"class_list":{"0":"post-1643512","1":"product","2":"type-product","3":"status-publish","4":"has-post-thumbnail","6":"product_cat-acuarela","7":"product_cat-todos-los-productos","8":"product_cat-regalos-de-boda","9":"product_cat-regalos-para-mi-esposo","10":"product_cat-regalos-para-mi-esposa","11":"product_tag-couple-gift-es-2","12":"product_tag-regalo-de-boda","13":"product_tag-regalo-para-recien-casados","14":"product_tag-regalos-de-boda","15":"product_tag-wedding-es-2","17":"first","18":"instock","19":"sale","20":"taxable","21":"shipping-taxable","22":"purchasable","23":"product-type-variable"},"yoast_head":"<!-- This site is optimized with the Yoast SEO Premium plugin v27.2 (Yoast SEO v27.2) - https:\/\/yoast.com\/product\/yoast-seo-premium-wordpress\/ -->\n<title>Retrato personalizado de boda a partir de una foto - Positive Prints<\/title>\n<meta name=\"description\" content=\"Convierte tu foto de bodas en un bonito retrato personalizado, impreso en p\u00f3ster premium o lienzo de la mejor calidad. Un recuerdo rom\u00e1ntico y perfecto para los reci\u00e9n casados.\" \/>\n<meta name=\"robots\" content=\"index, follow, max-snippet:-1, max-image-preview:large, max-video-preview:-1\" \/>\n<link rel=\"canonical\" href=\"https:\/\/positiveprints.com\/es\/producto\/retrato-personalizado-de-boda-a-partir-de-una-foto\/\" \/>\n<meta property=\"og:locale\" content=\"es_ES\" \/>\n<meta property=\"og:type\" content=\"article\" \/>\n<meta property=\"og:title\" content=\"Retrato personalizado de boda a partir de una foto\" \/>\n<meta property=\"og:description\" content=\"Sube la foto de la boda 2 revisiones disponibles si lo solicitas Rel\u00e1jate mientras nuestros artistas crean tu obra de arte Recibe la vista previa en 2-3 d\u00edas laborales M\u00faltiples opciones de impresi\u00f3n para elegir\" \/>\n<meta property=\"og:url\" content=\"https:\/\/positiveprints.com\/es\/producto\/retrato-personalizado-de-boda-a-partir-de-una-foto\/\" \/>\n<meta property=\"og:site_name\" content=\"Positive Prints\" \/>\n<meta property=\"article:publisher\" content=\"https:\/\/www.facebook.com\/positiveprintscom\" \/>\n<meta property=\"article:modified_time\" content=\"2026-05-03T15:15:14+00:00\" \/>\n<meta property=\"og:image\" content=\"https:\/\/positiveprints.com\/wp-content\/uploads\/2026\/02\/Packshot_ES_Retrato-personalizado-de-boda-a-partir-de-una-foto.webp\" \/>\n\t<meta property=\"og:image:width\" content=\"1450\" \/>\n\t<meta property=\"og:image:height\" content=\"1450\" \/>\n\t<meta property=\"og:image:type\" content=\"image\/webp\" \/>\n<meta name=\"twitter:card\" content=\"summary_large_image\" \/>\n<!-- \/ Yoast SEO Premium plugin. -->","yoast_head_json":{"title":"Retrato personalizado de boda a partir de una foto - Positive Prints","description":"Convierte tu foto de bodas en un bonito retrato personalizado, impreso en p\u00f3ster premium o lienzo de la mejor calidad. Un recuerdo rom\u00e1ntico y perfecto para los reci\u00e9n casados.","robots":{"index":"index","follow":"follow","max-snippet":"max-snippet:-1","max-image-preview":"max-image-preview:large","max-video-preview":"max-video-preview:-1"},"canonical":"https:\/\/positiveprints.com\/es\/producto\/retrato-personalizado-de-boda-a-partir-de-una-foto\/","og_locale":"es_ES","og_type":"article","og_title":"Retrato personalizado de boda a partir de una foto","og_description":"Sube la foto de la boda 2 revisiones disponibles si lo solicitas Rel\u00e1jate mientras nuestros artistas crean tu obra de arte Recibe la vista previa en 2-3 d\u00edas laborales M\u00faltiples opciones de impresi\u00f3n para elegir","og_url":"https:\/\/positiveprints.com\/es\/producto\/retrato-personalizado-de-boda-a-partir-de-una-foto\/","og_site_name":"Positive Prints","article_publisher":"https:\/\/www.facebook.com\/positiveprintscom","article_modified_time":"2026-05-03T15:15:14+00:00","og_image":[{"width":1450,"height":1450,"url":"https:\/\/positiveprints.com\/wp-content\/uploads\/2026\/02\/Packshot_ES_Retrato-personalizado-de-boda-a-partir-de-una-foto.webp","type":"image\/webp"}],"twitter_card":"summary_large_image","schema":{"@context":"https:\/\/schema.org","@graph":[{"@type":["WebPage","ItemPage"],"@id":"https:\/\/positiveprints.com\/es\/producto\/retrato-personalizado-de-boda-a-partir-de-una-foto\/","url":"https:\/\/positiveprints.com\/es\/producto\/retrato-personalizado-de-boda-a-partir-de-una-foto\/","name":"Retrato personalizado de boda a partir de una foto - Positive Prints","isPartOf":{"@id":"https:\/\/positiveprints.com\/es\/#website"},"primaryImageOfPage":{"@id":"https:\/\/positiveprints.com\/es\/producto\/retrato-personalizado-de-boda-a-partir-de-una-foto\/#primaryimage"},"image":{"@id":"https:\/\/positiveprints.com\/es\/producto\/retrato-personalizado-de-boda-a-partir-de-una-foto\/#primaryimage"},"thumbnailUrl":"https:\/\/positiveprints.com\/wp-content\/uploads\/2026\/02\/Packshot_ES_Retrato-personalizado-de-boda-a-partir-de-una-foto.webp","datePublished":"2026-02-13T11:49:54+00:00","dateModified":"2026-05-03T15:15:14+00:00","description":"Convierte tu foto de bodas en un bonito retrato personalizado, impreso en p\u00f3ster premium o lienzo de la mejor calidad. Un recuerdo rom\u00e1ntico y perfecto para los reci\u00e9n casados.","breadcrumb":{"@id":"https:\/\/positiveprints.com\/es\/producto\/retrato-personalizado-de-boda-a-partir-de-una-foto\/#breadcrumb"},"inLanguage":"es","potentialAction":[{"@type":"ReadAction","target":["https:\/\/positiveprints.com\/es\/producto\/retrato-personalizado-de-boda-a-partir-de-una-foto\/"]}]},{"@type":"ImageObject","inLanguage":"es","@id":"https:\/\/positiveprints.com\/es\/producto\/retrato-personalizado-de-boda-a-partir-de-una-foto\/#primaryimage","url":"https:\/\/positiveprints.com\/wp-content\/uploads\/2026\/02\/Packshot_ES_Retrato-personalizado-de-boda-a-partir-de-una-foto.webp","contentUrl":"https:\/\/positiveprints.com\/wp-content\/uploads\/2026\/02\/Packshot_ES_Retrato-personalizado-de-boda-a-partir-de-una-foto.webp","width":1450,"height":1450},{"@type":"BreadcrumbList","@id":"https:\/\/positiveprints.com\/es\/producto\/retrato-personalizado-de-boda-a-partir-de-una-foto\/#breadcrumb","itemListElement":[{"@type":"ListItem","position":1,"name":"CASA","item":"https:\/\/positiveprints.com\/es\/"},{"@type":"ListItem","position":2,"name":"Productos","item":"https:\/\/positiveprints.com\/es\/shop\/"},{"@type":"ListItem","position":3,"name":"Retrato personalizado de boda a partir de una foto"}]},{"@type":"WebSite","@id":"https:\/\/positiveprints.com\/es\/#website","url":"https:\/\/positiveprints.com\/es\/","name":"Positive Prints","description":"Custom Gifts for Special Occasions","publisher":{"@id":"https:\/\/positiveprints.com\/es\/#organization"},"potentialAction":[{"@type":"SearchAction","target":{"@type":"EntryPoint","urlTemplate":"https:\/\/positiveprints.com\/es\/?s={search_term_string}"},"query-input":{"@type":"PropertyValueSpecification","valueRequired":true,"valueName":"search_term_string"}}],"inLanguage":"es"},{"@type":"Organization","@id":"https:\/\/positiveprints.com\/es\/#organization","name":"Positive Prints","alternateName":"Positive Prints ","url":"https:\/\/positiveprints.com\/es\/","logo":{"@type":"ImageObject","inLanguage":"es","@id":"https:\/\/positiveprints.com\/es\/#\/schema\/logo\/image\/","url":"https:\/\/positiveprints.com\/wp-content\/uploads\/2026\/03\/245815646_1337939713319158_5671353136411139666_n.png","contentUrl":"https:\/\/positiveprints.com\/wp-content\/uploads\/2026\/03\/245815646_1337939713319158_5671353136411139666_n.png","width":800,"height":800,"caption":"Positive Prints"},"image":{"@id":"https:\/\/positiveprints.com\/es\/#\/schema\/logo\/image\/"},"sameAs":["https:\/\/www.facebook.com\/positiveprintscom","https:\/\/www.instagram.com\/positiveprintscom\/","https:\/\/www.tiktok.com\/@positiveprintscom","https:\/\/www.pinterest.com\/positiveprintscom\/"]}]}},"jetpack_sharing_enabled":true,"_links":{"self":[{"href":"https:\/\/positiveprints.com\/es\/wp-json\/wp\/v2\/product\/1643512","targetHints":{"allow":["GET"]}}],"collection":[{"href":"https:\/\/positiveprints.com\/es\/wp-json\/wp\/v2\/product"}],"about":[{"href":"https:\/\/positiveprints.com\/es\/wp-json\/wp\/v2\/types\/product"}],"wp:featuredmedia":[{"embeddable":true,"href":"https:\/\/positiveprints.com\/es\/wp-json\/wp\/v2\/media\/1629891"}],"wp:attachment":[{"href":"https:\/\/positiveprints.com\/es\/wp-json\/wp\/v2\/media?parent=1643512"}],"wp:term":[{"taxonomy":"product_brand","embeddable":true,"href":"https:\/\/positiveprints.com\/es\/wp-json\/wp\/v2\/product_brand?post=1643512"},{"taxonomy":"product_cat","embeddable":true,"href":"https:\/\/positiveprints.com\/es\/wp-json\/wp\/v2\/product_cat?post=1643512"},{"taxonomy":"product_tag","embeddable":true,"href":"https:\/\/positiveprints.com\/es\/wp-json\/wp\/v2\/product_tag?post=1643512"}],"curies":[{"name":"wp","href":"https:\/\/api.w.org\/{rel}","templated":true}]}}