{"id":1616565,"date":"2026-01-21T21:24:55","date_gmt":"2026-01-21T20:24:55","guid":{"rendered":"https:\/\/positiveprints.com\/?post_type=product&#038;p=1616565"},"modified":"2026-04-03T02:17:38","modified_gmt":"2026-04-03T01:17:38","slug":"arte-de-vinilo-de-canciones-digital","status":"publish","type":"product","link":"https:\/\/positiveprints.com\/es\/producto\/arte-de-vinilo-de-canciones-digital\/","title":{"rendered":"Arte de Vinilo de Canciones Digital"},"content":{"rendered":"","protected":false},"excerpt":{"rendered":"<ul class=\"check-list\">\n<li>Personal\u00edzalo con la letra de cualquier canci\u00f3n o los votos matrimoniales<\/li>\n<li>Personaliza en s\u00f3lo 2 minutos<\/li>\n<li>Incluye un texto personalizado significativo<\/li>\n<li>Ve el resultado de inmediato: la vista previa interactiva te permite perfeccionar cada detalle<\/li>\n<\/ul>\n","protected":false},"featured_media":1248120,"template":"","meta":[],"product_brand":[],"product_cat":[9280,8250,12104,7581,106],"product_tag":[8727],"class_list":{"0":"post-1616565","1":"product","2":"type-product","3":"status-publish","4":"has-post-thumbnail","6":"product_cat-bestsellers-label-es","7":"product_cat-digital-products-es","8":"product_cat-letras","9":"product_cat-regalos-de-ultima-hora","10":"product_cat-todos-los-productos","11":"product_tag-last-minute-es","13":"first","14":"instock","15":"sale","16":"taxable","17":"shipping-taxable","18":"purchasable","19":"product-type-variable"},"yoast_head":"<!-- This site is optimized with the Yoast SEO Premium plugin v27.2 (Yoast SEO v27.2) - https:\/\/yoast.com\/product\/yoast-seo-premium-wordpress\/ -->\n<title>Arte de Vinilo de Canciones Digital - Positive Prints<\/title>\n<meta name=\"description\" content=\"\u00bfBuscas un regalo \u00fanico y especial? El Arte de Vinilo de Canciones Personalizado es una impresi\u00f3n personalizada o un lienzo que muestra maravillosamente la letra de una canci\u00f3n que t\u00fa elijas.\" \/>\n<meta name=\"robots\" content=\"index, follow, max-snippet:-1, max-image-preview:large, max-video-preview:-1\" \/>\n<link rel=\"canonical\" href=\"https:\/\/positiveprints.com\/es\/producto\/arte-de-vinilo-de-canciones-digital\/\" \/>\n<meta property=\"og:locale\" content=\"es_ES\" \/>\n<meta property=\"og:type\" content=\"article\" \/>\n<meta property=\"og:title\" content=\"Arte de Vinilo de Canciones Digital\" \/>\n<meta property=\"og:description\" content=\"Personal\u00edzalo con la letra de cualquier canci\u00f3n o los votos matrimoniales       Personaliza en s\u00f3lo 2 minutos       Incluye un texto personalizado significativo       Ve el resultado de inmediato: la vista previa interactiva te permite perfeccionar cada detalle\" \/>\n<meta property=\"og:url\" content=\"https:\/\/positiveprints.com\/es\/producto\/arte-de-vinilo-de-canciones-digital\/\" \/>\n<meta property=\"og:site_name\" content=\"Positive Prints\" \/>\n<meta property=\"article:publisher\" content=\"https:\/\/www.facebook.com\/positiveprintscom\" \/>\n<meta property=\"article:modified_time\" content=\"2026-04-03T01:17:38+00:00\" \/>\n<meta property=\"og:image\" content=\"https:\/\/positiveprints.com\/wp-content\/uploads\/2026\/01\/Arte-personalizado-en-vinilo_ES.webp\" \/>\n\t<meta property=\"og:image:width\" content=\"2048\" \/>\n\t<meta property=\"og:image:height\" content=\"2048\" \/>\n\t<meta property=\"og:image:type\" content=\"image\/webp\" \/>\n<meta name=\"twitter:card\" content=\"summary_large_image\" \/>\n<meta name=\"twitter:label1\" content=\"Tiempo de lectura\" \/>\n\t<meta name=\"twitter:data1\" content=\"1 minuto\" \/>\n<!-- \/ Yoast SEO Premium plugin. -->","yoast_head_json":{"title":"Arte de Vinilo de Canciones Digital - Positive Prints","description":"\u00bfBuscas un regalo \u00fanico y especial? El Arte de Vinilo de Canciones Personalizado es una impresi\u00f3n personalizada o un lienzo que muestra maravillosamente la letra de una canci\u00f3n que t\u00fa elijas.","robots":{"index":"index","follow":"follow","max-snippet":"max-snippet:-1","max-image-preview":"max-image-preview:large","max-video-preview":"max-video-preview:-1"},"canonical":"https:\/\/positiveprints.com\/es\/producto\/arte-de-vinilo-de-canciones-digital\/","og_locale":"es_ES","og_type":"article","og_title":"Arte de Vinilo de Canciones Digital","og_description":"Personal\u00edzalo con la letra de cualquier canci\u00f3n o los votos matrimoniales       Personaliza en s\u00f3lo 2 minutos       Incluye un texto personalizado significativo       Ve el resultado de inmediato: la vista previa interactiva te permite perfeccionar cada detalle","og_url":"https:\/\/positiveprints.com\/es\/producto\/arte-de-vinilo-de-canciones-digital\/","og_site_name":"Positive Prints","article_publisher":"https:\/\/www.facebook.com\/positiveprintscom","article_modified_time":"2026-04-03T01:17:38+00:00","og_image":[{"width":2048,"height":2048,"url":"https:\/\/positiveprints.com\/wp-content\/uploads\/2026\/01\/Arte-personalizado-en-vinilo_ES.webp","type":"image\/webp"}],"twitter_card":"summary_large_image","twitter_misc":{"Tiempo de lectura":"1 minuto"},"schema":{"@context":"https:\/\/schema.org","@graph":[{"@type":["WebPage","ItemPage"],"@id":"https:\/\/positiveprints.com\/es\/producto\/arte-de-vinilo-de-canciones-digital\/","url":"https:\/\/positiveprints.com\/es\/producto\/arte-de-vinilo-de-canciones-digital\/","name":"Arte de Vinilo de Canciones Digital - Positive Prints","isPartOf":{"@id":"https:\/\/positiveprints.com\/es\/#website"},"primaryImageOfPage":{"@id":"https:\/\/positiveprints.com\/es\/producto\/arte-de-vinilo-de-canciones-digital\/#primaryimage"},"image":{"@id":"https:\/\/positiveprints.com\/es\/producto\/arte-de-vinilo-de-canciones-digital\/#primaryimage"},"thumbnailUrl":"https:\/\/positiveprints.com\/wp-content\/uploads\/2024\/11\/Packshot_ES_Custom-Song-Lyrics-Art-with-Photo-product-image-.webp","datePublished":"2026-01-21T20:24:55+00:00","dateModified":"2026-04-03T01:17:38+00:00","description":"\u00bfBuscas un regalo \u00fanico y especial? El Arte de Vinilo de Canciones Personalizado es una impresi\u00f3n personalizada o un lienzo que muestra maravillosamente la letra de una canci\u00f3n que t\u00fa elijas.","breadcrumb":{"@id":"https:\/\/positiveprints.com\/es\/producto\/arte-de-vinilo-de-canciones-digital\/#breadcrumb"},"inLanguage":"es","potentialAction":[{"@type":"ReadAction","target":["https:\/\/positiveprints.com\/es\/producto\/arte-de-vinilo-de-canciones-digital\/"]}]},{"@type":"ImageObject","inLanguage":"es","@id":"https:\/\/positiveprints.com\/es\/producto\/arte-de-vinilo-de-canciones-digital\/#primaryimage","url":"https:\/\/positiveprints.com\/wp-content\/uploads\/2024\/11\/Packshot_ES_Custom-Song-Lyrics-Art-with-Photo-product-image-.webp","contentUrl":"https:\/\/positiveprints.com\/wp-content\/uploads\/2024\/11\/Packshot_ES_Custom-Song-Lyrics-Art-with-Photo-product-image-.webp","width":1450,"height":1450},{"@type":"BreadcrumbList","@id":"https:\/\/positiveprints.com\/es\/producto\/arte-de-vinilo-de-canciones-digital\/#breadcrumb","itemListElement":[{"@type":"ListItem","position":1,"name":"CASA","item":"https:\/\/positiveprints.com\/es\/"},{"@type":"ListItem","position":2,"name":"Productos","item":"https:\/\/positiveprints.com\/es\/shop\/"},{"@type":"ListItem","position":3,"name":"Arte de Vinilo de Canciones Digital"}]},{"@type":"WebSite","@id":"https:\/\/positiveprints.com\/es\/#website","url":"https:\/\/positiveprints.com\/es\/","name":"Positive Prints","description":"Custom Gifts for Special Occasions","publisher":{"@id":"https:\/\/positiveprints.com\/es\/#organization"},"potentialAction":[{"@type":"SearchAction","target":{"@type":"EntryPoint","urlTemplate":"https:\/\/positiveprints.com\/es\/?s={search_term_string}"},"query-input":{"@type":"PropertyValueSpecification","valueRequired":true,"valueName":"search_term_string"}}],"inLanguage":"es"},{"@type":"Organization","@id":"https:\/\/positiveprints.com\/es\/#organization","name":"Positive Prints","alternateName":"Positive Prints","url":"https:\/\/positiveprints.com\/es\/","logo":{"@type":"ImageObject","inLanguage":"es","@id":"https:\/\/positiveprints.com\/es\/#\/schema\/logo\/image\/","url":"https:\/\/positiveprints.com\/wp-content\/uploads\/2026\/03\/245815646_1337939713319158_5671353136411139666_n.png","contentUrl":"https:\/\/positiveprints.com\/wp-content\/uploads\/2026\/03\/245815646_1337939713319158_5671353136411139666_n.png","width":800,"height":800,"caption":"Positive Prints"},"image":{"@id":"https:\/\/positiveprints.com\/es\/#\/schema\/logo\/image\/"},"sameAs":["https:\/\/www.facebook.com\/positiveprintscom","https:\/\/www.instagram.com\/positiveprintscom\/","https:\/\/www.tiktok.com\/@positiveprintscom","https:\/\/www.pinterest.com\/positiveprintscom\/"]}]}},"jetpack_sharing_enabled":true,"_links":{"self":[{"href":"https:\/\/positiveprints.com\/es\/wp-json\/wp\/v2\/product\/1616565","targetHints":{"allow":["GET"]}}],"collection":[{"href":"https:\/\/positiveprints.com\/es\/wp-json\/wp\/v2\/product"}],"about":[{"href":"https:\/\/positiveprints.com\/es\/wp-json\/wp\/v2\/types\/product"}],"wp:featuredmedia":[{"embeddable":true,"href":"https:\/\/positiveprints.com\/es\/wp-json\/wp\/v2\/media\/1248120"}],"wp:attachment":[{"href":"https:\/\/positiveprints.com\/es\/wp-json\/wp\/v2\/media?parent=1616565"}],"wp:term":[{"taxonomy":"product_brand","embeddable":true,"href":"https:\/\/positiveprints.com\/es\/wp-json\/wp\/v2\/product_brand?post=1616565"},{"taxonomy":"product_cat","embeddable":true,"href":"https:\/\/positiveprints.com\/es\/wp-json\/wp\/v2\/product_cat?post=1616565"},{"taxonomy":"product_tag","embeddable":true,"href":"https:\/\/positiveprints.com\/es\/wp-json\/wp\/v2\/product_tag?post=1616565"}],"curies":[{"name":"wp","href":"https:\/\/api.w.org\/{rel}","templated":true}]}}