{"id":1607774,"date":"2026-01-13T13:42:59","date_gmt":"2026-01-13T12:42:59","guid":{"rendered":"https:\/\/positiveprints.com\/?post_type=product&#038;p=1607774"},"modified":"2026-04-03T02:18:10","modified_gmt":"2026-04-03T01:18:10","slug":"aqui-empezo-todo","status":"publish","type":"product","link":"https:\/\/positiveprints.com\/es\/producto\/aqui-empezo-todo\/","title":{"rendered":"Aqu\u00ed empez\u00f3 todo"},"content":{"rendered":"","protected":false},"excerpt":{"rendered":"<ul class=\"check-list\">\n<li>Marca un lugar especial con el s\u00edmbolo de tu elecci\u00f3n<\/li>\n<li>Usa nuestro editor para personalizar tu dise\u00f1o en apenas tres pasos<\/li>\n<li>A\u00f1ade un mensaje personalizado para que\u00a0tu dise\u00f1o sea \u00fanico y especial<\/li>\n<li>Visualiza tu dise\u00f1o de forma r\u00e1pida usando la vista previa interactiva<\/li>\n<\/ul>\n","protected":false},"featured_media":1612478,"template":"","meta":[],"product_brand":[],"product_cat":[7195],"product_tag":[14923,15727,11826,11821,11757,11825,11827,11820,11771,11824],"class_list":{"0":"post-1607774","1":"product","2":"type-product","3":"status-publish","4":"has-post-thumbnail","6":"product_cat-map-es","7":"product_tag-anniversary-es","8":"product_tag-christmas-present-es","9":"product_tag-regalos-de-navidad-para-el","10":"product_tag-regalos-de-navidad-para-el-marido","11":"product_tag-regalos-de-navidad-para-el-novio","12":"product_tag-regalos-de-navidad-para-ella","13":"product_tag-regalos-de-navidad-para-hombres","14":"product_tag-regalos-de-navidad-para-la-esposa","15":"product_tag-regalos-de-navidad-para-la-novia","16":"product_tag-regalos-de-navidad-para-mujer","18":"first","19":"instock","20":"sale","21":"taxable","22":"shipping-taxable","23":"purchasable","24":"product-type-variable"},"yoast_head":"<!-- This site is optimized with the Yoast SEO Premium plugin v27.2 (Yoast SEO v27.2) - https:\/\/yoast.com\/product\/yoast-seo-premium-wordpress\/ -->\n<title>Aqu\u00ed empez\u00f3 todo - Positive Prints<\/title>\n<meta name=\"description\" content=\"Cuadro personalizado Aqu\u00ed empez\u00f3 todo. Un recuerdo rom\u00e1ntico para parejas que celebra el inicio de su historia de amor.\" \/>\n<meta name=\"robots\" content=\"index, follow, max-snippet:-1, max-image-preview:large, max-video-preview:-1\" \/>\n<link rel=\"canonical\" href=\"https:\/\/positiveprints.com\/es\/producto\/aqui-empezo-todo\/\" \/>\n<meta property=\"og:locale\" content=\"es_ES\" \/>\n<meta property=\"og:type\" content=\"article\" \/>\n<meta property=\"og:title\" content=\"Aqu\u00ed empez\u00f3 todo\" \/>\n<meta property=\"og:description\" content=\"Marca un lugar especial con el s\u00edmbolo de tu elecci\u00f3n    Usa nuestro editor para personalizar tu dise\u00f1o en apenas tres pasos    A\u00f1ade un mensaje personalizado para que\u00a0tu dise\u00f1o sea \u00fanico y especial    Visualiza tu dise\u00f1o de forma r\u00e1pida usando la vista previa interactiva\" \/>\n<meta property=\"og:url\" content=\"https:\/\/positiveprints.com\/es\/producto\/aqui-empezo-todo\/\" \/>\n<meta property=\"og:site_name\" content=\"Positive Prints\" \/>\n<meta property=\"article:publisher\" content=\"https:\/\/www.facebook.com\/positiveprintscom\" \/>\n<meta property=\"article:modified_time\" content=\"2026-04-03T01:18:10+00:00\" \/>\n<meta property=\"og:image\" content=\"https:\/\/positiveprints.com\/wp-content\/uploads\/2026\/01\/Packshot_ES_XX-BLACK.webp\" \/>\n\t<meta property=\"og:image:width\" content=\"1450\" \/>\n\t<meta property=\"og:image:height\" content=\"1450\" \/>\n\t<meta property=\"og:image:type\" content=\"image\/webp\" \/>\n<meta name=\"twitter:card\" content=\"summary_large_image\" \/>\n<meta name=\"twitter:label1\" content=\"Tiempo de lectura\" \/>\n\t<meta name=\"twitter:data1\" content=\"1 minuto\" \/>\n<!-- \/ Yoast SEO Premium plugin. -->","yoast_head_json":{"title":"Aqu\u00ed empez\u00f3 todo - Positive Prints","description":"Cuadro personalizado Aqu\u00ed empez\u00f3 todo. Un recuerdo rom\u00e1ntico para parejas que celebra el inicio de su historia de amor.","robots":{"index":"index","follow":"follow","max-snippet":"max-snippet:-1","max-image-preview":"max-image-preview:large","max-video-preview":"max-video-preview:-1"},"canonical":"https:\/\/positiveprints.com\/es\/producto\/aqui-empezo-todo\/","og_locale":"es_ES","og_type":"article","og_title":"Aqu\u00ed empez\u00f3 todo","og_description":"Marca un lugar especial con el s\u00edmbolo de tu elecci\u00f3n    Usa nuestro editor para personalizar tu dise\u00f1o en apenas tres pasos    A\u00f1ade un mensaje personalizado para que\u00a0tu dise\u00f1o sea \u00fanico y especial    Visualiza tu dise\u00f1o de forma r\u00e1pida usando la vista previa interactiva","og_url":"https:\/\/positiveprints.com\/es\/producto\/aqui-empezo-todo\/","og_site_name":"Positive Prints","article_publisher":"https:\/\/www.facebook.com\/positiveprintscom","article_modified_time":"2026-04-03T01:18:10+00:00","og_image":[{"width":1450,"height":1450,"url":"https:\/\/positiveprints.com\/wp-content\/uploads\/2026\/01\/Packshot_ES_XX-BLACK.webp","type":"image\/webp"}],"twitter_card":"summary_large_image","twitter_misc":{"Tiempo de lectura":"1 minuto"},"schema":{"@context":"https:\/\/schema.org","@graph":[{"@type":["WebPage","ItemPage"],"@id":"https:\/\/positiveprints.com\/es\/producto\/aqui-empezo-todo\/","url":"https:\/\/positiveprints.com\/es\/producto\/aqui-empezo-todo\/","name":"Aqu\u00ed empez\u00f3 todo - Positive Prints","isPartOf":{"@id":"https:\/\/positiveprints.com\/es\/#website"},"primaryImageOfPage":{"@id":"https:\/\/positiveprints.com\/es\/producto\/aqui-empezo-todo\/#primaryimage"},"image":{"@id":"https:\/\/positiveprints.com\/es\/producto\/aqui-empezo-todo\/#primaryimage"},"thumbnailUrl":"https:\/\/positiveprints.com\/wp-content\/uploads\/2026\/01\/Packshot_ES_XX-BLACK.webp","datePublished":"2026-01-13T12:42:59+00:00","dateModified":"2026-04-03T01:18:10+00:00","description":"Cuadro personalizado Aqu\u00ed empez\u00f3 todo. Un recuerdo rom\u00e1ntico para parejas que celebra el inicio de su historia de amor.","breadcrumb":{"@id":"https:\/\/positiveprints.com\/es\/producto\/aqui-empezo-todo\/#breadcrumb"},"inLanguage":"es","potentialAction":[{"@type":"ReadAction","target":["https:\/\/positiveprints.com\/es\/producto\/aqui-empezo-todo\/"]}]},{"@type":"ImageObject","inLanguage":"es","@id":"https:\/\/positiveprints.com\/es\/producto\/aqui-empezo-todo\/#primaryimage","url":"https:\/\/positiveprints.com\/wp-content\/uploads\/2026\/01\/Packshot_ES_XX-BLACK.webp","contentUrl":"https:\/\/positiveprints.com\/wp-content\/uploads\/2026\/01\/Packshot_ES_XX-BLACK.webp","width":1450,"height":1450},{"@type":"BreadcrumbList","@id":"https:\/\/positiveprints.com\/es\/producto\/aqui-empezo-todo\/#breadcrumb","itemListElement":[{"@type":"ListItem","position":1,"name":"CASA","item":"https:\/\/positiveprints.com\/es\/"},{"@type":"ListItem","position":2,"name":"Productos","item":"https:\/\/positiveprints.com\/es\/shop\/"},{"@type":"ListItem","position":3,"name":"Aqu\u00ed empez\u00f3 todo"}]},{"@type":"WebSite","@id":"https:\/\/positiveprints.com\/es\/#website","url":"https:\/\/positiveprints.com\/es\/","name":"Positive Prints","description":"Custom Gifts for Special Occasions","publisher":{"@id":"https:\/\/positiveprints.com\/es\/#organization"},"potentialAction":[{"@type":"SearchAction","target":{"@type":"EntryPoint","urlTemplate":"https:\/\/positiveprints.com\/es\/?s={search_term_string}"},"query-input":{"@type":"PropertyValueSpecification","valueRequired":true,"valueName":"search_term_string"}}],"inLanguage":"es"},{"@type":"Organization","@id":"https:\/\/positiveprints.com\/es\/#organization","name":"Positive Prints","alternateName":"Positive Prints","url":"https:\/\/positiveprints.com\/es\/","logo":{"@type":"ImageObject","inLanguage":"es","@id":"https:\/\/positiveprints.com\/es\/#\/schema\/logo\/image\/","url":"https:\/\/positiveprints.com\/wp-content\/uploads\/2026\/03\/245815646_1337939713319158_5671353136411139666_n.png","contentUrl":"https:\/\/positiveprints.com\/wp-content\/uploads\/2026\/03\/245815646_1337939713319158_5671353136411139666_n.png","width":800,"height":800,"caption":"Positive Prints"},"image":{"@id":"https:\/\/positiveprints.com\/es\/#\/schema\/logo\/image\/"},"sameAs":["https:\/\/www.facebook.com\/positiveprintscom","https:\/\/www.instagram.com\/positiveprintscom\/","https:\/\/www.tiktok.com\/@positiveprintscom","https:\/\/www.pinterest.com\/positiveprintscom\/"]}]}},"jetpack_sharing_enabled":true,"_links":{"self":[{"href":"https:\/\/positiveprints.com\/es\/wp-json\/wp\/v2\/product\/1607774","targetHints":{"allow":["GET"]}}],"collection":[{"href":"https:\/\/positiveprints.com\/es\/wp-json\/wp\/v2\/product"}],"about":[{"href":"https:\/\/positiveprints.com\/es\/wp-json\/wp\/v2\/types\/product"}],"wp:featuredmedia":[{"embeddable":true,"href":"https:\/\/positiveprints.com\/es\/wp-json\/wp\/v2\/media\/1612478"}],"wp:attachment":[{"href":"https:\/\/positiveprints.com\/es\/wp-json\/wp\/v2\/media?parent=1607774"}],"wp:term":[{"taxonomy":"product_brand","embeddable":true,"href":"https:\/\/positiveprints.com\/es\/wp-json\/wp\/v2\/product_brand?post=1607774"},{"taxonomy":"product_cat","embeddable":true,"href":"https:\/\/positiveprints.com\/es\/wp-json\/wp\/v2\/product_cat?post=1607774"},{"taxonomy":"product_tag","embeddable":true,"href":"https:\/\/positiveprints.com\/es\/wp-json\/wp\/v2\/product_tag?post=1607774"}],"curies":[{"name":"wp","href":"https:\/\/api.w.org\/{rel}","templated":true}]}}