{"id":1574677,"date":"2025-11-25T09:56:16","date_gmt":"2025-11-25T07:56:16","guid":{"rendered":"https:\/\/positiveprints.com\/?post_type=product&#038;p=1574677"},"modified":"2026-04-03T02:19:10","modified_gmt":"2026-04-03T01:19:10","slug":"pareja-real-retrato-personalizado-de-mascotas","status":"publish","type":"product","link":"https:\/\/positiveprints.com\/es\/producto\/pareja-real-retrato-personalizado-de-mascotas\/","title":{"rendered":"Pareja Real \u2013 Retrato Personalizado de Mascotas"},"content":{"rendered":"","protected":false},"excerpt":{"rendered":"<ul class=\"check-list\">\n<li>Sube las fotos favoritas de tus dos mascotas<\/li>\n<li>Personaliza el retrato en 3 sencillos pasos<\/li>\n<li>Rel\u00e1jate mientras nuestros artistas crean la obra maestra de tus mascotas<\/li>\n<li>Recibe la vista previa en 2\u20133 d\u00edas h\u00e1biles<\/li>\n<li>Elige entre varios tama\u00f1os de impresi\u00f3n<\/li>\n<\/ul>\n","protected":false},"featured_media":1591968,"template":"","meta":[],"product_brand":[],"product_cat":[13593,106,7901],"product_tag":[15624,16103,16102,16100,13917,16101,13915,13918,13916,13913,13912],"class_list":{"0":"post-1574677","1":"product","2":"type-product","3":"status-publish","4":"has-post-thumbnail","6":"product_cat-acuarela","7":"product_cat-todos-los-productos","8":"product_cat-regalos-para-amantes-de-los-perros","9":"product_tag-animals-es","10":"product_tag-custom-dog-gifts-es","11":"product_tag-dog-mom-gifts-es","12":"product_tag-dog-owner-es","13":"product_tag-dueno-de-perro","14":"product_tag-gifts-for-dog-owners-es","15":"product_tag-regalos-para-amantes-de-los-perros","16":"product_tag-regalos-para-duenos-de-perros","17":"product_tag-regalos-para-mama-de-perro","18":"product_tag-regalos-para-papa-de-perro","19":"product_tag-regalos-personalizados-para-perros","21":"first","22":"instock","23":"sale","24":"taxable","25":"shipping-taxable","26":"purchasable","27":"product-type-variable"},"yoast_head":"<!-- This site is optimized with the Yoast SEO Premium plugin v27.2 (Yoast SEO v27.2) - https:\/\/yoast.com\/product\/yoast-seo-premium-wordpress\/ -->\n<title>Pareja Real \u2013 Retrato Personalizado de Mascotas - Positive Prints<\/title>\n<meta name=\"description\" content=\"Reg\u00e1lale a tus dos perros un retrato personalizado y divertido con atuendos de la realeza. Un regalo encantador para quienes quieran celebrar a su pareja real peludita.\" \/>\n<meta name=\"robots\" content=\"index, follow, max-snippet:-1, max-image-preview:large, max-video-preview:-1\" \/>\n<link rel=\"canonical\" href=\"https:\/\/positiveprints.com\/es\/producto\/pareja-real-retrato-personalizado-de-mascotas\/\" \/>\n<meta property=\"og:locale\" content=\"es_ES\" \/>\n<meta property=\"og:type\" content=\"article\" \/>\n<meta property=\"og:title\" content=\"Pareja Real \u2013 Retrato Personalizado de Mascotas\" \/>\n<meta property=\"og:description\" content=\"Sube las fotos favoritas de tus dos mascotas Personaliza el retrato en 3 sencillos pasos Rel\u00e1jate mientras nuestros artistas crean la obra maestra de tus mascotas Recibe la vista previa en 2\u20133 d\u00edas h\u00e1biles Elige entre varios tama\u00f1os de impresi\u00f3n\" \/>\n<meta property=\"og:url\" content=\"https:\/\/positiveprints.com\/es\/producto\/pareja-real-retrato-personalizado-de-mascotas\/\" \/>\n<meta property=\"og:site_name\" content=\"Positive Prints\" \/>\n<meta property=\"article:publisher\" content=\"https:\/\/www.facebook.com\/positiveprintscom\" \/>\n<meta property=\"article:modified_time\" content=\"2026-04-03T01:19:10+00:00\" \/>\n<meta property=\"og:image\" content=\"https:\/\/positiveprints.com\/wp-content\/uploads\/2025\/12\/Packshot_ES_Pareja-Real-\u2013-Retrato-Personalizado-de-Mascotas.webp\" \/>\n\t<meta property=\"og:image:width\" content=\"1450\" \/>\n\t<meta property=\"og:image:height\" content=\"1450\" \/>\n\t<meta property=\"og:image:type\" content=\"image\/webp\" \/>\n<meta name=\"twitter:card\" content=\"summary_large_image\" \/>\n<meta name=\"twitter:label1\" content=\"Tiempo de lectura\" \/>\n\t<meta name=\"twitter:data1\" content=\"1 minuto\" \/>\n<!-- \/ Yoast SEO Premium plugin. -->","yoast_head_json":{"title":"Pareja Real \u2013 Retrato Personalizado de Mascotas - Positive Prints","description":"Reg\u00e1lale a tus dos perros un retrato personalizado y divertido con atuendos de la realeza. Un regalo encantador para quienes quieran celebrar a su pareja real peludita.","robots":{"index":"index","follow":"follow","max-snippet":"max-snippet:-1","max-image-preview":"max-image-preview:large","max-video-preview":"max-video-preview:-1"},"canonical":"https:\/\/positiveprints.com\/es\/producto\/pareja-real-retrato-personalizado-de-mascotas\/","og_locale":"es_ES","og_type":"article","og_title":"Pareja Real \u2013 Retrato Personalizado de Mascotas","og_description":"Sube las fotos favoritas de tus dos mascotas Personaliza el retrato en 3 sencillos pasos Rel\u00e1jate mientras nuestros artistas crean la obra maestra de tus mascotas Recibe la vista previa en 2\u20133 d\u00edas h\u00e1biles Elige entre varios tama\u00f1os de impresi\u00f3n","og_url":"https:\/\/positiveprints.com\/es\/producto\/pareja-real-retrato-personalizado-de-mascotas\/","og_site_name":"Positive Prints","article_publisher":"https:\/\/www.facebook.com\/positiveprintscom","article_modified_time":"2026-04-03T01:19:10+00:00","og_image":[{"width":1450,"height":1450,"url":"https:\/\/positiveprints.com\/wp-content\/uploads\/2025\/12\/Packshot_ES_Pareja-Real-\u2013-Retrato-Personalizado-de-Mascotas.webp","type":"image\/webp"}],"twitter_card":"summary_large_image","twitter_misc":{"Tiempo de lectura":"1 minuto"},"schema":{"@context":"https:\/\/schema.org","@graph":[{"@type":["WebPage","ItemPage"],"@id":"https:\/\/positiveprints.com\/es\/producto\/pareja-real-retrato-personalizado-de-mascotas\/","url":"https:\/\/positiveprints.com\/es\/producto\/pareja-real-retrato-personalizado-de-mascotas\/","name":"Pareja Real \u2013 Retrato Personalizado de Mascotas - Positive Prints","isPartOf":{"@id":"https:\/\/positiveprints.com\/es\/#website"},"primaryImageOfPage":{"@id":"https:\/\/positiveprints.com\/es\/producto\/pareja-real-retrato-personalizado-de-mascotas\/#primaryimage"},"image":{"@id":"https:\/\/positiveprints.com\/es\/producto\/pareja-real-retrato-personalizado-de-mascotas\/#primaryimage"},"thumbnailUrl":"https:\/\/positiveprints.com\/wp-content\/uploads\/2025\/12\/Packshot_ES_Pareja-Real-\u2013-Retrato-Personalizado-de-Mascotas.webp","datePublished":"2025-11-25T07:56:16+00:00","dateModified":"2026-04-03T01:19:10+00:00","description":"Reg\u00e1lale a tus dos perros un retrato personalizado y divertido con atuendos de la realeza. Un regalo encantador para quienes quieran celebrar a su pareja real peludita.","breadcrumb":{"@id":"https:\/\/positiveprints.com\/es\/producto\/pareja-real-retrato-personalizado-de-mascotas\/#breadcrumb"},"inLanguage":"es","potentialAction":[{"@type":"ReadAction","target":["https:\/\/positiveprints.com\/es\/producto\/pareja-real-retrato-personalizado-de-mascotas\/"]}]},{"@type":"ImageObject","inLanguage":"es","@id":"https:\/\/positiveprints.com\/es\/producto\/pareja-real-retrato-personalizado-de-mascotas\/#primaryimage","url":"https:\/\/positiveprints.com\/wp-content\/uploads\/2025\/12\/Packshot_ES_Pareja-Real-\u2013-Retrato-Personalizado-de-Mascotas.webp","contentUrl":"https:\/\/positiveprints.com\/wp-content\/uploads\/2025\/12\/Packshot_ES_Pareja-Real-\u2013-Retrato-Personalizado-de-Mascotas.webp","width":1450,"height":1450},{"@type":"BreadcrumbList","@id":"https:\/\/positiveprints.com\/es\/producto\/pareja-real-retrato-personalizado-de-mascotas\/#breadcrumb","itemListElement":[{"@type":"ListItem","position":1,"name":"CASA","item":"https:\/\/positiveprints.com\/es\/"},{"@type":"ListItem","position":2,"name":"Productos","item":"https:\/\/positiveprints.com\/es\/shop\/"},{"@type":"ListItem","position":3,"name":"Pareja Real \u2013 Retrato Personalizado de Mascotas"}]},{"@type":"WebSite","@id":"https:\/\/positiveprints.com\/es\/#website","url":"https:\/\/positiveprints.com\/es\/","name":"Positive Prints","description":"Custom Gifts for Special Occasions","publisher":{"@id":"https:\/\/positiveprints.com\/es\/#organization"},"potentialAction":[{"@type":"SearchAction","target":{"@type":"EntryPoint","urlTemplate":"https:\/\/positiveprints.com\/es\/?s={search_term_string}"},"query-input":{"@type":"PropertyValueSpecification","valueRequired":true,"valueName":"search_term_string"}}],"inLanguage":"es"},{"@type":"Organization","@id":"https:\/\/positiveprints.com\/es\/#organization","name":"Positive Prints","alternateName":"Positive Prints","url":"https:\/\/positiveprints.com\/es\/","logo":{"@type":"ImageObject","inLanguage":"es","@id":"https:\/\/positiveprints.com\/es\/#\/schema\/logo\/image\/","url":"https:\/\/positiveprints.com\/wp-content\/uploads\/2026\/03\/245815646_1337939713319158_5671353136411139666_n.png","contentUrl":"https:\/\/positiveprints.com\/wp-content\/uploads\/2026\/03\/245815646_1337939713319158_5671353136411139666_n.png","width":800,"height":800,"caption":"Positive Prints"},"image":{"@id":"https:\/\/positiveprints.com\/es\/#\/schema\/logo\/image\/"},"sameAs":["https:\/\/www.facebook.com\/positiveprintscom","https:\/\/www.instagram.com\/positiveprintscom\/","https:\/\/www.tiktok.com\/@positiveprintscom","https:\/\/www.pinterest.com\/positiveprintscom\/"]}]}},"jetpack_sharing_enabled":true,"_links":{"self":[{"href":"https:\/\/positiveprints.com\/es\/wp-json\/wp\/v2\/product\/1574677","targetHints":{"allow":["GET"]}}],"collection":[{"href":"https:\/\/positiveprints.com\/es\/wp-json\/wp\/v2\/product"}],"about":[{"href":"https:\/\/positiveprints.com\/es\/wp-json\/wp\/v2\/types\/product"}],"wp:featuredmedia":[{"embeddable":true,"href":"https:\/\/positiveprints.com\/es\/wp-json\/wp\/v2\/media\/1591968"}],"wp:attachment":[{"href":"https:\/\/positiveprints.com\/es\/wp-json\/wp\/v2\/media?parent=1574677"}],"wp:term":[{"taxonomy":"product_brand","embeddable":true,"href":"https:\/\/positiveprints.com\/es\/wp-json\/wp\/v2\/product_brand?post=1574677"},{"taxonomy":"product_cat","embeddable":true,"href":"https:\/\/positiveprints.com\/es\/wp-json\/wp\/v2\/product_cat?post=1574677"},{"taxonomy":"product_tag","embeddable":true,"href":"https:\/\/positiveprints.com\/es\/wp-json\/wp\/v2\/product_tag?post=1574677"}],"curies":[{"name":"wp","href":"https:\/\/api.w.org\/{rel}","templated":true}]}}