{"id":1558833,"date":"2023-10-12T12:31:34","date_gmt":"2023-10-12T11:31:34","guid":{"rendered":"https:\/\/positiveprints.com\/?post_type=product&#038;p=1558833"},"modified":"2026-04-03T03:03:42","modified_gmt":"2026-04-03T02:03:42","slug":"collage-de-letras-con-fotos-del-equipo-deportivo","status":"publish","type":"product","link":"https:\/\/positiveprints.com\/es\/producto\/collage-de-letras-con-fotos-del-equipo-deportivo\/","title":{"rendered":"Collage de letras con fotos del equipo deportivo"},"content":{"rendered":"","protected":false},"excerpt":{"rendered":"<ul class=\"check-list\">\n<li>Sube tus fotos favoritas y personaliza cada letra<\/li>\n<li>A\u00f1ade un mensaje para que tu dise\u00f1o sea \u00fanico y especial<\/li>\n<li>Usa nuestro editor para personal\u00edzar tu dise\u00f1o en apenas tres pasos<\/li>\n<li>Visualiza tu dise\u00f1o usando la vista previa interactiva<\/li>\n<\/ul>\n","protected":false},"featured_media":1672237,"template":"","meta":[],"product_brand":[],"product_cat":[9124,106,5270,11449,11458,7885],"product_tag":[15268,15267],"class_list":{"0":"post-1558833","1":"product","2":"type-product","3":"status-publish","4":"has-post-thumbnail","6":"product_cat-photo-letter-es","7":"product_cat-todos-los-productos","8":"product_cat-regalos-de-navidad","9":"product_cat-regalos-de-navidad-para-el-hermano","10":"product_cat-regalos-de-navidad-para-los-ninos","11":"product_cat-regalos-para-fanaticos-de-los-deportes","12":"product_tag-sport-de-es","13":"product_tag-weihnachtsgeschenke-fuer-den-bruder","15":"first","16":"instock","17":"sale","18":"taxable","19":"shipping-taxable","20":"purchasable","21":"product-type-variable"},"yoast_head":"<!-- This site is optimized with the Yoast SEO Premium plugin v27.2 (Yoast SEO v27.2) - https:\/\/yoast.com\/product\/yoast-seo-premium-wordpress\/ -->\n<title>Collage de letras con fotos del equipo deportivo - Positive Prints<\/title>\n<meta name=\"description\" content=\"Crea un collage \u00fanico para celebrar a tu equipo. Perfecto para el fin de temporada, vacaciones, cumplea\u00f1os o simplemente para decir gracias y mostrar tu aprecio de una forma especial.\" \/>\n<meta name=\"robots\" content=\"index, follow, max-snippet:-1, max-image-preview:large, max-video-preview:-1\" \/>\n<link rel=\"canonical\" href=\"https:\/\/positiveprints.com\/es\/producto\/collage-de-letras-con-fotos-del-equipo-deportivo\/\" \/>\n<meta property=\"og:locale\" content=\"es_ES\" \/>\n<meta property=\"og:type\" content=\"article\" \/>\n<meta property=\"og:title\" content=\"Collage de letras con fotos del equipo deportivo\" \/>\n<meta property=\"og:description\" content=\"Sube tus fotos favoritas y personaliza cada letra A\u00f1ade un mensaje para que tu dise\u00f1o sea \u00fanico y especial Usa nuestro editor para personal\u00edzar tu dise\u00f1o en apenas tres pasos Visualiza tu dise\u00f1o usando la vista previa interactiva\" \/>\n<meta property=\"og:url\" content=\"https:\/\/positiveprints.com\/es\/producto\/collage-de-letras-con-fotos-del-equipo-deportivo\/\" \/>\n<meta property=\"og:site_name\" content=\"Positive Prints\" \/>\n<meta property=\"article:publisher\" content=\"https:\/\/www.facebook.com\/positiveprintscom\" \/>\n<meta property=\"article:modified_time\" content=\"2026-04-03T02:03:42+00:00\" \/>\n<meta property=\"og:image\" content=\"https:\/\/positiveprints.com\/wp-content\/uploads\/2025\/10\/Collage-de-letras-con-fotos-del-equipo-deportivo-1.webp\" \/>\n\t<meta property=\"og:image:width\" content=\"1450\" \/>\n\t<meta property=\"og:image:height\" content=\"1450\" \/>\n\t<meta property=\"og:image:type\" content=\"image\/webp\" \/>\n<meta name=\"twitter:card\" content=\"summary_large_image\" \/>\n<meta name=\"twitter:label1\" content=\"Tiempo de lectura\" \/>\n\t<meta name=\"twitter:data1\" content=\"1 minuto\" \/>\n<!-- \/ Yoast SEO Premium plugin. -->","yoast_head_json":{"title":"Collage de letras con fotos del equipo deportivo - Positive Prints","description":"Crea un collage \u00fanico para celebrar a tu equipo. Perfecto para el fin de temporada, vacaciones, cumplea\u00f1os o simplemente para decir gracias y mostrar tu aprecio de una forma especial.","robots":{"index":"index","follow":"follow","max-snippet":"max-snippet:-1","max-image-preview":"max-image-preview:large","max-video-preview":"max-video-preview:-1"},"canonical":"https:\/\/positiveprints.com\/es\/producto\/collage-de-letras-con-fotos-del-equipo-deportivo\/","og_locale":"es_ES","og_type":"article","og_title":"Collage de letras con fotos del equipo deportivo","og_description":"Sube tus fotos favoritas y personaliza cada letra A\u00f1ade un mensaje para que tu dise\u00f1o sea \u00fanico y especial Usa nuestro editor para personal\u00edzar tu dise\u00f1o en apenas tres pasos Visualiza tu dise\u00f1o usando la vista previa interactiva","og_url":"https:\/\/positiveprints.com\/es\/producto\/collage-de-letras-con-fotos-del-equipo-deportivo\/","og_site_name":"Positive Prints","article_publisher":"https:\/\/www.facebook.com\/positiveprintscom","article_modified_time":"2026-04-03T02:03:42+00:00","og_image":[{"width":1450,"height":1450,"url":"https:\/\/positiveprints.com\/wp-content\/uploads\/2025\/10\/Collage-de-letras-con-fotos-del-equipo-deportivo-1.webp","type":"image\/webp"}],"twitter_card":"summary_large_image","twitter_misc":{"Tiempo de lectura":"1 minuto"},"schema":{"@context":"https:\/\/schema.org","@graph":[{"@type":["WebPage","ItemPage"],"@id":"https:\/\/positiveprints.com\/es\/producto\/collage-de-letras-con-fotos-del-equipo-deportivo\/","url":"https:\/\/positiveprints.com\/es\/producto\/collage-de-letras-con-fotos-del-equipo-deportivo\/","name":"Collage de letras con fotos del equipo deportivo - Positive Prints","isPartOf":{"@id":"https:\/\/positiveprints.com\/es\/#website"},"primaryImageOfPage":{"@id":"https:\/\/positiveprints.com\/es\/producto\/collage-de-letras-con-fotos-del-equipo-deportivo\/#primaryimage"},"image":{"@id":"https:\/\/positiveprints.com\/es\/producto\/collage-de-letras-con-fotos-del-equipo-deportivo\/#primaryimage"},"thumbnailUrl":"https:\/\/positiveprints.com\/wp-content\/uploads\/2026\/03\/collage-de-fotos-del-equipo-deportivo-_ES.webp","datePublished":"2023-10-12T11:31:34+00:00","dateModified":"2026-04-03T02:03:42+00:00","description":"Crea un collage \u00fanico para celebrar a tu equipo. Perfecto para el fin de temporada, vacaciones, cumplea\u00f1os o simplemente para decir gracias y mostrar tu aprecio de una forma especial.","breadcrumb":{"@id":"https:\/\/positiveprints.com\/es\/producto\/collage-de-letras-con-fotos-del-equipo-deportivo\/#breadcrumb"},"inLanguage":"es","potentialAction":[{"@type":"ReadAction","target":["https:\/\/positiveprints.com\/es\/producto\/collage-de-letras-con-fotos-del-equipo-deportivo\/"]}]},{"@type":"ImageObject","inLanguage":"es","@id":"https:\/\/positiveprints.com\/es\/producto\/collage-de-letras-con-fotos-del-equipo-deportivo\/#primaryimage","url":"https:\/\/positiveprints.com\/wp-content\/uploads\/2026\/03\/collage-de-fotos-del-equipo-deportivo-_ES.webp","contentUrl":"https:\/\/positiveprints.com\/wp-content\/uploads\/2026\/03\/collage-de-fotos-del-equipo-deportivo-_ES.webp","width":1450,"height":1450},{"@type":"BreadcrumbList","@id":"https:\/\/positiveprints.com\/es\/producto\/collage-de-letras-con-fotos-del-equipo-deportivo\/#breadcrumb","itemListElement":[{"@type":"ListItem","position":1,"name":"CASA","item":"https:\/\/positiveprints.com\/es\/"},{"@type":"ListItem","position":2,"name":"Productos","item":"https:\/\/positiveprints.com\/es\/shop\/"},{"@type":"ListItem","position":3,"name":"Collage de letras con fotos del equipo deportivo"}]},{"@type":"WebSite","@id":"https:\/\/positiveprints.com\/es\/#website","url":"https:\/\/positiveprints.com\/es\/","name":"Positive Prints","description":"Custom Gifts for Special Occasions","publisher":{"@id":"https:\/\/positiveprints.com\/es\/#organization"},"potentialAction":[{"@type":"SearchAction","target":{"@type":"EntryPoint","urlTemplate":"https:\/\/positiveprints.com\/es\/?s={search_term_string}"},"query-input":{"@type":"PropertyValueSpecification","valueRequired":true,"valueName":"search_term_string"}}],"inLanguage":"es"},{"@type":"Organization","@id":"https:\/\/positiveprints.com\/es\/#organization","name":"Positive Prints","alternateName":"Positive Prints","url":"https:\/\/positiveprints.com\/es\/","logo":{"@type":"ImageObject","inLanguage":"es","@id":"https:\/\/positiveprints.com\/es\/#\/schema\/logo\/image\/","url":"https:\/\/positiveprints.com\/wp-content\/uploads\/2026\/03\/245815646_1337939713319158_5671353136411139666_n.png","contentUrl":"https:\/\/positiveprints.com\/wp-content\/uploads\/2026\/03\/245815646_1337939713319158_5671353136411139666_n.png","width":800,"height":800,"caption":"Positive Prints"},"image":{"@id":"https:\/\/positiveprints.com\/es\/#\/schema\/logo\/image\/"},"sameAs":["https:\/\/www.facebook.com\/positiveprintscom","https:\/\/www.instagram.com\/positiveprintscom\/","https:\/\/www.tiktok.com\/@positiveprintscom","https:\/\/www.pinterest.com\/positiveprintscom\/"]}]}},"jetpack_sharing_enabled":true,"_links":{"self":[{"href":"https:\/\/positiveprints.com\/es\/wp-json\/wp\/v2\/product\/1558833","targetHints":{"allow":["GET"]}}],"collection":[{"href":"https:\/\/positiveprints.com\/es\/wp-json\/wp\/v2\/product"}],"about":[{"href":"https:\/\/positiveprints.com\/es\/wp-json\/wp\/v2\/types\/product"}],"wp:featuredmedia":[{"embeddable":true,"href":"https:\/\/positiveprints.com\/es\/wp-json\/wp\/v2\/media\/1672237"}],"wp:attachment":[{"href":"https:\/\/positiveprints.com\/es\/wp-json\/wp\/v2\/media?parent=1558833"}],"wp:term":[{"taxonomy":"product_brand","embeddable":true,"href":"https:\/\/positiveprints.com\/es\/wp-json\/wp\/v2\/product_brand?post=1558833"},{"taxonomy":"product_cat","embeddable":true,"href":"https:\/\/positiveprints.com\/es\/wp-json\/wp\/v2\/product_cat?post=1558833"},{"taxonomy":"product_tag","embeddable":true,"href":"https:\/\/positiveprints.com\/es\/wp-json\/wp\/v2\/product_tag?post=1558833"}],"curies":[{"name":"wp","href":"https:\/\/api.w.org\/{rel}","templated":true}]}}