{"id":1545167,"date":"2024-01-23T08:19:51","date_gmt":"2024-01-23T07:19:51","guid":{"rendered":"https:\/\/positiveprints.com\/product\/the-day-you-were-born-jewelry\/"},"modified":"2026-04-03T02:58:08","modified_gmt":"2026-04-03T01:58:08","slug":"joya-personalizada-del-dia-en-el-que-naciste","status":"publish","type":"product","link":"https:\/\/positiveprints.com\/es\/producto\/joya-personalizada-del-dia-en-el-que-naciste\/","title":{"rendered":"Joya personalizada del D\u00eda en el Que Naciste"},"content":{"rendered":"","protected":false},"excerpt":{"rendered":"<ul class=\"check-list\">\n<li>Personaliza el collar del D\u00eda en el Que Naciste y lleva las estrellas siempre contigo &#8211; un homenaje \u00fanico a ese momento especial del universo<\/li>\n<li>Colgante de 20 mm fabricado en plata de ley de primera calidad, grabado con l\u00e1ser y acabado a mano<\/li>\n<li>Elige un texto sincero seg\u00fan la ocasi\u00f3n<\/li>\n<li>Personalizar en s\u00f3lo 2 minutos<\/li>\n<li>Ve el resultado de inmediato: la vista previa interactiva te permite perfeccionar cada detalle<\/li>\n<\/ul>\n","protected":false},"featured_media":1545415,"template":"","meta":[],"product_brand":[],"product_cat":[9264,9220,9766,106,5254,3128,11219,7693,7773,7821],"product_tag":[15095,15096,15097,15098,15099],"class_list":{"0":"post-1545167","1":"product","2":"type-product","3":"status-publish","4":"has-post-thumbnail","6":"product_cat-jewelry-es","7":"product_cat-joyas-mapa-estelar","8":"product_cat-trending-label-es","9":"product_cat-todos-los-productos","10":"product_cat-regalos-de-nacimiento-de-bebe","11":"product_cat-regalos-de-cumpleanos","12":"product_cat-regalos-de-cumpleanos-para-mujeres","13":"product_cat-regalos-para-mujeres","14":"product_cat-regalos-para-mi-hija","15":"product_cat-regalos-para-padres-primerizos","16":"product_tag-birthday-pl-es","17":"product_tag-lancuszek-es","18":"product_tag-medalion-es","19":"product_tag-naszyjnik-es","20":"product_tag-wisiorek-es","22":"first","23":"instock","24":"sale","25":"taxable","26":"shipping-taxable","27":"purchasable","28":"product-type-variable"},"yoast_head":"<!-- This site is optimized with the Yoast SEO Premium plugin v27.2 (Yoast SEO v27.2) - https:\/\/yoast.com\/product\/yoast-seo-premium-wordpress\/ -->\n<title>Joya personalizada del D\u00eda en el Que Naciste - Positive Prints<\/title>\n<meta name=\"description\" content=\"Haz que los cumplea\u00f1os y los nacimientos sean inolvidables con esta joyer\u00eda personalizada que captura la magia del d\u00eda en el que alguien especial naci\u00f3.\" \/>\n<meta name=\"robots\" content=\"index, follow, max-snippet:-1, max-image-preview:large, max-video-preview:-1\" \/>\n<link rel=\"canonical\" href=\"https:\/\/positiveprints.com\/es\/producto\/joya-personalizada-del-dia-en-el-que-naciste\/\" \/>\n<meta property=\"og:locale\" content=\"es_ES\" \/>\n<meta property=\"og:type\" content=\"article\" \/>\n<meta property=\"og:title\" content=\"Joya personalizada del D\u00eda en el Que Naciste\" \/>\n<meta property=\"og:description\" content=\"Personaliza el collar del D\u00eda en el Que Naciste y lleva las estrellas siempre contigo - un homenaje \u00fanico a ese momento especial del universo  Colgante de 20 mm fabricado en plata de ley de primera calidad, grabado con l\u00e1ser y acabado a mano  Elige un texto sincero seg\u00fan la ocasi\u00f3n  Personalizar en s\u00f3lo 2 minutos   Ve el resultado de inmediato: la vista previa interactiva te permite perfeccionar cada detalle\" \/>\n<meta property=\"og:url\" content=\"https:\/\/positiveprints.com\/es\/producto\/joya-personalizada-del-dia-en-el-que-naciste\/\" \/>\n<meta property=\"og:site_name\" content=\"Positive Prints\" \/>\n<meta property=\"article:publisher\" content=\"https:\/\/www.facebook.com\/positiveprintscom\" \/>\n<meta property=\"article:modified_time\" content=\"2026-04-03T01:58:08+00:00\" \/>\n<meta property=\"og:image\" content=\"https:\/\/positiveprints.com\/wp-content\/uploads\/2025\/10\/Joya-personalizada-del-Dia-en-el-Que-Naciste-1.webp\" \/>\n\t<meta property=\"og:image:width\" content=\"2280\" \/>\n\t<meta property=\"og:image:height\" content=\"2280\" \/>\n\t<meta property=\"og:image:type\" content=\"image\/webp\" \/>\n<meta name=\"twitter:card\" content=\"summary_large_image\" \/>\n<meta name=\"twitter:label1\" content=\"Tiempo de lectura\" \/>\n\t<meta name=\"twitter:data1\" content=\"1 minuto\" \/>\n<!-- \/ Yoast SEO Premium plugin. -->","yoast_head_json":{"title":"Joya personalizada del D\u00eda en el Que Naciste - Positive Prints","description":"Haz que los cumplea\u00f1os y los nacimientos sean inolvidables con esta joyer\u00eda personalizada que captura la magia del d\u00eda en el que alguien especial naci\u00f3.","robots":{"index":"index","follow":"follow","max-snippet":"max-snippet:-1","max-image-preview":"max-image-preview:large","max-video-preview":"max-video-preview:-1"},"canonical":"https:\/\/positiveprints.com\/es\/producto\/joya-personalizada-del-dia-en-el-que-naciste\/","og_locale":"es_ES","og_type":"article","og_title":"Joya personalizada del D\u00eda en el Que Naciste","og_description":"Personaliza el collar del D\u00eda en el Que Naciste y lleva las estrellas siempre contigo - un homenaje \u00fanico a ese momento especial del universo  Colgante de 20 mm fabricado en plata de ley de primera calidad, grabado con l\u00e1ser y acabado a mano  Elige un texto sincero seg\u00fan la ocasi\u00f3n  Personalizar en s\u00f3lo 2 minutos   Ve el resultado de inmediato: la vista previa interactiva te permite perfeccionar cada detalle","og_url":"https:\/\/positiveprints.com\/es\/producto\/joya-personalizada-del-dia-en-el-que-naciste\/","og_site_name":"Positive Prints","article_publisher":"https:\/\/www.facebook.com\/positiveprintscom","article_modified_time":"2026-04-03T01:58:08+00:00","og_image":[{"width":2280,"height":2280,"url":"https:\/\/positiveprints.com\/wp-content\/uploads\/2025\/10\/Joya-personalizada-del-Dia-en-el-Que-Naciste-1.webp","type":"image\/webp"}],"twitter_card":"summary_large_image","twitter_misc":{"Tiempo de lectura":"1 minuto"},"schema":{"@context":"https:\/\/schema.org","@graph":[{"@type":["WebPage","ItemPage"],"@id":"https:\/\/positiveprints.com\/es\/producto\/joya-personalizada-del-dia-en-el-que-naciste\/","url":"https:\/\/positiveprints.com\/es\/producto\/joya-personalizada-del-dia-en-el-que-naciste\/","name":"Joya personalizada del D\u00eda en el Que Naciste - Positive Prints","isPartOf":{"@id":"https:\/\/positiveprints.com\/es\/#website"},"primaryImageOfPage":{"@id":"https:\/\/positiveprints.com\/es\/producto\/joya-personalizada-del-dia-en-el-que-naciste\/#primaryimage"},"image":{"@id":"https:\/\/positiveprints.com\/es\/producto\/joya-personalizada-del-dia-en-el-que-naciste\/#primaryimage"},"thumbnailUrl":"https:\/\/positiveprints.com\/wp-content\/uploads\/2025\/10\/Joya-personalizada-del-Dia-en-el-Que-Naciste-1.webp","datePublished":"2024-01-23T07:19:51+00:00","dateModified":"2026-04-03T01:58:08+00:00","description":"Haz que los cumplea\u00f1os y los nacimientos sean inolvidables con esta joyer\u00eda personalizada que captura la magia del d\u00eda en el que alguien especial naci\u00f3.","breadcrumb":{"@id":"https:\/\/positiveprints.com\/es\/producto\/joya-personalizada-del-dia-en-el-que-naciste\/#breadcrumb"},"inLanguage":"es","potentialAction":[{"@type":"ReadAction","target":["https:\/\/positiveprints.com\/es\/producto\/joya-personalizada-del-dia-en-el-que-naciste\/"]}]},{"@type":"ImageObject","inLanguage":"es","@id":"https:\/\/positiveprints.com\/es\/producto\/joya-personalizada-del-dia-en-el-que-naciste\/#primaryimage","url":"https:\/\/positiveprints.com\/wp-content\/uploads\/2025\/10\/Joya-personalizada-del-Dia-en-el-Que-Naciste-1.webp","contentUrl":"https:\/\/positiveprints.com\/wp-content\/uploads\/2025\/10\/Joya-personalizada-del-Dia-en-el-Que-Naciste-1.webp","width":2280,"height":2280},{"@type":"BreadcrumbList","@id":"https:\/\/positiveprints.com\/es\/producto\/joya-personalizada-del-dia-en-el-que-naciste\/#breadcrumb","itemListElement":[{"@type":"ListItem","position":1,"name":"CASA","item":"https:\/\/positiveprints.com\/es\/"},{"@type":"ListItem","position":2,"name":"Productos","item":"https:\/\/positiveprints.com\/es\/shop\/"},{"@type":"ListItem","position":3,"name":"Joya personalizada del D\u00eda en el Que Naciste"}]},{"@type":"WebSite","@id":"https:\/\/positiveprints.com\/es\/#website","url":"https:\/\/positiveprints.com\/es\/","name":"Positive Prints","description":"Custom Gifts for Special Occasions","publisher":{"@id":"https:\/\/positiveprints.com\/es\/#organization"},"potentialAction":[{"@type":"SearchAction","target":{"@type":"EntryPoint","urlTemplate":"https:\/\/positiveprints.com\/es\/?s={search_term_string}"},"query-input":{"@type":"PropertyValueSpecification","valueRequired":true,"valueName":"search_term_string"}}],"inLanguage":"es"},{"@type":"Organization","@id":"https:\/\/positiveprints.com\/es\/#organization","name":"Positive Prints","alternateName":"Positive Prints","url":"https:\/\/positiveprints.com\/es\/","logo":{"@type":"ImageObject","inLanguage":"es","@id":"https:\/\/positiveprints.com\/es\/#\/schema\/logo\/image\/","url":"https:\/\/positiveprints.com\/wp-content\/uploads\/2026\/03\/245815646_1337939713319158_5671353136411139666_n.png","contentUrl":"https:\/\/positiveprints.com\/wp-content\/uploads\/2026\/03\/245815646_1337939713319158_5671353136411139666_n.png","width":800,"height":800,"caption":"Positive Prints"},"image":{"@id":"https:\/\/positiveprints.com\/es\/#\/schema\/logo\/image\/"},"sameAs":["https:\/\/www.facebook.com\/positiveprintscom","https:\/\/www.instagram.com\/positiveprintscom\/","https:\/\/www.tiktok.com\/@positiveprintscom","https:\/\/www.pinterest.com\/positiveprintscom\/"]}]}},"jetpack_sharing_enabled":true,"_links":{"self":[{"href":"https:\/\/positiveprints.com\/es\/wp-json\/wp\/v2\/product\/1545167","targetHints":{"allow":["GET"]}}],"collection":[{"href":"https:\/\/positiveprints.com\/es\/wp-json\/wp\/v2\/product"}],"about":[{"href":"https:\/\/positiveprints.com\/es\/wp-json\/wp\/v2\/types\/product"}],"wp:featuredmedia":[{"embeddable":true,"href":"https:\/\/positiveprints.com\/es\/wp-json\/wp\/v2\/media\/1545415"}],"wp:attachment":[{"href":"https:\/\/positiveprints.com\/es\/wp-json\/wp\/v2\/media?parent=1545167"}],"wp:term":[{"taxonomy":"product_brand","embeddable":true,"href":"https:\/\/positiveprints.com\/es\/wp-json\/wp\/v2\/product_brand?post=1545167"},{"taxonomy":"product_cat","embeddable":true,"href":"https:\/\/positiveprints.com\/es\/wp-json\/wp\/v2\/product_cat?post=1545167"},{"taxonomy":"product_tag","embeddable":true,"href":"https:\/\/positiveprints.com\/es\/wp-json\/wp\/v2\/product_tag?post=1545167"}],"curies":[{"name":"wp","href":"https:\/\/api.w.org\/{rel}","templated":true}]}}