{"id":1543919,"date":"2024-01-22T19:42:13","date_gmt":"2024-01-22T18:42:13","guid":{"rendered":"https:\/\/positiveprints.com\/?post_type=product&#038;p=1543919"},"modified":"2026-04-28T14:00:17","modified_gmt":"2026-04-28T13:00:17","slug":"joya-personalizada-de-nuestro-dia-de-boda","status":"publish","type":"product","link":"https:\/\/positiveprints.com\/es\/producto\/joya-personalizada-de-nuestro-dia-de-boda\/","title":{"rendered":"Joya personalizada de Nuestro D\u00eda de Boda"},"content":{"rendered":"","protected":false},"excerpt":{"rendered":"<ul class=\"check-list\">\n<li>Celebra el d\u00eda en el que dos corazones se convierten en uno con una joya personalizada de Nuestro D\u00eda de Boda<\/li>\n<li>Colgante de 20 mm fabricado en plata de ley de primera calidad, grabado con l\u00e1ser y acabado a mano<\/li>\n<li>Elige un texto sincero seg\u00fan la ocasi\u00f3n<\/li>\n<li>Personalizar en s\u00f3lo 2 minutos<\/li>\n<li>Ve el resultado de inmediato: la vista previa interactiva te permite perfeccionar cada detalle<\/li>\n<\/ul>\n","protected":false},"featured_media":1544688,"template":"","meta":[],"product_brand":[],"product_cat":[9264,9220,9766,106,3124,7933],"product_tag":[15096,15097,15098,15081,15099],"class_list":{"0":"post-1543919","1":"product","2":"type-product","3":"status-publish","4":"has-post-thumbnail","6":"product_cat-jewelry-es","7":"product_cat-joyas-mapa-estelar","8":"product_cat-trending-label-es","9":"product_cat-todos-los-productos","10":"product_cat-regalos-de-boda","11":"product_cat-regalos-para-despedidas-de-soltera","12":"product_tag-lancuszek-es","13":"product_tag-medalion-es","14":"product_tag-naszyjnik-es","15":"product_tag-wedding-es-2","16":"product_tag-wisiorek-es","18":"first","19":"instock","20":"sale","21":"taxable","22":"shipping-taxable","23":"purchasable","24":"product-type-variable"},"yoast_head":"<!-- This site is optimized with the Yoast SEO Premium plugin v27.2 (Yoast SEO v27.2) - https:\/\/yoast.com\/product\/yoast-seo-premium-wordpress\/ -->\n<title>Joya personalizada de Nuestro D\u00eda de Boda - Positive Prints<\/title>\n<meta name=\"description\" content=\"Haz que tu regalo de boda sea inolvidable con joyas personalizadas que capturen de manera \u00fanica el amor, la uni\u00f3n y la alegr\u00eda de un d\u00eda en el que dos corazones se convirtieron en uno solo.\" \/>\n<meta name=\"robots\" content=\"index, follow, max-snippet:-1, max-image-preview:large, max-video-preview:-1\" \/>\n<link rel=\"canonical\" href=\"https:\/\/positiveprints.com\/es\/producto\/joya-personalizada-de-nuestro-dia-de-boda\/\" \/>\n<meta property=\"og:locale\" content=\"es_ES\" \/>\n<meta property=\"og:type\" content=\"article\" \/>\n<meta property=\"og:title\" content=\"Joya personalizada de Nuestro D\u00eda de Boda\" \/>\n<meta property=\"og:description\" content=\"Celebra el d\u00eda en el que dos corazones se convierten en uno con una joya personalizada de Nuestro D\u00eda de Boda  Colgante de 20 mm fabricado en plata de ley de primera calidad, grabado con l\u00e1ser y acabado a mano  Elige un texto sincero seg\u00fan la ocasi\u00f3n  Personalizar en s\u00f3lo 2 minutos   Ve el resultado de inmediato: la vista previa interactiva te permite perfeccionar cada detalle\" \/>\n<meta property=\"og:url\" content=\"https:\/\/positiveprints.com\/es\/producto\/joya-personalizada-de-nuestro-dia-de-boda\/\" \/>\n<meta property=\"og:site_name\" content=\"Positive Prints\" \/>\n<meta property=\"article:publisher\" content=\"https:\/\/www.facebook.com\/positiveprintscom\" \/>\n<meta property=\"article:modified_time\" content=\"2026-04-28T13:00:17+00:00\" \/>\n<meta property=\"og:image\" content=\"https:\/\/positiveprints.com\/wp-content\/uploads\/2025\/10\/Joya-personalizada-de-Nuestro-Dia-de-Boda-2.webp\" \/>\n\t<meta property=\"og:image:width\" content=\"2280\" \/>\n\t<meta property=\"og:image:height\" content=\"2280\" \/>\n\t<meta property=\"og:image:type\" content=\"image\/webp\" \/>\n<meta name=\"twitter:card\" content=\"summary_large_image\" \/>\n<!-- \/ Yoast SEO Premium plugin. -->","yoast_head_json":{"title":"Joya personalizada de Nuestro D\u00eda de Boda - Positive Prints","description":"Haz que tu regalo de boda sea inolvidable con joyas personalizadas que capturen de manera \u00fanica el amor, la uni\u00f3n y la alegr\u00eda de un d\u00eda en el que dos corazones se convirtieron en uno solo.","robots":{"index":"index","follow":"follow","max-snippet":"max-snippet:-1","max-image-preview":"max-image-preview:large","max-video-preview":"max-video-preview:-1"},"canonical":"https:\/\/positiveprints.com\/es\/producto\/joya-personalizada-de-nuestro-dia-de-boda\/","og_locale":"es_ES","og_type":"article","og_title":"Joya personalizada de Nuestro D\u00eda de Boda","og_description":"Celebra el d\u00eda en el que dos corazones se convierten en uno con una joya personalizada de Nuestro D\u00eda de Boda  Colgante de 20 mm fabricado en plata de ley de primera calidad, grabado con l\u00e1ser y acabado a mano  Elige un texto sincero seg\u00fan la ocasi\u00f3n  Personalizar en s\u00f3lo 2 minutos   Ve el resultado de inmediato: la vista previa interactiva te permite perfeccionar cada detalle","og_url":"https:\/\/positiveprints.com\/es\/producto\/joya-personalizada-de-nuestro-dia-de-boda\/","og_site_name":"Positive Prints","article_publisher":"https:\/\/www.facebook.com\/positiveprintscom","article_modified_time":"2026-04-28T13:00:17+00:00","og_image":[{"width":2280,"height":2280,"url":"https:\/\/positiveprints.com\/wp-content\/uploads\/2025\/10\/Joya-personalizada-de-Nuestro-Dia-de-Boda-2.webp","type":"image\/webp"}],"twitter_card":"summary_large_image","schema":{"@context":"https:\/\/schema.org","@graph":[{"@type":["WebPage","ItemPage"],"@id":"https:\/\/positiveprints.com\/es\/producto\/joya-personalizada-de-nuestro-dia-de-boda\/","url":"https:\/\/positiveprints.com\/es\/producto\/joya-personalizada-de-nuestro-dia-de-boda\/","name":"Joya personalizada de Nuestro D\u00eda de Boda - Positive Prints","isPartOf":{"@id":"https:\/\/positiveprints.com\/es\/#website"},"primaryImageOfPage":{"@id":"https:\/\/positiveprints.com\/es\/producto\/joya-personalizada-de-nuestro-dia-de-boda\/#primaryimage"},"image":{"@id":"https:\/\/positiveprints.com\/es\/producto\/joya-personalizada-de-nuestro-dia-de-boda\/#primaryimage"},"thumbnailUrl":"https:\/\/positiveprints.com\/wp-content\/uploads\/2025\/10\/Joya-personalizada-de-Nuestro-Dia-de-Boda-2.webp","datePublished":"2024-01-22T18:42:13+00:00","dateModified":"2026-04-28T13:00:17+00:00","description":"Haz que tu regalo de boda sea inolvidable con joyas personalizadas que capturen de manera \u00fanica el amor, la uni\u00f3n y la alegr\u00eda de un d\u00eda en el que dos corazones se convirtieron en uno solo.","breadcrumb":{"@id":"https:\/\/positiveprints.com\/es\/producto\/joya-personalizada-de-nuestro-dia-de-boda\/#breadcrumb"},"inLanguage":"es","potentialAction":[{"@type":"ReadAction","target":["https:\/\/positiveprints.com\/es\/producto\/joya-personalizada-de-nuestro-dia-de-boda\/"]}]},{"@type":"ImageObject","inLanguage":"es","@id":"https:\/\/positiveprints.com\/es\/producto\/joya-personalizada-de-nuestro-dia-de-boda\/#primaryimage","url":"https:\/\/positiveprints.com\/wp-content\/uploads\/2025\/10\/Joya-personalizada-de-Nuestro-Dia-de-Boda-2.webp","contentUrl":"https:\/\/positiveprints.com\/wp-content\/uploads\/2025\/10\/Joya-personalizada-de-Nuestro-Dia-de-Boda-2.webp","width":2280,"height":2280},{"@type":"BreadcrumbList","@id":"https:\/\/positiveprints.com\/es\/producto\/joya-personalizada-de-nuestro-dia-de-boda\/#breadcrumb","itemListElement":[{"@type":"ListItem","position":1,"name":"CASA","item":"https:\/\/positiveprints.com\/es\/"},{"@type":"ListItem","position":2,"name":"Productos","item":"https:\/\/positiveprints.com\/es\/shop\/"},{"@type":"ListItem","position":3,"name":"Joya personalizada de Nuestro D\u00eda de Boda"}]},{"@type":"WebSite","@id":"https:\/\/positiveprints.com\/es\/#website","url":"https:\/\/positiveprints.com\/es\/","name":"Positive Prints","description":"Custom Gifts for Special Occasions","publisher":{"@id":"https:\/\/positiveprints.com\/es\/#organization"},"potentialAction":[{"@type":"SearchAction","target":{"@type":"EntryPoint","urlTemplate":"https:\/\/positiveprints.com\/es\/?s={search_term_string}"},"query-input":{"@type":"PropertyValueSpecification","valueRequired":true,"valueName":"search_term_string"}}],"inLanguage":"es"},{"@type":"Organization","@id":"https:\/\/positiveprints.com\/es\/#organization","name":"Positive Prints","alternateName":"Positive Prints ","url":"https:\/\/positiveprints.com\/es\/","logo":{"@type":"ImageObject","inLanguage":"es","@id":"https:\/\/positiveprints.com\/es\/#\/schema\/logo\/image\/","url":"https:\/\/positiveprints.com\/wp-content\/uploads\/2026\/03\/245815646_1337939713319158_5671353136411139666_n.png","contentUrl":"https:\/\/positiveprints.com\/wp-content\/uploads\/2026\/03\/245815646_1337939713319158_5671353136411139666_n.png","width":800,"height":800,"caption":"Positive Prints"},"image":{"@id":"https:\/\/positiveprints.com\/es\/#\/schema\/logo\/image\/"},"sameAs":["https:\/\/www.facebook.com\/positiveprintscom","https:\/\/www.instagram.com\/positiveprintscom\/","https:\/\/www.tiktok.com\/@positiveprintscom","https:\/\/www.pinterest.com\/positiveprintscom\/"]}]}},"jetpack_sharing_enabled":true,"_links":{"self":[{"href":"https:\/\/positiveprints.com\/es\/wp-json\/wp\/v2\/product\/1543919","targetHints":{"allow":["GET"]}}],"collection":[{"href":"https:\/\/positiveprints.com\/es\/wp-json\/wp\/v2\/product"}],"about":[{"href":"https:\/\/positiveprints.com\/es\/wp-json\/wp\/v2\/types\/product"}],"wp:featuredmedia":[{"embeddable":true,"href":"https:\/\/positiveprints.com\/es\/wp-json\/wp\/v2\/media\/1544688"}],"wp:attachment":[{"href":"https:\/\/positiveprints.com\/es\/wp-json\/wp\/v2\/media?parent=1543919"}],"wp:term":[{"taxonomy":"product_brand","embeddable":true,"href":"https:\/\/positiveprints.com\/es\/wp-json\/wp\/v2\/product_brand?post=1543919"},{"taxonomy":"product_cat","embeddable":true,"href":"https:\/\/positiveprints.com\/es\/wp-json\/wp\/v2\/product_cat?post=1543919"},{"taxonomy":"product_tag","embeddable":true,"href":"https:\/\/positiveprints.com\/es\/wp-json\/wp\/v2\/product_tag?post=1543919"}],"curies":[{"name":"wp","href":"https:\/\/api.w.org\/{rel}","templated":true}]}}