{"id":1523608,"date":"2025-09-19T10:18:38","date_gmt":"2025-09-19T08:18:38","guid":{"rendered":"https:\/\/positiveprints.com\/?post_type=product&#038;p=1523608"},"modified":"2026-04-03T02:21:45","modified_gmt":"2026-04-03T01:21:45","slug":"ilustracion-personalizada-de-una-casa","status":"publish","type":"product","link":"https:\/\/positiveprints.com\/es\/producto\/ilustracion-personalizada-de-una-casa\/","title":{"rendered":"Ilustraci\u00f3n personalizada de una  casa"},"content":{"rendered":"","protected":false},"excerpt":{"rendered":"<ul class=\"check-list\">\n<li>Sube una foto del hogar<\/li>\n<li>2 revisiones disponibles a petici\u00f3n tuya<\/li>\n<li>A\u00f1ade el nombre de la familia, la fecha en la que os mudasteis o un mensaje emotivo<\/li>\n<li>Recibe la vista previa en 2-3 d\u00edas laborales<\/li>\n<li>Elige entre los distintos tama\u00f1os de impresi\u00f3n<\/li>\n<\/ul>\n","protected":false},"featured_media":1524348,"template":"","meta":[],"product_brand":[],"product_cat":[13593,7334,5293,5270,11453,11454,11449,11461,11460,7709,11459,11451,7981,106,9766],"product_tag":[14559,14560,14561,14562,14563,14564,14919,14565,14566,14567,14568,14569,14570,14571,14572,14573,14574,14575,14576,14577,14578,13429,13351,13350,13459,11822,11764,14579,14580,15267],"class_list":{"0":"post-1523608","1":"product","2":"type-product","3":"status-publish","4":"has-post-thumbnail","6":"product_cat-acuarela","7":"product_cat-regalos-del-dia-del-padre","8":"product_cat-regalos-para-mudanzas","9":"product_cat-regalos-de-navidad","10":"product_cat-regalos-de-navidad-para-abuela","11":"product_cat-regalos-de-navidad-para-abuelo","12":"product_cat-regalos-de-navidad-para-el-hermano","13":"product_cat-regalos-de-navidad-para-la-hermana","14":"product_cat-regalos-de-navidad-para-los-padres","15":"product_cat-regalos-para-mama","16":"product_cat-regalos-de-navidad-para-mama","17":"product_cat-regalos-de-navidad-para-papa","18":"product_cat-regalos-para-papa","19":"product_cat-todos-los-productos","20":"product_cat-trending-label-es","21":"product_tag-appreciation-gift-for-realtor-es","22":"product_tag-closing-gifts-es","23":"product_tag-gift-for-new-homeowners-es","24":"product_tag-gift-for-realtor-es","25":"product_tag-gifts-for-realtor-es","26":"product_tag-house-closing-gift-es","27":"product_tag-housewarming-es-2","28":"product_tag-housewarming-gift-es","29":"product_tag-new-home-es","30":"product_tag-new-home-closing-gift-es","31":"product_tag-new-home-gift-es","32":"product_tag-new-house-es","33":"product_tag-new-house-celebration-gift-es","34":"product_tag-personalized-closing-gift-es","35":"product_tag-real-estate-agent-gift-es","36":"product_tag-real-estate-closing-gift-es","37":"product_tag-real-estate-gift-es","38":"product_tag-realtor-closing-gift-es","39":"product_tag-realtor-closing-gift-closing-gift-es","40":"product_tag-realtor-gift-es","41":"product_tag-realtor-gifts-es","42":"product_tag-regalo-de-navidad-para-hermana","43":"product_tag-regalo-de-navidad-para-un-abuelo","44":"product_tag-regalo-de-navidad-para-una-abuela","45":"product_tag-regalos-de-navidad-para-hermano","46":"product_tag-regalos-de-navidad-para-mama","47":"product_tag-regalos-de-navidad-para-papa","48":"product_tag-thank-you-gift-for-realtor-es","49":"product_tag-thoughtful-closing-gift-es","50":"product_tag-weihnachtsgeschenke-fuer-den-bruder","52":"first","53":"instock","54":"sale","55":"taxable","56":"shipping-taxable","57":"purchasable","58":"product-type-variable"},"yoast_head":"<!-- This site is optimized with the Yoast SEO Premium plugin v27.2 (Yoast SEO v27.2) - https:\/\/yoast.com\/product\/yoast-seo-premium-wordpress\/ -->\n<title>Ilustraci\u00f3n personalizada de una casa - Positive Prints<\/title>\n<meta name=\"description\" content=\"Convierte un hogar querido en una preciosa obra de arte dibujada a mano en acuarela. Un regalo significativo para nuevas familias, nuevos propietarios o para recordar ese hogar para siempre.\" \/>\n<meta name=\"robots\" content=\"index, follow, max-snippet:-1, max-image-preview:large, max-video-preview:-1\" \/>\n<link rel=\"canonical\" href=\"https:\/\/positiveprints.com\/es\/producto\/ilustracion-personalizada-de-una-casa\/\" \/>\n<meta property=\"og:locale\" content=\"es_ES\" \/>\n<meta property=\"og:type\" content=\"article\" \/>\n<meta property=\"og:title\" content=\"Ilustraci\u00f3n personalizada de una casa\" \/>\n<meta property=\"og:description\" content=\"Sube una foto del hogar 2 revisiones disponibles a petici\u00f3n tuya A\u00f1ade el nombre de la familia, la fecha en la que os mudasteis o un mensaje emotivo Recibe la vista previa en 2-3 d\u00edas laborales Elige entre los distintos tama\u00f1os de impresi\u00f3n\" \/>\n<meta property=\"og:url\" content=\"https:\/\/positiveprints.com\/es\/producto\/ilustracion-personalizada-de-una-casa\/\" \/>\n<meta property=\"og:site_name\" content=\"Positive Prints\" \/>\n<meta property=\"article:publisher\" content=\"https:\/\/www.facebook.com\/positiveprintscom\" \/>\n<meta property=\"article:modified_time\" content=\"2026-04-03T01:21:45+00:00\" \/>\n<meta property=\"og:image\" content=\"https:\/\/positiveprints.com\/wp-content\/uploads\/2025\/09\/Ilustracio\u0301n-personalizada-de-una-casa-Packshot_ES_XX.webp\" \/>\n\t<meta property=\"og:image:width\" content=\"1450\" \/>\n\t<meta property=\"og:image:height\" content=\"1450\" \/>\n\t<meta property=\"og:image:type\" content=\"image\/webp\" \/>\n<meta name=\"twitter:card\" content=\"summary_large_image\" \/>\n<meta name=\"twitter:label1\" content=\"Tiempo de lectura\" \/>\n\t<meta name=\"twitter:data1\" content=\"1 minuto\" \/>\n<!-- \/ Yoast SEO Premium plugin. -->","yoast_head_json":{"title":"Ilustraci\u00f3n personalizada de una casa - Positive Prints","description":"Convierte un hogar querido en una preciosa obra de arte dibujada a mano en acuarela. Un regalo significativo para nuevas familias, nuevos propietarios o para recordar ese hogar para siempre.","robots":{"index":"index","follow":"follow","max-snippet":"max-snippet:-1","max-image-preview":"max-image-preview:large","max-video-preview":"max-video-preview:-1"},"canonical":"https:\/\/positiveprints.com\/es\/producto\/ilustracion-personalizada-de-una-casa\/","og_locale":"es_ES","og_type":"article","og_title":"Ilustraci\u00f3n personalizada de una casa","og_description":"Sube una foto del hogar 2 revisiones disponibles a petici\u00f3n tuya A\u00f1ade el nombre de la familia, la fecha en la que os mudasteis o un mensaje emotivo Recibe la vista previa en 2-3 d\u00edas laborales Elige entre los distintos tama\u00f1os de impresi\u00f3n","og_url":"https:\/\/positiveprints.com\/es\/producto\/ilustracion-personalizada-de-una-casa\/","og_site_name":"Positive Prints","article_publisher":"https:\/\/www.facebook.com\/positiveprintscom","article_modified_time":"2026-04-03T01:21:45+00:00","og_image":[{"width":1450,"height":1450,"url":"https:\/\/positiveprints.com\/wp-content\/uploads\/2025\/09\/Ilustracio\u0301n-personalizada-de-una-casa-Packshot_ES_XX.webp","type":"image\/webp"}],"twitter_card":"summary_large_image","twitter_misc":{"Tiempo de lectura":"1 minuto"},"schema":{"@context":"https:\/\/schema.org","@graph":[{"@type":["WebPage","ItemPage"],"@id":"https:\/\/positiveprints.com\/es\/producto\/ilustracion-personalizada-de-una-casa\/","url":"https:\/\/positiveprints.com\/es\/producto\/ilustracion-personalizada-de-una-casa\/","name":"Ilustraci\u00f3n personalizada de una casa - Positive Prints","isPartOf":{"@id":"https:\/\/positiveprints.com\/es\/#website"},"primaryImageOfPage":{"@id":"https:\/\/positiveprints.com\/es\/producto\/ilustracion-personalizada-de-una-casa\/#primaryimage"},"image":{"@id":"https:\/\/positiveprints.com\/es\/producto\/ilustracion-personalizada-de-una-casa\/#primaryimage"},"thumbnailUrl":"https:\/\/positiveprints.com\/wp-content\/uploads\/2025\/09\/Ilustracio\u0301n-personalizada-de-una-casa-Packshot_ES_XX.webp","datePublished":"2025-09-19T08:18:38+00:00","dateModified":"2026-04-03T01:21:45+00:00","description":"Convierte un hogar querido en una preciosa obra de arte dibujada a mano en acuarela. Un regalo significativo para nuevas familias, nuevos propietarios o para recordar ese hogar para siempre.","breadcrumb":{"@id":"https:\/\/positiveprints.com\/es\/producto\/ilustracion-personalizada-de-una-casa\/#breadcrumb"},"inLanguage":"es","potentialAction":[{"@type":"ReadAction","target":["https:\/\/positiveprints.com\/es\/producto\/ilustracion-personalizada-de-una-casa\/"]}]},{"@type":"ImageObject","inLanguage":"es","@id":"https:\/\/positiveprints.com\/es\/producto\/ilustracion-personalizada-de-una-casa\/#primaryimage","url":"https:\/\/positiveprints.com\/wp-content\/uploads\/2025\/09\/Ilustracio\u0301n-personalizada-de-una-casa-Packshot_ES_XX.webp","contentUrl":"https:\/\/positiveprints.com\/wp-content\/uploads\/2025\/09\/Ilustracio\u0301n-personalizada-de-una-casa-Packshot_ES_XX.webp","width":1450,"height":1450,"caption":"Ilustracio\u0301n personalizada de una casa"},{"@type":"BreadcrumbList","@id":"https:\/\/positiveprints.com\/es\/producto\/ilustracion-personalizada-de-una-casa\/#breadcrumb","itemListElement":[{"@type":"ListItem","position":1,"name":"CASA","item":"https:\/\/positiveprints.com\/es\/"},{"@type":"ListItem","position":2,"name":"Productos","item":"https:\/\/positiveprints.com\/es\/shop\/"},{"@type":"ListItem","position":3,"name":"Ilustraci\u00f3n personalizada de una casa"}]},{"@type":"WebSite","@id":"https:\/\/positiveprints.com\/es\/#website","url":"https:\/\/positiveprints.com\/es\/","name":"Positive Prints","description":"Custom Gifts for Special Occasions","publisher":{"@id":"https:\/\/positiveprints.com\/es\/#organization"},"potentialAction":[{"@type":"SearchAction","target":{"@type":"EntryPoint","urlTemplate":"https:\/\/positiveprints.com\/es\/?s={search_term_string}"},"query-input":{"@type":"PropertyValueSpecification","valueRequired":true,"valueName":"search_term_string"}}],"inLanguage":"es"},{"@type":"Organization","@id":"https:\/\/positiveprints.com\/es\/#organization","name":"Positive Prints","alternateName":"Positive Prints","url":"https:\/\/positiveprints.com\/es\/","logo":{"@type":"ImageObject","inLanguage":"es","@id":"https:\/\/positiveprints.com\/es\/#\/schema\/logo\/image\/","url":"https:\/\/positiveprints.com\/wp-content\/uploads\/2026\/03\/245815646_1337939713319158_5671353136411139666_n.png","contentUrl":"https:\/\/positiveprints.com\/wp-content\/uploads\/2026\/03\/245815646_1337939713319158_5671353136411139666_n.png","width":800,"height":800,"caption":"Positive Prints"},"image":{"@id":"https:\/\/positiveprints.com\/es\/#\/schema\/logo\/image\/"},"sameAs":["https:\/\/www.facebook.com\/positiveprintscom","https:\/\/www.instagram.com\/positiveprintscom\/","https:\/\/www.tiktok.com\/@positiveprintscom","https:\/\/www.pinterest.com\/positiveprintscom\/"]}]}},"jetpack_sharing_enabled":true,"_links":{"self":[{"href":"https:\/\/positiveprints.com\/es\/wp-json\/wp\/v2\/product\/1523608","targetHints":{"allow":["GET"]}}],"collection":[{"href":"https:\/\/positiveprints.com\/es\/wp-json\/wp\/v2\/product"}],"about":[{"href":"https:\/\/positiveprints.com\/es\/wp-json\/wp\/v2\/types\/product"}],"wp:featuredmedia":[{"embeddable":true,"href":"https:\/\/positiveprints.com\/es\/wp-json\/wp\/v2\/media\/1524348"}],"wp:attachment":[{"href":"https:\/\/positiveprints.com\/es\/wp-json\/wp\/v2\/media?parent=1523608"}],"wp:term":[{"taxonomy":"product_brand","embeddable":true,"href":"https:\/\/positiveprints.com\/es\/wp-json\/wp\/v2\/product_brand?post=1523608"},{"taxonomy":"product_cat","embeddable":true,"href":"https:\/\/positiveprints.com\/es\/wp-json\/wp\/v2\/product_cat?post=1523608"},{"taxonomy":"product_tag","embeddable":true,"href":"https:\/\/positiveprints.com\/es\/wp-json\/wp\/v2\/product_tag?post=1523608"}],"curies":[{"name":"wp","href":"https:\/\/api.w.org\/{rel}","templated":true}]}}