{"id":1521544,"date":"2025-09-18T12:28:57","date_gmt":"2025-09-18T10:28:57","guid":{"rendered":"https:\/\/positiveprints.com\/?post_type=product&#038;p=1521544"},"modified":"2026-04-07T11:55:06","modified_gmt":"2026-04-07T10:55:06","slug":"ilustracion-personalizada-en-acuarela-del-lugar-de-trabajo","status":"publish","type":"product","link":"https:\/\/positiveprints.com\/es\/producto\/ilustracion-personalizada-en-acuarela-del-lugar-de-trabajo\/","title":{"rendered":"Ilustraci\u00f3n personalizada en acuarela del lugar de trabajo"},"content":{"rendered":"","protected":false},"excerpt":{"rendered":"<ul class=\"check-list\">\n<li>Sube una foto del edificio<\/li>\n<li>2 revisiones disponibles a petici\u00f3n tuya<\/li>\n<li>Rel\u00e1jate mientras nuestros artistas crean tu ilustraci\u00f3n personalizada<\/li>\n<li>Recibe la vista previa en 2-3 d\u00edas laborales<\/li>\n<li>Elige entre los distintos tama\u00f1os de impresi\u00f3n<\/li>\n<\/ul>\n","protected":false},"featured_media":1521998,"template":"","meta":[],"product_brand":[],"product_cat":[9280,13593,106,5270,11450,7949],"product_tag":[13244,13248,13243,16495,13242,13246,16496,13247,14938],"class_list":{"0":"post-1521544","1":"product","2":"type-product","3":"status-publish","4":"has-post-thumbnail","6":"product_cat-bestsellers-label-es","7":"product_cat-acuarela","8":"product_cat-todos-los-productos","9":"product_cat-regalos-de-navidad","10":"product_cat-regalos-de-navidad-para-los-companeros-de-trabajo","11":"product_cat-regalos-por-jubilacion","12":"product_tag-companero-de-trabajo","13":"product_tag-regalo-de-agradecimiento-para-un-companero-es","14":"product_tag-regalo-de-agradecimiento-para-un-companero","15":"product_tag-regalo-de-jubilacion","16":"product_tag-regalo-de-navidad-para-un-companero","17":"product_tag-regalo-para-un-companero","18":"product_tag-regalos-de-jubilacion","19":"product_tag-regalos-para-un-companero","20":"product_tag-retirement-es-2","22":"first","23":"instock","24":"sale","25":"taxable","26":"shipping-taxable","27":"purchasable","28":"product-type-variable"},"yoast_head":"<!-- This site is optimized with the Yoast SEO Premium plugin v27.2 (Yoast SEO v27.2) - https:\/\/yoast.com\/product\/yoast-seo-premium-wordpress\/ -->\n<title>Ilustraci\u00f3n personalizada en acuarela del lugar de trabajo - Positive Prints<\/title>\n<meta name=\"description\" content=\"Un regalo con significado para compa\u00f1eros de trabajo o jefes: convierte cualquier oficina, tienda o estudio en una ilustraci\u00f3n personalizada en acuarela. Ideal para jubilaciones, inauguraciones o momentos especiales.\" \/>\n<meta name=\"robots\" content=\"index, follow, max-snippet:-1, max-image-preview:large, max-video-preview:-1\" \/>\n<link rel=\"canonical\" href=\"https:\/\/positiveprints.com\/es\/producto\/ilustracion-personalizada-en-acuarela-del-lugar-de-trabajo\/\" \/>\n<meta property=\"og:locale\" content=\"es_ES\" \/>\n<meta property=\"og:type\" content=\"article\" \/>\n<meta property=\"og:title\" content=\"Ilustraci\u00f3n personalizada en acuarela del lugar de trabajo\" \/>\n<meta property=\"og:description\" content=\"Sube una foto del edificio 2 revisiones disponibles a petici\u00f3n tuya Rel\u00e1jate mientras nuestros artistas crean tu ilustraci\u00f3n personalizada Recibe la vista previa en 2-3 d\u00edas laborales Elige entre los distintos tama\u00f1os de impresi\u00f3n\" \/>\n<meta property=\"og:url\" content=\"https:\/\/positiveprints.com\/es\/producto\/ilustracion-personalizada-en-acuarela-del-lugar-de-trabajo\/\" \/>\n<meta property=\"og:site_name\" content=\"Positive Prints\" \/>\n<meta property=\"article:publisher\" content=\"https:\/\/www.facebook.com\/positiveprintscom\" \/>\n<meta property=\"article:modified_time\" content=\"2026-04-07T10:55:06+00:00\" \/>\n<meta property=\"og:image\" content=\"https:\/\/positiveprints.com\/wp-content\/uploads\/2025\/09\/Ilustracio\u0301n-personalizada-en-acuarela-del-lugar-de-trabajo-Packshot_ES_XX.webp\" \/>\n\t<meta property=\"og:image:width\" content=\"1450\" \/>\n\t<meta property=\"og:image:height\" content=\"1450\" \/>\n\t<meta property=\"og:image:type\" content=\"image\/webp\" \/>\n<meta name=\"twitter:card\" content=\"summary_large_image\" \/>\n<meta name=\"twitter:label1\" content=\"Tiempo de lectura\" \/>\n\t<meta name=\"twitter:data1\" content=\"1 minuto\" \/>\n<!-- \/ Yoast SEO Premium plugin. -->","yoast_head_json":{"title":"Ilustraci\u00f3n personalizada en acuarela del lugar de trabajo - Positive Prints","description":"Un regalo con significado para compa\u00f1eros de trabajo o jefes: convierte cualquier oficina, tienda o estudio en una ilustraci\u00f3n personalizada en acuarela. Ideal para jubilaciones, inauguraciones o momentos especiales.","robots":{"index":"index","follow":"follow","max-snippet":"max-snippet:-1","max-image-preview":"max-image-preview:large","max-video-preview":"max-video-preview:-1"},"canonical":"https:\/\/positiveprints.com\/es\/producto\/ilustracion-personalizada-en-acuarela-del-lugar-de-trabajo\/","og_locale":"es_ES","og_type":"article","og_title":"Ilustraci\u00f3n personalizada en acuarela del lugar de trabajo","og_description":"Sube una foto del edificio 2 revisiones disponibles a petici\u00f3n tuya Rel\u00e1jate mientras nuestros artistas crean tu ilustraci\u00f3n personalizada Recibe la vista previa en 2-3 d\u00edas laborales Elige entre los distintos tama\u00f1os de impresi\u00f3n","og_url":"https:\/\/positiveprints.com\/es\/producto\/ilustracion-personalizada-en-acuarela-del-lugar-de-trabajo\/","og_site_name":"Positive Prints","article_publisher":"https:\/\/www.facebook.com\/positiveprintscom","article_modified_time":"2026-04-07T10:55:06+00:00","og_image":[{"width":1450,"height":1450,"url":"https:\/\/positiveprints.com\/wp-content\/uploads\/2025\/09\/Ilustracio\u0301n-personalizada-en-acuarela-del-lugar-de-trabajo-Packshot_ES_XX.webp","type":"image\/webp"}],"twitter_card":"summary_large_image","twitter_misc":{"Tiempo de lectura":"1 minuto"},"schema":{"@context":"https:\/\/schema.org","@graph":[{"@type":["WebPage","ItemPage"],"@id":"https:\/\/positiveprints.com\/es\/producto\/ilustracion-personalizada-en-acuarela-del-lugar-de-trabajo\/","url":"https:\/\/positiveprints.com\/es\/producto\/ilustracion-personalizada-en-acuarela-del-lugar-de-trabajo\/","name":"Ilustraci\u00f3n personalizada en acuarela del lugar de trabajo - Positive Prints","isPartOf":{"@id":"https:\/\/positiveprints.com\/es\/#website"},"primaryImageOfPage":{"@id":"https:\/\/positiveprints.com\/es\/producto\/ilustracion-personalizada-en-acuarela-del-lugar-de-trabajo\/#primaryimage"},"image":{"@id":"https:\/\/positiveprints.com\/es\/producto\/ilustracion-personalizada-en-acuarela-del-lugar-de-trabajo\/#primaryimage"},"thumbnailUrl":"https:\/\/positiveprints.com\/wp-content\/uploads\/2025\/09\/Ilustracio\u0301n-personalizada-en-acuarela-del-lugar-de-trabajo-Packshot_ES_XX.webp","datePublished":"2025-09-18T10:28:57+00:00","dateModified":"2026-04-07T10:55:06+00:00","description":"Un regalo con significado para compa\u00f1eros de trabajo o jefes: convierte cualquier oficina, tienda o estudio en una ilustraci\u00f3n personalizada en acuarela. Ideal para jubilaciones, inauguraciones o momentos especiales.","breadcrumb":{"@id":"https:\/\/positiveprints.com\/es\/producto\/ilustracion-personalizada-en-acuarela-del-lugar-de-trabajo\/#breadcrumb"},"inLanguage":"es","potentialAction":[{"@type":"ReadAction","target":["https:\/\/positiveprints.com\/es\/producto\/ilustracion-personalizada-en-acuarela-del-lugar-de-trabajo\/"]}]},{"@type":"ImageObject","inLanguage":"es","@id":"https:\/\/positiveprints.com\/es\/producto\/ilustracion-personalizada-en-acuarela-del-lugar-de-trabajo\/#primaryimage","url":"https:\/\/positiveprints.com\/wp-content\/uploads\/2025\/09\/Ilustracio\u0301n-personalizada-en-acuarela-del-lugar-de-trabajo-Packshot_ES_XX.webp","contentUrl":"https:\/\/positiveprints.com\/wp-content\/uploads\/2025\/09\/Ilustracio\u0301n-personalizada-en-acuarela-del-lugar-de-trabajo-Packshot_ES_XX.webp","width":1450,"height":1450,"caption":"Ilustracio\u0301n personalizada en acuarela del lugar de trabajo"},{"@type":"BreadcrumbList","@id":"https:\/\/positiveprints.com\/es\/producto\/ilustracion-personalizada-en-acuarela-del-lugar-de-trabajo\/#breadcrumb","itemListElement":[{"@type":"ListItem","position":1,"name":"CASA","item":"https:\/\/positiveprints.com\/es\/"},{"@type":"ListItem","position":2,"name":"Productos","item":"https:\/\/positiveprints.com\/es\/shop\/"},{"@type":"ListItem","position":3,"name":"Ilustraci\u00f3n personalizada en acuarela del lugar de trabajo"}]},{"@type":"WebSite","@id":"https:\/\/positiveprints.com\/es\/#website","url":"https:\/\/positiveprints.com\/es\/","name":"Positive Prints","description":"Custom Gifts for Special Occasions","publisher":{"@id":"https:\/\/positiveprints.com\/es\/#organization"},"potentialAction":[{"@type":"SearchAction","target":{"@type":"EntryPoint","urlTemplate":"https:\/\/positiveprints.com\/es\/?s={search_term_string}"},"query-input":{"@type":"PropertyValueSpecification","valueRequired":true,"valueName":"search_term_string"}}],"inLanguage":"es"},{"@type":"Organization","@id":"https:\/\/positiveprints.com\/es\/#organization","name":"Positive Prints","alternateName":"Positive Prints","url":"https:\/\/positiveprints.com\/es\/","logo":{"@type":"ImageObject","inLanguage":"es","@id":"https:\/\/positiveprints.com\/es\/#\/schema\/logo\/image\/","url":"https:\/\/positiveprints.com\/wp-content\/uploads\/2026\/03\/245815646_1337939713319158_5671353136411139666_n.png","contentUrl":"https:\/\/positiveprints.com\/wp-content\/uploads\/2026\/03\/245815646_1337939713319158_5671353136411139666_n.png","width":800,"height":800,"caption":"Positive Prints"},"image":{"@id":"https:\/\/positiveprints.com\/es\/#\/schema\/logo\/image\/"},"sameAs":["https:\/\/www.facebook.com\/positiveprintscom","https:\/\/www.instagram.com\/positiveprintscom\/","https:\/\/www.tiktok.com\/@positiveprintscom","https:\/\/www.pinterest.com\/positiveprintscom\/"]}]}},"jetpack_sharing_enabled":true,"_links":{"self":[{"href":"https:\/\/positiveprints.com\/es\/wp-json\/wp\/v2\/product\/1521544","targetHints":{"allow":["GET"]}}],"collection":[{"href":"https:\/\/positiveprints.com\/es\/wp-json\/wp\/v2\/product"}],"about":[{"href":"https:\/\/positiveprints.com\/es\/wp-json\/wp\/v2\/types\/product"}],"wp:featuredmedia":[{"embeddable":true,"href":"https:\/\/positiveprints.com\/es\/wp-json\/wp\/v2\/media\/1521998"}],"wp:attachment":[{"href":"https:\/\/positiveprints.com\/es\/wp-json\/wp\/v2\/media?parent=1521544"}],"wp:term":[{"taxonomy":"product_brand","embeddable":true,"href":"https:\/\/positiveprints.com\/es\/wp-json\/wp\/v2\/product_brand?post=1521544"},{"taxonomy":"product_cat","embeddable":true,"href":"https:\/\/positiveprints.com\/es\/wp-json\/wp\/v2\/product_cat?post=1521544"},{"taxonomy":"product_tag","embeddable":true,"href":"https:\/\/positiveprints.com\/es\/wp-json\/wp\/v2\/product_tag?post=1521544"}],"curies":[{"name":"wp","href":"https:\/\/api.w.org\/{rel}","templated":true}]}}