{"id":1520359,"date":"2025-09-11T14:20:48","date_gmt":"2025-09-11T12:20:48","guid":{"rendered":"https:\/\/positiveprints.com\/?post_type=product&#038;p=1520359"},"modified":"2026-04-12T19:14:10","modified_gmt":"2026-04-12T18:14:10","slug":"retrato-personalizado-en-acuarela-de-una-casa","status":"publish","type":"product","link":"https:\/\/positiveprints.com\/es\/producto\/retrato-personalizado-en-acuarela-de-una-casa\/","title":{"rendered":"Retrato personalizado en acuarela de una casa"},"content":{"rendered":"","protected":false},"excerpt":{"rendered":"<ul class=\"check-list\">\n<li>Sube una foto del hogar<\/li>\n<li>2 revisiones disponibles a petici\u00f3n tuya<\/li>\n<li>A\u00f1ade el nombre de la familia, la fecha en la que os mudasteis o un mensaje emotivo<\/li>\n<li>Recibe la vista previa en 2-3 d\u00edas laborales<\/li>\n<li>Elige entre los distintos tama\u00f1os de impresi\u00f3n<\/li>\n<\/ul>\n","protected":false},"featured_media":1521287,"template":"","meta":[],"product_brand":[],"product_cat":[15115,8250,9183,8986,9766,13593,106,265,5293,5270,11455,11456,15060,11462,11457,11460],"product_tag":[14559,14560,14920,14921,14561,14562,14563,14564,14919,14565,14566,14567,14568,14569,14570,14571,14572,14573,14574,14575,14576,14577,14578,11826,11821,11825,11820,13469,14579,14580],"class_list":{"0":"post-1520359","1":"product","2":"type-product","3":"status-publish","4":"has-post-thumbnail","6":"product_cat-bestsellers-menu-es","7":"product_cat-digital-products-es","8":"product_cat-line-art-es","9":"product_cat-nuevo","10":"product_cat-trending-label-es","11":"product_cat-acuarela","12":"product_cat-todos-los-productos","13":"product_cat-creators-es-2","14":"product_cat-regalos-para-mudanzas","15":"product_cat-regalos-de-navidad","16":"product_cat-regalos-de-navidad-para-mujer","17":"product_cat-regalos-de-navidad-para-hombre","18":"product_cat-regalos-de-navidad-para-la-familia","19":"product_cat-regalos-de-navidad-para-la-esposa","20":"product_cat-regalos-de-navidad-para-el-marido","21":"product_cat-regalos-de-navidad-para-los-padres","22":"product_tag-appreciation-gift-for-realtor-es","23":"product_tag-closing-gifts-es","24":"product_tag-creators-es-2","25":"product_tag-custom-photo-es","26":"product_tag-gift-for-new-homeowners-es","27":"product_tag-gift-for-realtor-es","28":"product_tag-gifts-for-realtor-es","29":"product_tag-house-closing-gift-es","30":"product_tag-housewarming-es-2","31":"product_tag-housewarming-gift-es","32":"product_tag-new-home-es","33":"product_tag-new-home-closing-gift-es","34":"product_tag-new-home-gift-es","35":"product_tag-new-house-es","36":"product_tag-new-house-celebration-gift-es","37":"product_tag-personalized-closing-gift-es","38":"product_tag-real-estate-agent-gift-es","39":"product_tag-real-estate-closing-gift-es","40":"product_tag-real-estate-gift-es","41":"product_tag-realtor-closing-gift-es","42":"product_tag-realtor-closing-gift-closing-gift-es","43":"product_tag-realtor-gift-es","44":"product_tag-realtor-gifts-es","45":"product_tag-regalos-de-navidad-para-el","46":"product_tag-regalos-de-navidad-para-el-marido","47":"product_tag-regalos-de-navidad-para-ella","48":"product_tag-regalos-de-navidad-para-la-esposa","49":"product_tag-regalos-de-navidad-para-la-familia","50":"product_tag-thank-you-gift-for-realtor-es","51":"product_tag-thoughtful-closing-gift-es","53":"first","54":"instock","55":"sale","56":"taxable","57":"shipping-taxable","58":"purchasable","59":"product-type-variable"},"yoast_head":"<!-- This site is optimized with the Yoast SEO Premium plugin v27.2 (Yoast SEO v27.2) - https:\/\/yoast.com\/product\/yoast-seo-premium-wordpress\/ -->\n<title>Retrato personalizado en acuarela de una casa - Positive Prints<\/title>\n<meta name=\"description\" content=\"Captura el encanto de un hogar en una preciosa obra de arte en acuarela. Un regalo emotivo para mudanzas, aniversarios o para hacer honor a la casa de una familia.\" \/>\n<meta name=\"robots\" content=\"index, follow, max-snippet:-1, max-image-preview:large, max-video-preview:-1\" \/>\n<link rel=\"canonical\" href=\"https:\/\/positiveprints.com\/es\/producto\/retrato-personalizado-en-acuarela-de-una-casa\/\" \/>\n<meta property=\"og:locale\" content=\"es_ES\" \/>\n<meta property=\"og:type\" content=\"article\" \/>\n<meta property=\"og:title\" content=\"Retrato personalizado en acuarela de una casa\" \/>\n<meta property=\"og:description\" content=\"Sube una foto del hogar 2 revisiones disponibles a petici\u00f3n tuya A\u00f1ade el nombre de la familia, la fecha en la que os mudasteis o un mensaje emotivo Recibe la vista previa en 2-3 d\u00edas laborales Elige entre los distintos tama\u00f1os de impresi\u00f3n\" \/>\n<meta property=\"og:url\" content=\"https:\/\/positiveprints.com\/es\/producto\/retrato-personalizado-en-acuarela-de-una-casa\/\" \/>\n<meta property=\"og:site_name\" content=\"Positive Prints\" \/>\n<meta property=\"article:publisher\" content=\"https:\/\/www.facebook.com\/positiveprintscom\" \/>\n<meta property=\"article:modified_time\" content=\"2026-04-12T18:14:10+00:00\" \/>\n<meta property=\"og:image\" content=\"https:\/\/positiveprints.com\/wp-content\/uploads\/2025\/09\/Retrato-personalizado-en-acuarela-de-una-casa-Packshot_ES_XX.webp\" \/>\n\t<meta property=\"og:image:width\" content=\"1450\" \/>\n\t<meta property=\"og:image:height\" content=\"1450\" \/>\n\t<meta property=\"og:image:type\" content=\"image\/webp\" \/>\n<meta name=\"twitter:card\" content=\"summary_large_image\" \/>\n<meta name=\"twitter:label1\" content=\"Tiempo de lectura\" \/>\n\t<meta name=\"twitter:data1\" content=\"1 minuto\" \/>\n<!-- \/ Yoast SEO Premium plugin. -->","yoast_head_json":{"title":"Retrato personalizado en acuarela de una casa - Positive Prints","description":"Captura el encanto de un hogar en una preciosa obra de arte en acuarela. Un regalo emotivo para mudanzas, aniversarios o para hacer honor a la casa de una familia.","robots":{"index":"index","follow":"follow","max-snippet":"max-snippet:-1","max-image-preview":"max-image-preview:large","max-video-preview":"max-video-preview:-1"},"canonical":"https:\/\/positiveprints.com\/es\/producto\/retrato-personalizado-en-acuarela-de-una-casa\/","og_locale":"es_ES","og_type":"article","og_title":"Retrato personalizado en acuarela de una casa","og_description":"Sube una foto del hogar 2 revisiones disponibles a petici\u00f3n tuya A\u00f1ade el nombre de la familia, la fecha en la que os mudasteis o un mensaje emotivo Recibe la vista previa en 2-3 d\u00edas laborales Elige entre los distintos tama\u00f1os de impresi\u00f3n","og_url":"https:\/\/positiveprints.com\/es\/producto\/retrato-personalizado-en-acuarela-de-una-casa\/","og_site_name":"Positive Prints","article_publisher":"https:\/\/www.facebook.com\/positiveprintscom","article_modified_time":"2026-04-12T18:14:10+00:00","og_image":[{"width":1450,"height":1450,"url":"https:\/\/positiveprints.com\/wp-content\/uploads\/2025\/09\/Retrato-personalizado-en-acuarela-de-una-casa-Packshot_ES_XX.webp","type":"image\/webp"}],"twitter_card":"summary_large_image","twitter_misc":{"Tiempo de lectura":"1 minuto"},"schema":{"@context":"https:\/\/schema.org","@graph":[{"@type":["WebPage","ItemPage"],"@id":"https:\/\/positiveprints.com\/es\/producto\/retrato-personalizado-en-acuarela-de-una-casa\/","url":"https:\/\/positiveprints.com\/es\/producto\/retrato-personalizado-en-acuarela-de-una-casa\/","name":"Retrato personalizado en acuarela de una casa - Positive Prints","isPartOf":{"@id":"https:\/\/positiveprints.com\/es\/#website"},"primaryImageOfPage":{"@id":"https:\/\/positiveprints.com\/es\/producto\/retrato-personalizado-en-acuarela-de-una-casa\/#primaryimage"},"image":{"@id":"https:\/\/positiveprints.com\/es\/producto\/retrato-personalizado-en-acuarela-de-una-casa\/#primaryimage"},"thumbnailUrl":"https:\/\/positiveprints.com\/wp-content\/uploads\/2025\/09\/Retrato-personalizado-en-acuarela-de-una-casa-Packshot_ES_XX.webp","datePublished":"2025-09-11T12:20:48+00:00","dateModified":"2026-04-12T18:14:10+00:00","description":"Captura el encanto de un hogar en una preciosa obra de arte en acuarela. Un regalo emotivo para mudanzas, aniversarios o para hacer honor a la casa de una familia.","breadcrumb":{"@id":"https:\/\/positiveprints.com\/es\/producto\/retrato-personalizado-en-acuarela-de-una-casa\/#breadcrumb"},"inLanguage":"es","potentialAction":[{"@type":"ReadAction","target":["https:\/\/positiveprints.com\/es\/producto\/retrato-personalizado-en-acuarela-de-una-casa\/"]}]},{"@type":"ImageObject","inLanguage":"es","@id":"https:\/\/positiveprints.com\/es\/producto\/retrato-personalizado-en-acuarela-de-una-casa\/#primaryimage","url":"https:\/\/positiveprints.com\/wp-content\/uploads\/2025\/09\/Retrato-personalizado-en-acuarela-de-una-casa-Packshot_ES_XX.webp","contentUrl":"https:\/\/positiveprints.com\/wp-content\/uploads\/2025\/09\/Retrato-personalizado-en-acuarela-de-una-casa-Packshot_ES_XX.webp","width":1450,"height":1450,"caption":"Retrato personalizado en acuarela de una casa"},{"@type":"BreadcrumbList","@id":"https:\/\/positiveprints.com\/es\/producto\/retrato-personalizado-en-acuarela-de-una-casa\/#breadcrumb","itemListElement":[{"@type":"ListItem","position":1,"name":"CASA","item":"https:\/\/positiveprints.com\/es\/"},{"@type":"ListItem","position":2,"name":"Productos","item":"https:\/\/positiveprints.com\/es\/shop\/"},{"@type":"ListItem","position":3,"name":"Retrato personalizado en acuarela de una casa"}]},{"@type":"WebSite","@id":"https:\/\/positiveprints.com\/es\/#website","url":"https:\/\/positiveprints.com\/es\/","name":"Positive Prints","description":"Custom Gifts for Special Occasions","publisher":{"@id":"https:\/\/positiveprints.com\/es\/#organization"},"potentialAction":[{"@type":"SearchAction","target":{"@type":"EntryPoint","urlTemplate":"https:\/\/positiveprints.com\/es\/?s={search_term_string}"},"query-input":{"@type":"PropertyValueSpecification","valueRequired":true,"valueName":"search_term_string"}}],"inLanguage":"es"},{"@type":"Organization","@id":"https:\/\/positiveprints.com\/es\/#organization","name":"Positive Prints","alternateName":"Positive Prints","url":"https:\/\/positiveprints.com\/es\/","logo":{"@type":"ImageObject","inLanguage":"es","@id":"https:\/\/positiveprints.com\/es\/#\/schema\/logo\/image\/","url":"https:\/\/positiveprints.com\/wp-content\/uploads\/2026\/03\/245815646_1337939713319158_5671353136411139666_n.png","contentUrl":"https:\/\/positiveprints.com\/wp-content\/uploads\/2026\/03\/245815646_1337939713319158_5671353136411139666_n.png","width":800,"height":800,"caption":"Positive Prints"},"image":{"@id":"https:\/\/positiveprints.com\/es\/#\/schema\/logo\/image\/"},"sameAs":["https:\/\/www.facebook.com\/positiveprintscom","https:\/\/www.instagram.com\/positiveprintscom\/","https:\/\/www.tiktok.com\/@positiveprintscom","https:\/\/www.pinterest.com\/positiveprintscom\/"]}]}},"jetpack_sharing_enabled":true,"_links":{"self":[{"href":"https:\/\/positiveprints.com\/es\/wp-json\/wp\/v2\/product\/1520359","targetHints":{"allow":["GET"]}}],"collection":[{"href":"https:\/\/positiveprints.com\/es\/wp-json\/wp\/v2\/product"}],"about":[{"href":"https:\/\/positiveprints.com\/es\/wp-json\/wp\/v2\/types\/product"}],"wp:featuredmedia":[{"embeddable":true,"href":"https:\/\/positiveprints.com\/es\/wp-json\/wp\/v2\/media\/1521287"}],"wp:attachment":[{"href":"https:\/\/positiveprints.com\/es\/wp-json\/wp\/v2\/media?parent=1520359"}],"wp:term":[{"taxonomy":"product_brand","embeddable":true,"href":"https:\/\/positiveprints.com\/es\/wp-json\/wp\/v2\/product_brand?post=1520359"},{"taxonomy":"product_cat","embeddable":true,"href":"https:\/\/positiveprints.com\/es\/wp-json\/wp\/v2\/product_cat?post=1520359"},{"taxonomy":"product_tag","embeddable":true,"href":"https:\/\/positiveprints.com\/es\/wp-json\/wp\/v2\/product_tag?post=1520359"}],"curies":[{"name":"wp","href":"https:\/\/api.w.org\/{rel}","templated":true}]}}