{"id":1516672,"date":"2025-09-15T16:39:11","date_gmt":"2025-09-15T14:39:11","guid":{"rendered":"https:\/\/positiveprints.com\/?post_type=product&#038;p=1516672"},"modified":"2026-04-03T02:22:26","modified_gmt":"2026-04-03T01:22:26","slug":"donde-todo-comenzo-retrato-personalizado-en-acuarela","status":"publish","type":"product","link":"https:\/\/positiveprints.com\/es\/producto\/donde-todo-comenzo-retrato-personalizado-en-acuarela\/","title":{"rendered":"Donde todo comenz\u00f3 \u2013 Retrato personalizado en acuarela"},"content":{"rendered":"","protected":false},"excerpt":{"rendered":"<ul class=\"check-list\">\n<li>Sube tu foto favorita<\/li>\n<li>2 revisiones disponibles a petici\u00f3n tuya<\/li>\n<li>Rel\u00e1jate mientras nuestros artistas crean tu ilustraci\u00f3n personalizada<\/li>\n<li>Recibe la vista previa en 2-3 d\u00edas laborales<\/li>\n<li>Elige entre los distintos tama\u00f1os de impresi\u00f3n<\/li>\n<\/ul>\n","protected":false},"featured_media":1517148,"template":"","meta":[],"product_brand":[],"product_cat":[13593,5334,7933,3119,5270,11457,11448,11456,8012,11462,11452,7757,7646,7789,7678,11455,7693,7805,11189,11188,11187,11250,11249,106,9766],"product_tag":[14923,14933,14945,14931,14937,14939,14922,14929,14940,15983,17424,16987,14187,16469,11826,11821,11757,11825,11820,11771,16672,14947,14943,14925,14927,14944,14936,14946,14948,14942,14924],"class_list":{"0":"post-1516672","1":"product","2":"type-product","3":"status-publish","4":"has-post-thumbnail","6":"product_cat-acuarela","7":"product_cat-regalos-de-aniversario","8":"product_cat-regalos-para-despedidas-de-soltera","9":"product_cat-regalos-de-san-valentin","10":"product_cat-regalos-de-navidad","11":"product_cat-regalos-de-navidad-para-el-marido","12":"product_cat-regalos-de-navidad-para-el-novio","13":"product_cat-regalos-de-navidad-para-hombre","14":"product_cat-regalos-para-hombres","15":"product_cat-regalos-de-navidad-para-la-esposa","16":"product_cat-regalos-de-navidad-para-la-novia","17":"product_cat-regalos-para-mi-esposa","18":"product_cat-regalos-para-mi-esposo","19":"product_cat-regalos-para-mi-novia","20":"product_cat-regalos-para-mi-novio","21":"product_cat-regalos-de-navidad-para-mujer","22":"product_cat-regalos-para-mujeres","23":"product_cat-regalos-para-parejas","24":"product_cat-regalos-de-aniversario-para-el","25":"product_cat-regalos-de-aniversario-para-ella","26":"product_cat-regalos-de-aniversario-para-pareja","27":"product_cat-regalos-de-san-valentin-hombres","28":"product_cat-regalos-de-san-valentin-mujeres","29":"product_cat-todos-los-productos","30":"product_cat-trending-label-es","31":"product_tag-anniversary-es","32":"product_tag-anniversary-gift-es","33":"product_tag-anniversary-gifts-es","34":"product_tag-anniversary-present-es","35":"product_tag-couple-gift-es-2","36":"product_tag-gift-for-couple-es","37":"product_tag-love-es","38":"product_tag-love-gift-es","39":"product_tag-personalized-gift-es","40":"product_tag-regalo-de-aniversario-para-esposa","41":"product_tag-regalo-de-cumpleanos-para-esposa","42":"product_tag-regalo-para-esposa","43":"product_tag-regalo-romantico-es","44":"product_tag-regalo-romantico-para-esposa","45":"product_tag-regalos-de-navidad-para-el","46":"product_tag-regalos-de-navidad-para-el-marido","47":"product_tag-regalos-de-navidad-para-el-novio","48":"product_tag-regalos-de-navidad-para-ella","49":"product_tag-regalos-de-navidad-para-la-esposa","50":"product_tag-regalos-de-navidad-para-la-novia","51":"product_tag-regalos-para-esposa","52":"product_tag-romantic-gifts-es","53":"product_tag-sentimental-gift-es","54":"product_tag-special-occasion-es-2","55":"product_tag-thoughtful-gift-es","56":"product_tag-unique-gift-es","57":"product_tag-valentines-day-gift-for-wife-es","58":"product_tag-valentines-day-gifts-es","59":"product_tag-valentines-day-es","60":"product_tag-valentines-day-gift-es","61":"product_tag-wedding-anniversary-es","63":"first","64":"instock","65":"sale","66":"taxable","67":"shipping-taxable","68":"purchasable","69":"product-type-variable"},"yoast_head":"<!-- This site is optimized with the Yoast SEO Premium plugin v27.2 (Yoast SEO v27.2) - https:\/\/yoast.com\/product\/yoast-seo-premium-wordpress\/ -->\n<title>Donde todo comenz\u00f3 \u2013 Retrato personalizado en acuarela - Positive Prints<\/title>\n<meta name=\"description\" content=\"Celebra el lugar donde comenz\u00f3 vuestra historia de amor con esta bonita acuarela personalizada. Un regalo rom\u00e1ntico para vuestro aniversario o el d\u00eda de San Valent\u00edn que guardar\u00e9is para siempre.\" \/>\n<meta name=\"robots\" content=\"index, follow, max-snippet:-1, max-image-preview:large, max-video-preview:-1\" \/>\n<link rel=\"canonical\" href=\"https:\/\/positiveprints.com\/es\/producto\/donde-todo-comenzo-retrato-personalizado-en-acuarela\/\" \/>\n<meta property=\"og:locale\" content=\"es_ES\" \/>\n<meta property=\"og:type\" content=\"article\" \/>\n<meta property=\"og:title\" content=\"Donde todo comenz\u00f3 \u2013 Retrato personalizado en acuarela\" \/>\n<meta property=\"og:description\" content=\"Sube tu foto favorita 2 revisiones disponibles a petici\u00f3n tuya Rel\u00e1jate mientras nuestros artistas crean tu ilustraci\u00f3n personalizada Recibe la vista previa en 2-3 d\u00edas laborales Elige entre los distintos tama\u00f1os de impresi\u00f3n\" \/>\n<meta property=\"og:url\" content=\"https:\/\/positiveprints.com\/es\/producto\/donde-todo-comenzo-retrato-personalizado-en-acuarela\/\" \/>\n<meta property=\"og:site_name\" content=\"Positive Prints\" \/>\n<meta property=\"article:publisher\" content=\"https:\/\/www.facebook.com\/positiveprintscom\" \/>\n<meta property=\"article:modified_time\" content=\"2026-04-03T01:22:26+00:00\" \/>\n<meta property=\"og:image\" content=\"https:\/\/positiveprints.com\/wp-content\/uploads\/2025\/09\/Donde-todo-comenzo\u0301-Retrato-personalizado-en-acuarela-Packshot_ES_XX.webp\" \/>\n\t<meta property=\"og:image:width\" content=\"1450\" \/>\n\t<meta property=\"og:image:height\" content=\"1450\" \/>\n\t<meta property=\"og:image:type\" content=\"image\/webp\" \/>\n<meta name=\"twitter:card\" content=\"summary_large_image\" \/>\n<meta name=\"twitter:label1\" content=\"Tiempo de lectura\" \/>\n\t<meta name=\"twitter:data1\" content=\"1 minuto\" \/>\n<!-- \/ Yoast SEO Premium plugin. -->","yoast_head_json":{"title":"Donde todo comenz\u00f3 \u2013 Retrato personalizado en acuarela - Positive Prints","description":"Celebra el lugar donde comenz\u00f3 vuestra historia de amor con esta bonita acuarela personalizada. Un regalo rom\u00e1ntico para vuestro aniversario o el d\u00eda de San Valent\u00edn que guardar\u00e9is para siempre.","robots":{"index":"index","follow":"follow","max-snippet":"max-snippet:-1","max-image-preview":"max-image-preview:large","max-video-preview":"max-video-preview:-1"},"canonical":"https:\/\/positiveprints.com\/es\/producto\/donde-todo-comenzo-retrato-personalizado-en-acuarela\/","og_locale":"es_ES","og_type":"article","og_title":"Donde todo comenz\u00f3 \u2013 Retrato personalizado en acuarela","og_description":"Sube tu foto favorita 2 revisiones disponibles a petici\u00f3n tuya Rel\u00e1jate mientras nuestros artistas crean tu ilustraci\u00f3n personalizada Recibe la vista previa en 2-3 d\u00edas laborales Elige entre los distintos tama\u00f1os de impresi\u00f3n","og_url":"https:\/\/positiveprints.com\/es\/producto\/donde-todo-comenzo-retrato-personalizado-en-acuarela\/","og_site_name":"Positive Prints","article_publisher":"https:\/\/www.facebook.com\/positiveprintscom","article_modified_time":"2026-04-03T01:22:26+00:00","og_image":[{"width":1450,"height":1450,"url":"https:\/\/positiveprints.com\/wp-content\/uploads\/2025\/09\/Donde-todo-comenzo\u0301-Retrato-personalizado-en-acuarela-Packshot_ES_XX.webp","type":"image\/webp"}],"twitter_card":"summary_large_image","twitter_misc":{"Tiempo de lectura":"1 minuto"},"schema":{"@context":"https:\/\/schema.org","@graph":[{"@type":["WebPage","ItemPage"],"@id":"https:\/\/positiveprints.com\/es\/producto\/donde-todo-comenzo-retrato-personalizado-en-acuarela\/","url":"https:\/\/positiveprints.com\/es\/producto\/donde-todo-comenzo-retrato-personalizado-en-acuarela\/","name":"Donde todo comenz\u00f3 \u2013 Retrato personalizado en acuarela - Positive Prints","isPartOf":{"@id":"https:\/\/positiveprints.com\/es\/#website"},"primaryImageOfPage":{"@id":"https:\/\/positiveprints.com\/es\/producto\/donde-todo-comenzo-retrato-personalizado-en-acuarela\/#primaryimage"},"image":{"@id":"https:\/\/positiveprints.com\/es\/producto\/donde-todo-comenzo-retrato-personalizado-en-acuarela\/#primaryimage"},"thumbnailUrl":"https:\/\/positiveprints.com\/wp-content\/uploads\/2025\/09\/Donde-todo-comenzo\u0301-Retrato-personalizado-en-acuarela-Packshot_ES_XX.webp","datePublished":"2025-09-15T14:39:11+00:00","dateModified":"2026-04-03T01:22:26+00:00","description":"Celebra el lugar donde comenz\u00f3 vuestra historia de amor con esta bonita acuarela personalizada. Un regalo rom\u00e1ntico para vuestro aniversario o el d\u00eda de San Valent\u00edn que guardar\u00e9is para siempre.","breadcrumb":{"@id":"https:\/\/positiveprints.com\/es\/producto\/donde-todo-comenzo-retrato-personalizado-en-acuarela\/#breadcrumb"},"inLanguage":"es","potentialAction":[{"@type":"ReadAction","target":["https:\/\/positiveprints.com\/es\/producto\/donde-todo-comenzo-retrato-personalizado-en-acuarela\/"]}]},{"@type":"ImageObject","inLanguage":"es","@id":"https:\/\/positiveprints.com\/es\/producto\/donde-todo-comenzo-retrato-personalizado-en-acuarela\/#primaryimage","url":"https:\/\/positiveprints.com\/wp-content\/uploads\/2025\/09\/Donde-todo-comenzo\u0301-Retrato-personalizado-en-acuarela-Packshot_ES_XX.webp","contentUrl":"https:\/\/positiveprints.com\/wp-content\/uploads\/2025\/09\/Donde-todo-comenzo\u0301-Retrato-personalizado-en-acuarela-Packshot_ES_XX.webp","width":1450,"height":1450,"caption":"Donde todo comenz\u00f3 \u2013 Retrato personalizado en acuarela"},{"@type":"BreadcrumbList","@id":"https:\/\/positiveprints.com\/es\/producto\/donde-todo-comenzo-retrato-personalizado-en-acuarela\/#breadcrumb","itemListElement":[{"@type":"ListItem","position":1,"name":"CASA","item":"https:\/\/positiveprints.com\/es\/"},{"@type":"ListItem","position":2,"name":"Productos","item":"https:\/\/positiveprints.com\/es\/shop\/"},{"@type":"ListItem","position":3,"name":"Donde todo comenz\u00f3 \u2013 Retrato personalizado en acuarela"}]},{"@type":"WebSite","@id":"https:\/\/positiveprints.com\/es\/#website","url":"https:\/\/positiveprints.com\/es\/","name":"Positive Prints","description":"Custom Gifts for Special Occasions","publisher":{"@id":"https:\/\/positiveprints.com\/es\/#organization"},"potentialAction":[{"@type":"SearchAction","target":{"@type":"EntryPoint","urlTemplate":"https:\/\/positiveprints.com\/es\/?s={search_term_string}"},"query-input":{"@type":"PropertyValueSpecification","valueRequired":true,"valueName":"search_term_string"}}],"inLanguage":"es"},{"@type":"Organization","@id":"https:\/\/positiveprints.com\/es\/#organization","name":"Positive Prints","alternateName":"Positive Prints","url":"https:\/\/positiveprints.com\/es\/","logo":{"@type":"ImageObject","inLanguage":"es","@id":"https:\/\/positiveprints.com\/es\/#\/schema\/logo\/image\/","url":"https:\/\/positiveprints.com\/wp-content\/uploads\/2026\/03\/245815646_1337939713319158_5671353136411139666_n.png","contentUrl":"https:\/\/positiveprints.com\/wp-content\/uploads\/2026\/03\/245815646_1337939713319158_5671353136411139666_n.png","width":800,"height":800,"caption":"Positive Prints"},"image":{"@id":"https:\/\/positiveprints.com\/es\/#\/schema\/logo\/image\/"},"sameAs":["https:\/\/www.facebook.com\/positiveprintscom","https:\/\/www.instagram.com\/positiveprintscom\/","https:\/\/www.tiktok.com\/@positiveprintscom","https:\/\/www.pinterest.com\/positiveprintscom\/"]}]}},"jetpack_sharing_enabled":true,"_links":{"self":[{"href":"https:\/\/positiveprints.com\/es\/wp-json\/wp\/v2\/product\/1516672","targetHints":{"allow":["GET"]}}],"collection":[{"href":"https:\/\/positiveprints.com\/es\/wp-json\/wp\/v2\/product"}],"about":[{"href":"https:\/\/positiveprints.com\/es\/wp-json\/wp\/v2\/types\/product"}],"wp:featuredmedia":[{"embeddable":true,"href":"https:\/\/positiveprints.com\/es\/wp-json\/wp\/v2\/media\/1517148"}],"wp:attachment":[{"href":"https:\/\/positiveprints.com\/es\/wp-json\/wp\/v2\/media?parent=1516672"}],"wp:term":[{"taxonomy":"product_brand","embeddable":true,"href":"https:\/\/positiveprints.com\/es\/wp-json\/wp\/v2\/product_brand?post=1516672"},{"taxonomy":"product_cat","embeddable":true,"href":"https:\/\/positiveprints.com\/es\/wp-json\/wp\/v2\/product_cat?post=1516672"},{"taxonomy":"product_tag","embeddable":true,"href":"https:\/\/positiveprints.com\/es\/wp-json\/wp\/v2\/product_tag?post=1516672"}],"curies":[{"name":"wp","href":"https:\/\/api.w.org\/{rel}","templated":true}]}}