{"id":1512401,"date":"2024-02-16T09:29:57","date_gmt":"2024-02-16T08:29:57","guid":{"rendered":"https:\/\/positiveprints.com\/product\/the-moon-on-the-night-we-met-print\/"},"modified":"2026-04-18T04:35:21","modified_gmt":"2026-04-18T03:35:21","slug":"la-luna-el-dia-que-comenzo-todo","status":"publish","type":"product","link":"https:\/\/positiveprints.com\/es\/producto\/la-luna-el-dia-que-comenzo-todo\/","title":{"rendered":"La Luna el d\u00eda que comenz\u00f3 todo"},"content":{"rendered":"","protected":false},"excerpt":{"rendered":"<ul class=\"check-list\">\n<li>A\u00f1ade la sombra de la Luna<\/li>\n<li>Usa nuestro editor y personal\u00edzalo en tres sencillos pasos<\/li>\n<li>Elige entre una gran variedad de dise\u00f1os<\/li>\n<li>Previsualiza tu dise\u00f1o r\u00e1pidamente gracias a la vista previa interactiva<\/li>\n<\/ul>\n","protected":false},"featured_media":1688683,"template":"","meta":[],"product_brand":[],"product_cat":[9280,8189,8215,9766,106,7213,5334,11187,11188,11189,3124,5270,11455,11456,11452,11448,11462,11457,8012,7678,7646,7693,7789,7757,7805,3119,11249,11250],"product_tag":[14923,14933,14945,14931,14937,14183,13752,13762,14939,14922,14929,14940,14187,11826,11821,11757,11825,11827,11820,11771,11824,14947,14943,14925,14927,14944,14946,14948,14942,14924],"class_list":{"0":"post-1512401","1":"product","2":"type-product","3":"status-publish","4":"has-post-thumbnail","6":"product_cat-bestsellers-label-es","7":"product_cat-para-ella","8":"product_cat-para-el","9":"product_cat-trending-label-es","10":"product_cat-todos-los-productos","11":"product_cat-moon-es","12":"product_cat-regalos-de-aniversario","13":"product_cat-regalos-de-aniversario-para-pareja","14":"product_cat-regalos-de-aniversario-para-ella","15":"product_cat-regalos-de-aniversario-para-el","16":"product_cat-regalos-de-boda","17":"product_cat-regalos-de-navidad","18":"product_cat-regalos-de-navidad-para-mujer","19":"product_cat-regalos-de-navidad-para-hombre","20":"product_cat-regalos-de-navidad-para-la-novia","21":"product_cat-regalos-de-navidad-para-el-novio","22":"product_cat-regalos-de-navidad-para-la-esposa","23":"product_cat-regalos-de-navidad-para-el-marido","24":"product_cat-regalos-para-hombres","25":"product_cat-regalos-para-mi-novio","26":"product_cat-regalos-para-mi-esposo","27":"product_cat-regalos-para-mujeres","28":"product_cat-regalos-para-mi-novia","29":"product_cat-regalos-para-mi-esposa","30":"product_cat-regalos-para-parejas","31":"product_cat-regalos-de-san-valentin","32":"product_cat-regalos-de-san-valentin-mujeres","33":"product_cat-regalos-de-san-valentin-hombres","34":"product_tag-anniversary-es","35":"product_tag-anniversary-gift-es","36":"product_tag-anniversary-gifts-es","37":"product_tag-anniversary-present-es","38":"product_tag-couple-gift-es-2","39":"product_tag-couple-gift-anniversary-es","40":"product_tag-fase-lunar-de-aniversario","41":"product_tag-fase-lunar-del-dia-de-la-boda","42":"product_tag-gift-for-couple-es","43":"product_tag-love-es","44":"product_tag-love-gift-es","45":"product_tag-personalized-gift-es","46":"product_tag-regalo-romantico-es","47":"product_tag-regalos-de-navidad-para-el","48":"product_tag-regalos-de-navidad-para-el-marido","49":"product_tag-regalos-de-navidad-para-el-novio","50":"product_tag-regalos-de-navidad-para-ella","51":"product_tag-regalos-de-navidad-para-hombres","52":"product_tag-regalos-de-navidad-para-la-esposa","53":"product_tag-regalos-de-navidad-para-la-novia","54":"product_tag-regalos-de-navidad-para-mujer","55":"product_tag-romantic-gifts-es","56":"product_tag-sentimental-gift-es","57":"product_tag-special-occasion-es-2","58":"product_tag-thoughtful-gift-es","59":"product_tag-unique-gift-es","60":"product_tag-valentines-day-gifts-es","61":"product_tag-valentines-day-es","62":"product_tag-valentines-day-gift-es","63":"product_tag-wedding-anniversary-es","65":"first","66":"instock","67":"sale","68":"taxable","69":"shipping-taxable","70":"purchasable","71":"product-type-variable"},"yoast_head":"<!-- This site is optimized with the Yoast SEO Premium plugin v27.2 (Yoast SEO v27.2) - https:\/\/yoast.com\/product\/yoast-seo-premium-wordpress\/ -->\n<title>La Luna el d\u00eda que comenz\u00f3 todo - Positive Prints<\/title>\n<meta name=\"description\" content=\"Crea un impresionante cuadro de la Luna personalizado. Descubre c\u00f3mo se ve\u00eda la Luna en ese d\u00eda tan especial. El regalo perfecto para un aniversario.\" \/>\n<meta name=\"robots\" content=\"index, follow, max-snippet:-1, max-image-preview:large, max-video-preview:-1\" \/>\n<link rel=\"canonical\" href=\"https:\/\/positiveprints.com\/es\/producto\/la-luna-el-dia-que-comenzo-todo\/\" \/>\n<meta property=\"og:locale\" content=\"es_ES\" \/>\n<meta property=\"og:type\" content=\"article\" \/>\n<meta property=\"og:title\" content=\"La Luna el d\u00eda que comenz\u00f3 todo\" \/>\n<meta property=\"og:description\" content=\"A\u00f1ade la sombra de la Luna  Usa nuestro editor y personal\u00edzalo en tres sencillos pasos  Elige entre una gran variedad de dise\u00f1os  Previsualiza tu dise\u00f1o r\u00e1pidamente gracias a la vista previa interactiva\" \/>\n<meta property=\"og:url\" content=\"https:\/\/positiveprints.com\/es\/producto\/la-luna-el-dia-que-comenzo-todo\/\" \/>\n<meta property=\"og:site_name\" content=\"Positive Prints\" \/>\n<meta property=\"article:publisher\" content=\"https:\/\/www.facebook.com\/positiveprintscom\" \/>\n<meta property=\"article:modified_time\" content=\"2026-04-18T03:35:21+00:00\" \/>\n<meta property=\"og:image\" content=\"https:\/\/positiveprints.com\/wp-content\/uploads\/2024\/02\/Packshot_EN_The-Moon-on-the-Night-We-Met-Print.webp\" \/>\n\t<meta property=\"og:image:width\" content=\"1450\" \/>\n\t<meta property=\"og:image:height\" content=\"1450\" \/>\n\t<meta property=\"og:image:type\" content=\"image\/webp\" \/>\n<meta name=\"twitter:card\" content=\"summary_large_image\" \/>\n<meta name=\"twitter:label1\" content=\"Tiempo de lectura\" \/>\n\t<meta name=\"twitter:data1\" content=\"1 minuto\" \/>\n<!-- \/ Yoast SEO Premium plugin. -->","yoast_head_json":{"title":"La Luna el d\u00eda que comenz\u00f3 todo - Positive Prints","description":"Crea un impresionante cuadro de la Luna personalizado. Descubre c\u00f3mo se ve\u00eda la Luna en ese d\u00eda tan especial. El regalo perfecto para un aniversario.","robots":{"index":"index","follow":"follow","max-snippet":"max-snippet:-1","max-image-preview":"max-image-preview:large","max-video-preview":"max-video-preview:-1"},"canonical":"https:\/\/positiveprints.com\/es\/producto\/la-luna-el-dia-que-comenzo-todo\/","og_locale":"es_ES","og_type":"article","og_title":"La Luna el d\u00eda que comenz\u00f3 todo","og_description":"A\u00f1ade la sombra de la Luna  Usa nuestro editor y personal\u00edzalo en tres sencillos pasos  Elige entre una gran variedad de dise\u00f1os  Previsualiza tu dise\u00f1o r\u00e1pidamente gracias a la vista previa interactiva","og_url":"https:\/\/positiveprints.com\/es\/producto\/la-luna-el-dia-que-comenzo-todo\/","og_site_name":"Positive Prints","article_publisher":"https:\/\/www.facebook.com\/positiveprintscom","article_modified_time":"2026-04-18T03:35:21+00:00","og_image":[{"width":1450,"height":1450,"url":"https:\/\/positiveprints.com\/wp-content\/uploads\/2024\/02\/Packshot_EN_The-Moon-on-the-Night-We-Met-Print.webp","type":"image\/webp"}],"twitter_card":"summary_large_image","twitter_misc":{"Tiempo de lectura":"1 minuto"},"schema":{"@context":"https:\/\/schema.org","@graph":[{"@type":["WebPage","ItemPage"],"@id":"https:\/\/positiveprints.com\/es\/producto\/la-luna-el-dia-que-comenzo-todo\/","url":"https:\/\/positiveprints.com\/es\/producto\/la-luna-el-dia-que-comenzo-todo\/","name":"La Luna el d\u00eda que comenz\u00f3 todo - Positive Prints","isPartOf":{"@id":"https:\/\/positiveprints.com\/es\/#website"},"primaryImageOfPage":{"@id":"https:\/\/positiveprints.com\/es\/producto\/la-luna-el-dia-que-comenzo-todo\/#primaryimage"},"image":{"@id":"https:\/\/positiveprints.com\/es\/producto\/la-luna-el-dia-que-comenzo-todo\/#primaryimage"},"thumbnailUrl":"https:\/\/positiveprints.com\/wp-content\/uploads\/2026\/03\/Packshot_ES_La-Luna-el-dia-que-comenzo-todo.webp","datePublished":"2024-02-16T08:29:57+00:00","dateModified":"2026-04-18T03:35:21+00:00","description":"Crea un impresionante cuadro de la Luna personalizado. Descubre c\u00f3mo se ve\u00eda la Luna en ese d\u00eda tan especial. El regalo perfecto para un aniversario.","breadcrumb":{"@id":"https:\/\/positiveprints.com\/es\/producto\/la-luna-el-dia-que-comenzo-todo\/#breadcrumb"},"inLanguage":"es","potentialAction":[{"@type":"ReadAction","target":["https:\/\/positiveprints.com\/es\/producto\/la-luna-el-dia-que-comenzo-todo\/"]}]},{"@type":"ImageObject","inLanguage":"es","@id":"https:\/\/positiveprints.com\/es\/producto\/la-luna-el-dia-que-comenzo-todo\/#primaryimage","url":"https:\/\/positiveprints.com\/wp-content\/uploads\/2026\/03\/Packshot_ES_La-Luna-el-dia-que-comenzo-todo.webp","contentUrl":"https:\/\/positiveprints.com\/wp-content\/uploads\/2026\/03\/Packshot_ES_La-Luna-el-dia-que-comenzo-todo.webp","width":1450,"height":1450},{"@type":"BreadcrumbList","@id":"https:\/\/positiveprints.com\/es\/producto\/la-luna-el-dia-que-comenzo-todo\/#breadcrumb","itemListElement":[{"@type":"ListItem","position":1,"name":"CASA","item":"https:\/\/positiveprints.com\/es\/"},{"@type":"ListItem","position":2,"name":"Productos","item":"https:\/\/positiveprints.com\/es\/shop\/"},{"@type":"ListItem","position":3,"name":"La Luna el d\u00eda que comenz\u00f3 todo"}]},{"@type":"WebSite","@id":"https:\/\/positiveprints.com\/es\/#website","url":"https:\/\/positiveprints.com\/es\/","name":"Positive Prints","description":"Custom Gifts for Special Occasions","publisher":{"@id":"https:\/\/positiveprints.com\/es\/#organization"},"potentialAction":[{"@type":"SearchAction","target":{"@type":"EntryPoint","urlTemplate":"https:\/\/positiveprints.com\/es\/?s={search_term_string}"},"query-input":{"@type":"PropertyValueSpecification","valueRequired":true,"valueName":"search_term_string"}}],"inLanguage":"es"},{"@type":"Organization","@id":"https:\/\/positiveprints.com\/es\/#organization","name":"Positive Prints","alternateName":"Positive Prints","url":"https:\/\/positiveprints.com\/es\/","logo":{"@type":"ImageObject","inLanguage":"es","@id":"https:\/\/positiveprints.com\/es\/#\/schema\/logo\/image\/","url":"https:\/\/positiveprints.com\/wp-content\/uploads\/2026\/03\/245815646_1337939713319158_5671353136411139666_n.png","contentUrl":"https:\/\/positiveprints.com\/wp-content\/uploads\/2026\/03\/245815646_1337939713319158_5671353136411139666_n.png","width":800,"height":800,"caption":"Positive Prints"},"image":{"@id":"https:\/\/positiveprints.com\/es\/#\/schema\/logo\/image\/"},"sameAs":["https:\/\/www.facebook.com\/positiveprintscom","https:\/\/www.instagram.com\/positiveprintscom\/","https:\/\/www.tiktok.com\/@positiveprintscom","https:\/\/www.pinterest.com\/positiveprintscom\/"]}]}},"jetpack_sharing_enabled":true,"_links":{"self":[{"href":"https:\/\/positiveprints.com\/es\/wp-json\/wp\/v2\/product\/1512401","targetHints":{"allow":["GET"]}}],"collection":[{"href":"https:\/\/positiveprints.com\/es\/wp-json\/wp\/v2\/product"}],"about":[{"href":"https:\/\/positiveprints.com\/es\/wp-json\/wp\/v2\/types\/product"}],"wp:featuredmedia":[{"embeddable":true,"href":"https:\/\/positiveprints.com\/es\/wp-json\/wp\/v2\/media\/1688683"}],"wp:attachment":[{"href":"https:\/\/positiveprints.com\/es\/wp-json\/wp\/v2\/media?parent=1512401"}],"wp:term":[{"taxonomy":"product_brand","embeddable":true,"href":"https:\/\/positiveprints.com\/es\/wp-json\/wp\/v2\/product_brand?post=1512401"},{"taxonomy":"product_cat","embeddable":true,"href":"https:\/\/positiveprints.com\/es\/wp-json\/wp\/v2\/product_cat?post=1512401"},{"taxonomy":"product_tag","embeddable":true,"href":"https:\/\/positiveprints.com\/es\/wp-json\/wp\/v2\/product_tag?post=1512401"}],"curies":[{"name":"wp","href":"https:\/\/api.w.org\/{rel}","templated":true}]}}