{"id":1508403,"date":"2025-08-26T10:57:13","date_gmt":"2025-08-26T08:57:13","guid":{"rendered":"https:\/\/positiveprints.com\/?post_type=product&#038;p=1508403"},"modified":"2026-04-28T13:18:50","modified_gmt":"2026-04-28T12:18:50","slug":"retrato-pop-art-de-gato","status":"publish","type":"product","link":"https:\/\/positiveprints.com\/es\/producto\/retrato-pop-art-de-gato\/","title":{"rendered":"Retrato pop art de gato"},"content":{"rendered":"","protected":false},"excerpt":{"rendered":"<ul class=\"check-list\">\n<li>Sube tu foto favorita de tu mascota<\/li>\n<li>2 revisiones disponibles a petici\u00f3n tuya<\/li>\n<li>Rel\u00e1jate mientras nuestros artistas crean la obra maestra de tu mascota<\/li>\n<li>Recibe una vista previa del dise\u00f1o en 2-3 d\u00edas laborales<\/li>\n<li>Elige entre los distintos tama\u00f1os de impresi\u00f3n<\/li>\n<\/ul>\n","protected":false},"featured_media":1508721,"template":"","meta":[],"product_brand":[],"product_cat":[13593,106,14088],"product_tag":[15399,15624,14917,14914,14916,14913,15629,14918,14915,15444],"class_list":{"0":"post-1508403","1":"product","2":"type-product","3":"status-publish","4":"has-post-thumbnail","6":"product_cat-acuarela","7":"product_cat-todos-los-productos","8":"product_cat-regalos-para-amantes-de-los-gatos","9":"product_tag-animales","10":"product_tag-animals-es","11":"product_tag-cat-dad-gifts-es","12":"product_tag-cat-lovers-gifts-es","13":"product_tag-cat-mom-gifts-es","14":"product_tag-cat-owner-es","15":"product_tag-cat-print-es","16":"product_tag-custom-cat-gifts-es","17":"product_tag-gifts-for-cat-owners-es","18":"product_tag-lamina-de-gato","20":"first","21":"instock","22":"sale","23":"taxable","24":"shipping-taxable","25":"purchasable","26":"product-type-variable"},"yoast_head":"<!-- This site is optimized with the Yoast SEO Premium plugin v27.2 (Yoast SEO v27.2) - https:\/\/yoast.com\/product\/yoast-seo-premium-wordpress\/ -->\n<title>Retrato pop art de gato - Positive Prints<\/title>\n<meta name=\"description\" content=\"Un homenaje bonito y lleno de color para tu felino favorito. Convierte la foto de tu gato en una obra de arte que no pasar\u00e1 desapercibida, el regalo perfecto para los amantes de los gatitos.\" \/>\n<meta name=\"robots\" content=\"index, follow, max-snippet:-1, max-image-preview:large, max-video-preview:-1\" \/>\n<link rel=\"canonical\" href=\"https:\/\/positiveprints.com\/es\/producto\/retrato-pop-art-de-gato\/\" \/>\n<meta property=\"og:locale\" content=\"es_ES\" \/>\n<meta property=\"og:type\" content=\"article\" \/>\n<meta property=\"og:title\" content=\"Retrato pop art de gato\" \/>\n<meta property=\"og:description\" content=\"Sube tu foto favorita de tu mascota 2 revisiones disponibles a petici\u00f3n tuya Rel\u00e1jate mientras nuestros artistas crean la obra maestra de tu mascota Recibe una vista previa del dise\u00f1o en 2-3 d\u00edas laborales Elige entre los distintos tama\u00f1os de impresi\u00f3n\" \/>\n<meta property=\"og:url\" content=\"https:\/\/positiveprints.com\/es\/producto\/retrato-pop-art-de-gato\/\" \/>\n<meta property=\"og:site_name\" content=\"Positive Prints\" \/>\n<meta property=\"article:publisher\" content=\"https:\/\/www.facebook.com\/positiveprintscom\" \/>\n<meta property=\"article:modified_time\" content=\"2026-04-28T12:18:50+00:00\" \/>\n<meta property=\"og:image\" content=\"https:\/\/positiveprints.com\/wp-content\/uploads\/2025\/08\/Packshot_ES_Retrato-pop-art-de-gato.webp\" \/>\n\t<meta property=\"og:image:width\" content=\"1450\" \/>\n\t<meta property=\"og:image:height\" content=\"1450\" \/>\n\t<meta property=\"og:image:type\" content=\"image\/webp\" \/>\n<meta name=\"twitter:card\" content=\"summary_large_image\" \/>\n<!-- \/ Yoast SEO Premium plugin. -->","yoast_head_json":{"title":"Retrato pop art de gato - Positive Prints","description":"Un homenaje bonito y lleno de color para tu felino favorito. Convierte la foto de tu gato en una obra de arte que no pasar\u00e1 desapercibida, el regalo perfecto para los amantes de los gatitos.","robots":{"index":"index","follow":"follow","max-snippet":"max-snippet:-1","max-image-preview":"max-image-preview:large","max-video-preview":"max-video-preview:-1"},"canonical":"https:\/\/positiveprints.com\/es\/producto\/retrato-pop-art-de-gato\/","og_locale":"es_ES","og_type":"article","og_title":"Retrato pop art de gato","og_description":"Sube tu foto favorita de tu mascota 2 revisiones disponibles a petici\u00f3n tuya Rel\u00e1jate mientras nuestros artistas crean la obra maestra de tu mascota Recibe una vista previa del dise\u00f1o en 2-3 d\u00edas laborales Elige entre los distintos tama\u00f1os de impresi\u00f3n","og_url":"https:\/\/positiveprints.com\/es\/producto\/retrato-pop-art-de-gato\/","og_site_name":"Positive Prints","article_publisher":"https:\/\/www.facebook.com\/positiveprintscom","article_modified_time":"2026-04-28T12:18:50+00:00","og_image":[{"width":1450,"height":1450,"url":"https:\/\/positiveprints.com\/wp-content\/uploads\/2025\/08\/Packshot_ES_Retrato-pop-art-de-gato.webp","type":"image\/webp"}],"twitter_card":"summary_large_image","schema":{"@context":"https:\/\/schema.org","@graph":[{"@type":["WebPage","ItemPage"],"@id":"https:\/\/positiveprints.com\/es\/producto\/retrato-pop-art-de-gato\/","url":"https:\/\/positiveprints.com\/es\/producto\/retrato-pop-art-de-gato\/","name":"Retrato pop art de gato - Positive Prints","isPartOf":{"@id":"https:\/\/positiveprints.com\/es\/#website"},"primaryImageOfPage":{"@id":"https:\/\/positiveprints.com\/es\/producto\/retrato-pop-art-de-gato\/#primaryimage"},"image":{"@id":"https:\/\/positiveprints.com\/es\/producto\/retrato-pop-art-de-gato\/#primaryimage"},"thumbnailUrl":"https:\/\/positiveprints.com\/wp-content\/uploads\/2025\/08\/Packshot_ES_Retrato-pop-art-de-gato.webp","datePublished":"2025-08-26T08:57:13+00:00","dateModified":"2026-04-28T12:18:50+00:00","description":"Un homenaje bonito y lleno de color para tu felino favorito. Convierte la foto de tu gato en una obra de arte que no pasar\u00e1 desapercibida, el regalo perfecto para los amantes de los gatitos.","breadcrumb":{"@id":"https:\/\/positiveprints.com\/es\/producto\/retrato-pop-art-de-gato\/#breadcrumb"},"inLanguage":"es","potentialAction":[{"@type":"ReadAction","target":["https:\/\/positiveprints.com\/es\/producto\/retrato-pop-art-de-gato\/"]}]},{"@type":"ImageObject","inLanguage":"es","@id":"https:\/\/positiveprints.com\/es\/producto\/retrato-pop-art-de-gato\/#primaryimage","url":"https:\/\/positiveprints.com\/wp-content\/uploads\/2025\/08\/Packshot_ES_Retrato-pop-art-de-gato.webp","contentUrl":"https:\/\/positiveprints.com\/wp-content\/uploads\/2025\/08\/Packshot_ES_Retrato-pop-art-de-gato.webp","width":1450,"height":1450,"caption":"Retrato pop art de gato"},{"@type":"BreadcrumbList","@id":"https:\/\/positiveprints.com\/es\/producto\/retrato-pop-art-de-gato\/#breadcrumb","itemListElement":[{"@type":"ListItem","position":1,"name":"CASA","item":"https:\/\/positiveprints.com\/es\/"},{"@type":"ListItem","position":2,"name":"Productos","item":"https:\/\/positiveprints.com\/es\/shop\/"},{"@type":"ListItem","position":3,"name":"Retrato pop art de gato"}]},{"@type":"WebSite","@id":"https:\/\/positiveprints.com\/es\/#website","url":"https:\/\/positiveprints.com\/es\/","name":"Positive Prints","description":"Custom Gifts for Special Occasions","publisher":{"@id":"https:\/\/positiveprints.com\/es\/#organization"},"potentialAction":[{"@type":"SearchAction","target":{"@type":"EntryPoint","urlTemplate":"https:\/\/positiveprints.com\/es\/?s={search_term_string}"},"query-input":{"@type":"PropertyValueSpecification","valueRequired":true,"valueName":"search_term_string"}}],"inLanguage":"es"},{"@type":"Organization","@id":"https:\/\/positiveprints.com\/es\/#organization","name":"Positive Prints","alternateName":"Positive Prints ","url":"https:\/\/positiveprints.com\/es\/","logo":{"@type":"ImageObject","inLanguage":"es","@id":"https:\/\/positiveprints.com\/es\/#\/schema\/logo\/image\/","url":"https:\/\/positiveprints.com\/wp-content\/uploads\/2026\/03\/245815646_1337939713319158_5671353136411139666_n.png","contentUrl":"https:\/\/positiveprints.com\/wp-content\/uploads\/2026\/03\/245815646_1337939713319158_5671353136411139666_n.png","width":800,"height":800,"caption":"Positive Prints"},"image":{"@id":"https:\/\/positiveprints.com\/es\/#\/schema\/logo\/image\/"},"sameAs":["https:\/\/www.facebook.com\/positiveprintscom","https:\/\/www.instagram.com\/positiveprintscom\/","https:\/\/www.tiktok.com\/@positiveprintscom","https:\/\/www.pinterest.com\/positiveprintscom\/"]}]}},"jetpack_sharing_enabled":true,"_links":{"self":[{"href":"https:\/\/positiveprints.com\/es\/wp-json\/wp\/v2\/product\/1508403","targetHints":{"allow":["GET"]}}],"collection":[{"href":"https:\/\/positiveprints.com\/es\/wp-json\/wp\/v2\/product"}],"about":[{"href":"https:\/\/positiveprints.com\/es\/wp-json\/wp\/v2\/types\/product"}],"wp:featuredmedia":[{"embeddable":true,"href":"https:\/\/positiveprints.com\/es\/wp-json\/wp\/v2\/media\/1508721"}],"wp:attachment":[{"href":"https:\/\/positiveprints.com\/es\/wp-json\/wp\/v2\/media?parent=1508403"}],"wp:term":[{"taxonomy":"product_brand","embeddable":true,"href":"https:\/\/positiveprints.com\/es\/wp-json\/wp\/v2\/product_brand?post=1508403"},{"taxonomy":"product_cat","embeddable":true,"href":"https:\/\/positiveprints.com\/es\/wp-json\/wp\/v2\/product_cat?post=1508403"},{"taxonomy":"product_tag","embeddable":true,"href":"https:\/\/positiveprints.com\/es\/wp-json\/wp\/v2\/product_tag?post=1508403"}],"curies":[{"name":"wp","href":"https:\/\/api.w.org\/{rel}","templated":true}]}}