{"id":1503856,"date":"2025-08-21T13:07:18","date_gmt":"2025-08-21T11:07:18","guid":{"rendered":"https:\/\/positiveprints.com\/?post_type=product&#038;p=1503856"},"modified":"2026-04-12T19:17:03","modified_gmt":"2026-04-12T18:17:03","slug":"retrato-personalizado-de-mascota","status":"publish","type":"product","link":"https:\/\/positiveprints.com\/es\/producto\/retrato-personalizado-de-mascota\/","title":{"rendered":"Retrato Personalizado de Mascota"},"content":{"rendered":"","protected":false},"excerpt":{"rendered":"<ul class=\"check-list\">\n<li>Sube tu foto favorita de tu mascota<\/li>\n<li>2 revisiones disponibles a petici\u00f3n tuya<\/li>\n<li>Rel\u00e1jate mientras nuestros artistas crean la obra maestra de tu mascota<\/li>\n<li>Recibe una vista previa del dise\u00f1o en 2-3 d\u00edas laborales<\/li>\n<li>Elige entre los distintos tama\u00f1os de impresi\u00f3n<\/li>\n<\/ul>\n","protected":false},"featured_media":1504471,"template":"","meta":[],"product_brand":[],"product_cat":[15115,8250,8986,9766,13593,106,265],"product_tag":[14920,9741,13429,15953,13351,13242,13350,13479,11826,11821,11757,11825,11820,13469,11771,11822,11764,15267],"class_list":{"0":"post-1503856","1":"product","2":"type-product","3":"status-publish","4":"has-post-thumbnail","6":"product_cat-bestsellers-menu-es","7":"product_cat-digital-products-es","8":"product_cat-nuevo","9":"product_cat-trending-label-es","10":"product_cat-acuarela","11":"product_cat-todos-los-productos","12":"product_cat-creators-es-2","13":"product_tag-creators-es-2","14":"product_tag-mascotas","15":"product_tag-regalo-de-navidad-para-hermana","16":"product_tag-regalo-de-navidad-para-ninos","17":"product_tag-regalo-de-navidad-para-un-abuelo","18":"product_tag-regalo-de-navidad-para-un-companero","19":"product_tag-regalo-de-navidad-para-una-abuela","20":"product_tag-regalos-de-navidad-para-amigos","21":"product_tag-regalos-de-navidad-para-el","22":"product_tag-regalos-de-navidad-para-el-marido","23":"product_tag-regalos-de-navidad-para-el-novio","24":"product_tag-regalos-de-navidad-para-ella","25":"product_tag-regalos-de-navidad-para-la-esposa","26":"product_tag-regalos-de-navidad-para-la-familia","27":"product_tag-regalos-de-navidad-para-la-novia","28":"product_tag-regalos-de-navidad-para-mama","29":"product_tag-regalos-de-navidad-para-papa","30":"product_tag-weihnachtsgeschenke-fuer-den-bruder","32":"first","33":"instock","34":"sale","35":"taxable","36":"shipping-taxable","37":"purchasable","38":"product-type-variable"},"yoast_head":"<!-- This site is optimized with the Yoast SEO Premium plugin v27.2 (Yoast SEO v27.2) - https:\/\/yoast.com\/product\/yoast-seo-premium-wordpress\/ -->\n<title>Retrato Personalizado de Mascota - Positive Prints<\/title>\n<meta name=\"description\" content=\"Transforma tu foto favorita de tu perro, gato o cualquier mascota en una impresi\u00f3n preciosa. Un regalo significativo para los amantes de las mascotas y una manera \u00fanica de homenajear a tu amigo peludito.\" \/>\n<meta name=\"robots\" content=\"index, follow, max-snippet:-1, max-image-preview:large, max-video-preview:-1\" \/>\n<link rel=\"canonical\" href=\"https:\/\/positiveprints.com\/es\/producto\/retrato-personalizado-de-mascota\/\" \/>\n<meta property=\"og:locale\" content=\"es_ES\" \/>\n<meta property=\"og:type\" content=\"article\" \/>\n<meta property=\"og:title\" content=\"Retrato Personalizado de Mascota\" \/>\n<meta property=\"og:description\" content=\"Sube tu foto favorita de tu mascota 2 revisiones disponibles a petici\u00f3n tuya Rel\u00e1jate mientras nuestros artistas crean la obra maestra de tu mascota Recibe una vista previa del dise\u00f1o en 2-3 d\u00edas laborales Elige entre los distintos tama\u00f1os de impresi\u00f3n\" \/>\n<meta property=\"og:url\" content=\"https:\/\/positiveprints.com\/es\/producto\/retrato-personalizado-de-mascota\/\" \/>\n<meta property=\"og:site_name\" content=\"Positive Prints\" \/>\n<meta property=\"article:publisher\" content=\"https:\/\/www.facebook.com\/positiveprintscom\" \/>\n<meta property=\"article:modified_time\" content=\"2026-04-12T18:17:03+00:00\" \/>\n<meta property=\"og:image\" content=\"https:\/\/positiveprints.com\/wp-content\/uploads\/2025\/08\/Packshot_ES_Retrato-Personalizado-de-Mascota.webp\" \/>\n\t<meta property=\"og:image:width\" content=\"1450\" \/>\n\t<meta property=\"og:image:height\" content=\"1450\" \/>\n\t<meta property=\"og:image:type\" content=\"image\/webp\" \/>\n<meta name=\"twitter:card\" content=\"summary_large_image\" \/>\n<meta name=\"twitter:label1\" content=\"Tiempo de lectura\" \/>\n\t<meta name=\"twitter:data1\" content=\"1 minuto\" \/>\n<!-- \/ Yoast SEO Premium plugin. -->","yoast_head_json":{"title":"Retrato Personalizado de Mascota - Positive Prints","description":"Transforma tu foto favorita de tu perro, gato o cualquier mascota en una impresi\u00f3n preciosa. Un regalo significativo para los amantes de las mascotas y una manera \u00fanica de homenajear a tu amigo peludito.","robots":{"index":"index","follow":"follow","max-snippet":"max-snippet:-1","max-image-preview":"max-image-preview:large","max-video-preview":"max-video-preview:-1"},"canonical":"https:\/\/positiveprints.com\/es\/producto\/retrato-personalizado-de-mascota\/","og_locale":"es_ES","og_type":"article","og_title":"Retrato Personalizado de Mascota","og_description":"Sube tu foto favorita de tu mascota 2 revisiones disponibles a petici\u00f3n tuya Rel\u00e1jate mientras nuestros artistas crean la obra maestra de tu mascota Recibe una vista previa del dise\u00f1o en 2-3 d\u00edas laborales Elige entre los distintos tama\u00f1os de impresi\u00f3n","og_url":"https:\/\/positiveprints.com\/es\/producto\/retrato-personalizado-de-mascota\/","og_site_name":"Positive Prints","article_publisher":"https:\/\/www.facebook.com\/positiveprintscom","article_modified_time":"2026-04-12T18:17:03+00:00","og_image":[{"width":1450,"height":1450,"url":"https:\/\/positiveprints.com\/wp-content\/uploads\/2025\/08\/Packshot_ES_Retrato-Personalizado-de-Mascota.webp","type":"image\/webp"}],"twitter_card":"summary_large_image","twitter_misc":{"Tiempo de lectura":"1 minuto"},"schema":{"@context":"https:\/\/schema.org","@graph":[{"@type":["WebPage","ItemPage"],"@id":"https:\/\/positiveprints.com\/es\/producto\/retrato-personalizado-de-mascota\/","url":"https:\/\/positiveprints.com\/es\/producto\/retrato-personalizado-de-mascota\/","name":"Retrato Personalizado de Mascota - Positive Prints","isPartOf":{"@id":"https:\/\/positiveprints.com\/es\/#website"},"primaryImageOfPage":{"@id":"https:\/\/positiveprints.com\/es\/producto\/retrato-personalizado-de-mascota\/#primaryimage"},"image":{"@id":"https:\/\/positiveprints.com\/es\/producto\/retrato-personalizado-de-mascota\/#primaryimage"},"thumbnailUrl":"https:\/\/positiveprints.com\/wp-content\/uploads\/2025\/08\/Packshot_ES_Retrato-Personalizado-de-Mascota.webp","datePublished":"2025-08-21T11:07:18+00:00","dateModified":"2026-04-12T18:17:03+00:00","description":"Transforma tu foto favorita de tu perro, gato o cualquier mascota en una impresi\u00f3n preciosa. Un regalo significativo para los amantes de las mascotas y una manera \u00fanica de homenajear a tu amigo peludito.","breadcrumb":{"@id":"https:\/\/positiveprints.com\/es\/producto\/retrato-personalizado-de-mascota\/#breadcrumb"},"inLanguage":"es","potentialAction":[{"@type":"ReadAction","target":["https:\/\/positiveprints.com\/es\/producto\/retrato-personalizado-de-mascota\/"]}]},{"@type":"ImageObject","inLanguage":"es","@id":"https:\/\/positiveprints.com\/es\/producto\/retrato-personalizado-de-mascota\/#primaryimage","url":"https:\/\/positiveprints.com\/wp-content\/uploads\/2025\/08\/Packshot_ES_Retrato-Personalizado-de-Mascota.webp","contentUrl":"https:\/\/positiveprints.com\/wp-content\/uploads\/2025\/08\/Packshot_ES_Retrato-Personalizado-de-Mascota.webp","width":1450,"height":1450,"caption":"Retrato Personalizado de Mascota"},{"@type":"BreadcrumbList","@id":"https:\/\/positiveprints.com\/es\/producto\/retrato-personalizado-de-mascota\/#breadcrumb","itemListElement":[{"@type":"ListItem","position":1,"name":"CASA","item":"https:\/\/positiveprints.com\/es\/"},{"@type":"ListItem","position":2,"name":"Productos","item":"https:\/\/positiveprints.com\/es\/shop\/"},{"@type":"ListItem","position":3,"name":"Retrato Personalizado de Mascota"}]},{"@type":"WebSite","@id":"https:\/\/positiveprints.com\/es\/#website","url":"https:\/\/positiveprints.com\/es\/","name":"Positive Prints","description":"Custom Gifts for Special Occasions","publisher":{"@id":"https:\/\/positiveprints.com\/es\/#organization"},"potentialAction":[{"@type":"SearchAction","target":{"@type":"EntryPoint","urlTemplate":"https:\/\/positiveprints.com\/es\/?s={search_term_string}"},"query-input":{"@type":"PropertyValueSpecification","valueRequired":true,"valueName":"search_term_string"}}],"inLanguage":"es"},{"@type":"Organization","@id":"https:\/\/positiveprints.com\/es\/#organization","name":"Positive Prints","alternateName":"Positive Prints","url":"https:\/\/positiveprints.com\/es\/","logo":{"@type":"ImageObject","inLanguage":"es","@id":"https:\/\/positiveprints.com\/es\/#\/schema\/logo\/image\/","url":"https:\/\/positiveprints.com\/wp-content\/uploads\/2026\/03\/245815646_1337939713319158_5671353136411139666_n.png","contentUrl":"https:\/\/positiveprints.com\/wp-content\/uploads\/2026\/03\/245815646_1337939713319158_5671353136411139666_n.png","width":800,"height":800,"caption":"Positive Prints"},"image":{"@id":"https:\/\/positiveprints.com\/es\/#\/schema\/logo\/image\/"},"sameAs":["https:\/\/www.facebook.com\/positiveprintscom","https:\/\/www.instagram.com\/positiveprintscom\/","https:\/\/www.tiktok.com\/@positiveprintscom","https:\/\/www.pinterest.com\/positiveprintscom\/"]}]}},"jetpack_sharing_enabled":true,"_links":{"self":[{"href":"https:\/\/positiveprints.com\/es\/wp-json\/wp\/v2\/product\/1503856","targetHints":{"allow":["GET"]}}],"collection":[{"href":"https:\/\/positiveprints.com\/es\/wp-json\/wp\/v2\/product"}],"about":[{"href":"https:\/\/positiveprints.com\/es\/wp-json\/wp\/v2\/types\/product"}],"wp:featuredmedia":[{"embeddable":true,"href":"https:\/\/positiveprints.com\/es\/wp-json\/wp\/v2\/media\/1504471"}],"wp:attachment":[{"href":"https:\/\/positiveprints.com\/es\/wp-json\/wp\/v2\/media?parent=1503856"}],"wp:term":[{"taxonomy":"product_brand","embeddable":true,"href":"https:\/\/positiveprints.com\/es\/wp-json\/wp\/v2\/product_brand?post=1503856"},{"taxonomy":"product_cat","embeddable":true,"href":"https:\/\/positiveprints.com\/es\/wp-json\/wp\/v2\/product_cat?post=1503856"},{"taxonomy":"product_tag","embeddable":true,"href":"https:\/\/positiveprints.com\/es\/wp-json\/wp\/v2\/product_tag?post=1503856"}],"curies":[{"name":"wp","href":"https:\/\/api.w.org\/{rel}","templated":true}]}}