{"id":1501835,"date":"2025-08-20T15:57:13","date_gmt":"2025-08-20T13:57:13","guid":{"rendered":"https:\/\/positiveprints.com\/?post_type=product&#038;p=1501835"},"modified":"2026-04-03T02:23:31","modified_gmt":"2026-04-03T01:23:31","slug":"retrato-real-de-gato","status":"publish","type":"product","link":"https:\/\/positiveprints.com\/es\/producto\/retrato-real-de-gato\/","title":{"rendered":"Retrato Real de gato"},"content":{"rendered":"","protected":false},"excerpt":{"rendered":"<ul class=\"check-list\">\n<li>Sube tu foto favorita de tu mascota<\/li>\n<li>2 revisiones disponibles a petici\u00f3n tuya<\/li>\n<li>Rel\u00e1jate mientras nuestros artistas crean la obra maestra de tu mascota <\/li>\n<li>Recibe una vista previa del dise\u00f1o en 2-3 d\u00edas laborales<\/li>\n<li>Elige entre los distintos tama\u00f1os de impresi\u00f3n<\/li>\n<\/ul>\n","protected":false},"featured_media":1502613,"template":"","meta":[],"product_brand":[],"product_cat":[13593,3128,5270,11453,11454,14088,15045,11449,11457,11448,11456,11462,15060,11461,11452,11450,11458,11460,11459,11455,11451,11220,11219,106,9766],"product_tag":[15624,14917,14914,14916,14913,15629,14918,14915],"class_list":{"0":"post-1501835","1":"product","2":"type-product","3":"status-publish","4":"has-post-thumbnail","6":"product_cat-acuarela","7":"product_cat-regalos-de-cumpleanos","8":"product_cat-regalos-de-navidad","9":"product_cat-regalos-de-navidad-para-abuela","10":"product_cat-regalos-de-navidad-para-abuelo","11":"product_cat-regalos-para-amantes-de-los-gatos","12":"product_cat-regalos-de-navidad-para-amigos","13":"product_cat-regalos-de-navidad-para-el-hermano","14":"product_cat-regalos-de-navidad-para-el-marido","15":"product_cat-regalos-de-navidad-para-el-novio","16":"product_cat-regalos-de-navidad-para-hombre","17":"product_cat-regalos-de-navidad-para-la-esposa","18":"product_cat-regalos-de-navidad-para-la-familia","19":"product_cat-regalos-de-navidad-para-la-hermana","20":"product_cat-regalos-de-navidad-para-la-novia","21":"product_cat-regalos-de-navidad-para-los-companeros-de-trabajo","22":"product_cat-regalos-de-navidad-para-los-ninos","23":"product_cat-regalos-de-navidad-para-los-padres","24":"product_cat-regalos-de-navidad-para-mama","25":"product_cat-regalos-de-navidad-para-mujer","26":"product_cat-regalos-de-navidad-para-papa","27":"product_cat-regalos-de-cumpleanos-para-hombres","28":"product_cat-regalos-de-cumpleanos-para-mujeres","29":"product_cat-todos-los-productos","30":"product_cat-trending-label-es","31":"product_tag-animals-es","32":"product_tag-cat-dad-gifts-es","33":"product_tag-cat-lovers-gifts-es","34":"product_tag-cat-mom-gifts-es","35":"product_tag-cat-owner-es","36":"product_tag-cat-print-es","37":"product_tag-custom-cat-gifts-es","38":"product_tag-gifts-for-cat-owners-es","40":"first","41":"instock","42":"sale","43":"taxable","44":"shipping-taxable","45":"purchasable","46":"product-type-variable"},"yoast_head":"<!-- This site is optimized with the Yoast SEO Premium plugin v27.2 (Yoast SEO v27.2) - https:\/\/yoast.com\/product\/yoast-seo-premium-wordpress\/ -->\n<title>Retrato Real de gato - Positive Prints<\/title>\n<meta name=\"description\" content=\"Convierte a tu gato en un miembro de la nobleza con un retrato divertido y majestuoso. El regalo perfecto para los amantes de los gatitos que saben qui\u00e9n manda en casa.\" \/>\n<meta name=\"robots\" content=\"index, follow, max-snippet:-1, max-image-preview:large, max-video-preview:-1\" \/>\n<link rel=\"canonical\" href=\"https:\/\/positiveprints.com\/es\/producto\/retrato-real-de-gato\/\" \/>\n<meta property=\"og:locale\" content=\"es_ES\" \/>\n<meta property=\"og:type\" content=\"article\" \/>\n<meta property=\"og:title\" content=\"Retrato Real de gato\" \/>\n<meta property=\"og:description\" content=\"Sube tu foto favorita de tu mascota 2 revisiones disponibles a petici\u00f3n tuya Rel\u00e1jate mientras nuestros artistas crean la obra maestra de tu mascota  Recibe una vista previa del dise\u00f1o en 2-3 d\u00edas laborales Elige entre los distintos tama\u00f1os de impresi\u00f3n\" \/>\n<meta property=\"og:url\" content=\"https:\/\/positiveprints.com\/es\/producto\/retrato-real-de-gato\/\" \/>\n<meta property=\"og:site_name\" content=\"Positive Prints\" \/>\n<meta property=\"article:publisher\" content=\"https:\/\/www.facebook.com\/positiveprintscom\" \/>\n<meta property=\"article:modified_time\" content=\"2026-04-03T01:23:31+00:00\" \/>\n<meta property=\"og:image\" content=\"https:\/\/positiveprints.com\/wp-content\/uploads\/2025\/08\/Packshot_ES_Retrato-Real-de-gato.webp\" \/>\n\t<meta property=\"og:image:width\" content=\"1450\" \/>\n\t<meta property=\"og:image:height\" content=\"1450\" \/>\n\t<meta property=\"og:image:type\" content=\"image\/webp\" \/>\n<meta name=\"twitter:card\" content=\"summary_large_image\" \/>\n<meta name=\"twitter:label1\" content=\"Tiempo de lectura\" \/>\n\t<meta name=\"twitter:data1\" content=\"1 minuto\" \/>\n<!-- \/ Yoast SEO Premium plugin. -->","yoast_head_json":{"title":"Retrato Real de gato - Positive Prints","description":"Convierte a tu gato en un miembro de la nobleza con un retrato divertido y majestuoso. El regalo perfecto para los amantes de los gatitos que saben qui\u00e9n manda en casa.","robots":{"index":"index","follow":"follow","max-snippet":"max-snippet:-1","max-image-preview":"max-image-preview:large","max-video-preview":"max-video-preview:-1"},"canonical":"https:\/\/positiveprints.com\/es\/producto\/retrato-real-de-gato\/","og_locale":"es_ES","og_type":"article","og_title":"Retrato Real de gato","og_description":"Sube tu foto favorita de tu mascota 2 revisiones disponibles a petici\u00f3n tuya Rel\u00e1jate mientras nuestros artistas crean la obra maestra de tu mascota  Recibe una vista previa del dise\u00f1o en 2-3 d\u00edas laborales Elige entre los distintos tama\u00f1os de impresi\u00f3n","og_url":"https:\/\/positiveprints.com\/es\/producto\/retrato-real-de-gato\/","og_site_name":"Positive Prints","article_publisher":"https:\/\/www.facebook.com\/positiveprintscom","article_modified_time":"2026-04-03T01:23:31+00:00","og_image":[{"width":1450,"height":1450,"url":"https:\/\/positiveprints.com\/wp-content\/uploads\/2025\/08\/Packshot_ES_Retrato-Real-de-gato.webp","type":"image\/webp"}],"twitter_card":"summary_large_image","twitter_misc":{"Tiempo de lectura":"1 minuto"},"schema":{"@context":"https:\/\/schema.org","@graph":[{"@type":["WebPage","ItemPage"],"@id":"https:\/\/positiveprints.com\/es\/producto\/retrato-real-de-gato\/","url":"https:\/\/positiveprints.com\/es\/producto\/retrato-real-de-gato\/","name":"Retrato Real de gato - Positive Prints","isPartOf":{"@id":"https:\/\/positiveprints.com\/es\/#website"},"primaryImageOfPage":{"@id":"https:\/\/positiveprints.com\/es\/producto\/retrato-real-de-gato\/#primaryimage"},"image":{"@id":"https:\/\/positiveprints.com\/es\/producto\/retrato-real-de-gato\/#primaryimage"},"thumbnailUrl":"https:\/\/positiveprints.com\/wp-content\/uploads\/2025\/08\/Packshot_ES_Retrato-Real-de-gato.webp","datePublished":"2025-08-20T13:57:13+00:00","dateModified":"2026-04-03T01:23:31+00:00","description":"Convierte a tu gato en un miembro de la nobleza con un retrato divertido y majestuoso. El regalo perfecto para los amantes de los gatitos que saben qui\u00e9n manda en casa.","breadcrumb":{"@id":"https:\/\/positiveprints.com\/es\/producto\/retrato-real-de-gato\/#breadcrumb"},"inLanguage":"es","potentialAction":[{"@type":"ReadAction","target":["https:\/\/positiveprints.com\/es\/producto\/retrato-real-de-gato\/"]}]},{"@type":"ImageObject","inLanguage":"es","@id":"https:\/\/positiveprints.com\/es\/producto\/retrato-real-de-gato\/#primaryimage","url":"https:\/\/positiveprints.com\/wp-content\/uploads\/2025\/08\/Packshot_ES_Retrato-Real-de-gato.webp","contentUrl":"https:\/\/positiveprints.com\/wp-content\/uploads\/2025\/08\/Packshot_ES_Retrato-Real-de-gato.webp","width":1450,"height":1450,"caption":"Jak wygl\u0105da\u0142 Tw\u00f3j idealny dzie\u0144 pracy (gdyby\u015b nie musia\u0142 my\u015ble\u0107 o pieni\u0105dzach)? W jakich sytuacjach czujesz najwi\u0119kszy przyp\u0142yw energii \u2013 czy to przy wymy\u015blaniu, rozmawianiu z kim\u015b, analizie, czy tworzeniu czego\u015b namacalnego? Czy jest jaki\u015b moment z ostatniego roku (nawet drobiazg), kt\u00f3ry da\u0142 Ci poczucie \u201ewow, to by\u0142o fajne, chcia\u0142bym wi\u0119cej takich chwil\u201d?"},{"@type":"BreadcrumbList","@id":"https:\/\/positiveprints.com\/es\/producto\/retrato-real-de-gato\/#breadcrumb","itemListElement":[{"@type":"ListItem","position":1,"name":"CASA","item":"https:\/\/positiveprints.com\/es\/"},{"@type":"ListItem","position":2,"name":"Productos","item":"https:\/\/positiveprints.com\/es\/shop\/"},{"@type":"ListItem","position":3,"name":"Retrato Real de gato"}]},{"@type":"WebSite","@id":"https:\/\/positiveprints.com\/es\/#website","url":"https:\/\/positiveprints.com\/es\/","name":"Positive Prints","description":"Custom Gifts for Special Occasions","publisher":{"@id":"https:\/\/positiveprints.com\/es\/#organization"},"potentialAction":[{"@type":"SearchAction","target":{"@type":"EntryPoint","urlTemplate":"https:\/\/positiveprints.com\/es\/?s={search_term_string}"},"query-input":{"@type":"PropertyValueSpecification","valueRequired":true,"valueName":"search_term_string"}}],"inLanguage":"es"},{"@type":"Organization","@id":"https:\/\/positiveprints.com\/es\/#organization","name":"Positive Prints","alternateName":"Positive Prints","url":"https:\/\/positiveprints.com\/es\/","logo":{"@type":"ImageObject","inLanguage":"es","@id":"https:\/\/positiveprints.com\/es\/#\/schema\/logo\/image\/","url":"https:\/\/positiveprints.com\/wp-content\/uploads\/2026\/03\/245815646_1337939713319158_5671353136411139666_n.png","contentUrl":"https:\/\/positiveprints.com\/wp-content\/uploads\/2026\/03\/245815646_1337939713319158_5671353136411139666_n.png","width":800,"height":800,"caption":"Positive Prints"},"image":{"@id":"https:\/\/positiveprints.com\/es\/#\/schema\/logo\/image\/"},"sameAs":["https:\/\/www.facebook.com\/positiveprintscom","https:\/\/www.instagram.com\/positiveprintscom\/","https:\/\/www.tiktok.com\/@positiveprintscom","https:\/\/www.pinterest.com\/positiveprintscom\/"]}]}},"jetpack_sharing_enabled":true,"_links":{"self":[{"href":"https:\/\/positiveprints.com\/es\/wp-json\/wp\/v2\/product\/1501835","targetHints":{"allow":["GET"]}}],"collection":[{"href":"https:\/\/positiveprints.com\/es\/wp-json\/wp\/v2\/product"}],"about":[{"href":"https:\/\/positiveprints.com\/es\/wp-json\/wp\/v2\/types\/product"}],"wp:featuredmedia":[{"embeddable":true,"href":"https:\/\/positiveprints.com\/es\/wp-json\/wp\/v2\/media\/1502613"}],"wp:attachment":[{"href":"https:\/\/positiveprints.com\/es\/wp-json\/wp\/v2\/media?parent=1501835"}],"wp:term":[{"taxonomy":"product_brand","embeddable":true,"href":"https:\/\/positiveprints.com\/es\/wp-json\/wp\/v2\/product_brand?post=1501835"},{"taxonomy":"product_cat","embeddable":true,"href":"https:\/\/positiveprints.com\/es\/wp-json\/wp\/v2\/product_cat?post=1501835"},{"taxonomy":"product_tag","embeddable":true,"href":"https:\/\/positiveprints.com\/es\/wp-json\/wp\/v2\/product_tag?post=1501835"}],"curies":[{"name":"wp","href":"https:\/\/api.w.org\/{rel}","templated":true}]}}