{"id":1487217,"date":"2025-08-04T12:44:57","date_gmt":"2025-08-04T10:44:57","guid":{"rendered":"https:\/\/positiveprints.com\/?post_type=product&#038;p=1487217"},"modified":"2026-05-09T01:21:32","modified_gmt":"2026-05-09T00:21:32","slug":"dibujo-personalizado-a-partir-de-foto","status":"publish","type":"product","link":"https:\/\/positiveprints.com\/es\/producto\/dibujo-personalizado-a-partir-de-foto\/","title":{"rendered":"Dibujo personalizado a partir de foto"},"content":{"rendered":"<p>\u00bfEst\u00e1s buscando un regalo perfecto y sincero? \u00a1No busques m\u00e1s! Nuestro Arte Lineal Personalizado ofrece un sencillo proceso de tres pasos para crear una obra maestra \u00fanica llena de emoci\u00f3n y recuerdos. Comparte tu amor y atesora momentos transformando tu foto favorita en una obra de arte personalizada. Es una bonita forma de mostrar tu aprecio, alegrar el d\u00eda a alguien y crear recuerdos duraderos para diversas ocasiones, como aniversarios, cumplea\u00f1os o bodas.<\/p>\r\n\r\n<h2>3 pasos para crear una obra maestra de arte lineal personalizada y \u00fanica<\/h2>\r\n\r\n<ol>\r\n\r\n<li><strong>Elige tu estilo y colores<\/strong><\/li>\r\n<p>Empieza por seleccionar el estilo y los colores que m\u00e1s se ajusten a tus sentimientos y preferencias. Nuestros h\u00e1biles artistas utilizar\u00e1n tus elecciones para crear una pieza \u00fanica que refleje tu visi\u00f3n.<\/p>\r\n\r\n<li><strong>Sube tu foto especial<\/strong><\/li>\r\n\r\n<p>Comparte una foto que encierre recuerdos entra\u00f1ables, captando la esencia de tu sentimiento, ya sea la inauguraci\u00f3n de una casa, una mascota querida, un momento especial de una pareja o una reuni\u00f3n familiar. Nuestros artistas dibujar\u00e1n cuidadosamente a mano la obra de arte a partir de tu imagen.<\/p>\r\n\r\n<li><strong>A\u00f1ade un mensaje personal y finaliza<\/strong><\/li>\r\n\r\n<p>Mejora tu obra de arte incluyendo un mensaje sincero o palabras significativas, convirti\u00e9ndola en un regalo verdaderamente personalizado. Tras el pago, nuestro equipo de asistencia de Positive Prints se pondr\u00e1 en contacto contigo para confirmar tu pedido e iniciar el proceso de creaci\u00f3n. Una vez que el material gr\u00e1fico est\u00e9 listo, recibir\u00e1s un correo electr\u00f3nico para revisar y aceptar el dise\u00f1o final. Si lo deseas, tienes derecho a solicitar cambios hasta dos veces. Tras tu aprobaci\u00f3n final, el material gr\u00e1fico se enviar\u00e1 para su impresi\u00f3n y entrega.<\/p>\r\n\r\n<\/ol>\r\n\r\n<p>Siguiendo estos sencillos pasos, puedes crear una pieza \u00fanica de Arte Lineal Personalizado que evoque emociones y haga especial cualquier ocasi\u00f3n.<\/p>\r\n\r\n<h2>El regalo perfecto que evoca emociones<\/h2>\r\n\r\n<p>\u00bfPor qu\u00e9 el Arte Lineal Personalizado es el regalo perfecto? Porque es una creaci\u00f3n \u00fanica y personal que inmortaliza un recuerdo especial. Esta obra de arte es una forma poderosa de expresar amor, gratitud o admiraci\u00f3n. Es un recuerdo duradero que siempre har\u00e1 sonre\u00edr a tu ser querido. Las emociones que evoca no tienen precio. Ya se trate de una celebraci\u00f3n de inauguraci\u00f3n de una casa, un homenaje a una mascota querida, el momento especial de una pareja o una reuni\u00f3n familiar, el Arte Lineal Personalizado dice mucho.<\/p>\r\n<p>Haz que cada ocasi\u00f3n sea especial: cumplea\u00f1os, aniversarios o simplemente porque s\u00ed. Encarga ahora tu Arte Lineal Personalizado y observa c\u00f3mo se despliega la felicidad. Esto es algo m\u00e1s que arte; es un recuerdo preciado que dura toda la vida. No pierdas esta oportunidad de crear una impresi\u00f3n duradera. Haz que tus seres queridos se sientan realmente especiales.<\/p>","protected":false},"excerpt":{"rendered":"<ul class=\"check-list\">\n<li>Te lo dibujamos y enviamos para tu aprobaci\u00f3n en 2-3 d\u00edas h\u00e1biles<\/li>\n<li>Usa nuestro editor para personalizar tu dise\u00f1o en apenas tres pasos<\/li>\n<li>Elija una plantilla o deja volar tu imaginaci\u00f3<\/li>\n<li>Con la posibilidad de pedir hasta 2 revisiones <\/li>\n<\/ul>\n","protected":false},"featured_media":1486509,"template":"","meta":[],"product_brand":[],"product_cat":[11592,11593,11589,11594,11590,11603,11591,15115,265,8250,9183,5270,8986,11457,11448,11456,11462,11452,11455,106],"product_tag":[14920,14921,13813,11826,11821,11757,11825,11820,11771],"class_list":{"0":"post-1487217","1":"product","2":"type-product","3":"status-publish","4":"has-post-thumbnail","6":"product_cat-10-aniversario","7":"product_cat-15-aniversario","8":"product_cat-1-aniversario","9":"product_cat-20-aniversario","10":"product_cat-2-aniversario","11":"product_cat-50-aniversario","12":"product_cat-5-aniversario","13":"product_cat-bestsellers-menu-es","14":"product_cat-creators-es-2","15":"product_cat-digital-products-es","16":"product_cat-line-art-es","17":"product_cat-regalos-de-navidad","18":"product_cat-nuevo","19":"product_cat-regalos-de-navidad-para-el-marido","20":"product_cat-regalos-de-navidad-para-el-novio","21":"product_cat-regalos-de-navidad-para-hombre","22":"product_cat-regalos-de-navidad-para-la-esposa","23":"product_cat-regalos-de-navidad-para-la-novia","24":"product_cat-regalos-de-navidad-para-mujer","25":"product_cat-todos-los-productos","26":"product_tag-creators-es-2","27":"product_tag-custom-photo-es","28":"product_tag-poster-de-foto-personalizado","29":"product_tag-regalos-de-navidad-para-el","30":"product_tag-regalos-de-navidad-para-el-marido","31":"product_tag-regalos-de-navidad-para-el-novio","32":"product_tag-regalos-de-navidad-para-ella","33":"product_tag-regalos-de-navidad-para-la-esposa","34":"product_tag-regalos-de-navidad-para-la-novia","36":"first","37":"instock","38":"sale","39":"taxable","40":"shipping-taxable","41":"purchasable","42":"product-type-variable"},"yoast_head":"<!-- This site is optimized with the Yoast SEO Premium plugin v27.2 (Yoast SEO v27.2) - https:\/\/yoast.com\/product\/yoast-seo-premium-wordpress\/ -->\n<title>Dibujo personalizado a partir de foto - Positive Prints<\/title>\n<meta name=\"description\" content=\"Crea Arte Lineal Personalizado \u00fanico con tu foto. Dibujado a mano por artistas profesionales, con la posibilidade de a\u00f1adir un mensaje personalizado. Perfecto para cualquier ocasi\u00f3n. Haz tu pedido.\" \/>\n<meta name=\"robots\" content=\"index, follow, max-snippet:-1, max-image-preview:large, max-video-preview:-1\" \/>\n<link rel=\"canonical\" href=\"https:\/\/positiveprints.com\/es\/producto\/dibujo-personalizado-a-partir-de-foto\/\" \/>\n<meta property=\"og:locale\" content=\"es_ES\" \/>\n<meta property=\"og:type\" content=\"article\" \/>\n<meta property=\"og:title\" content=\"Dibujo personalizado a partir de foto\" \/>\n<meta property=\"og:description\" content=\"Te lo dibujamos y enviamos para tu aprobaci\u00f3n en 2-3 d\u00edas h\u00e1biles         Usa nuestro editor para personalizar tu dise\u00f1o en apenas tres pasos         Elija una plantilla o deja volar tu imaginaci\u00f3         Con la posibilidad de pedir hasta 2 revisiones\" \/>\n<meta property=\"og:url\" content=\"https:\/\/positiveprints.com\/es\/producto\/dibujo-personalizado-a-partir-de-foto\/\" \/>\n<meta property=\"og:site_name\" content=\"Positive Prints\" \/>\n<meta property=\"article:publisher\" content=\"https:\/\/www.facebook.com\/positiveprintscom\" \/>\n<meta property=\"article:modified_time\" content=\"2026-05-09T00:21:32+00:00\" \/>\n<meta property=\"og:image\" content=\"https:\/\/positiveprints.com\/wp-content\/uploads\/2025\/08\/Packshot_ES_line-art.webp\" \/>\n\t<meta property=\"og:image:width\" content=\"1450\" \/>\n\t<meta property=\"og:image:height\" content=\"1450\" \/>\n\t<meta property=\"og:image:type\" content=\"image\/webp\" \/>\n<meta name=\"twitter:card\" content=\"summary_large_image\" \/>\n<!-- \/ Yoast SEO Premium plugin. -->","yoast_head_json":{"title":"Dibujo personalizado a partir de foto - Positive Prints","description":"Crea Arte Lineal Personalizado \u00fanico con tu foto. Dibujado a mano por artistas profesionales, con la posibilidade de a\u00f1adir un mensaje personalizado. Perfecto para cualquier ocasi\u00f3n. Haz tu pedido.","robots":{"index":"index","follow":"follow","max-snippet":"max-snippet:-1","max-image-preview":"max-image-preview:large","max-video-preview":"max-video-preview:-1"},"canonical":"https:\/\/positiveprints.com\/es\/producto\/dibujo-personalizado-a-partir-de-foto\/","og_locale":"es_ES","og_type":"article","og_title":"Dibujo personalizado a partir de foto","og_description":"Te lo dibujamos y enviamos para tu aprobaci\u00f3n en 2-3 d\u00edas h\u00e1biles         Usa nuestro editor para personalizar tu dise\u00f1o en apenas tres pasos         Elija una plantilla o deja volar tu imaginaci\u00f3         Con la posibilidad de pedir hasta 2 revisiones","og_url":"https:\/\/positiveprints.com\/es\/producto\/dibujo-personalizado-a-partir-de-foto\/","og_site_name":"Positive Prints","article_publisher":"https:\/\/www.facebook.com\/positiveprintscom","article_modified_time":"2026-05-09T00:21:32+00:00","og_image":[{"width":1450,"height":1450,"url":"https:\/\/positiveprints.com\/wp-content\/uploads\/2025\/08\/Packshot_ES_line-art.webp","type":"image\/webp"}],"twitter_card":"summary_large_image","schema":{"@context":"https:\/\/schema.org","@graph":[{"@type":["WebPage","ItemPage"],"@id":"https:\/\/positiveprints.com\/es\/producto\/dibujo-personalizado-a-partir-de-foto\/","url":"https:\/\/positiveprints.com\/es\/producto\/dibujo-personalizado-a-partir-de-foto\/","name":"Dibujo personalizado a partir de foto - Positive Prints","isPartOf":{"@id":"https:\/\/positiveprints.com\/es\/#website"},"primaryImageOfPage":{"@id":"https:\/\/positiveprints.com\/es\/producto\/dibujo-personalizado-a-partir-de-foto\/#primaryimage"},"image":{"@id":"https:\/\/positiveprints.com\/es\/producto\/dibujo-personalizado-a-partir-de-foto\/#primaryimage"},"thumbnailUrl":"https:\/\/positiveprints.com\/wp-content\/uploads\/2025\/08\/Packshot_ES_line-art.webp","datePublished":"2025-08-04T10:44:57+00:00","dateModified":"2026-05-09T00:21:32+00:00","description":"Crea Arte Lineal Personalizado \u00fanico con tu foto. Dibujado a mano por artistas profesionales, con la posibilidade de a\u00f1adir un mensaje personalizado. Perfecto para cualquier ocasi\u00f3n. Haz tu pedido.","breadcrumb":{"@id":"https:\/\/positiveprints.com\/es\/producto\/dibujo-personalizado-a-partir-de-foto\/#breadcrumb"},"inLanguage":"es","potentialAction":[{"@type":"ReadAction","target":["https:\/\/positiveprints.com\/es\/producto\/dibujo-personalizado-a-partir-de-foto\/"]}]},{"@type":"ImageObject","inLanguage":"es","@id":"https:\/\/positiveprints.com\/es\/producto\/dibujo-personalizado-a-partir-de-foto\/#primaryimage","url":"https:\/\/positiveprints.com\/wp-content\/uploads\/2025\/08\/Packshot_ES_line-art.webp","contentUrl":"https:\/\/positiveprints.com\/wp-content\/uploads\/2025\/08\/Packshot_ES_line-art.webp","width":1450,"height":1450,"caption":"Packshot_ES_line art"},{"@type":"BreadcrumbList","@id":"https:\/\/positiveprints.com\/es\/producto\/dibujo-personalizado-a-partir-de-foto\/#breadcrumb","itemListElement":[{"@type":"ListItem","position":1,"name":"CASA","item":"https:\/\/positiveprints.com\/es\/"},{"@type":"ListItem","position":2,"name":"Productos","item":"https:\/\/positiveprints.com\/es\/shop\/"},{"@type":"ListItem","position":3,"name":"Dibujo personalizado a partir de foto"}]},{"@type":"WebSite","@id":"https:\/\/positiveprints.com\/es\/#website","url":"https:\/\/positiveprints.com\/es\/","name":"Positive Prints","description":"Custom Gifts for Special Occasions","publisher":{"@id":"https:\/\/positiveprints.com\/es\/#organization"},"potentialAction":[{"@type":"SearchAction","target":{"@type":"EntryPoint","urlTemplate":"https:\/\/positiveprints.com\/es\/?s={search_term_string}"},"query-input":{"@type":"PropertyValueSpecification","valueRequired":true,"valueName":"search_term_string"}}],"inLanguage":"es"},{"@type":"Organization","@id":"https:\/\/positiveprints.com\/es\/#organization","name":"Positive Prints","alternateName":"Positive Prints ","url":"https:\/\/positiveprints.com\/es\/","logo":{"@type":"ImageObject","inLanguage":"es","@id":"https:\/\/positiveprints.com\/es\/#\/schema\/logo\/image\/","url":"https:\/\/positiveprints.com\/wp-content\/uploads\/2026\/03\/245815646_1337939713319158_5671353136411139666_n.png","contentUrl":"https:\/\/positiveprints.com\/wp-content\/uploads\/2026\/03\/245815646_1337939713319158_5671353136411139666_n.png","width":800,"height":800,"caption":"Positive Prints"},"image":{"@id":"https:\/\/positiveprints.com\/es\/#\/schema\/logo\/image\/"},"sameAs":["https:\/\/www.facebook.com\/positiveprintscom","https:\/\/www.instagram.com\/positiveprintscom\/","https:\/\/www.tiktok.com\/@positiveprintscom","https:\/\/www.pinterest.com\/positiveprintscom\/"]}]}},"jetpack_sharing_enabled":true,"_links":{"self":[{"href":"https:\/\/positiveprints.com\/es\/wp-json\/wp\/v2\/product\/1487217","targetHints":{"allow":["GET"]}}],"collection":[{"href":"https:\/\/positiveprints.com\/es\/wp-json\/wp\/v2\/product"}],"about":[{"href":"https:\/\/positiveprints.com\/es\/wp-json\/wp\/v2\/types\/product"}],"wp:featuredmedia":[{"embeddable":true,"href":"https:\/\/positiveprints.com\/es\/wp-json\/wp\/v2\/media\/1486509"}],"wp:attachment":[{"href":"https:\/\/positiveprints.com\/es\/wp-json\/wp\/v2\/media?parent=1487217"}],"wp:term":[{"taxonomy":"product_brand","embeddable":true,"href":"https:\/\/positiveprints.com\/es\/wp-json\/wp\/v2\/product_brand?post=1487217"},{"taxonomy":"product_cat","embeddable":true,"href":"https:\/\/positiveprints.com\/es\/wp-json\/wp\/v2\/product_cat?post=1487217"},{"taxonomy":"product_tag","embeddable":true,"href":"https:\/\/positiveprints.com\/es\/wp-json\/wp\/v2\/product_tag?post=1487217"}],"curies":[{"name":"wp","href":"https:\/\/api.w.org\/{rel}","templated":true}]}}