{"id":1484885,"date":"2025-08-04T13:18:57","date_gmt":"2025-08-04T11:18:57","guid":{"rendered":"https:\/\/positiveprints.com\/?post_type=product&#038;p=1484885"},"modified":"2026-04-12T19:22:37","modified_gmt":"2026-04-12T18:22:37","slug":"retrato-personalizado-de-perro","status":"publish","type":"product","link":"https:\/\/positiveprints.com\/es\/producto\/retrato-personalizado-de-perro\/","title":{"rendered":"Retrato personalizado de perro"},"content":{"rendered":"","protected":false},"excerpt":{"rendered":"<ul class=\"check-list\">\n<li>Sube tu foto favorita de tu mascota<\/li>\n<li>2 revisiones disponibles a petici\u00f3n tuya<\/li>\n<li>Rel\u00e1jate mientras nuestros artistas crean la obra maestra de tu mascota<\/li>\n<li>Recibe una vista previa del dise\u00f1o en 2-3 d\u00edas laborales<\/li>\n<li>Elige entre los distintos tama\u00f1os de impresi\u00f3n<\/li>\n<\/ul>\n","protected":false},"featured_media":1503624,"template":"","meta":[],"product_brand":[],"product_cat":[8250,9183,9766,13593,106,265,3128,11219,11220,5270,11455,11456,11459,11451,11453,11454,15060,15045,11461,11449,11452,11448,11462,11457,11450,11460,11458,7901],"product_tag":[15624,14920,16103,14921,16099,16102,16100,16101],"class_list":{"0":"post-1484885","1":"product","2":"type-product","3":"status-publish","4":"has-post-thumbnail","6":"product_cat-digital-products-es","7":"product_cat-line-art-es","8":"product_cat-trending-label-es","9":"product_cat-acuarela","10":"product_cat-todos-los-productos","11":"product_cat-creators-es-2","12":"product_cat-regalos-de-cumpleanos","13":"product_cat-regalos-de-cumpleanos-para-mujeres","14":"product_cat-regalos-de-cumpleanos-para-hombres","15":"product_cat-regalos-de-navidad","16":"product_cat-regalos-de-navidad-para-mujer","17":"product_cat-regalos-de-navidad-para-hombre","18":"product_cat-regalos-de-navidad-para-mama","19":"product_cat-regalos-de-navidad-para-papa","20":"product_cat-regalos-de-navidad-para-abuela","21":"product_cat-regalos-de-navidad-para-abuelo","22":"product_cat-regalos-de-navidad-para-la-familia","23":"product_cat-regalos-de-navidad-para-amigos","24":"product_cat-regalos-de-navidad-para-la-hermana","25":"product_cat-regalos-de-navidad-para-el-hermano","26":"product_cat-regalos-de-navidad-para-la-novia","27":"product_cat-regalos-de-navidad-para-el-novio","28":"product_cat-regalos-de-navidad-para-la-esposa","29":"product_cat-regalos-de-navidad-para-el-marido","30":"product_cat-regalos-de-navidad-para-los-companeros-de-trabajo","31":"product_cat-regalos-de-navidad-para-los-padres","32":"product_cat-regalos-de-navidad-para-los-ninos","33":"product_cat-regalos-para-amantes-de-los-perros","34":"product_tag-animals-es","35":"product_tag-creators-es-2","36":"product_tag-custom-dog-gifts-es","37":"product_tag-custom-photo-es","38":"product_tag-dog-lover-es","39":"product_tag-dog-mom-gifts-es","40":"product_tag-dog-owner-es","41":"product_tag-gifts-for-dog-owners-es","43":"first","44":"instock","45":"sale","46":"taxable","47":"shipping-taxable","48":"purchasable","49":"product-type-variable"},"yoast_head":"<!-- This site is optimized with the Yoast SEO Premium plugin v27.2 (Yoast SEO v27.2) - https:\/\/yoast.com\/product\/yoast-seo-premium-wordpress\/ -->\n<title>Retrato personalizado de perro - Positive Prints<\/title>\n<meta name=\"description\" content=\"Transforma tu foto favorita de tu perro en un retrato personalizado. Un regalo perfecto para los amantes de los perros para honrar a su mejor compa\u00f1ero con una obra de arte hecha con amor.\" \/>\n<meta name=\"robots\" content=\"index, follow, max-snippet:-1, max-image-preview:large, max-video-preview:-1\" \/>\n<link rel=\"canonical\" href=\"https:\/\/positiveprints.com\/es\/producto\/retrato-personalizado-de-perro\/\" \/>\n<meta property=\"og:locale\" content=\"es_ES\" \/>\n<meta property=\"og:type\" content=\"article\" \/>\n<meta property=\"og:title\" content=\"Retrato personalizado de perro\" \/>\n<meta property=\"og:description\" content=\"Sube tu foto favorita de tu mascota  2 revisiones disponibles a petici\u00f3n tuya  Rel\u00e1jate mientras nuestros artistas crean la obra maestra de tu mascota  Recibe una vista previa del dise\u00f1o en 2-3 d\u00edas laborales  Elige entre los distintos tama\u00f1os de impresi\u00f3n\" \/>\n<meta property=\"og:url\" content=\"https:\/\/positiveprints.com\/es\/producto\/retrato-personalizado-de-perro\/\" \/>\n<meta property=\"og:site_name\" content=\"Positive Prints\" \/>\n<meta property=\"article:publisher\" content=\"https:\/\/www.facebook.com\/positiveprintscom\" \/>\n<meta property=\"article:modified_time\" content=\"2026-04-12T18:22:37+00:00\" \/>\n<meta property=\"og:image\" content=\"https:\/\/positiveprints.com\/wp-content\/uploads\/2025\/08\/Packshot_ES_Retrato-personalizado-de-perro-1.webp\" \/>\n\t<meta property=\"og:image:width\" content=\"1450\" \/>\n\t<meta property=\"og:image:height\" content=\"1450\" \/>\n\t<meta property=\"og:image:type\" content=\"image\/webp\" \/>\n<meta name=\"twitter:card\" content=\"summary_large_image\" \/>\n<meta name=\"twitter:label1\" content=\"Tiempo de lectura\" \/>\n\t<meta name=\"twitter:data1\" content=\"1 minuto\" \/>\n<!-- \/ Yoast SEO Premium plugin. -->","yoast_head_json":{"title":"Retrato personalizado de perro - Positive Prints","description":"Transforma tu foto favorita de tu perro en un retrato personalizado. Un regalo perfecto para los amantes de los perros para honrar a su mejor compa\u00f1ero con una obra de arte hecha con amor.","robots":{"index":"index","follow":"follow","max-snippet":"max-snippet:-1","max-image-preview":"max-image-preview:large","max-video-preview":"max-video-preview:-1"},"canonical":"https:\/\/positiveprints.com\/es\/producto\/retrato-personalizado-de-perro\/","og_locale":"es_ES","og_type":"article","og_title":"Retrato personalizado de perro","og_description":"Sube tu foto favorita de tu mascota  2 revisiones disponibles a petici\u00f3n tuya  Rel\u00e1jate mientras nuestros artistas crean la obra maestra de tu mascota  Recibe una vista previa del dise\u00f1o en 2-3 d\u00edas laborales  Elige entre los distintos tama\u00f1os de impresi\u00f3n","og_url":"https:\/\/positiveprints.com\/es\/producto\/retrato-personalizado-de-perro\/","og_site_name":"Positive Prints","article_publisher":"https:\/\/www.facebook.com\/positiveprintscom","article_modified_time":"2026-04-12T18:22:37+00:00","og_image":[{"width":1450,"height":1450,"url":"https:\/\/positiveprints.com\/wp-content\/uploads\/2025\/08\/Packshot_ES_Retrato-personalizado-de-perro-1.webp","type":"image\/webp"}],"twitter_card":"summary_large_image","twitter_misc":{"Tiempo de lectura":"1 minuto"},"schema":{"@context":"https:\/\/schema.org","@graph":[{"@type":["WebPage","ItemPage"],"@id":"https:\/\/positiveprints.com\/es\/producto\/retrato-personalizado-de-perro\/","url":"https:\/\/positiveprints.com\/es\/producto\/retrato-personalizado-de-perro\/","name":"Retrato personalizado de perro - Positive Prints","isPartOf":{"@id":"https:\/\/positiveprints.com\/es\/#website"},"primaryImageOfPage":{"@id":"https:\/\/positiveprints.com\/es\/producto\/retrato-personalizado-de-perro\/#primaryimage"},"image":{"@id":"https:\/\/positiveprints.com\/es\/producto\/retrato-personalizado-de-perro\/#primaryimage"},"thumbnailUrl":"https:\/\/positiveprints.com\/wp-content\/uploads\/2025\/08\/Packshot_ES_Retrato-personalizado-de-perro-1.webp","datePublished":"2025-08-04T11:18:57+00:00","dateModified":"2026-04-12T18:22:37+00:00","description":"Transforma tu foto favorita de tu perro en un retrato personalizado. Un regalo perfecto para los amantes de los perros para honrar a su mejor compa\u00f1ero con una obra de arte hecha con amor.","breadcrumb":{"@id":"https:\/\/positiveprints.com\/es\/producto\/retrato-personalizado-de-perro\/#breadcrumb"},"inLanguage":"es","potentialAction":[{"@type":"ReadAction","target":["https:\/\/positiveprints.com\/es\/producto\/retrato-personalizado-de-perro\/"]}]},{"@type":"ImageObject","inLanguage":"es","@id":"https:\/\/positiveprints.com\/es\/producto\/retrato-personalizado-de-perro\/#primaryimage","url":"https:\/\/positiveprints.com\/wp-content\/uploads\/2025\/08\/Packshot_ES_Retrato-personalizado-de-perro-1.webp","contentUrl":"https:\/\/positiveprints.com\/wp-content\/uploads\/2025\/08\/Packshot_ES_Retrato-personalizado-de-perro-1.webp","width":1450,"height":1450,"caption":"Packshot_ES_Retrato personalizado de perro"},{"@type":"BreadcrumbList","@id":"https:\/\/positiveprints.com\/es\/producto\/retrato-personalizado-de-perro\/#breadcrumb","itemListElement":[{"@type":"ListItem","position":1,"name":"CASA","item":"https:\/\/positiveprints.com\/es\/"},{"@type":"ListItem","position":2,"name":"Productos","item":"https:\/\/positiveprints.com\/es\/shop\/"},{"@type":"ListItem","position":3,"name":"Retrato personalizado de perro"}]},{"@type":"WebSite","@id":"https:\/\/positiveprints.com\/es\/#website","url":"https:\/\/positiveprints.com\/es\/","name":"Positive Prints","description":"Custom Gifts for Special Occasions","publisher":{"@id":"https:\/\/positiveprints.com\/es\/#organization"},"potentialAction":[{"@type":"SearchAction","target":{"@type":"EntryPoint","urlTemplate":"https:\/\/positiveprints.com\/es\/?s={search_term_string}"},"query-input":{"@type":"PropertyValueSpecification","valueRequired":true,"valueName":"search_term_string"}}],"inLanguage":"es"},{"@type":"Organization","@id":"https:\/\/positiveprints.com\/es\/#organization","name":"Positive Prints","alternateName":"Positive Prints","url":"https:\/\/positiveprints.com\/es\/","logo":{"@type":"ImageObject","inLanguage":"es","@id":"https:\/\/positiveprints.com\/es\/#\/schema\/logo\/image\/","url":"https:\/\/positiveprints.com\/wp-content\/uploads\/2026\/03\/245815646_1337939713319158_5671353136411139666_n.png","contentUrl":"https:\/\/positiveprints.com\/wp-content\/uploads\/2026\/03\/245815646_1337939713319158_5671353136411139666_n.png","width":800,"height":800,"caption":"Positive Prints"},"image":{"@id":"https:\/\/positiveprints.com\/es\/#\/schema\/logo\/image\/"},"sameAs":["https:\/\/www.facebook.com\/positiveprintscom","https:\/\/www.instagram.com\/positiveprintscom\/","https:\/\/www.tiktok.com\/@positiveprintscom","https:\/\/www.pinterest.com\/positiveprintscom\/"]}]}},"jetpack_sharing_enabled":true,"_links":{"self":[{"href":"https:\/\/positiveprints.com\/es\/wp-json\/wp\/v2\/product\/1484885","targetHints":{"allow":["GET"]}}],"collection":[{"href":"https:\/\/positiveprints.com\/es\/wp-json\/wp\/v2\/product"}],"about":[{"href":"https:\/\/positiveprints.com\/es\/wp-json\/wp\/v2\/types\/product"}],"wp:featuredmedia":[{"embeddable":true,"href":"https:\/\/positiveprints.com\/es\/wp-json\/wp\/v2\/media\/1503624"}],"wp:attachment":[{"href":"https:\/\/positiveprints.com\/es\/wp-json\/wp\/v2\/media?parent=1484885"}],"wp:term":[{"taxonomy":"product_brand","embeddable":true,"href":"https:\/\/positiveprints.com\/es\/wp-json\/wp\/v2\/product_brand?post=1484885"},{"taxonomy":"product_cat","embeddable":true,"href":"https:\/\/positiveprints.com\/es\/wp-json\/wp\/v2\/product_cat?post=1484885"},{"taxonomy":"product_tag","embeddable":true,"href":"https:\/\/positiveprints.com\/es\/wp-json\/wp\/v2\/product_tag?post=1484885"}],"curies":[{"name":"wp","href":"https:\/\/api.w.org\/{rel}","templated":true}]}}