{"id":1456141,"date":"2025-02-18T11:43:05","date_gmt":"2025-02-18T10:43:05","guid":{"rendered":"https:\/\/positiveprints.com\/product\/kocham-nas-fotokolaz\/"},"modified":"2026-04-23T10:41:33","modified_gmt":"2026-04-23T09:41:33","slug":"nosotros-collage-de-letras","status":"publish","type":"product","link":"https:\/\/positiveprints.com\/es\/producto\/nosotros-collage-de-letras\/","title":{"rendered":"Nosotros &#8211; Collage de letras"},"content":{"rendered":"","protected":false},"excerpt":{"rendered":"<ul class=\"check-list\">\n<li>Sube tus fotos favoritas y personaliza cada letra<\/li>\n<li>A\u00f1ade un mensaje personalizado para que tu dise\u00f1o sea \u00fanico y especial<\/li>\n<li>Usa nuestro editor para personalizar tu dise\u00f1o en 3 sencillos pasos<\/li>\n<li>Previsualiza tu dise\u00f1o r\u00e1pidamente gracias a la vista previa interactiva<\/li>\n<\/ul>\n","protected":false},"featured_media":1672141,"template":"","meta":[],"product_brand":[],"product_cat":[9124,106,7805,3119,11249,11250],"product_tag":[14923,14933,14945,14931,14937,14939,14922,14929,14940,14187,14947,14943,14925,14927,14944,14946,14948,14942,14924],"class_list":{"0":"post-1456141","1":"product","2":"type-product","3":"status-publish","4":"has-post-thumbnail","6":"product_cat-photo-letter-es","7":"product_cat-todos-los-productos","8":"product_cat-regalos-para-parejas","9":"product_cat-regalos-de-san-valentin","10":"product_cat-regalos-de-san-valentin-mujeres","11":"product_cat-regalos-de-san-valentin-hombres","12":"product_tag-anniversary-es","13":"product_tag-anniversary-gift-es","14":"product_tag-anniversary-gifts-es","15":"product_tag-anniversary-present-es","16":"product_tag-couple-gift-es-2","17":"product_tag-gift-for-couple-es","18":"product_tag-love-es","19":"product_tag-love-gift-es","20":"product_tag-personalized-gift-es","21":"product_tag-regalo-romantico-es","22":"product_tag-romantic-gifts-es","23":"product_tag-sentimental-gift-es","24":"product_tag-special-occasion-es-2","25":"product_tag-thoughtful-gift-es","26":"product_tag-unique-gift-es","27":"product_tag-valentines-day-gifts-es","28":"product_tag-valentines-day-es","29":"product_tag-valentines-day-gift-es","30":"product_tag-wedding-anniversary-es","32":"first","33":"instock","34":"sale","35":"taxable","36":"shipping-taxable","37":"purchasable","38":"product-type-variable"},"yoast_head":"<!-- This site is optimized with the Yoast SEO Premium plugin v27.2 (Yoast SEO v27.2) - https:\/\/yoast.com\/product\/yoast-seo-premium-wordpress\/ -->\n<title>Nosotros - Collage de letras - Positive Prints<\/title>\n<meta name=\"description\" content=\"\u00bfBuscas un regalo especial? Convierte tus fotos favoritas en pareja en un precioso collage: un recuerdo emotivo para San Valent\u00edn o vuestro aniversario.\" \/>\n<meta name=\"robots\" content=\"index, follow, max-snippet:-1, max-image-preview:large, max-video-preview:-1\" \/>\n<link rel=\"canonical\" href=\"https:\/\/positiveprints.com\/es\/producto\/nosotros-collage-de-letras\/\" \/>\n<meta property=\"og:locale\" content=\"es_ES\" \/>\n<meta property=\"og:type\" content=\"article\" \/>\n<meta property=\"og:title\" content=\"Nosotros - Collage de letras\" \/>\n<meta property=\"og:description\" content=\"Sube tus fotos favoritas y personaliza cada letra  A\u00f1ade un mensaje personalizado para que tu dise\u00f1o sea \u00fanico y especial  Usa nuestro editor para personalizar tu dise\u00f1o en 3 sencillos pasos  Previsualiza tu dise\u00f1o r\u00e1pidamente gracias a la vista previa interactiva\" \/>\n<meta property=\"og:url\" content=\"https:\/\/positiveprints.com\/es\/producto\/nosotros-collage-de-letras\/\" \/>\n<meta property=\"og:site_name\" content=\"Positive Prints\" \/>\n<meta property=\"article:publisher\" content=\"https:\/\/www.facebook.com\/positiveprintscom\" \/>\n<meta property=\"article:modified_time\" content=\"2026-04-23T09:41:33+00:00\" \/>\n<meta property=\"og:image\" content=\"https:\/\/positiveprints.com\/wp-content\/uploads\/2025\/06\/Packshot_ES_Nosotros-Collage.webp\" \/>\n\t<meta property=\"og:image:width\" content=\"1450\" \/>\n\t<meta property=\"og:image:height\" content=\"1450\" \/>\n\t<meta property=\"og:image:type\" content=\"image\/webp\" \/>\n<meta name=\"twitter:card\" content=\"summary_large_image\" \/>\n<!-- \/ Yoast SEO Premium plugin. -->","yoast_head_json":{"title":"Nosotros - Collage de letras - Positive Prints","description":"\u00bfBuscas un regalo especial? Convierte tus fotos favoritas en pareja en un precioso collage: un recuerdo emotivo para San Valent\u00edn o vuestro aniversario.","robots":{"index":"index","follow":"follow","max-snippet":"max-snippet:-1","max-image-preview":"max-image-preview:large","max-video-preview":"max-video-preview:-1"},"canonical":"https:\/\/positiveprints.com\/es\/producto\/nosotros-collage-de-letras\/","og_locale":"es_ES","og_type":"article","og_title":"Nosotros - Collage de letras","og_description":"Sube tus fotos favoritas y personaliza cada letra  A\u00f1ade un mensaje personalizado para que tu dise\u00f1o sea \u00fanico y especial  Usa nuestro editor para personalizar tu dise\u00f1o en 3 sencillos pasos  Previsualiza tu dise\u00f1o r\u00e1pidamente gracias a la vista previa interactiva","og_url":"https:\/\/positiveprints.com\/es\/producto\/nosotros-collage-de-letras\/","og_site_name":"Positive Prints","article_publisher":"https:\/\/www.facebook.com\/positiveprintscom","article_modified_time":"2026-04-23T09:41:33+00:00","og_image":[{"width":1450,"height":1450,"url":"https:\/\/positiveprints.com\/wp-content\/uploads\/2025\/06\/Packshot_ES_Nosotros-Collage.webp","type":"image\/webp"}],"twitter_card":"summary_large_image","schema":{"@context":"https:\/\/schema.org","@graph":[{"@type":["WebPage","ItemPage"],"@id":"https:\/\/positiveprints.com\/es\/producto\/nosotros-collage-de-letras\/","url":"https:\/\/positiveprints.com\/es\/producto\/nosotros-collage-de-letras\/","name":"Nosotros - Collage de letras - Positive Prints","isPartOf":{"@id":"https:\/\/positiveprints.com\/es\/#website"},"primaryImageOfPage":{"@id":"https:\/\/positiveprints.com\/es\/producto\/nosotros-collage-de-letras\/#primaryimage"},"image":{"@id":"https:\/\/positiveprints.com\/es\/producto\/nosotros-collage-de-letras\/#primaryimage"},"thumbnailUrl":"https:\/\/positiveprints.com\/wp-content\/uploads\/2026\/03\/collage-de-fotos-Amo-lo-nuestro_ES.webp","datePublished":"2025-02-18T10:43:05+00:00","dateModified":"2026-04-23T09:41:33+00:00","description":"\u00bfBuscas un regalo especial? Convierte tus fotos favoritas en pareja en un precioso collage: un recuerdo emotivo para San Valent\u00edn o vuestro aniversario.","breadcrumb":{"@id":"https:\/\/positiveprints.com\/es\/producto\/nosotros-collage-de-letras\/#breadcrumb"},"inLanguage":"es","potentialAction":[{"@type":"ReadAction","target":["https:\/\/positiveprints.com\/es\/producto\/nosotros-collage-de-letras\/"]}]},{"@type":"ImageObject","inLanguage":"es","@id":"https:\/\/positiveprints.com\/es\/producto\/nosotros-collage-de-letras\/#primaryimage","url":"https:\/\/positiveprints.com\/wp-content\/uploads\/2026\/03\/collage-de-fotos-Amo-lo-nuestro_ES.webp","contentUrl":"https:\/\/positiveprints.com\/wp-content\/uploads\/2026\/03\/collage-de-fotos-Amo-lo-nuestro_ES.webp","width":1450,"height":1450},{"@type":"BreadcrumbList","@id":"https:\/\/positiveprints.com\/es\/producto\/nosotros-collage-de-letras\/#breadcrumb","itemListElement":[{"@type":"ListItem","position":1,"name":"CASA","item":"https:\/\/positiveprints.com\/es\/"},{"@type":"ListItem","position":2,"name":"Productos","item":"https:\/\/positiveprints.com\/es\/shop\/"},{"@type":"ListItem","position":3,"name":"Nosotros &#8211; Collage de letras"}]},{"@type":"WebSite","@id":"https:\/\/positiveprints.com\/es\/#website","url":"https:\/\/positiveprints.com\/es\/","name":"Positive Prints","description":"Custom Gifts for Special Occasions","publisher":{"@id":"https:\/\/positiveprints.com\/es\/#organization"},"potentialAction":[{"@type":"SearchAction","target":{"@type":"EntryPoint","urlTemplate":"https:\/\/positiveprints.com\/es\/?s={search_term_string}"},"query-input":{"@type":"PropertyValueSpecification","valueRequired":true,"valueName":"search_term_string"}}],"inLanguage":"es"},{"@type":"Organization","@id":"https:\/\/positiveprints.com\/es\/#organization","name":"Positive Prints","alternateName":"Positive Prints ","url":"https:\/\/positiveprints.com\/es\/","logo":{"@type":"ImageObject","inLanguage":"es","@id":"https:\/\/positiveprints.com\/es\/#\/schema\/logo\/image\/","url":"https:\/\/positiveprints.com\/wp-content\/uploads\/2026\/03\/245815646_1337939713319158_5671353136411139666_n.png","contentUrl":"https:\/\/positiveprints.com\/wp-content\/uploads\/2026\/03\/245815646_1337939713319158_5671353136411139666_n.png","width":800,"height":800,"caption":"Positive Prints"},"image":{"@id":"https:\/\/positiveprints.com\/es\/#\/schema\/logo\/image\/"},"sameAs":["https:\/\/www.facebook.com\/positiveprintscom","https:\/\/www.instagram.com\/positiveprintscom\/","https:\/\/www.tiktok.com\/@positiveprintscom","https:\/\/www.pinterest.com\/positiveprintscom\/"]}]}},"jetpack_sharing_enabled":true,"_links":{"self":[{"href":"https:\/\/positiveprints.com\/es\/wp-json\/wp\/v2\/product\/1456141","targetHints":{"allow":["GET"]}}],"collection":[{"href":"https:\/\/positiveprints.com\/es\/wp-json\/wp\/v2\/product"}],"about":[{"href":"https:\/\/positiveprints.com\/es\/wp-json\/wp\/v2\/types\/product"}],"wp:featuredmedia":[{"embeddable":true,"href":"https:\/\/positiveprints.com\/es\/wp-json\/wp\/v2\/media\/1672141"}],"wp:attachment":[{"href":"https:\/\/positiveprints.com\/es\/wp-json\/wp\/v2\/media?parent=1456141"}],"wp:term":[{"taxonomy":"product_brand","embeddable":true,"href":"https:\/\/positiveprints.com\/es\/wp-json\/wp\/v2\/product_brand?post=1456141"},{"taxonomy":"product_cat","embeddable":true,"href":"https:\/\/positiveprints.com\/es\/wp-json\/wp\/v2\/product_cat?post=1456141"},{"taxonomy":"product_tag","embeddable":true,"href":"https:\/\/positiveprints.com\/es\/wp-json\/wp\/v2\/product_tag?post=1456141"}],"curies":[{"name":"wp","href":"https:\/\/api.w.org\/{rel}","templated":true}]}}