{"id":145101,"date":"2021-09-06T13:05:07","date_gmt":"2021-09-06T12:05:07","guid":{"rendered":"https:\/\/positiveprints.com\/?post_type=product&#038;p=145101"},"modified":"2026-04-18T08:04:52","modified_gmt":"2026-04-18T07:04:52","slug":"hola-serias-acepto","status":"publish","type":"product","link":"https:\/\/positiveprints.com\/es\/producto\/hola-serias-acepto\/","title":{"rendered":"Hola. \u00bfSer\u00edas? \u00a1Acepto!"},"content":{"rendered":"<p>El mejor regalo de bodas es aquel que viene del coraz\u00f3n y te recuerda lo especial que ha sido encontrar a tu verdadero amor. Celebra los momentos m\u00e1s importantes de su uni\u00f3n con este mapa llamado Hola, Ser\u00edas, Acepto.<\/p>\r\n\r\n\r\n\r\n<h2 class=\"grenB f24 cblue\" style=\"margin-top: 3rem\">\u00bfQu\u00e9 es un mapa Hola, Ser\u00edas, Acepto?<\/h2>\r\n\r\n\r\n\r\n<p style=\"margin-top: 1rem\">Primero se conocieron, y sus vidas dejaron de ser las mismas. Entonces decidieron que simplemente no pod\u00edan vivir el uno sin el otro y eligieron pasar la eternidad, juntos. Y luego, despu\u00e9s de semanas, meses, o incluso a\u00f1os de planeaci\u00f3n, por fin caminaste hacia el altar y pronunciaste las bellas palabras: \u2018s\u00ed, acepto\u2019.<\/p>\r\n\r\n\r\n\r\n<p style=\"margin-top: 1rem\">Cada uno de estos hermosos momentos tuvo su propio tiempo y lugar. No importa d\u00f3nde o cu\u00e1ndo ocurri\u00f3 la magia, un mapa como Hola, Ser\u00edas, Acepto te ayuda a capturar estos preciosos eventos para saborearlos durante toda la vida.<\/p>\r\n\r\n\r\n\r\n<p style=\"margin-top: 1rem\">Cada dise\u00f1o incluye una serie de tres mapas diferentes: uno que indica el lugar de su primera cita o el lugar donde se conocieron por primera vez; otro que muestra d\u00f3nde te arrodillaste; y por \u00faltimo, pero no menos importante, el lugar de la recepci\u00f3n de la boda. Cada uno de estos lugares siempre tendr\u00e1 un lugar especial en su coraz\u00f3n, y no hay mejor manera de rendir homenaje que convertir esos maravillosos recuerdos en una hermosa obra de arte.<\/p>\r\n\r\n\r\n\r\n<h2 class=\"grenB f24 cblue\" style=\"margin-top: 3rem\">C\u00f3mo dise\u00f1ar tu regalo de bodas personalizado<\/h2>\r\n\r\n\r\n\r\n<p style=\"margin-top: 1rem\">El mapa Hola, Ser\u00edas, Acepto es uno de los regalos favoritos entre las parejas. Cada mapa relata una historia \u00fanica y Positive Prints deja las adivinanzas de lado para que puedas crear un hermoso mapa desde cero.<\/p>\r\n\r\n\r\n\r\n<p style=\"margin-top: 1rem\"><b>Paso 1: Selecciona tu dise\u00f1o<\/b><\/p>\r\n\r\n\r\n\r\n<p style=\"margin-top: 1rem\">Cada uno de nuestros mapas Hola, Ser\u00edas, Acepto cuenta con m\u00faltiples opciones de dise\u00f1o, as\u00ed como diferentes figuras y esquemas de color. Al elegir el dise\u00f1o que m\u00e1s te guste, tendr\u00e1s la oportunidad de compartir tu historia de amor con el mundo.<\/p>\r\n\r\n\r\n\r\n<p style=\"margin-top: 1rem\"><b>Paso 2: Enc\u00e1rgate de los peque\u00f1os detalles<\/b><\/p>\r\n\r\n\r\n\r\n<p style=\"margin-top: 1rem\">Para que tu mapa sea completamente personalizado, puedes agregar l\u00edneas de texto (como la letra de la canci\u00f3n favorita de tu ser amado, una frase, cita o un refr\u00e1n que les guste, etc.), as\u00ed como la ubicaci\u00f3n de los momentos m\u00e1s importantes en sus vidas. \u00a1Agrega el marcador que m\u00e1s te guste y haz esos lugares brillar!<\/p>\r\n\r\n\r\n\r\n<p style=\"margin-top: 1rem\"><b>Paso 3: Elige tu m\u00e9todo de entrega<\/b><\/p>\r\n\r\n\r\n\r\n<p style=\"margin-top: 1rem\">Contamos con diversos m\u00e9todos de entrega. Disfruta de un env\u00edo internacional r\u00e1pido en todas nuestras impresiones, como p\u00f3steres, p\u00f3steres enmarcados y lienzos. Si deseas que la entrega sea mucho m\u00e1s r\u00e1pida, selecciona la opci\u00f3n de descarga digital e imprime tu obra en alguna imprenta local cerca de casa. Todos nuestros mapas son de tama\u00f1o est\u00e1ndar para que puedas enmarcarlos f\u00e1cilmente y sin contratiempos.<\/p>\r\n\r\n\r\n\r\n<h2 class=\"grenB f24 cblue\" style=\"margin-top: 3rem\">Formas de mostrar tu mapa Hola, Ser\u00edas, Acepto<\/h2>\r\n\r\n\r\n\r\n<p style=\"margin-top: 1rem\">Muchos de nuestros clientes regalan esta clase de mapa en las bodas. Tambi\u00e9n puedes pedir tu propio mapa y mostrarlo en la recepci\u00f3n de tu boda para que los dem\u00e1s puedan ver todo el recorrido que hicieron juntos. Encuentra el marco perfecto y cu\u00e9lgalo para que todo aquel que entre a tu hogar tambi\u00e9n sea parte de tu historia de amor.<\/p>\r\n\r\n\r\n\r\n<h2 class=\"grenB f24 cblue\" style=\"margin-top: 3rem\">\u00a1Crea tu mapa personalizado hoy mismo!<\/h2>\r\n\r\n\r\n\r\n<p style=\"margin-top: 1rem\">\u00bfEst\u00e1s listo para crear tu mapa? \u00a1Positive Prints te facilitar\u00e1 todo el proceso! \u00a1Comienza hoy mismo y sorprende a tu ser amado con un mapa personalizado Hola, Ser\u00edas, Acepto! \u00a1Les encantar\u00e1 el detalle!<\/p>","protected":false},"excerpt":{"rendered":"<ul class=\"check-list\">\n<li>Marca direcciones exactas con el s\u00edmbolo de tu elecci\u00f3n<\/li>\n<li>Usa nuestro editor para personalizar tu dise\u00f1o en apenas tres pasos<\/li>\n<li>A\u00f1ade un mensaje personalizado para que\u00a0tu dise\u00f1o sea \u00fanico y especial<\/li>\n<li>Visualiza tu dise\u00f1o de forma r\u00e1pida usando la vista previa interactiva<\/li>\n<\/ul>\n","protected":false},"featured_media":1240732,"template":"","meta":[],"product_brand":[],"product_cat":[5334,9280,3124,7933,3119,5270,8215,11457,8189,11456,8012,11462,7757,7646,11455,7693,7805,11189,11188,11187,11250,11249,15850,9766,7231],"product_tag":[15522,11826,11821,11825,11820,15081],"class_list":{"0":"post-145101","1":"product","2":"type-product","3":"status-publish","4":"has-post-thumbnail","6":"product_cat-regalos-de-aniversario","7":"product_cat-bestsellers-label-es","8":"product_cat-regalos-de-boda","9":"product_cat-regalos-para-despedidas-de-soltera","10":"product_cat-regalos-de-san-valentin","11":"product_cat-regalos-de-navidad","12":"product_cat-para-el","13":"product_cat-regalos-de-navidad-para-el-marido","14":"product_cat-para-ella","15":"product_cat-regalos-de-navidad-para-hombre","16":"product_cat-regalos-para-hombres","17":"product_cat-regalos-de-navidad-para-la-esposa","18":"product_cat-regalos-para-mi-esposa","19":"product_cat-regalos-para-mi-esposo","20":"product_cat-regalos-de-navidad-para-mujer","21":"product_cat-regalos-para-mujeres","22":"product_cat-regalos-para-parejas","23":"product_cat-regalos-de-aniversario-para-el","24":"product_cat-regalos-de-aniversario-para-ella","25":"product_cat-regalos-de-aniversario-para-pareja","26":"product_cat-regalos-de-san-valentin-hombres","27":"product_cat-regalos-de-san-valentin-mujeres","28":"product_cat-shop-bestsellers-es","29":"product_cat-trending-label-es","30":"product_cat-triple-maps-es","31":"product_tag-nuestra-historia-de-amor","32":"product_tag-regalos-de-navidad-para-el","33":"product_tag-regalos-de-navidad-para-el-marido","34":"product_tag-regalos-de-navidad-para-ella","35":"product_tag-regalos-de-navidad-para-la-esposa","36":"product_tag-wedding-es-2","38":"first","39":"instock","40":"sale","41":"taxable","42":"shipping-taxable","43":"purchasable","44":"product-type-variable"},"yoast_head":"<!-- This site is optimized with the Yoast SEO Premium plugin v27.2 (Yoast SEO v27.2) - https:\/\/yoast.com\/product\/yoast-seo-premium-wordpress\/ -->\n<title>Hola. \u00bfSer\u00edas? \u00a1Acepto! - Positive Prints<\/title>\n<meta name=\"description\" content=\"Casarte con tu mejor amigo es una oportunidad \u00fanica e inigualable. Atesora los momentos m\u00e1s especiales de vuestra relaci\u00f3n con este mapa llamado Hola Aceptas, Acepto.\" \/>\n<meta name=\"robots\" content=\"index, follow, max-snippet:-1, max-image-preview:large, max-video-preview:-1\" \/>\n<link rel=\"canonical\" href=\"https:\/\/positiveprints.com\/es\/producto\/hola-serias-acepto\/\" \/>\n<meta property=\"og:locale\" content=\"es_ES\" \/>\n<meta property=\"og:type\" content=\"article\" \/>\n<meta property=\"og:title\" content=\"Hola. \u00bfSer\u00edas? \u00a1Acepto!\" \/>\n<meta property=\"og:description\" content=\"Marca direcciones exactas con el s\u00edmbolo de tu elecci\u00f3n Usa nuestro editor para personalizar tu dise\u00f1o en apenas tres pasos A\u00f1ade un mensaje personalizado para que\u00a0tu dise\u00f1o sea \u00fanico y especial Visualiza tu dise\u00f1o de forma r\u00e1pida usando la vista previa interactiva\" \/>\n<meta property=\"og:url\" content=\"https:\/\/positiveprints.com\/es\/producto\/hola-serias-acepto\/\" \/>\n<meta property=\"og:site_name\" content=\"Positive Prints\" \/>\n<meta property=\"article:publisher\" content=\"https:\/\/www.facebook.com\/positiveprintscom\" \/>\n<meta property=\"article:modified_time\" content=\"2026-04-18T07:04:52+00:00\" \/>\n<meta property=\"og:image\" content=\"https:\/\/positiveprints.com\/wp-content\/uploads\/2024\/10\/Packshot_ES_Hello-WIll-you-I-do-product-image.webp\" \/>\n\t<meta property=\"og:image:width\" content=\"1450\" \/>\n\t<meta property=\"og:image:height\" content=\"1450\" \/>\n\t<meta property=\"og:image:type\" content=\"image\/webp\" \/>\n<meta name=\"twitter:card\" content=\"summary_large_image\" \/>\n<meta name=\"twitter:label1\" content=\"Tiempo de lectura\" \/>\n\t<meta name=\"twitter:data1\" content=\"3 minutos\" \/>\n<!-- \/ Yoast SEO Premium plugin. -->","yoast_head_json":{"title":"Hola. \u00bfSer\u00edas? \u00a1Acepto! - Positive Prints","description":"Casarte con tu mejor amigo es una oportunidad \u00fanica e inigualable. Atesora los momentos m\u00e1s especiales de vuestra relaci\u00f3n con este mapa llamado Hola Aceptas, Acepto.","robots":{"index":"index","follow":"follow","max-snippet":"max-snippet:-1","max-image-preview":"max-image-preview:large","max-video-preview":"max-video-preview:-1"},"canonical":"https:\/\/positiveprints.com\/es\/producto\/hola-serias-acepto\/","og_locale":"es_ES","og_type":"article","og_title":"Hola. \u00bfSer\u00edas? \u00a1Acepto!","og_description":"Marca direcciones exactas con el s\u00edmbolo de tu elecci\u00f3n Usa nuestro editor para personalizar tu dise\u00f1o en apenas tres pasos A\u00f1ade un mensaje personalizado para que\u00a0tu dise\u00f1o sea \u00fanico y especial Visualiza tu dise\u00f1o de forma r\u00e1pida usando la vista previa interactiva","og_url":"https:\/\/positiveprints.com\/es\/producto\/hola-serias-acepto\/","og_site_name":"Positive Prints","article_publisher":"https:\/\/www.facebook.com\/positiveprintscom","article_modified_time":"2026-04-18T07:04:52+00:00","og_image":[{"width":1450,"height":1450,"url":"https:\/\/positiveprints.com\/wp-content\/uploads\/2024\/10\/Packshot_ES_Hello-WIll-you-I-do-product-image.webp","type":"image\/webp"}],"twitter_card":"summary_large_image","twitter_misc":{"Tiempo de lectura":"3 minutos"},"schema":{"@context":"https:\/\/schema.org","@graph":[{"@type":["WebPage","ItemPage"],"@id":"https:\/\/positiveprints.com\/es\/producto\/hola-serias-acepto\/","url":"https:\/\/positiveprints.com\/es\/producto\/hola-serias-acepto\/","name":"Hola. \u00bfSer\u00edas? \u00a1Acepto! - Positive Prints","isPartOf":{"@id":"https:\/\/positiveprints.com\/es\/#website"},"primaryImageOfPage":{"@id":"https:\/\/positiveprints.com\/es\/producto\/hola-serias-acepto\/#primaryimage"},"image":{"@id":"https:\/\/positiveprints.com\/es\/producto\/hola-serias-acepto\/#primaryimage"},"thumbnailUrl":"https:\/\/positiveprints.com\/wp-content\/uploads\/2024\/10\/Packshot_ES_Hello-WIll-you-I-do-product-image.webp","datePublished":"2021-09-06T12:05:07+00:00","dateModified":"2026-04-18T07:04:52+00:00","description":"Casarte con tu mejor amigo es una oportunidad \u00fanica e inigualable. Atesora los momentos m\u00e1s especiales de vuestra relaci\u00f3n con este mapa llamado Hola Aceptas, Acepto.","breadcrumb":{"@id":"https:\/\/positiveprints.com\/es\/producto\/hola-serias-acepto\/#breadcrumb"},"inLanguage":"es","potentialAction":[{"@type":"ReadAction","target":["https:\/\/positiveprints.com\/es\/producto\/hola-serias-acepto\/"]}]},{"@type":"ImageObject","inLanguage":"es","@id":"https:\/\/positiveprints.com\/es\/producto\/hola-serias-acepto\/#primaryimage","url":"https:\/\/positiveprints.com\/wp-content\/uploads\/2024\/10\/Packshot_ES_Hello-WIll-you-I-do-product-image.webp","contentUrl":"https:\/\/positiveprints.com\/wp-content\/uploads\/2024\/10\/Packshot_ES_Hello-WIll-you-I-do-product-image.webp","width":1450,"height":1450},{"@type":"BreadcrumbList","@id":"https:\/\/positiveprints.com\/es\/producto\/hola-serias-acepto\/#breadcrumb","itemListElement":[{"@type":"ListItem","position":1,"name":"CASA","item":"https:\/\/positiveprints.com\/es\/"},{"@type":"ListItem","position":2,"name":"Productos","item":"https:\/\/positiveprints.com\/es\/shop\/"},{"@type":"ListItem","position":3,"name":"Hola. \u00bfSer\u00edas? \u00a1Acepto!"}]},{"@type":"WebSite","@id":"https:\/\/positiveprints.com\/es\/#website","url":"https:\/\/positiveprints.com\/es\/","name":"Positive Prints","description":"Custom Gifts for Special Occasions","publisher":{"@id":"https:\/\/positiveprints.com\/es\/#organization"},"potentialAction":[{"@type":"SearchAction","target":{"@type":"EntryPoint","urlTemplate":"https:\/\/positiveprints.com\/es\/?s={search_term_string}"},"query-input":{"@type":"PropertyValueSpecification","valueRequired":true,"valueName":"search_term_string"}}],"inLanguage":"es"},{"@type":"Organization","@id":"https:\/\/positiveprints.com\/es\/#organization","name":"Positive Prints","alternateName":"Positive Prints","url":"https:\/\/positiveprints.com\/es\/","logo":{"@type":"ImageObject","inLanguage":"es","@id":"https:\/\/positiveprints.com\/es\/#\/schema\/logo\/image\/","url":"https:\/\/positiveprints.com\/wp-content\/uploads\/2026\/03\/245815646_1337939713319158_5671353136411139666_n.png","contentUrl":"https:\/\/positiveprints.com\/wp-content\/uploads\/2026\/03\/245815646_1337939713319158_5671353136411139666_n.png","width":800,"height":800,"caption":"Positive Prints"},"image":{"@id":"https:\/\/positiveprints.com\/es\/#\/schema\/logo\/image\/"},"sameAs":["https:\/\/www.facebook.com\/positiveprintscom","https:\/\/www.instagram.com\/positiveprintscom\/","https:\/\/www.tiktok.com\/@positiveprintscom","https:\/\/www.pinterest.com\/positiveprintscom\/"]}]}},"jetpack_sharing_enabled":true,"_links":{"self":[{"href":"https:\/\/positiveprints.com\/es\/wp-json\/wp\/v2\/product\/145101","targetHints":{"allow":["GET"]}}],"collection":[{"href":"https:\/\/positiveprints.com\/es\/wp-json\/wp\/v2\/product"}],"about":[{"href":"https:\/\/positiveprints.com\/es\/wp-json\/wp\/v2\/types\/product"}],"wp:featuredmedia":[{"embeddable":true,"href":"https:\/\/positiveprints.com\/es\/wp-json\/wp\/v2\/media\/1240732"}],"wp:attachment":[{"href":"https:\/\/positiveprints.com\/es\/wp-json\/wp\/v2\/media?parent=145101"}],"wp:term":[{"taxonomy":"product_brand","embeddable":true,"href":"https:\/\/positiveprints.com\/es\/wp-json\/wp\/v2\/product_brand?post=145101"},{"taxonomy":"product_cat","embeddable":true,"href":"https:\/\/positiveprints.com\/es\/wp-json\/wp\/v2\/product_cat?post=145101"},{"taxonomy":"product_tag","embeddable":true,"href":"https:\/\/positiveprints.com\/es\/wp-json\/wp\/v2\/product_tag?post=145101"}],"curies":[{"name":"wp","href":"https:\/\/api.w.org\/{rel}","templated":true}]}}