{"id":1445223,"date":"2025-06-06T13:40:46","date_gmt":"2025-06-06T11:40:46","guid":{"rendered":"https:\/\/positiveprints.com\/?post_type=product&#038;p=1445223"},"modified":"2026-04-03T02:27:32","modified_gmt":"2026-04-03T01:27:32","slug":"poster-de-definicion-de-la-hija","status":"publish","type":"product","link":"https:\/\/positiveprints.com\/es\/producto\/poster-de-definicion-de-la-hija\/","title":{"rendered":"P\u00f3ster de definici\u00f3n de la hija"},"content":{"rendered":"","protected":false},"excerpt":{"rendered":"<ul class=\"check-list\">\n<li>Haz tu definici\u00f3n personal<\/li>\n<li>A\u00f1ade tu propia foto<\/li>\n<li>Personal\u00edzalo en 3 sencillos pasos<\/li>\n<li>Previsualiza el resultado en segundos: la vista previa interactiva te permite ajustar cada detalle<\/li>\n<\/ul>\n","protected":false},"featured_media":1446111,"template":"","meta":[],"product_brand":[],"product_cat":[9526,106,5270,11458,7773],"product_tag":[17327,17014,13349,16996,17204,16676,16674,17130],"class_list":{"0":"post-1445223","1":"product","2":"type-product","3":"status-publish","4":"has-post-thumbnail","6":"product_cat-definicion","7":"product_cat-todos-los-productos","8":"product_cat-regalos-de-navidad","9":"product_cat-regalos-de-navidad-para-los-ninos","10":"product_cat-regalos-para-mi-hija","11":"product_tag-regalo-de-cumpleanos-para-hija","12":"product_tag-regalo-de-madre-a-hija","13":"product_tag-regalo-de-navidad-para-una-hija","14":"product_tag-regalo-de-padre-a-hija","15":"product_tag-regalo-para-hija","16":"product_tag-regalos-de-mama-a-hija","17":"product_tag-regalos-de-papa-a-hija","18":"product_tag-regalos-para-hija","20":"first","21":"instock","22":"sale","23":"taxable","24":"shipping-taxable","25":"purchasable","26":"product-type-variable"},"yoast_head":"<!-- This site is optimized with the Yoast SEO Premium plugin v27.2 (Yoast SEO v27.2) - https:\/\/yoast.com\/product\/yoast-seo-premium-wordpress\/ -->\n<title>P\u00f3ster de definici\u00f3n de la hija - Positive Prints<\/title>\n<meta name=\"description\" content=\"Un regalo emotivo para tu hija. Este p\u00f3ster con definici\u00f3n demuestra lo \u00fanica y especial que es y el v\u00ednculo especial que ten\u00e9is. Perfecto para cumplea\u00f1os o simplemente para demostrarle lo mucho que la quieres.\" \/>\n<meta name=\"robots\" content=\"index, follow, max-snippet:-1, max-image-preview:large, max-video-preview:-1\" \/>\n<link rel=\"canonical\" href=\"https:\/\/positiveprints.com\/es\/producto\/poster-de-definicion-de-la-hija\/\" \/>\n<meta property=\"og:locale\" content=\"es_ES\" \/>\n<meta property=\"og:type\" content=\"article\" \/>\n<meta property=\"og:title\" content=\"P\u00f3ster de definici\u00f3n de la hija\" \/>\n<meta property=\"og:description\" content=\"Haz tu definici\u00f3n personal  A\u00f1ade tu propia foto  Personal\u00edzalo en 3 sencillos pasos  Previsualiza el resultado en segundos: la vista previa interactiva te permite ajustar cada detalle\" \/>\n<meta property=\"og:url\" content=\"https:\/\/positiveprints.com\/es\/producto\/poster-de-definicion-de-la-hija\/\" \/>\n<meta property=\"og:site_name\" content=\"Positive Prints\" \/>\n<meta property=\"article:publisher\" content=\"https:\/\/www.facebook.com\/positiveprintscom\" \/>\n<meta property=\"article:modified_time\" content=\"2026-04-03T01:27:32+00:00\" \/>\n<meta property=\"og:image\" content=\"https:\/\/positiveprints.com\/wp-content\/uploads\/2026\/03\/Open-graph-2026-1200x630-1.jpg\" \/>\n\t<meta property=\"og:image:width\" content=\"1200\" \/>\n\t<meta property=\"og:image:height\" content=\"630\" \/>\n\t<meta property=\"og:image:type\" content=\"image\/jpeg\" \/>\n<meta name=\"twitter:card\" content=\"summary_large_image\" \/>\n<!-- \/ Yoast SEO Premium plugin. -->","yoast_head_json":{"title":"P\u00f3ster de definici\u00f3n de la hija - Positive Prints","description":"Un regalo emotivo para tu hija. Este p\u00f3ster con definici\u00f3n demuestra lo \u00fanica y especial que es y el v\u00ednculo especial que ten\u00e9is. Perfecto para cumplea\u00f1os o simplemente para demostrarle lo mucho que la quieres.","robots":{"index":"index","follow":"follow","max-snippet":"max-snippet:-1","max-image-preview":"max-image-preview:large","max-video-preview":"max-video-preview:-1"},"canonical":"https:\/\/positiveprints.com\/es\/producto\/poster-de-definicion-de-la-hija\/","og_locale":"es_ES","og_type":"article","og_title":"P\u00f3ster de definici\u00f3n de la hija","og_description":"Haz tu definici\u00f3n personal  A\u00f1ade tu propia foto  Personal\u00edzalo en 3 sencillos pasos  Previsualiza el resultado en segundos: la vista previa interactiva te permite ajustar cada detalle","og_url":"https:\/\/positiveprints.com\/es\/producto\/poster-de-definicion-de-la-hija\/","og_site_name":"Positive Prints","article_publisher":"https:\/\/www.facebook.com\/positiveprintscom","article_modified_time":"2026-04-03T01:27:32+00:00","og_image":[{"width":1200,"height":630,"url":"https:\/\/positiveprints.com\/wp-content\/uploads\/2026\/03\/Open-graph-2026-1200x630-1.jpg","type":"image\/jpeg"}],"twitter_card":"summary_large_image","schema":{"@context":"https:\/\/schema.org","@graph":[{"@type":["WebPage","ItemPage"],"@id":"https:\/\/positiveprints.com\/es\/producto\/poster-de-definicion-de-la-hija\/","url":"https:\/\/positiveprints.com\/es\/producto\/poster-de-definicion-de-la-hija\/","name":"P\u00f3ster de definici\u00f3n de la hija - Positive Prints","isPartOf":{"@id":"https:\/\/positiveprints.com\/es\/#website"},"primaryImageOfPage":{"@id":"https:\/\/positiveprints.com\/es\/producto\/poster-de-definicion-de-la-hija\/#primaryimage"},"image":{"@id":"https:\/\/positiveprints.com\/es\/producto\/poster-de-definicion-de-la-hija\/#primaryimage"},"thumbnailUrl":"https:\/\/positiveprints.com\/wp-content\/uploads\/2025\/06\/Packshot_ES_definicion_de_la_hija.webp","datePublished":"2025-06-06T11:40:46+00:00","dateModified":"2026-04-03T01:27:32+00:00","description":"Un regalo emotivo para tu hija. Este p\u00f3ster con definici\u00f3n demuestra lo \u00fanica y especial que es y el v\u00ednculo especial que ten\u00e9is. Perfecto para cumplea\u00f1os o simplemente para demostrarle lo mucho que la quieres.","breadcrumb":{"@id":"https:\/\/positiveprints.com\/es\/producto\/poster-de-definicion-de-la-hija\/#breadcrumb"},"inLanguage":"es","potentialAction":[{"@type":"ReadAction","target":["https:\/\/positiveprints.com\/es\/producto\/poster-de-definicion-de-la-hija\/"]}]},{"@type":"ImageObject","inLanguage":"es","@id":"https:\/\/positiveprints.com\/es\/producto\/poster-de-definicion-de-la-hija\/#primaryimage","url":"https:\/\/positiveprints.com\/wp-content\/uploads\/2025\/06\/Packshot_ES_definicion_de_la_hija.webp","contentUrl":"https:\/\/positiveprints.com\/wp-content\/uploads\/2025\/06\/Packshot_ES_definicion_de_la_hija.webp","width":1450,"height":1450,"caption":"Packshot_ES_definici\u00f3n_de_la_hija"},{"@type":"BreadcrumbList","@id":"https:\/\/positiveprints.com\/es\/producto\/poster-de-definicion-de-la-hija\/#breadcrumb","itemListElement":[{"@type":"ListItem","position":1,"name":"CASA","item":"https:\/\/positiveprints.com\/es\/"},{"@type":"ListItem","position":2,"name":"Productos","item":"https:\/\/positiveprints.com\/es\/shop\/"},{"@type":"ListItem","position":3,"name":"P\u00f3ster de definici\u00f3n de la hija"}]},{"@type":"WebSite","@id":"https:\/\/positiveprints.com\/es\/#website","url":"https:\/\/positiveprints.com\/es\/","name":"Positive Prints","description":"Custom Gifts for Special Occasions","publisher":{"@id":"https:\/\/positiveprints.com\/es\/#organization"},"potentialAction":[{"@type":"SearchAction","target":{"@type":"EntryPoint","urlTemplate":"https:\/\/positiveprints.com\/es\/?s={search_term_string}"},"query-input":{"@type":"PropertyValueSpecification","valueRequired":true,"valueName":"search_term_string"}}],"inLanguage":"es"},{"@type":"Organization","@id":"https:\/\/positiveprints.com\/es\/#organization","name":"Positive Prints","alternateName":"Positive Prints","url":"https:\/\/positiveprints.com\/es\/","logo":{"@type":"ImageObject","inLanguage":"es","@id":"https:\/\/positiveprints.com\/es\/#\/schema\/logo\/image\/","url":"https:\/\/positiveprints.com\/wp-content\/uploads\/2026\/03\/245815646_1337939713319158_5671353136411139666_n.png","contentUrl":"https:\/\/positiveprints.com\/wp-content\/uploads\/2026\/03\/245815646_1337939713319158_5671353136411139666_n.png","width":800,"height":800,"caption":"Positive Prints"},"image":{"@id":"https:\/\/positiveprints.com\/es\/#\/schema\/logo\/image\/"},"sameAs":["https:\/\/www.facebook.com\/positiveprintscom","https:\/\/www.instagram.com\/positiveprintscom\/","https:\/\/www.tiktok.com\/@positiveprintscom","https:\/\/www.pinterest.com\/positiveprintscom\/"]}]}},"jetpack_sharing_enabled":true,"_links":{"self":[{"href":"https:\/\/positiveprints.com\/es\/wp-json\/wp\/v2\/product\/1445223","targetHints":{"allow":["GET"]}}],"collection":[{"href":"https:\/\/positiveprints.com\/es\/wp-json\/wp\/v2\/product"}],"about":[{"href":"https:\/\/positiveprints.com\/es\/wp-json\/wp\/v2\/types\/product"}],"wp:featuredmedia":[{"embeddable":true,"href":"https:\/\/positiveprints.com\/es\/wp-json\/wp\/v2\/media\/1446111"}],"wp:attachment":[{"href":"https:\/\/positiveprints.com\/es\/wp-json\/wp\/v2\/media?parent=1445223"}],"wp:term":[{"taxonomy":"product_brand","embeddable":true,"href":"https:\/\/positiveprints.com\/es\/wp-json\/wp\/v2\/product_brand?post=1445223"},{"taxonomy":"product_cat","embeddable":true,"href":"https:\/\/positiveprints.com\/es\/wp-json\/wp\/v2\/product_cat?post=1445223"},{"taxonomy":"product_tag","embeddable":true,"href":"https:\/\/positiveprints.com\/es\/wp-json\/wp\/v2\/product_tag?post=1445223"}],"curies":[{"name":"wp","href":"https:\/\/api.w.org\/{rel}","templated":true}]}}