{"id":1444598,"date":"2025-06-06T09:41:39","date_gmt":"2025-06-06T07:41:39","guid":{"rendered":"https:\/\/positiveprints.com\/?post_type=product&#038;p=1444598"},"modified":"2026-04-28T13:24:14","modified_gmt":"2026-04-28T12:24:14","slug":"poster-de-definicion-de-la-hermana","status":"publish","type":"product","link":"https:\/\/positiveprints.com\/es\/producto\/poster-de-definicion-de-la-hermana\/","title":{"rendered":"P\u00f3ster de definici\u00f3n de la hermana"},"content":{"rendered":"","protected":false},"excerpt":{"rendered":"<ul class=\"check-list\">\n<li>Haz tu definici\u00f3n personal<\/li>\n<li>A\u00f1ade tu propia foto<\/li>\n<li>Personal\u00edzalo en 3 sencillos pasos<\/li>\n<li>Previsualiza el resultado en segundos: la vista previa interactiva te permite ajustar cada detalle<\/li>\n<\/ul>\n","protected":false},"featured_media":1442067,"template":"","meta":[],"product_brand":[],"product_cat":[9526,5270,11461,7742,106,9766],"product_tag":[12637,13429,17279,12638],"class_list":{"0":"post-1444598","1":"product","2":"type-product","3":"status-publish","4":"has-post-thumbnail","6":"product_cat-definicion","7":"product_cat-regalos-de-navidad","8":"product_cat-regalos-de-navidad-para-la-hermana","9":"product_cat-regalos-para-mi-hermana","10":"product_cat-todos-los-productos","11":"product_cat-trending-label-es","12":"product_tag-hermana","13":"product_tag-regalo-de-navidad-para-hermana","14":"product_tag-regalo-para-hermana","15":"product_tag-regalos-para-hermana","17":"first","18":"instock","19":"sale","20":"taxable","21":"shipping-taxable","22":"purchasable","23":"product-type-variable"},"yoast_head":"<!-- This site is optimized with the Yoast SEO Premium plugin v27.2 (Yoast SEO v27.2) - https:\/\/yoast.com\/product\/yoast-seo-premium-wordpress\/ -->\n<title>P\u00f3ster de definici\u00f3n de la hermana - Positive Prints<\/title>\n<meta name=\"description\" content=\"\u00a1Sorprende a tu hermana con un p\u00f3ster de definici\u00f3n \u00fanico! Una manera divertida y significativa de demostrarle lo especial que es ella en tu vida.\" \/>\n<meta name=\"robots\" content=\"index, follow, max-snippet:-1, max-image-preview:large, max-video-preview:-1\" \/>\n<link rel=\"canonical\" href=\"https:\/\/positiveprints.com\/es\/producto\/poster-de-definicion-de-la-hermana\/\" \/>\n<meta property=\"og:locale\" content=\"es_ES\" \/>\n<meta property=\"og:type\" content=\"article\" \/>\n<meta property=\"og:title\" content=\"P\u00f3ster de definici\u00f3n de la hermana\" \/>\n<meta property=\"og:description\" content=\"Haz tu definici\u00f3n personal  A\u00f1ade tu propia foto  Personal\u00edzalo en 3 sencillos pasos  Previsualiza el resultado en segundos: la vista previa interactiva te permite ajustar cada detalle\" \/>\n<meta property=\"og:url\" content=\"https:\/\/positiveprints.com\/es\/producto\/poster-de-definicion-de-la-hermana\/\" \/>\n<meta property=\"og:site_name\" content=\"Positive Prints\" \/>\n<meta property=\"article:publisher\" content=\"https:\/\/www.facebook.com\/positiveprintscom\" \/>\n<meta property=\"article:modified_time\" content=\"2026-04-28T12:24:14+00:00\" \/>\n<meta property=\"og:image\" content=\"https:\/\/positiveprints.com\/wp-content\/uploads\/2026\/03\/Open-graph-2026-1200x630-1.jpg\" \/>\n\t<meta property=\"og:image:width\" content=\"1200\" \/>\n\t<meta property=\"og:image:height\" content=\"630\" \/>\n\t<meta property=\"og:image:type\" content=\"image\/jpeg\" \/>\n<meta name=\"twitter:card\" content=\"summary_large_image\" \/>\n<!-- \/ Yoast SEO Premium plugin. -->","yoast_head_json":{"title":"P\u00f3ster de definici\u00f3n de la hermana - Positive Prints","description":"\u00a1Sorprende a tu hermana con un p\u00f3ster de definici\u00f3n \u00fanico! Una manera divertida y significativa de demostrarle lo especial que es ella en tu vida.","robots":{"index":"index","follow":"follow","max-snippet":"max-snippet:-1","max-image-preview":"max-image-preview:large","max-video-preview":"max-video-preview:-1"},"canonical":"https:\/\/positiveprints.com\/es\/producto\/poster-de-definicion-de-la-hermana\/","og_locale":"es_ES","og_type":"article","og_title":"P\u00f3ster de definici\u00f3n de la hermana","og_description":"Haz tu definici\u00f3n personal  A\u00f1ade tu propia foto  Personal\u00edzalo en 3 sencillos pasos  Previsualiza el resultado en segundos: la vista previa interactiva te permite ajustar cada detalle","og_url":"https:\/\/positiveprints.com\/es\/producto\/poster-de-definicion-de-la-hermana\/","og_site_name":"Positive Prints","article_publisher":"https:\/\/www.facebook.com\/positiveprintscom","article_modified_time":"2026-04-28T12:24:14+00:00","og_image":[{"width":1200,"height":630,"url":"https:\/\/positiveprints.com\/wp-content\/uploads\/2026\/03\/Open-graph-2026-1200x630-1.jpg","type":"image\/jpeg"}],"twitter_card":"summary_large_image","schema":{"@context":"https:\/\/schema.org","@graph":[{"@type":["WebPage","ItemPage"],"@id":"https:\/\/positiveprints.com\/es\/producto\/poster-de-definicion-de-la-hermana\/","url":"https:\/\/positiveprints.com\/es\/producto\/poster-de-definicion-de-la-hermana\/","name":"P\u00f3ster de definici\u00f3n de la hermana - Positive Prints","isPartOf":{"@id":"https:\/\/positiveprints.com\/es\/#website"},"primaryImageOfPage":{"@id":"https:\/\/positiveprints.com\/es\/producto\/poster-de-definicion-de-la-hermana\/#primaryimage"},"image":{"@id":"https:\/\/positiveprints.com\/es\/producto\/poster-de-definicion-de-la-hermana\/#primaryimage"},"thumbnailUrl":"https:\/\/positiveprints.com\/wp-content\/uploads\/2025\/05\/Packshot_ES_definicion_de_la_hermana.webp","datePublished":"2025-06-06T07:41:39+00:00","dateModified":"2026-04-28T12:24:14+00:00","description":"\u00a1Sorprende a tu hermana con un p\u00f3ster de definici\u00f3n \u00fanico! Una manera divertida y significativa de demostrarle lo especial que es ella en tu vida.","breadcrumb":{"@id":"https:\/\/positiveprints.com\/es\/producto\/poster-de-definicion-de-la-hermana\/#breadcrumb"},"inLanguage":"es","potentialAction":[{"@type":"ReadAction","target":["https:\/\/positiveprints.com\/es\/producto\/poster-de-definicion-de-la-hermana\/"]}]},{"@type":"ImageObject","inLanguage":"es","@id":"https:\/\/positiveprints.com\/es\/producto\/poster-de-definicion-de-la-hermana\/#primaryimage","url":"https:\/\/positiveprints.com\/wp-content\/uploads\/2025\/05\/Packshot_ES_definicion_de_la_hermana.webp","contentUrl":"https:\/\/positiveprints.com\/wp-content\/uploads\/2025\/05\/Packshot_ES_definicion_de_la_hermana.webp","width":1450,"height":1450,"caption":"Packshot_ES_definici\u00f3n_de_la_hermana"},{"@type":"BreadcrumbList","@id":"https:\/\/positiveprints.com\/es\/producto\/poster-de-definicion-de-la-hermana\/#breadcrumb","itemListElement":[{"@type":"ListItem","position":1,"name":"CASA","item":"https:\/\/positiveprints.com\/es\/"},{"@type":"ListItem","position":2,"name":"Productos","item":"https:\/\/positiveprints.com\/es\/shop\/"},{"@type":"ListItem","position":3,"name":"P\u00f3ster de definici\u00f3n de la hermana"}]},{"@type":"WebSite","@id":"https:\/\/positiveprints.com\/es\/#website","url":"https:\/\/positiveprints.com\/es\/","name":"Positive Prints","description":"Custom Gifts for Special Occasions","publisher":{"@id":"https:\/\/positiveprints.com\/es\/#organization"},"potentialAction":[{"@type":"SearchAction","target":{"@type":"EntryPoint","urlTemplate":"https:\/\/positiveprints.com\/es\/?s={search_term_string}"},"query-input":{"@type":"PropertyValueSpecification","valueRequired":true,"valueName":"search_term_string"}}],"inLanguage":"es"},{"@type":"Organization","@id":"https:\/\/positiveprints.com\/es\/#organization","name":"Positive Prints","alternateName":"Positive Prints ","url":"https:\/\/positiveprints.com\/es\/","logo":{"@type":"ImageObject","inLanguage":"es","@id":"https:\/\/positiveprints.com\/es\/#\/schema\/logo\/image\/","url":"https:\/\/positiveprints.com\/wp-content\/uploads\/2026\/03\/245815646_1337939713319158_5671353136411139666_n.png","contentUrl":"https:\/\/positiveprints.com\/wp-content\/uploads\/2026\/03\/245815646_1337939713319158_5671353136411139666_n.png","width":800,"height":800,"caption":"Positive Prints"},"image":{"@id":"https:\/\/positiveprints.com\/es\/#\/schema\/logo\/image\/"},"sameAs":["https:\/\/www.facebook.com\/positiveprintscom","https:\/\/www.instagram.com\/positiveprintscom\/","https:\/\/www.tiktok.com\/@positiveprintscom","https:\/\/www.pinterest.com\/positiveprintscom\/"]}]}},"jetpack_sharing_enabled":true,"_links":{"self":[{"href":"https:\/\/positiveprints.com\/es\/wp-json\/wp\/v2\/product\/1444598","targetHints":{"allow":["GET"]}}],"collection":[{"href":"https:\/\/positiveprints.com\/es\/wp-json\/wp\/v2\/product"}],"about":[{"href":"https:\/\/positiveprints.com\/es\/wp-json\/wp\/v2\/types\/product"}],"wp:featuredmedia":[{"embeddable":true,"href":"https:\/\/positiveprints.com\/es\/wp-json\/wp\/v2\/media\/1442067"}],"wp:attachment":[{"href":"https:\/\/positiveprints.com\/es\/wp-json\/wp\/v2\/media?parent=1444598"}],"wp:term":[{"taxonomy":"product_brand","embeddable":true,"href":"https:\/\/positiveprints.com\/es\/wp-json\/wp\/v2\/product_brand?post=1444598"},{"taxonomy":"product_cat","embeddable":true,"href":"https:\/\/positiveprints.com\/es\/wp-json\/wp\/v2\/product_cat?post=1444598"},{"taxonomy":"product_tag","embeddable":true,"href":"https:\/\/positiveprints.com\/es\/wp-json\/wp\/v2\/product_tag?post=1444598"}],"curies":[{"name":"wp","href":"https:\/\/api.w.org\/{rel}","templated":true}]}}