{"id":1431183,"date":"2025-05-23T13:06:42","date_gmt":"2025-05-23T11:06:42","guid":{"rendered":"https:\/\/positiveprints.com\/?post_type=product&#038;p=1431183"},"modified":"2026-04-12T19:37:23","modified_gmt":"2026-04-12T18:37:23","slug":"dibujo-infantil-convertido-en-un-poster-de-arte-lineal","status":"publish","type":"product","link":"https:\/\/positiveprints.com\/es\/producto\/dibujo-infantil-convertido-en-un-poster-de-arte-lineal\/","title":{"rendered":"Dibujo infantil convertido en un p\u00f3ster de Arte Lineal"},"content":{"rendered":"","protected":false},"excerpt":{"rendered":"<ul class=\"check-list\">\n<li>Dibujamos y te enviamos el dise\u00f1o para tu aprobaci\u00f3n en 2-3 d\u00edas h\u00e1biles<\/li>\n<li>Usa nuestro editor para personalizar tu dise\u00f1o en tan solo 3 pasos<\/li>\n<li>Elige una de nuestras plantillas o deja fluir tu imaginaci\u00f3n y crea la tuya propia<\/li>\n<li>Puedes pedir hasta 2 revisiones de la ilustraci\u00f3n<\/li>\n<\/ul>\n","protected":false},"featured_media":1432187,"template":"","meta":[],"product_brand":[],"product_cat":[7279,8997,7334,9183,5270,11453,11454,7613,7726,15060,11460,11459,7709,11451,7981,106],"product_tag":[10939,10965,8559,11035,11034,10959,11036,11037,8408,11021,11045,10964,17344,15670,13351,13350,17218,12630,13469,11822,11764,12631],"class_list":{"0":"post-1431183","1":"product","2":"type-product","3":"status-publish","4":"has-post-thumbnail","6":"product_cat-regalos-del-dia-de-las-madres","7":"product_cat-dia-de-los-abuelos","8":"product_cat-regalos-del-dia-del-padre","9":"product_cat-line-art-es","10":"product_cat-regalos-de-navidad","11":"product_cat-regalos-de-navidad-para-abuela","12":"product_cat-regalos-de-navidad-para-abuelo","13":"product_cat-regalos-para-el-abuelo","14":"product_cat-regalos-para-la-abuela","15":"product_cat-regalos-de-navidad-para-la-familia","16":"product_cat-regalos-de-navidad-para-los-padres","17":"product_cat-regalos-de-navidad-para-mama","18":"product_cat-regalos-para-mama","19":"product_cat-regalos-de-navidad-para-papa","20":"product_cat-regalos-para-papa","21":"product_cat-todos-los-productos","22":"product_tag-dia-de-la-madre","23":"product_tag-dia-del-padre","24":"product_tag-father-es","25":"product_tag-mam-es","26":"product_tag-mama-es-2","27":"product_tag-mama-es","28":"product_tag-mama-es-3","29":"product_tag-mami","30":"product_tag-mother-es","31":"product_tag-papa-es-2","32":"product_tag-papa-es-3","33":"product_tag-papa-es","34":"product_tag-regalo-de-cumpleanos-para-abuela","35":"product_tag-regalo-de-cumpleanos-para-el-abuelo","36":"product_tag-regalo-de-navidad-para-un-abuelo","37":"product_tag-regalo-de-navidad-para-una-abuela","38":"product_tag-regalo-para-abuela","39":"product_tag-regalo-para-abuelo","40":"product_tag-regalos-de-navidad-para-la-familia","41":"product_tag-regalos-de-navidad-para-mama","42":"product_tag-regalos-de-navidad-para-papa","43":"product_tag-regalos-para-abuela","45":"first","46":"instock","47":"sale","48":"taxable","49":"shipping-taxable","50":"purchasable","51":"product-type-variable"},"yoast_head":"<!-- This site is optimized with the Yoast SEO Premium plugin v27.2 (Yoast SEO v27.2) - https:\/\/yoast.com\/product\/yoast-seo-premium-wordpress\/ -->\n<title>Dibujo infantil convertido en un p\u00f3ster de Arte Lineal - Positive Prints<\/title>\n<meta name=\"description\" content=\"\u00bfBuscas un regalo \u00fanico y emotivo? Transforma ese dibujo especial de tu hijo en una preciosa ilustraci\u00f3n minimalista. Una forma especial de celebrar su creatividad.\" \/>\n<meta name=\"robots\" content=\"index, follow, max-snippet:-1, max-image-preview:large, max-video-preview:-1\" \/>\n<link rel=\"canonical\" href=\"https:\/\/positiveprints.com\/es\/producto\/dibujo-infantil-convertido-en-un-poster-de-arte-lineal\/\" \/>\n<meta property=\"og:locale\" content=\"es_ES\" \/>\n<meta property=\"og:type\" content=\"article\" \/>\n<meta property=\"og:title\" content=\"Dibujo infantil convertido en un p\u00f3ster de Arte Lineal\" \/>\n<meta property=\"og:description\" content=\"Dibujamos y te enviamos el dise\u00f1o para tu aprobaci\u00f3n en 2-3 d\u00edas h\u00e1biles  Usa nuestro editor para personalizar tu dise\u00f1o en tan solo 3 pasos  Elige una de nuestras plantillas o deja fluir tu imaginaci\u00f3n y crea la tuya propia  Puedes pedir hasta 2 revisiones de la ilustraci\u00f3n\" \/>\n<meta property=\"og:url\" content=\"https:\/\/positiveprints.com\/es\/producto\/dibujo-infantil-convertido-en-un-poster-de-arte-lineal\/\" \/>\n<meta property=\"og:site_name\" content=\"Positive Prints\" \/>\n<meta property=\"article:publisher\" content=\"https:\/\/www.facebook.com\/positiveprintscom\" \/>\n<meta property=\"article:modified_time\" content=\"2026-04-12T18:37:23+00:00\" \/>\n<meta property=\"og:image\" content=\"https:\/\/positiveprints.com\/wp-content\/uploads\/2025\/05\/Packshot_ES_Dibujo_infantil.webp\" \/>\n\t<meta property=\"og:image:width\" content=\"1450\" \/>\n\t<meta property=\"og:image:height\" content=\"1450\" \/>\n\t<meta property=\"og:image:type\" content=\"image\/webp\" \/>\n<meta name=\"twitter:card\" content=\"summary_large_image\" \/>\n<meta name=\"twitter:label1\" content=\"Tiempo de lectura\" \/>\n\t<meta name=\"twitter:data1\" content=\"1 minuto\" \/>\n<!-- \/ Yoast SEO Premium plugin. -->","yoast_head_json":{"title":"Dibujo infantil convertido en un p\u00f3ster de Arte Lineal - Positive Prints","description":"\u00bfBuscas un regalo \u00fanico y emotivo? Transforma ese dibujo especial de tu hijo en una preciosa ilustraci\u00f3n minimalista. Una forma especial de celebrar su creatividad.","robots":{"index":"index","follow":"follow","max-snippet":"max-snippet:-1","max-image-preview":"max-image-preview:large","max-video-preview":"max-video-preview:-1"},"canonical":"https:\/\/positiveprints.com\/es\/producto\/dibujo-infantil-convertido-en-un-poster-de-arte-lineal\/","og_locale":"es_ES","og_type":"article","og_title":"Dibujo infantil convertido en un p\u00f3ster de Arte Lineal","og_description":"Dibujamos y te enviamos el dise\u00f1o para tu aprobaci\u00f3n en 2-3 d\u00edas h\u00e1biles  Usa nuestro editor para personalizar tu dise\u00f1o en tan solo 3 pasos  Elige una de nuestras plantillas o deja fluir tu imaginaci\u00f3n y crea la tuya propia  Puedes pedir hasta 2 revisiones de la ilustraci\u00f3n","og_url":"https:\/\/positiveprints.com\/es\/producto\/dibujo-infantil-convertido-en-un-poster-de-arte-lineal\/","og_site_name":"Positive Prints","article_publisher":"https:\/\/www.facebook.com\/positiveprintscom","article_modified_time":"2026-04-12T18:37:23+00:00","og_image":[{"width":1450,"height":1450,"url":"https:\/\/positiveprints.com\/wp-content\/uploads\/2025\/05\/Packshot_ES_Dibujo_infantil.webp","type":"image\/webp"}],"twitter_card":"summary_large_image","twitter_misc":{"Tiempo de lectura":"1 minuto"},"schema":{"@context":"https:\/\/schema.org","@graph":[{"@type":["WebPage","ItemPage"],"@id":"https:\/\/positiveprints.com\/es\/producto\/dibujo-infantil-convertido-en-un-poster-de-arte-lineal\/","url":"https:\/\/positiveprints.com\/es\/producto\/dibujo-infantil-convertido-en-un-poster-de-arte-lineal\/","name":"Dibujo infantil convertido en un p\u00f3ster de Arte Lineal - Positive Prints","isPartOf":{"@id":"https:\/\/positiveprints.com\/es\/#website"},"primaryImageOfPage":{"@id":"https:\/\/positiveprints.com\/es\/producto\/dibujo-infantil-convertido-en-un-poster-de-arte-lineal\/#primaryimage"},"image":{"@id":"https:\/\/positiveprints.com\/es\/producto\/dibujo-infantil-convertido-en-un-poster-de-arte-lineal\/#primaryimage"},"thumbnailUrl":"https:\/\/positiveprints.com\/wp-content\/uploads\/2025\/05\/Packshot_ES_Dibujo_infantil.webp","datePublished":"2025-05-23T11:06:42+00:00","dateModified":"2026-04-12T18:37:23+00:00","description":"\u00bfBuscas un regalo \u00fanico y emotivo? Transforma ese dibujo especial de tu hijo en una preciosa ilustraci\u00f3n minimalista. Una forma especial de celebrar su creatividad.","breadcrumb":{"@id":"https:\/\/positiveprints.com\/es\/producto\/dibujo-infantil-convertido-en-un-poster-de-arte-lineal\/#breadcrumb"},"inLanguage":"es","potentialAction":[{"@type":"ReadAction","target":["https:\/\/positiveprints.com\/es\/producto\/dibujo-infantil-convertido-en-un-poster-de-arte-lineal\/"]}]},{"@type":"ImageObject","inLanguage":"es","@id":"https:\/\/positiveprints.com\/es\/producto\/dibujo-infantil-convertido-en-un-poster-de-arte-lineal\/#primaryimage","url":"https:\/\/positiveprints.com\/wp-content\/uploads\/2025\/05\/Packshot_ES_Dibujo_infantil.webp","contentUrl":"https:\/\/positiveprints.com\/wp-content\/uploads\/2025\/05\/Packshot_ES_Dibujo_infantil.webp","width":1450,"height":1450,"caption":"Packshot_ES_Dibujo_infantil"},{"@type":"BreadcrumbList","@id":"https:\/\/positiveprints.com\/es\/producto\/dibujo-infantil-convertido-en-un-poster-de-arte-lineal\/#breadcrumb","itemListElement":[{"@type":"ListItem","position":1,"name":"CASA","item":"https:\/\/positiveprints.com\/es\/"},{"@type":"ListItem","position":2,"name":"Productos","item":"https:\/\/positiveprints.com\/es\/shop\/"},{"@type":"ListItem","position":3,"name":"Dibujo infantil convertido en un p\u00f3ster de Arte Lineal"}]},{"@type":"WebSite","@id":"https:\/\/positiveprints.com\/es\/#website","url":"https:\/\/positiveprints.com\/es\/","name":"Positive Prints","description":"Custom Gifts for Special Occasions","publisher":{"@id":"https:\/\/positiveprints.com\/es\/#organization"},"potentialAction":[{"@type":"SearchAction","target":{"@type":"EntryPoint","urlTemplate":"https:\/\/positiveprints.com\/es\/?s={search_term_string}"},"query-input":{"@type":"PropertyValueSpecification","valueRequired":true,"valueName":"search_term_string"}}],"inLanguage":"es"},{"@type":"Organization","@id":"https:\/\/positiveprints.com\/es\/#organization","name":"Positive Prints","alternateName":"Positive Prints","url":"https:\/\/positiveprints.com\/es\/","logo":{"@type":"ImageObject","inLanguage":"es","@id":"https:\/\/positiveprints.com\/es\/#\/schema\/logo\/image\/","url":"https:\/\/positiveprints.com\/wp-content\/uploads\/2026\/03\/245815646_1337939713319158_5671353136411139666_n.png","contentUrl":"https:\/\/positiveprints.com\/wp-content\/uploads\/2026\/03\/245815646_1337939713319158_5671353136411139666_n.png","width":800,"height":800,"caption":"Positive Prints"},"image":{"@id":"https:\/\/positiveprints.com\/es\/#\/schema\/logo\/image\/"},"sameAs":["https:\/\/www.facebook.com\/positiveprintscom","https:\/\/www.instagram.com\/positiveprintscom\/","https:\/\/www.tiktok.com\/@positiveprintscom","https:\/\/www.pinterest.com\/positiveprintscom\/"]}]}},"jetpack_sharing_enabled":true,"_links":{"self":[{"href":"https:\/\/positiveprints.com\/es\/wp-json\/wp\/v2\/product\/1431183","targetHints":{"allow":["GET"]}}],"collection":[{"href":"https:\/\/positiveprints.com\/es\/wp-json\/wp\/v2\/product"}],"about":[{"href":"https:\/\/positiveprints.com\/es\/wp-json\/wp\/v2\/types\/product"}],"wp:featuredmedia":[{"embeddable":true,"href":"https:\/\/positiveprints.com\/es\/wp-json\/wp\/v2\/media\/1432187"}],"wp:attachment":[{"href":"https:\/\/positiveprints.com\/es\/wp-json\/wp\/v2\/media?parent=1431183"}],"wp:term":[{"taxonomy":"product_brand","embeddable":true,"href":"https:\/\/positiveprints.com\/es\/wp-json\/wp\/v2\/product_brand?post=1431183"},{"taxonomy":"product_cat","embeddable":true,"href":"https:\/\/positiveprints.com\/es\/wp-json\/wp\/v2\/product_cat?post=1431183"},{"taxonomy":"product_tag","embeddable":true,"href":"https:\/\/positiveprints.com\/es\/wp-json\/wp\/v2\/product_tag?post=1431183"}],"curies":[{"name":"wp","href":"https:\/\/api.w.org\/{rel}","templated":true}]}}