{"id":1430620,"date":"2025-05-23T11:52:24","date_gmt":"2025-05-23T09:52:24","guid":{"rendered":"https:\/\/positiveprints.com\/?post_type=product&#038;p=1430620"},"modified":"2026-04-03T02:30:06","modified_gmt":"2026-04-03T01:30:06","slug":"retrato-con-mi-gato-poster-de-arte-lineal-personalizado-a-partir-de-foto","status":"publish","type":"product","link":"https:\/\/positiveprints.com\/es\/producto\/retrato-con-mi-gato-poster-de-arte-lineal-personalizado-a-partir-de-foto\/","title":{"rendered":"Retrato con mi gato &#8211; P\u00f3ster de Arte Lineal personalizado a partir de foto"},"content":{"rendered":"","protected":false},"excerpt":{"rendered":"<ul class=\"check-list\">\n<li>Te dibujamos y enviamos el retrato para tu aprobaci\u00f3n en 2-3 d\u00edas h\u00e1biles<\/li>\n<li>Usa nuestro editor para personalizar tu dise\u00f1o en apenas tres pasos<\/li>\n<li>Elige una plantilla o deja fluir tu imaginaci\u00f3n y crea la tuya propia<\/li>\n<li>Puedes pedir hasta 2 revisiones del retrato<\/li>\n<\/ul>\n","protected":false},"featured_media":1431019,"template":"","meta":[],"product_brand":[],"product_cat":[9183,106,5270,11455,11456,11458,14088],"product_tag":[14917,14914,14916,14913,14918,14915,15953,11826,11825],"class_list":{"0":"post-1430620","1":"product","2":"type-product","3":"status-publish","4":"has-post-thumbnail","6":"product_cat-line-art-es","7":"product_cat-todos-los-productos","8":"product_cat-regalos-de-navidad","9":"product_cat-regalos-de-navidad-para-mujer","10":"product_cat-regalos-de-navidad-para-hombre","11":"product_cat-regalos-de-navidad-para-los-ninos","12":"product_cat-regalos-para-amantes-de-los-gatos","13":"product_tag-cat-dad-gifts-es","14":"product_tag-cat-lovers-gifts-es","15":"product_tag-cat-mom-gifts-es","16":"product_tag-cat-owner-es","17":"product_tag-custom-cat-gifts-es","18":"product_tag-gifts-for-cat-owners-es","19":"product_tag-regalo-de-navidad-para-ninos","20":"product_tag-regalos-de-navidad-para-el","21":"product_tag-regalos-de-navidad-para-ella","23":"first","24":"instock","25":"sale","26":"taxable","27":"shipping-taxable","28":"purchasable","29":"product-type-variable"},"yoast_head":"<!-- This site is optimized with the Yoast SEO Premium plugin v27.2 (Yoast SEO v27.2) - https:\/\/yoast.com\/product\/yoast-seo-premium-wordpress\/ -->\n<title>Retrato con mi gato - P\u00f3ster de Arte Lineal personalizado a partir de foto - Positive Prints<\/title>\n<meta name=\"description\" content=\"Un retrato de arte lineal personalizado con tu gato. El regalo perfecto para cualquier amante de mascotas, como tambi\u00e9n un recuerdo que apreciar\u00e1s para siempre.\" \/>\n<meta name=\"robots\" content=\"index, follow, max-snippet:-1, max-image-preview:large, max-video-preview:-1\" \/>\n<link rel=\"canonical\" href=\"https:\/\/positiveprints.com\/es\/producto\/retrato-con-mi-gato-poster-de-arte-lineal-personalizado-a-partir-de-foto\/\" \/>\n<meta property=\"og:locale\" content=\"es_ES\" \/>\n<meta property=\"og:type\" content=\"article\" \/>\n<meta property=\"og:title\" content=\"Retrato con mi gato - P\u00f3ster de Arte Lineal personalizado a partir de foto\" \/>\n<meta property=\"og:description\" content=\"Te dibujamos y enviamos el retrato para tu aprobaci\u00f3n en 2-3 d\u00edas h\u00e1biles  Usa nuestro editor para personalizar tu dise\u00f1o en apenas tres pasos  Elige una plantilla o deja fluir tu imaginaci\u00f3n y crea la tuya propia  Puedes pedir hasta 2 revisiones del retrato\" \/>\n<meta property=\"og:url\" content=\"https:\/\/positiveprints.com\/es\/producto\/retrato-con-mi-gato-poster-de-arte-lineal-personalizado-a-partir-de-foto\/\" \/>\n<meta property=\"og:site_name\" content=\"Positive Prints\" \/>\n<meta property=\"article:publisher\" content=\"https:\/\/www.facebook.com\/positiveprintscom\" \/>\n<meta property=\"article:modified_time\" content=\"2026-04-03T01:30:06+00:00\" \/>\n<meta property=\"og:image\" content=\"https:\/\/positiveprints.com\/wp-content\/uploads\/2025\/05\/Packshot_ES_Retrato_con_mi_gato.webp\" \/>\n\t<meta property=\"og:image:width\" content=\"1450\" \/>\n\t<meta property=\"og:image:height\" content=\"1450\" \/>\n\t<meta property=\"og:image:type\" content=\"image\/webp\" \/>\n<meta name=\"twitter:card\" content=\"summary_large_image\" \/>\n<meta name=\"twitter:label1\" content=\"Tiempo de lectura\" \/>\n\t<meta name=\"twitter:data1\" content=\"1 minuto\" \/>\n<!-- \/ Yoast SEO Premium plugin. -->","yoast_head_json":{"title":"Retrato con mi gato - P\u00f3ster de Arte Lineal personalizado a partir de foto - Positive Prints","description":"Un retrato de arte lineal personalizado con tu gato. El regalo perfecto para cualquier amante de mascotas, como tambi\u00e9n un recuerdo que apreciar\u00e1s para siempre.","robots":{"index":"index","follow":"follow","max-snippet":"max-snippet:-1","max-image-preview":"max-image-preview:large","max-video-preview":"max-video-preview:-1"},"canonical":"https:\/\/positiveprints.com\/es\/producto\/retrato-con-mi-gato-poster-de-arte-lineal-personalizado-a-partir-de-foto\/","og_locale":"es_ES","og_type":"article","og_title":"Retrato con mi gato - P\u00f3ster de Arte Lineal personalizado a partir de foto","og_description":"Te dibujamos y enviamos el retrato para tu aprobaci\u00f3n en 2-3 d\u00edas h\u00e1biles  Usa nuestro editor para personalizar tu dise\u00f1o en apenas tres pasos  Elige una plantilla o deja fluir tu imaginaci\u00f3n y crea la tuya propia  Puedes pedir hasta 2 revisiones del retrato","og_url":"https:\/\/positiveprints.com\/es\/producto\/retrato-con-mi-gato-poster-de-arte-lineal-personalizado-a-partir-de-foto\/","og_site_name":"Positive Prints","article_publisher":"https:\/\/www.facebook.com\/positiveprintscom","article_modified_time":"2026-04-03T01:30:06+00:00","og_image":[{"width":1450,"height":1450,"url":"https:\/\/positiveprints.com\/wp-content\/uploads\/2025\/05\/Packshot_ES_Retrato_con_mi_gato.webp","type":"image\/webp"}],"twitter_card":"summary_large_image","twitter_misc":{"Tiempo de lectura":"1 minuto"},"schema":{"@context":"https:\/\/schema.org","@graph":[{"@type":["WebPage","ItemPage"],"@id":"https:\/\/positiveprints.com\/es\/producto\/retrato-con-mi-gato-poster-de-arte-lineal-personalizado-a-partir-de-foto\/","url":"https:\/\/positiveprints.com\/es\/producto\/retrato-con-mi-gato-poster-de-arte-lineal-personalizado-a-partir-de-foto\/","name":"Retrato con mi gato - P\u00f3ster de Arte Lineal personalizado a partir de foto - Positive Prints","isPartOf":{"@id":"https:\/\/positiveprints.com\/es\/#website"},"primaryImageOfPage":{"@id":"https:\/\/positiveprints.com\/es\/producto\/retrato-con-mi-gato-poster-de-arte-lineal-personalizado-a-partir-de-foto\/#primaryimage"},"image":{"@id":"https:\/\/positiveprints.com\/es\/producto\/retrato-con-mi-gato-poster-de-arte-lineal-personalizado-a-partir-de-foto\/#primaryimage"},"thumbnailUrl":"https:\/\/positiveprints.com\/wp-content\/uploads\/2025\/05\/Packshot_ES_Retrato_con_mi_gato.webp","datePublished":"2025-05-23T09:52:24+00:00","dateModified":"2026-04-03T01:30:06+00:00","description":"Un retrato de arte lineal personalizado con tu gato. El regalo perfecto para cualquier amante de mascotas, como tambi\u00e9n un recuerdo que apreciar\u00e1s para siempre.","breadcrumb":{"@id":"https:\/\/positiveprints.com\/es\/producto\/retrato-con-mi-gato-poster-de-arte-lineal-personalizado-a-partir-de-foto\/#breadcrumb"},"inLanguage":"es","potentialAction":[{"@type":"ReadAction","target":["https:\/\/positiveprints.com\/es\/producto\/retrato-con-mi-gato-poster-de-arte-lineal-personalizado-a-partir-de-foto\/"]}]},{"@type":"ImageObject","inLanguage":"es","@id":"https:\/\/positiveprints.com\/es\/producto\/retrato-con-mi-gato-poster-de-arte-lineal-personalizado-a-partir-de-foto\/#primaryimage","url":"https:\/\/positiveprints.com\/wp-content\/uploads\/2025\/05\/Packshot_ES_Retrato_con_mi_gato.webp","contentUrl":"https:\/\/positiveprints.com\/wp-content\/uploads\/2025\/05\/Packshot_ES_Retrato_con_mi_gato.webp","width":1450,"height":1450,"caption":"Packshot_ES_Retrato_con_mi_gato"},{"@type":"BreadcrumbList","@id":"https:\/\/positiveprints.com\/es\/producto\/retrato-con-mi-gato-poster-de-arte-lineal-personalizado-a-partir-de-foto\/#breadcrumb","itemListElement":[{"@type":"ListItem","position":1,"name":"CASA","item":"https:\/\/positiveprints.com\/es\/"},{"@type":"ListItem","position":2,"name":"Productos","item":"https:\/\/positiveprints.com\/es\/shop\/"},{"@type":"ListItem","position":3,"name":"Retrato con mi gato &#8211; P\u00f3ster de Arte Lineal personalizado a partir de foto"}]},{"@type":"WebSite","@id":"https:\/\/positiveprints.com\/es\/#website","url":"https:\/\/positiveprints.com\/es\/","name":"Positive Prints","description":"Custom Gifts for Special Occasions","publisher":{"@id":"https:\/\/positiveprints.com\/es\/#organization"},"potentialAction":[{"@type":"SearchAction","target":{"@type":"EntryPoint","urlTemplate":"https:\/\/positiveprints.com\/es\/?s={search_term_string}"},"query-input":{"@type":"PropertyValueSpecification","valueRequired":true,"valueName":"search_term_string"}}],"inLanguage":"es"},{"@type":"Organization","@id":"https:\/\/positiveprints.com\/es\/#organization","name":"Positive Prints","alternateName":"Positive Prints","url":"https:\/\/positiveprints.com\/es\/","logo":{"@type":"ImageObject","inLanguage":"es","@id":"https:\/\/positiveprints.com\/es\/#\/schema\/logo\/image\/","url":"https:\/\/positiveprints.com\/wp-content\/uploads\/2026\/03\/245815646_1337939713319158_5671353136411139666_n.png","contentUrl":"https:\/\/positiveprints.com\/wp-content\/uploads\/2026\/03\/245815646_1337939713319158_5671353136411139666_n.png","width":800,"height":800,"caption":"Positive Prints"},"image":{"@id":"https:\/\/positiveprints.com\/es\/#\/schema\/logo\/image\/"},"sameAs":["https:\/\/www.facebook.com\/positiveprintscom","https:\/\/www.instagram.com\/positiveprintscom\/","https:\/\/www.tiktok.com\/@positiveprintscom","https:\/\/www.pinterest.com\/positiveprintscom\/"]}]}},"jetpack_sharing_enabled":true,"_links":{"self":[{"href":"https:\/\/positiveprints.com\/es\/wp-json\/wp\/v2\/product\/1430620","targetHints":{"allow":["GET"]}}],"collection":[{"href":"https:\/\/positiveprints.com\/es\/wp-json\/wp\/v2\/product"}],"about":[{"href":"https:\/\/positiveprints.com\/es\/wp-json\/wp\/v2\/types\/product"}],"wp:featuredmedia":[{"embeddable":true,"href":"https:\/\/positiveprints.com\/es\/wp-json\/wp\/v2\/media\/1431019"}],"wp:attachment":[{"href":"https:\/\/positiveprints.com\/es\/wp-json\/wp\/v2\/media?parent=1430620"}],"wp:term":[{"taxonomy":"product_brand","embeddable":true,"href":"https:\/\/positiveprints.com\/es\/wp-json\/wp\/v2\/product_brand?post=1430620"},{"taxonomy":"product_cat","embeddable":true,"href":"https:\/\/positiveprints.com\/es\/wp-json\/wp\/v2\/product_cat?post=1430620"},{"taxonomy":"product_tag","embeddable":true,"href":"https:\/\/positiveprints.com\/es\/wp-json\/wp\/v2\/product_tag?post=1430620"}],"curies":[{"name":"wp","href":"https:\/\/api.w.org\/{rel}","templated":true}]}}