{"id":1430030,"date":"2025-05-23T10:04:14","date_gmt":"2025-05-23T08:04:14","guid":{"rendered":"https:\/\/positiveprints.com\/?post_type=product&#038;p=1430030"},"modified":"2026-04-23T10:37:46","modified_gmt":"2026-04-23T09:37:46","slug":"la-luna-y-las-estrellas-en-la-noche-que-naciste","status":"publish","type":"product","link":"https:\/\/positiveprints.com\/es\/producto\/la-luna-y-las-estrellas-en-la-noche-que-naciste\/","title":{"rendered":"La Luna y las Estrellas en la noche que naciste"},"content":{"rendered":"","protected":false},"excerpt":{"rendered":"<ul class=\"check-list\">\n<li>Mapa personalizado de la luna y las estrellas en la fecha y ubicaci\u00f3n que elijas<\/li>\n<li>Personal\u00edzalo en apenas solo 3 pasos<\/li>\n<li>Elige entre una gran variedad de dise\u00f1os incre\u00edbles<\/li>\n<li>Previsualiza el resultado en segundos &#8211; La vista previa interactiva te permite ajustar cada detalle<\/li>\n<\/ul>\n","protected":false},"featured_media":1428546,"template":"","meta":[],"product_brand":[],"product_cat":[11595,11596,11597,11598,11640,11641,11642,11643,3128,11220,11219,3117,106],"product_tag":[15095,15422,17302,17372,17358,17438],"class_list":{"0":"post-1430030","1":"product","2":"type-product","3":"status-publish","4":"has-post-thumbnail","6":"product_cat-18-cumpleanos","7":"product_cat-21-cumpleanos","8":"product_cat-30-cumpleanos","9":"product_cat-40-cumpleanos","10":"product_cat-50-cumpleanos","11":"product_cat-60-cumpleanos","12":"product_cat-70-cumpleanos","13":"product_cat-80-cumpleanos","14":"product_cat-regalos-de-cumpleanos","15":"product_cat-regalos-de-cumpleanos-para-hombres","16":"product_cat-regalos-de-cumpleanos-para-mujeres","17":"product_cat-star-es-2","18":"product_cat-todos-los-productos","19":"product_tag-birthday-pl-es","20":"product_tag-marco-con-luna-de-nacimiento","21":"product_tag-regalo-de-cumpleanos","22":"product_tag-regalo-de-cumpleanos-para-el","23":"product_tag-regalo-de-cumpleanos-para-ella","24":"product_tag-regalos-de-cumpleanos","26":"first","27":"instock","28":"sale","29":"taxable","30":"shipping-taxable","31":"purchasable","32":"product-type-variable"},"yoast_head":"<!-- This site is optimized with the Yoast SEO Premium plugin v27.2 (Yoast SEO v27.2) - https:\/\/yoast.com\/product\/yoast-seo-premium-wordpress\/ -->\n<title>La Luna y las Estrellas en la noche que naciste - Positive Prints<\/title>\n<meta name=\"description\" content=\"Celebra tu cumplea\u00f1os con un p\u00f3ster personalizado de la noche en la que naciste. Un regalo especial para siempre.\" \/>\n<meta name=\"robots\" content=\"index, follow, max-snippet:-1, max-image-preview:large, max-video-preview:-1\" \/>\n<link rel=\"canonical\" href=\"https:\/\/positiveprints.com\/es\/producto\/la-luna-y-las-estrellas-en-la-noche-que-naciste\/\" \/>\n<meta property=\"og:locale\" content=\"es_ES\" \/>\n<meta property=\"og:type\" content=\"article\" \/>\n<meta property=\"og:title\" content=\"La Luna y las Estrellas en la noche que naciste\" \/>\n<meta property=\"og:description\" content=\"Mapa personalizado de la luna y las estrellas en la fecha y ubicaci\u00f3n que elijas Personal\u00edzalo en apenas solo 3 pasos Elige entre una gran variedad de dise\u00f1os incre\u00edbles Previsualiza el resultado en segundos - La vista previa interactiva te permite ajustar cada detalle\" \/>\n<meta property=\"og:url\" content=\"https:\/\/positiveprints.com\/es\/producto\/la-luna-y-las-estrellas-en-la-noche-que-naciste\/\" \/>\n<meta property=\"og:site_name\" content=\"Positive Prints\" \/>\n<meta property=\"article:publisher\" content=\"https:\/\/www.facebook.com\/positiveprintscom\" \/>\n<meta property=\"article:modified_time\" content=\"2026-04-23T09:37:46+00:00\" \/>\n<meta property=\"og:image\" content=\"https:\/\/positiveprints.com\/wp-content\/uploads\/2025\/05\/La-Luna-y-las-Estrellas-en-la-noche-que-naciste-1.webp\" \/>\n\t<meta property=\"og:image:width\" content=\"1450\" \/>\n\t<meta property=\"og:image:height\" content=\"1450\" \/>\n\t<meta property=\"og:image:type\" content=\"image\/webp\" \/>\n<meta name=\"twitter:card\" content=\"summary_large_image\" \/>\n<!-- \/ Yoast SEO Premium plugin. -->","yoast_head_json":{"title":"La Luna y las Estrellas en la noche que naciste - Positive Prints","description":"Celebra tu cumplea\u00f1os con un p\u00f3ster personalizado de la noche en la que naciste. Un regalo especial para siempre.","robots":{"index":"index","follow":"follow","max-snippet":"max-snippet:-1","max-image-preview":"max-image-preview:large","max-video-preview":"max-video-preview:-1"},"canonical":"https:\/\/positiveprints.com\/es\/producto\/la-luna-y-las-estrellas-en-la-noche-que-naciste\/","og_locale":"es_ES","og_type":"article","og_title":"La Luna y las Estrellas en la noche que naciste","og_description":"Mapa personalizado de la luna y las estrellas en la fecha y ubicaci\u00f3n que elijas Personal\u00edzalo en apenas solo 3 pasos Elige entre una gran variedad de dise\u00f1os incre\u00edbles Previsualiza el resultado en segundos - La vista previa interactiva te permite ajustar cada detalle","og_url":"https:\/\/positiveprints.com\/es\/producto\/la-luna-y-las-estrellas-en-la-noche-que-naciste\/","og_site_name":"Positive Prints","article_publisher":"https:\/\/www.facebook.com\/positiveprintscom","article_modified_time":"2026-04-23T09:37:46+00:00","og_image":[{"width":1450,"height":1450,"url":"https:\/\/positiveprints.com\/wp-content\/uploads\/2025\/05\/La-Luna-y-las-Estrellas-en-la-noche-que-naciste-1.webp","type":"image\/webp"}],"twitter_card":"summary_large_image","schema":{"@context":"https:\/\/schema.org","@graph":[{"@type":["WebPage","ItemPage"],"@id":"https:\/\/positiveprints.com\/es\/producto\/la-luna-y-las-estrellas-en-la-noche-que-naciste\/","url":"https:\/\/positiveprints.com\/es\/producto\/la-luna-y-las-estrellas-en-la-noche-que-naciste\/","name":"La Luna y las Estrellas en la noche que naciste - Positive Prints","isPartOf":{"@id":"https:\/\/positiveprints.com\/es\/#website"},"primaryImageOfPage":{"@id":"https:\/\/positiveprints.com\/es\/producto\/la-luna-y-las-estrellas-en-la-noche-que-naciste\/#primaryimage"},"image":{"@id":"https:\/\/positiveprints.com\/es\/producto\/la-luna-y-las-estrellas-en-la-noche-que-naciste\/#primaryimage"},"thumbnailUrl":"https:\/\/positiveprints.com\/wp-content\/uploads\/2025\/05\/La-Luna-y-las-Estrellas-en-la-noche-que-naciste-1.webp","datePublished":"2025-05-23T08:04:14+00:00","dateModified":"2026-04-23T09:37:46+00:00","description":"Celebra tu cumplea\u00f1os con un p\u00f3ster personalizado de la noche en la que naciste. Un regalo especial para siempre.","breadcrumb":{"@id":"https:\/\/positiveprints.com\/es\/producto\/la-luna-y-las-estrellas-en-la-noche-que-naciste\/#breadcrumb"},"inLanguage":"es","potentialAction":[{"@type":"ReadAction","target":["https:\/\/positiveprints.com\/es\/producto\/la-luna-y-las-estrellas-en-la-noche-que-naciste\/"]}]},{"@type":"ImageObject","inLanguage":"es","@id":"https:\/\/positiveprints.com\/es\/producto\/la-luna-y-las-estrellas-en-la-noche-que-naciste\/#primaryimage","url":"https:\/\/positiveprints.com\/wp-content\/uploads\/2025\/05\/La-Luna-y-las-Estrellas-en-la-noche-que-naciste-1.webp","contentUrl":"https:\/\/positiveprints.com\/wp-content\/uploads\/2025\/05\/La-Luna-y-las-Estrellas-en-la-noche-que-naciste-1.webp","width":1450,"height":1450,"caption":"La Luna y las Estrellas en la noche que naciste 1"},{"@type":"BreadcrumbList","@id":"https:\/\/positiveprints.com\/es\/producto\/la-luna-y-las-estrellas-en-la-noche-que-naciste\/#breadcrumb","itemListElement":[{"@type":"ListItem","position":1,"name":"CASA","item":"https:\/\/positiveprints.com\/es\/"},{"@type":"ListItem","position":2,"name":"Productos","item":"https:\/\/positiveprints.com\/es\/shop\/"},{"@type":"ListItem","position":3,"name":"La Luna y las Estrellas en la noche que naciste"}]},{"@type":"WebSite","@id":"https:\/\/positiveprints.com\/es\/#website","url":"https:\/\/positiveprints.com\/es\/","name":"Positive Prints","description":"Custom Gifts for Special Occasions","publisher":{"@id":"https:\/\/positiveprints.com\/es\/#organization"},"potentialAction":[{"@type":"SearchAction","target":{"@type":"EntryPoint","urlTemplate":"https:\/\/positiveprints.com\/es\/?s={search_term_string}"},"query-input":{"@type":"PropertyValueSpecification","valueRequired":true,"valueName":"search_term_string"}}],"inLanguage":"es"},{"@type":"Organization","@id":"https:\/\/positiveprints.com\/es\/#organization","name":"Positive Prints","alternateName":"Positive Prints ","url":"https:\/\/positiveprints.com\/es\/","logo":{"@type":"ImageObject","inLanguage":"es","@id":"https:\/\/positiveprints.com\/es\/#\/schema\/logo\/image\/","url":"https:\/\/positiveprints.com\/wp-content\/uploads\/2026\/03\/245815646_1337939713319158_5671353136411139666_n.png","contentUrl":"https:\/\/positiveprints.com\/wp-content\/uploads\/2026\/03\/245815646_1337939713319158_5671353136411139666_n.png","width":800,"height":800,"caption":"Positive Prints"},"image":{"@id":"https:\/\/positiveprints.com\/es\/#\/schema\/logo\/image\/"},"sameAs":["https:\/\/www.facebook.com\/positiveprintscom","https:\/\/www.instagram.com\/positiveprintscom\/","https:\/\/www.tiktok.com\/@positiveprintscom","https:\/\/www.pinterest.com\/positiveprintscom\/"]}]}},"jetpack_sharing_enabled":true,"_links":{"self":[{"href":"https:\/\/positiveprints.com\/es\/wp-json\/wp\/v2\/product\/1430030","targetHints":{"allow":["GET"]}}],"collection":[{"href":"https:\/\/positiveprints.com\/es\/wp-json\/wp\/v2\/product"}],"about":[{"href":"https:\/\/positiveprints.com\/es\/wp-json\/wp\/v2\/types\/product"}],"wp:featuredmedia":[{"embeddable":true,"href":"https:\/\/positiveprints.com\/es\/wp-json\/wp\/v2\/media\/1428546"}],"wp:attachment":[{"href":"https:\/\/positiveprints.com\/es\/wp-json\/wp\/v2\/media?parent=1430030"}],"wp:term":[{"taxonomy":"product_brand","embeddable":true,"href":"https:\/\/positiveprints.com\/es\/wp-json\/wp\/v2\/product_brand?post=1430030"},{"taxonomy":"product_cat","embeddable":true,"href":"https:\/\/positiveprints.com\/es\/wp-json\/wp\/v2\/product_cat?post=1430030"},{"taxonomy":"product_tag","embeddable":true,"href":"https:\/\/positiveprints.com\/es\/wp-json\/wp\/v2\/product_tag?post=1430030"}],"curies":[{"name":"wp","href":"https:\/\/api.w.org\/{rel}","templated":true}]}}