{"id":1389039,"date":"2023-10-04T13:19:12","date_gmt":"2023-10-04T12:19:12","guid":{"rendered":"https:\/\/positiveprints.com\/product\/aunt-letter-photo-collage\/"},"modified":"2026-04-03T03:04:51","modified_gmt":"2026-04-03T02:04:51","slug":"collage-de-letras-para-tu-tia","status":"publish","type":"product","link":"https:\/\/positiveprints.com\/es\/producto\/collage-de-letras-para-tu-tia\/","title":{"rendered":"Collage de letras para tu t\u00eda"},"content":{"rendered":"","protected":false},"excerpt":{"rendered":"<ul class=\"check-list\">\n<li>Sube las fotos que m\u00e1s te gusten y personaliza cada letra<\/li>\n<li>Escribe unas palabras para hacer este regalo a\u00fan m\u00e1s especial<\/li>\n<li>Personal\u00edzalo en tres simples pasos con nuestro editor<\/li>\n<li>Visualiza tu dise\u00f1o de forma r\u00e1pida usando nuestra vista previa interactiva<\/li>\n<\/ul>\n","protected":false},"featured_media":1671028,"template":"","meta":[],"product_brand":[],"product_cat":[9124,106],"product_tag":[16144,8541,17316,13348,17176,17036,16129],"class_list":{"0":"post-1389039","1":"product","2":"type-product","3":"status-publish","4":"has-post-thumbnail","6":"product_cat-photo-letter-es","7":"product_cat-todos-los-productos","8":"product_tag-auntie-es","9":"product_tag-family-es","10":"product_tag-regalo-de-cumpleanos-para-tia","11":"product_tag-regalo-de-navidad-para-una-tia","12":"product_tag-regalo-para-tia","13":"product_tag-regalos-para-tia","14":"product_tag-tia","16":"first","17":"instock","18":"sale","19":"taxable","20":"shipping-taxable","21":"purchasable","22":"product-type-variable"},"yoast_head":"<!-- This site is optimized with the Yoast SEO Premium plugin v27.2 (Yoast SEO v27.2) - https:\/\/yoast.com\/product\/yoast-seo-premium-wordpress\/ -->\n<title>Collage de letras para tu t\u00eda - Positive Prints<\/title>\n<meta name=\"description\" content=\"\u00a1Sorprende a tu t\u00eda con un detalle que habla desde el coraz\u00f3n! Dise\u00f1a un collage fotogr\u00e1fico personalizado que muestre todos los momentos que hab\u00e9is compartido en cada letra.\" \/>\n<meta name=\"robots\" content=\"index, follow, max-snippet:-1, max-image-preview:large, max-video-preview:-1\" \/>\n<link rel=\"canonical\" href=\"https:\/\/positiveprints.com\/es\/producto\/collage-de-letras-para-tu-tia\/\" \/>\n<meta property=\"og:locale\" content=\"es_ES\" \/>\n<meta property=\"og:type\" content=\"article\" \/>\n<meta property=\"og:title\" content=\"Collage de letras para tu t\u00eda\" \/>\n<meta property=\"og:description\" content=\"Sube las fotos que m\u00e1s te gusten y personaliza cada letra  Escribe unas palabras para hacer este regalo a\u00fan m\u00e1s especial  Personal\u00edzalo en tres simples pasos con nuestro editor  Visualiza tu dise\u00f1o de forma r\u00e1pida usando nuestra vista previa interactiva\" \/>\n<meta property=\"og:url\" content=\"https:\/\/positiveprints.com\/es\/producto\/collage-de-letras-para-tu-tia\/\" \/>\n<meta property=\"og:site_name\" content=\"Positive Prints\" \/>\n<meta property=\"article:publisher\" content=\"https:\/\/www.facebook.com\/positiveprintscom\" \/>\n<meta property=\"article:modified_time\" content=\"2026-04-03T02:04:51+00:00\" \/>\n<meta property=\"og:image\" content=\"https:\/\/positiveprints.com\/wp-content\/uploads\/2025\/03\/Packshot_ES_tia.webp\" \/>\n\t<meta property=\"og:image:width\" content=\"1450\" \/>\n\t<meta property=\"og:image:height\" content=\"1450\" \/>\n\t<meta property=\"og:image:type\" content=\"image\/webp\" \/>\n<meta name=\"twitter:card\" content=\"summary_large_image\" \/>\n<meta name=\"twitter:label1\" content=\"Tiempo de lectura\" \/>\n\t<meta name=\"twitter:data1\" content=\"1 minuto\" \/>\n<!-- \/ Yoast SEO Premium plugin. -->","yoast_head_json":{"title":"Collage de letras para tu t\u00eda - Positive Prints","description":"\u00a1Sorprende a tu t\u00eda con un detalle que habla desde el coraz\u00f3n! Dise\u00f1a un collage fotogr\u00e1fico personalizado que muestre todos los momentos que hab\u00e9is compartido en cada letra.","robots":{"index":"index","follow":"follow","max-snippet":"max-snippet:-1","max-image-preview":"max-image-preview:large","max-video-preview":"max-video-preview:-1"},"canonical":"https:\/\/positiveprints.com\/es\/producto\/collage-de-letras-para-tu-tia\/","og_locale":"es_ES","og_type":"article","og_title":"Collage de letras para tu t\u00eda","og_description":"Sube las fotos que m\u00e1s te gusten y personaliza cada letra  Escribe unas palabras para hacer este regalo a\u00fan m\u00e1s especial  Personal\u00edzalo en tres simples pasos con nuestro editor  Visualiza tu dise\u00f1o de forma r\u00e1pida usando nuestra vista previa interactiva","og_url":"https:\/\/positiveprints.com\/es\/producto\/collage-de-letras-para-tu-tia\/","og_site_name":"Positive Prints","article_publisher":"https:\/\/www.facebook.com\/positiveprintscom","article_modified_time":"2026-04-03T02:04:51+00:00","og_image":[{"width":1450,"height":1450,"url":"https:\/\/positiveprints.com\/wp-content\/uploads\/2025\/03\/Packshot_ES_tia.webp","type":"image\/webp"}],"twitter_card":"summary_large_image","twitter_misc":{"Tiempo de lectura":"1 minuto"},"schema":{"@context":"https:\/\/schema.org","@graph":[{"@type":["WebPage","ItemPage"],"@id":"https:\/\/positiveprints.com\/es\/producto\/collage-de-letras-para-tu-tia\/","url":"https:\/\/positiveprints.com\/es\/producto\/collage-de-letras-para-tu-tia\/","name":"Collage de letras para tu t\u00eda - Positive Prints","isPartOf":{"@id":"https:\/\/positiveprints.com\/es\/#website"},"primaryImageOfPage":{"@id":"https:\/\/positiveprints.com\/es\/producto\/collage-de-letras-para-tu-tia\/#primaryimage"},"image":{"@id":"https:\/\/positiveprints.com\/es\/producto\/collage-de-letras-para-tu-tia\/#primaryimage"},"thumbnailUrl":"https:\/\/positiveprints.com\/wp-content\/uploads\/2026\/03\/tia_ES.webp","datePublished":"2023-10-04T12:19:12+00:00","dateModified":"2026-04-03T02:04:51+00:00","description":"\u00a1Sorprende a tu t\u00eda con un detalle que habla desde el coraz\u00f3n! Dise\u00f1a un collage fotogr\u00e1fico personalizado que muestre todos los momentos que hab\u00e9is compartido en cada letra.","breadcrumb":{"@id":"https:\/\/positiveprints.com\/es\/producto\/collage-de-letras-para-tu-tia\/#breadcrumb"},"inLanguage":"es","potentialAction":[{"@type":"ReadAction","target":["https:\/\/positiveprints.com\/es\/producto\/collage-de-letras-para-tu-tia\/"]}]},{"@type":"ImageObject","inLanguage":"es","@id":"https:\/\/positiveprints.com\/es\/producto\/collage-de-letras-para-tu-tia\/#primaryimage","url":"https:\/\/positiveprints.com\/wp-content\/uploads\/2026\/03\/tia_ES.webp","contentUrl":"https:\/\/positiveprints.com\/wp-content\/uploads\/2026\/03\/tia_ES.webp","width":1450,"height":1450,"caption":"tia_ES"},{"@type":"BreadcrumbList","@id":"https:\/\/positiveprints.com\/es\/producto\/collage-de-letras-para-tu-tia\/#breadcrumb","itemListElement":[{"@type":"ListItem","position":1,"name":"CASA","item":"https:\/\/positiveprints.com\/es\/"},{"@type":"ListItem","position":2,"name":"Productos","item":"https:\/\/positiveprints.com\/es\/shop\/"},{"@type":"ListItem","position":3,"name":"Collage de letras para tu t\u00eda"}]},{"@type":"WebSite","@id":"https:\/\/positiveprints.com\/es\/#website","url":"https:\/\/positiveprints.com\/es\/","name":"Positive Prints","description":"Custom Gifts for Special Occasions","publisher":{"@id":"https:\/\/positiveprints.com\/es\/#organization"},"potentialAction":[{"@type":"SearchAction","target":{"@type":"EntryPoint","urlTemplate":"https:\/\/positiveprints.com\/es\/?s={search_term_string}"},"query-input":{"@type":"PropertyValueSpecification","valueRequired":true,"valueName":"search_term_string"}}],"inLanguage":"es"},{"@type":"Organization","@id":"https:\/\/positiveprints.com\/es\/#organization","name":"Positive Prints","alternateName":"Positive Prints","url":"https:\/\/positiveprints.com\/es\/","logo":{"@type":"ImageObject","inLanguage":"es","@id":"https:\/\/positiveprints.com\/es\/#\/schema\/logo\/image\/","url":"https:\/\/positiveprints.com\/wp-content\/uploads\/2026\/03\/245815646_1337939713319158_5671353136411139666_n.png","contentUrl":"https:\/\/positiveprints.com\/wp-content\/uploads\/2026\/03\/245815646_1337939713319158_5671353136411139666_n.png","width":800,"height":800,"caption":"Positive Prints"},"image":{"@id":"https:\/\/positiveprints.com\/es\/#\/schema\/logo\/image\/"},"sameAs":["https:\/\/www.facebook.com\/positiveprintscom","https:\/\/www.instagram.com\/positiveprintscom\/","https:\/\/www.tiktok.com\/@positiveprintscom","https:\/\/www.pinterest.com\/positiveprintscom\/"]}]}},"jetpack_sharing_enabled":true,"_links":{"self":[{"href":"https:\/\/positiveprints.com\/es\/wp-json\/wp\/v2\/product\/1389039","targetHints":{"allow":["GET"]}}],"collection":[{"href":"https:\/\/positiveprints.com\/es\/wp-json\/wp\/v2\/product"}],"about":[{"href":"https:\/\/positiveprints.com\/es\/wp-json\/wp\/v2\/types\/product"}],"wp:featuredmedia":[{"embeddable":true,"href":"https:\/\/positiveprints.com\/es\/wp-json\/wp\/v2\/media\/1671028"}],"wp:attachment":[{"href":"https:\/\/positiveprints.com\/es\/wp-json\/wp\/v2\/media?parent=1389039"}],"wp:term":[{"taxonomy":"product_brand","embeddable":true,"href":"https:\/\/positiveprints.com\/es\/wp-json\/wp\/v2\/product_brand?post=1389039"},{"taxonomy":"product_cat","embeddable":true,"href":"https:\/\/positiveprints.com\/es\/wp-json\/wp\/v2\/product_cat?post=1389039"},{"taxonomy":"product_tag","embeddable":true,"href":"https:\/\/positiveprints.com\/es\/wp-json\/wp\/v2\/product_tag?post=1389039"}],"curies":[{"name":"wp","href":"https:\/\/api.w.org\/{rel}","templated":true}]}}