{"id":1386161,"date":"2023-10-04T11:28:55","date_gmt":"2023-10-04T10:28:55","guid":{"rendered":"https:\/\/positiveprints.com\/product\/friends-letter-photo-collage\/"},"modified":"2026-04-28T14:07:53","modified_gmt":"2026-04-28T13:07:53","slug":"collage-de-letras-para-tu-mejor-amigo","status":"publish","type":"product","link":"https:\/\/positiveprints.com\/es\/producto\/collage-de-letras-para-tu-mejor-amigo\/","title":{"rendered":"Collage de letras para tu mejor amiga"},"content":{"rendered":"","protected":false},"excerpt":{"rendered":"<ul class=\"check-list\">\n<li>Es m\u00e1s que un regalo: es una experiencia maravillosa llena de emociones que conmueve y deja huella en el coraz\u00f3n<\/li>\n<li>As\u00ed de f\u00e1cil: unos cuantos clics, decenas de plantillas y opciones para personalizar hasta el \u00faltimo detalle<\/li>\n<li>Visualiza tu dise\u00f1o al instante con nuestra vista previa interactiva<\/li>\n<\/ul>\n","protected":false},"featured_media":1679090,"template":"","meta":[],"product_brand":[],"product_cat":[5270,15045,7837,9124,106,9766],"product_tag":[8634,11000,11872,15192,15193,9389,15194,15235,9372,13479],"class_list":{"0":"post-1386161","1":"product","2":"type-product","3":"status-publish","4":"has-post-thumbnail","6":"product_cat-regalos-de-navidad","7":"product_cat-regalos-de-navidad-para-amigos","8":"product_cat-regalos-para-amigos","9":"product_cat-photo-letter-es","10":"product_cat-todos-los-productos","11":"product_cat-trending-label-es","12":"product_tag-amigas","13":"product_tag-amigo","14":"product_tag-amistad","15":"product_tag-best-friend-es","16":"product_tag-best-friends-forever-es","17":"product_tag-besties-es","18":"product_tag-bff-es","19":"product_tag-galentines-day-es-2","20":"product_tag-mejores-amigos","21":"product_tag-regalos-de-navidad-para-amigos","23":"first","24":"instock","25":"sale","26":"taxable","27":"shipping-taxable","28":"purchasable","29":"product-type-variable"},"yoast_head":"<!-- This site is optimized with the Yoast SEO Premium plugin v27.2 (Yoast SEO v27.2) - https:\/\/yoast.com\/product\/yoast-seo-premium-wordpress\/ -->\n<title>Collage de letras para tu mejor amiga - Positive Prints<\/title>\n<meta name=\"description\" content=\"Sorprende a tus amistades con un regalo que nunca olvidar\u00e1n: dise\u00f1a un collage fotogr\u00e1fico con letras y personal\u00edzalo con los recuerdos y aventuras especiales que hab\u00e9is compartido.\" \/>\n<meta name=\"robots\" content=\"index, follow, max-snippet:-1, max-image-preview:large, max-video-preview:-1\" \/>\n<link rel=\"canonical\" href=\"https:\/\/positiveprints.com\/es\/producto\/collage-de-letras-para-tu-mejor-amigo\/\" \/>\n<meta property=\"og:locale\" content=\"es_ES\" \/>\n<meta property=\"og:type\" content=\"article\" \/>\n<meta property=\"og:title\" content=\"Collage de letras para tu mejor amiga\" \/>\n<meta property=\"og:description\" content=\"Es m\u00e1s que un regalo: es una experiencia maravillosa llena de emociones que conmueve y deja huella en el coraz\u00f3n  As\u00ed de f\u00e1cil: unos cuantos clics, decenas de plantillas y opciones para personalizar hasta el \u00faltimo detalle  Visualiza tu dise\u00f1o al instante con nuestra vista previa interactiva\" \/>\n<meta property=\"og:url\" content=\"https:\/\/positiveprints.com\/es\/producto\/collage-de-letras-para-tu-mejor-amigo\/\" \/>\n<meta property=\"og:site_name\" content=\"Positive Prints\" \/>\n<meta property=\"article:publisher\" content=\"https:\/\/www.facebook.com\/positiveprintscom\" \/>\n<meta property=\"article:modified_time\" content=\"2026-04-28T13:07:53+00:00\" \/>\n<meta property=\"og:image\" content=\"https:\/\/positiveprints.com\/wp-content\/uploads\/2025\/03\/Packshot_ES_Amigas.webp\" \/>\n\t<meta property=\"og:image:width\" content=\"1450\" \/>\n\t<meta property=\"og:image:height\" content=\"1450\" \/>\n\t<meta property=\"og:image:type\" content=\"image\/webp\" \/>\n<meta name=\"twitter:card\" content=\"summary_large_image\" \/>\n<!-- \/ Yoast SEO Premium plugin. -->","yoast_head_json":{"title":"Collage de letras para tu mejor amiga - Positive Prints","description":"Sorprende a tus amistades con un regalo que nunca olvidar\u00e1n: dise\u00f1a un collage fotogr\u00e1fico con letras y personal\u00edzalo con los recuerdos y aventuras especiales que hab\u00e9is compartido.","robots":{"index":"index","follow":"follow","max-snippet":"max-snippet:-1","max-image-preview":"max-image-preview:large","max-video-preview":"max-video-preview:-1"},"canonical":"https:\/\/positiveprints.com\/es\/producto\/collage-de-letras-para-tu-mejor-amigo\/","og_locale":"es_ES","og_type":"article","og_title":"Collage de letras para tu mejor amiga","og_description":"Es m\u00e1s que un regalo: es una experiencia maravillosa llena de emociones que conmueve y deja huella en el coraz\u00f3n  As\u00ed de f\u00e1cil: unos cuantos clics, decenas de plantillas y opciones para personalizar hasta el \u00faltimo detalle  Visualiza tu dise\u00f1o al instante con nuestra vista previa interactiva","og_url":"https:\/\/positiveprints.com\/es\/producto\/collage-de-letras-para-tu-mejor-amigo\/","og_site_name":"Positive Prints","article_publisher":"https:\/\/www.facebook.com\/positiveprintscom","article_modified_time":"2026-04-28T13:07:53+00:00","og_image":[{"width":1450,"height":1450,"url":"https:\/\/positiveprints.com\/wp-content\/uploads\/2025\/03\/Packshot_ES_Amigas.webp","type":"image\/webp"}],"twitter_card":"summary_large_image","schema":{"@context":"https:\/\/schema.org","@graph":[{"@type":["WebPage","ItemPage"],"@id":"https:\/\/positiveprints.com\/es\/producto\/collage-de-letras-para-tu-mejor-amigo\/","url":"https:\/\/positiveprints.com\/es\/producto\/collage-de-letras-para-tu-mejor-amigo\/","name":"Collage de letras para tu mejor amiga - Positive Prints","isPartOf":{"@id":"https:\/\/positiveprints.com\/es\/#website"},"primaryImageOfPage":{"@id":"https:\/\/positiveprints.com\/es\/producto\/collage-de-letras-para-tu-mejor-amigo\/#primaryimage"},"image":{"@id":"https:\/\/positiveprints.com\/es\/producto\/collage-de-letras-para-tu-mejor-amigo\/#primaryimage"},"thumbnailUrl":"https:\/\/positiveprints.com\/wp-content\/uploads\/2026\/03\/amigas_ES-Packshot.webp","datePublished":"2023-10-04T10:28:55+00:00","dateModified":"2026-04-28T13:07:53+00:00","description":"Sorprende a tus amistades con un regalo que nunca olvidar\u00e1n: dise\u00f1a un collage fotogr\u00e1fico con letras y personal\u00edzalo con los recuerdos y aventuras especiales que hab\u00e9is compartido.","breadcrumb":{"@id":"https:\/\/positiveprints.com\/es\/producto\/collage-de-letras-para-tu-mejor-amigo\/#breadcrumb"},"inLanguage":"es","potentialAction":[{"@type":"ReadAction","target":["https:\/\/positiveprints.com\/es\/producto\/collage-de-letras-para-tu-mejor-amigo\/"]}]},{"@type":"ImageObject","inLanguage":"es","@id":"https:\/\/positiveprints.com\/es\/producto\/collage-de-letras-para-tu-mejor-amigo\/#primaryimage","url":"https:\/\/positiveprints.com\/wp-content\/uploads\/2026\/03\/amigas_ES-Packshot.webp","contentUrl":"https:\/\/positiveprints.com\/wp-content\/uploads\/2026\/03\/amigas_ES-Packshot.webp","width":1450,"height":1450},{"@type":"BreadcrumbList","@id":"https:\/\/positiveprints.com\/es\/producto\/collage-de-letras-para-tu-mejor-amigo\/#breadcrumb","itemListElement":[{"@type":"ListItem","position":1,"name":"CASA","item":"https:\/\/positiveprints.com\/es\/"},{"@type":"ListItem","position":2,"name":"Productos","item":"https:\/\/positiveprints.com\/es\/shop\/"},{"@type":"ListItem","position":3,"name":"Collage de letras para tu mejor amiga"}]},{"@type":"WebSite","@id":"https:\/\/positiveprints.com\/es\/#website","url":"https:\/\/positiveprints.com\/es\/","name":"Positive Prints","description":"Custom Gifts for Special Occasions","publisher":{"@id":"https:\/\/positiveprints.com\/es\/#organization"},"potentialAction":[{"@type":"SearchAction","target":{"@type":"EntryPoint","urlTemplate":"https:\/\/positiveprints.com\/es\/?s={search_term_string}"},"query-input":{"@type":"PropertyValueSpecification","valueRequired":true,"valueName":"search_term_string"}}],"inLanguage":"es"},{"@type":"Organization","@id":"https:\/\/positiveprints.com\/es\/#organization","name":"Positive Prints","alternateName":"Positive Prints ","url":"https:\/\/positiveprints.com\/es\/","logo":{"@type":"ImageObject","inLanguage":"es","@id":"https:\/\/positiveprints.com\/es\/#\/schema\/logo\/image\/","url":"https:\/\/positiveprints.com\/wp-content\/uploads\/2026\/03\/245815646_1337939713319158_5671353136411139666_n.png","contentUrl":"https:\/\/positiveprints.com\/wp-content\/uploads\/2026\/03\/245815646_1337939713319158_5671353136411139666_n.png","width":800,"height":800,"caption":"Positive Prints"},"image":{"@id":"https:\/\/positiveprints.com\/es\/#\/schema\/logo\/image\/"},"sameAs":["https:\/\/www.facebook.com\/positiveprintscom","https:\/\/www.instagram.com\/positiveprintscom\/","https:\/\/www.tiktok.com\/@positiveprintscom","https:\/\/www.pinterest.com\/positiveprintscom\/"]}]}},"jetpack_sharing_enabled":true,"_links":{"self":[{"href":"https:\/\/positiveprints.com\/es\/wp-json\/wp\/v2\/product\/1386161","targetHints":{"allow":["GET"]}}],"collection":[{"href":"https:\/\/positiveprints.com\/es\/wp-json\/wp\/v2\/product"}],"about":[{"href":"https:\/\/positiveprints.com\/es\/wp-json\/wp\/v2\/types\/product"}],"wp:featuredmedia":[{"embeddable":true,"href":"https:\/\/positiveprints.com\/es\/wp-json\/wp\/v2\/media\/1679090"}],"wp:attachment":[{"href":"https:\/\/positiveprints.com\/es\/wp-json\/wp\/v2\/media?parent=1386161"}],"wp:term":[{"taxonomy":"product_brand","embeddable":true,"href":"https:\/\/positiveprints.com\/es\/wp-json\/wp\/v2\/product_brand?post=1386161"},{"taxonomy":"product_cat","embeddable":true,"href":"https:\/\/positiveprints.com\/es\/wp-json\/wp\/v2\/product_cat?post=1386161"},{"taxonomy":"product_tag","embeddable":true,"href":"https:\/\/positiveprints.com\/es\/wp-json\/wp\/v2\/product_tag?post=1386161"}],"curies":[{"name":"wp","href":"https:\/\/api.w.org\/{rel}","templated":true}]}}