{"id":138550,"date":"2020-01-15T17:12:53","date_gmt":"2020-01-15T16:12:53","guid":{"rendered":"https:\/\/positiveprints.com\/product\/mapa-de-compromiso\/"},"modified":"2026-04-18T09:18:16","modified_gmt":"2026-04-18T08:18:16","slug":"mapa-de-compromiso","status":"publish","type":"product","link":"https:\/\/positiveprints.com\/es\/producto\/mapa-de-compromiso\/","title":{"rendered":"Mapa de Compromiso"},"content":{"rendered":"<p>Celebra uno de los eventos m\u00e1s importantes en tu vida con un \u201cMapa de compromiso\u201d. Se trata de un hermoso mapa que muestra el lugar exacto donde sucedi\u00f3 el evento m\u00e1gico que cambi\u00f3 tu vida.<\/p>\r\n\r\n<h2 class=\"grenB f24 cblue\" style=\"margin-top: 3rem\">\u00bfQu\u00e9 es un mapa de compromiso?<\/h2>\r\n\r\n<p style=\"margin-top: 1rem\">Cada mapa es parte de un viaje. Para ti y tu pareja significa el inicio de un nuevo cap\u00edtulo en su historia, que empieza en el momento en el que deciden comprometerse. Conserva ese momento por siempre con un mapa de compromiso. <\/p>\r\n\r\n<p style=\"margin-top: 1rem\">Un mapa de compromiso muestra el lugar exacto donde los dos tomaron la gran decisi\u00f3n de continuar su vida juntos y formalizar su compromiso. Este regalo es una imagen personalizada que muestra los detalles de su historia de amor, que podr\u00e1n recordar cada vez que entren a casa y lo miren decorando bellamente un muro. <\/p>\r\n\r\n<h2 class=\"grenB f24 cblue\" style=\"margin-top: 3rem\">Ideas de regalo: mapa de compromiso <\/h2>\r\n\r\n<p style=\"margin-top: 1rem\">Nuestro mapa de compromiso es el regalo perfecto para las nuevas parejas. Podr\u00eda tratarse de el primer objeto decorativo para su hogar juntos. Solamente debes colocar la direcci\u00f3n donde se comprometieron, despu\u00e9s elige el tipo de impresi\u00f3n que deseas para el mapa. Personal\u00edzalo con texto y otros elementos que lo hagan \u00fanico en su tipo. <\/p>\r\n\r\n<p style=\"margin-top: 1rem\">Por supuesto, un mapa de compromiso es ideal para regalar en bodas, aniversarios o cualquier celebraci\u00f3n especial para ti. Nuestras impresiones vienen en tama\u00f1os est\u00e1ndar, para que sea m\u00e1s sencillo de enmarcar.<\/p>\r\n\r\n<h2 class=\"grenB f24 cblue\" style=\"margin-top: 3rem\">Personaliza tu mapa de compromiso<\/h2>\r\n\r\n<p style=\"margin-top: 1rem\">\u00bfQu\u00e9 tanto puedes personalizar tu mapa de compromiso?<\/p>\r\n\r\n<p style=\"margin-top: 1rem\">Positive Prints ha hecho el trabajo dif\u00edcil por ti, \u00a1y te deja la parte divertida! Adem\u00e1s, \u00a1podr\u00e1s decidir c\u00f3mo quieres que luzca el producto final!<\/p>\r\n\r\n<p style=\"margin-top: 1rem\">Primero, te mostraremos varias formas de mapa y combinaciones de colores. Elige tus favoritos, por ejemplo, una forma de coraz\u00f3n, c\u00edrculo o cuadrado. Tambi\u00e9n puedes a\u00f1adir filtros de colores como cristal de playa, vintage o carb\u00f3n para a\u00f1adir el efecto preciso. <\/p>\r\n\r\n<p style=\"margin-top: 1rem\">En el paso dos, selecciona la ubicaci\u00f3n ingresando la ciudad, estado, direcci\u00f3n o alg\u00fan punto de inter\u00e9s. Nuestra tecnolog\u00eda encontrar\u00e1 el lugar, y podr\u00e1s hacer acercarte tanto como quieras. A\u00f1ade un marcador para se\u00f1alar el lugar exacto donde se comprometieron. <\/p>\r\n\r\n<p style=\"margin-top: 1rem\">Tambi\u00e9n puedes escribir l\u00edneas de texto para hacer tu mapa a\u00fan m\u00e1s personal. \u00bfNo se te ocurre nada? Hemos inclu\u00eddo algunas tiernas y simp\u00e1ticas frases para ti:\r\n<ul>\r\n<li>\u00a1Dijo que s\u00ed!<\/li>\r\n<li>\u00a1\u00c9l pregunt\u00f3, ella respondi\u00f3!<\/li>\r\n<li>\u00bfTe quieres casar conmigo?<\/li>\r\n<li>Nuestro compromiso<\/li>\r\n<li>No disponible<\/li>\r\n<li>Coloc\u00f3 un anillo en su dedo<\/li>\r\n<li>Mi coraz\u00f3n se siente m\u00e1s ligero, mi mano m\u00e1s pesada<\/li>\r\n<li>Esto es solo el comienzo&#8230;<\/li>\r\n<li>Siempre supe que era mi alma gemela<\/li>\r\n<li>\u00a1Depende de ti!<\/li>\r\n<\/ul><\/p>\r\n\r\n<p style=\"margin-top: 1rem\">Por \u00faltimo, pero no menos importante, en el paso 3 decidir\u00e1s si quieres una imagen digital lista para imprimir, o si quieres dejar el trabajo de impresi\u00f3n en nuestras manos y recibir tu mapa sin costo extra en las puertas de tu casa. Podemos imprimir en lienzo, as\u00ed como en un p\u00f3ster con tu marco favorito. Elige el formato y el tama\u00f1o para que empezemos a crear magia.<\/p>\r\n\r\n<p style=\"margin-top: 1rem\">Last but not least, Step 3 handles the other of your print. Choose from a digital download or enjoy free worldwide shipping directly to your door. We can print on canvas as well as ship a poster with a frame for your convenience. Choose your format and size, and we\u2019ll start working our magic!<\/p>\r\n\r\n<h2 class=\"grenB f24 cblue\" style=\"margin-top: 3rem\">\u00a1Crea tu mapa de compromiso ahora!<\/h2>\r\n\r\n<p style=\"margin-top: 1rem\">Un mapa de compromiso es un regalo que durar\u00e1 por siempre. \u00a1Haz el tuyo ahora siguiendo tres sencillos pasos!<\/p>","protected":false},"excerpt":{"rendered":"<ul class=\"check-list\">\n<li>Marca un lugar especial con el s\u00edmbolo de tu elecci\u00f3n<\/li>\n<li>Usa nuestro editor para personalizar tu dise\u00f1o en apenas tres pasos<\/li>\n<li>A\u00f1ade un mensaje personalizado para que\u00a0tu dise\u00f1o sea \u00fanico y especial<\/li>\n<li>Visualiza tu dise\u00f1o de forma r\u00e1pida usando la vista previa interactiva<\/li>\n<\/ul>\n","protected":false},"featured_media":1695465,"template":"","meta":[],"product_brand":[],"product_cat":[9280,5277,7195,106],"product_tag":[8440],"class_list":{"0":"post-138550","1":"product","2":"type-product","3":"status-publish","4":"has-post-thumbnail","6":"product_cat-bestsellers-label-es","7":"product_cat-regalos-de-compromiso","8":"product_cat-map-es","9":"product_cat-todos-los-productos","10":"product_tag-compromiso","12":"first","13":"instock","14":"sale","15":"taxable","16":"shipping-taxable","17":"purchasable","18":"product-type-variable"},"yoast_head":"<!-- This site is optimized with the Yoast SEO Premium plugin v27.2 (Yoast SEO v27.2) - https:\/\/yoast.com\/product\/yoast-seo-premium-wordpress\/ -->\n<title>Mapa de compromiso - Positive Prints<\/title>\n<meta name=\"description\" content=\"Celebra uno de los momentos m\u00e1s importantes en tu vida con un \u201cMapa de compromiso\u201d. Env\u00edo a cualquier parte del mundo.\" \/>\n<meta name=\"robots\" content=\"index, follow, max-snippet:-1, max-image-preview:large, max-video-preview:-1\" \/>\n<link rel=\"canonical\" href=\"https:\/\/positiveprints.com\/es\/producto\/mapa-de-compromiso\/\" \/>\n<meta property=\"og:locale\" content=\"es_ES\" \/>\n<meta property=\"og:type\" content=\"article\" \/>\n<meta property=\"og:title\" content=\"Mapa de Compromiso\" \/>\n<meta property=\"og:description\" content=\"Marca un lugar especial con el s\u00edmbolo de tu elecci\u00f3n  Usa nuestro editor para personalizar tu dise\u00f1o en apenas tres pasos  A\u00f1ade un mensaje personalizado para que\u00a0tu dise\u00f1o sea \u00fanico y especial  Visualiza tu dise\u00f1o de forma r\u00e1pida usando la vista previa interactiva\" \/>\n<meta property=\"og:url\" content=\"https:\/\/positiveprints.com\/es\/producto\/mapa-de-compromiso\/\" \/>\n<meta property=\"og:site_name\" content=\"Positive Prints\" \/>\n<meta property=\"article:publisher\" content=\"https:\/\/www.facebook.com\/positiveprintscom\" \/>\n<meta property=\"article:modified_time\" content=\"2026-04-18T08:18:16+00:00\" \/>\n<meta property=\"og:image\" content=\"https:\/\/positiveprints.com\/wp-content\/uploads\/2024\/10\/Packshot_ES_engagement-product-image.webp\" \/>\n\t<meta property=\"og:image:width\" content=\"1450\" \/>\n\t<meta property=\"og:image:height\" content=\"1450\" \/>\n\t<meta property=\"og:image:type\" content=\"image\/webp\" \/>\n<meta name=\"twitter:card\" content=\"summary_large_image\" \/>\n<meta name=\"twitter:label1\" content=\"Tiempo de lectura\" \/>\n\t<meta name=\"twitter:data1\" content=\"3 minutos\" \/>\n<!-- \/ Yoast SEO Premium plugin. -->","yoast_head_json":{"title":"Mapa de compromiso - Positive Prints","description":"Celebra uno de los momentos m\u00e1s importantes en tu vida con un \u201cMapa de compromiso\u201d. Env\u00edo a cualquier parte del mundo.","robots":{"index":"index","follow":"follow","max-snippet":"max-snippet:-1","max-image-preview":"max-image-preview:large","max-video-preview":"max-video-preview:-1"},"canonical":"https:\/\/positiveprints.com\/es\/producto\/mapa-de-compromiso\/","og_locale":"es_ES","og_type":"article","og_title":"Mapa de Compromiso","og_description":"Marca un lugar especial con el s\u00edmbolo de tu elecci\u00f3n  Usa nuestro editor para personalizar tu dise\u00f1o en apenas tres pasos  A\u00f1ade un mensaje personalizado para que\u00a0tu dise\u00f1o sea \u00fanico y especial  Visualiza tu dise\u00f1o de forma r\u00e1pida usando la vista previa interactiva","og_url":"https:\/\/positiveprints.com\/es\/producto\/mapa-de-compromiso\/","og_site_name":"Positive Prints","article_publisher":"https:\/\/www.facebook.com\/positiveprintscom","article_modified_time":"2026-04-18T08:18:16+00:00","og_image":[{"width":1450,"height":1450,"url":"https:\/\/positiveprints.com\/wp-content\/uploads\/2024\/10\/Packshot_ES_engagement-product-image.webp","type":"image\/webp"}],"twitter_card":"summary_large_image","twitter_misc":{"Tiempo de lectura":"3 minutos"},"schema":{"@context":"https:\/\/schema.org","@graph":[{"@type":["WebPage","ItemPage"],"@id":"https:\/\/positiveprints.com\/es\/producto\/mapa-de-compromiso\/","url":"https:\/\/positiveprints.com\/es\/producto\/mapa-de-compromiso\/","name":"Mapa de compromiso - Positive Prints","isPartOf":{"@id":"https:\/\/positiveprints.com\/es\/#website"},"primaryImageOfPage":{"@id":"https:\/\/positiveprints.com\/es\/producto\/mapa-de-compromiso\/#primaryimage"},"image":{"@id":"https:\/\/positiveprints.com\/es\/producto\/mapa-de-compromiso\/#primaryimage"},"thumbnailUrl":"https:\/\/positiveprints.com\/wp-content\/uploads\/2026\/04\/Packshot_ES_XX-Nuestro-compromiso.webp","datePublished":"2020-01-15T16:12:53+00:00","dateModified":"2026-04-18T08:18:16+00:00","description":"Celebra uno de los momentos m\u00e1s importantes en tu vida con un \u201cMapa de compromiso\u201d. Env\u00edo a cualquier parte del mundo.","breadcrumb":{"@id":"https:\/\/positiveprints.com\/es\/producto\/mapa-de-compromiso\/#breadcrumb"},"inLanguage":"es","potentialAction":[{"@type":"ReadAction","target":["https:\/\/positiveprints.com\/es\/producto\/mapa-de-compromiso\/"]}]},{"@type":"ImageObject","inLanguage":"es","@id":"https:\/\/positiveprints.com\/es\/producto\/mapa-de-compromiso\/#primaryimage","url":"https:\/\/positiveprints.com\/wp-content\/uploads\/2026\/04\/Packshot_ES_XX-Nuestro-compromiso.webp","contentUrl":"https:\/\/positiveprints.com\/wp-content\/uploads\/2026\/04\/Packshot_ES_XX-Nuestro-compromiso.webp","width":1450,"height":1450},{"@type":"BreadcrumbList","@id":"https:\/\/positiveprints.com\/es\/producto\/mapa-de-compromiso\/#breadcrumb","itemListElement":[{"@type":"ListItem","position":1,"name":"CASA","item":"https:\/\/positiveprints.com\/es\/"},{"@type":"ListItem","position":2,"name":"Productos","item":"https:\/\/positiveprints.com\/es\/shop\/"},{"@type":"ListItem","position":3,"name":"Mapa de Compromiso"}]},{"@type":"WebSite","@id":"https:\/\/positiveprints.com\/es\/#website","url":"https:\/\/positiveprints.com\/es\/","name":"Positive Prints","description":"Custom Gifts for Special Occasions","publisher":{"@id":"https:\/\/positiveprints.com\/es\/#organization"},"potentialAction":[{"@type":"SearchAction","target":{"@type":"EntryPoint","urlTemplate":"https:\/\/positiveprints.com\/es\/?s={search_term_string}"},"query-input":{"@type":"PropertyValueSpecification","valueRequired":true,"valueName":"search_term_string"}}],"inLanguage":"es"},{"@type":"Organization","@id":"https:\/\/positiveprints.com\/es\/#organization","name":"Positive Prints","alternateName":"Positive Prints","url":"https:\/\/positiveprints.com\/es\/","logo":{"@type":"ImageObject","inLanguage":"es","@id":"https:\/\/positiveprints.com\/es\/#\/schema\/logo\/image\/","url":"https:\/\/positiveprints.com\/wp-content\/uploads\/2026\/03\/245815646_1337939713319158_5671353136411139666_n.png","contentUrl":"https:\/\/positiveprints.com\/wp-content\/uploads\/2026\/03\/245815646_1337939713319158_5671353136411139666_n.png","width":800,"height":800,"caption":"Positive Prints"},"image":{"@id":"https:\/\/positiveprints.com\/es\/#\/schema\/logo\/image\/"},"sameAs":["https:\/\/www.facebook.com\/positiveprintscom","https:\/\/www.instagram.com\/positiveprintscom\/","https:\/\/www.tiktok.com\/@positiveprintscom","https:\/\/www.pinterest.com\/positiveprintscom\/"]}]}},"jetpack_sharing_enabled":true,"_links":{"self":[{"href":"https:\/\/positiveprints.com\/es\/wp-json\/wp\/v2\/product\/138550","targetHints":{"allow":["GET"]}}],"collection":[{"href":"https:\/\/positiveprints.com\/es\/wp-json\/wp\/v2\/product"}],"about":[{"href":"https:\/\/positiveprints.com\/es\/wp-json\/wp\/v2\/types\/product"}],"wp:featuredmedia":[{"embeddable":true,"href":"https:\/\/positiveprints.com\/es\/wp-json\/wp\/v2\/media\/1695465"}],"wp:attachment":[{"href":"https:\/\/positiveprints.com\/es\/wp-json\/wp\/v2\/media?parent=138550"}],"wp:term":[{"taxonomy":"product_brand","embeddable":true,"href":"https:\/\/positiveprints.com\/es\/wp-json\/wp\/v2\/product_brand?post=138550"},{"taxonomy":"product_cat","embeddable":true,"href":"https:\/\/positiveprints.com\/es\/wp-json\/wp\/v2\/product_cat?post=138550"},{"taxonomy":"product_tag","embeddable":true,"href":"https:\/\/positiveprints.com\/es\/wp-json\/wp\/v2\/product_tag?post=138550"}],"curies":[{"name":"wp","href":"https:\/\/api.w.org\/{rel}","templated":true}]}}