{"id":1384194,"date":"2024-03-01T10:44:37","date_gmt":"2024-03-01T09:44:37","guid":{"rendered":"https:\/\/positiveprints.com\/product\/the-best-dad-in-the-world-letter-photo-collage\/"},"modified":"2026-04-23T11:07:46","modified_gmt":"2026-04-23T10:07:46","slug":"collage-de-letras-para-el-mejor-papa-del-mundo","status":"publish","type":"product","link":"https:\/\/positiveprints.com\/es\/producto\/collage-de-letras-para-el-mejor-papa-del-mundo\/","title":{"rendered":"Collage de letras para el mejor pap\u00e1 del mundo"},"content":{"rendered":"","protected":false},"excerpt":{"rendered":"<ul class=\"check-list\">\n<li>Sube tus fotos favoritas para que personalices todas las letras<\/li>\n<li>Escribe un mensaje para hacer este detalle a\u00fan m\u00e1s especial<\/li>\n<li>Personal\u00edzalo en tres simples pasos con nuestro editor f\u00e1cil de usar<\/li>\n<li>Visualiza tu dise\u00f1o de forma r\u00e1pida usando la vista previa interactiva<\/li>\n<\/ul>\n","protected":false},"featured_media":1667495,"template":"","meta":[],"product_brand":[],"product_cat":[9280,7334,5270,11460,11451,7981,9124,106],"product_tag":[10965,9294,8559,11021,11045,10964,13687,11764],"class_list":{"0":"post-1384194","1":"product","2":"type-product","3":"status-publish","4":"has-post-thumbnail","6":"product_cat-bestsellers-label-es","7":"product_cat-regalos-del-dia-del-padre","8":"product_cat-regalos-de-navidad","9":"product_cat-regalos-de-navidad-para-los-padres","10":"product_cat-regalos-de-navidad-para-papa","11":"product_cat-regalos-para-papa","12":"product_cat-photo-letter-es","13":"product_cat-todos-los-productos","14":"product_tag-dia-del-padre","15":"product_tag-el-mejor-papa-del-mundo","16":"product_tag-father-es","17":"product_tag-papa-es-2","18":"product_tag-papa-es-3","19":"product_tag-papa-es","20":"product_tag-regalo-para-el-dia-del-padre","21":"product_tag-regalos-de-navidad-para-papa","23":"first","24":"instock","25":"sale","26":"taxable","27":"shipping-taxable","28":"purchasable","29":"product-type-variable"},"yoast_head":"<!-- This site is optimized with the Yoast SEO Premium plugin v27.2 (Yoast SEO v27.2) - https:\/\/yoast.com\/product\/yoast-seo-premium-wordpress\/ -->\n<title>Collage de letras para el mejor pap\u00e1 del mundo - Positive Prints<\/title>\n<meta name=\"description\" content=\"Hazle saber a tu padre cu\u00e1nto lo amas con un collage fotogr\u00e1fico personalizado. Una forma emotiva de celebrar al mejor pap\u00e1 del universo.\" \/>\n<meta name=\"robots\" content=\"index, follow, max-snippet:-1, max-image-preview:large, max-video-preview:-1\" \/>\n<link rel=\"canonical\" href=\"https:\/\/positiveprints.com\/es\/producto\/collage-de-letras-para-el-mejor-papa-del-mundo\/\" \/>\n<meta property=\"og:locale\" content=\"es_ES\" \/>\n<meta property=\"og:type\" content=\"article\" \/>\n<meta property=\"og:title\" content=\"Collage de letras para el mejor pap\u00e1 del mundo\" \/>\n<meta property=\"og:description\" content=\"Sube tus fotos favoritas para que personalices todas las letras  Escribe un mensaje para hacer este detalle a\u00fan m\u00e1s especial  Personal\u00edzalo en tres simples pasos con nuestro editor f\u00e1cil de usar  Visualiza tu dise\u00f1o de forma r\u00e1pida usando la vista previa interactiva\" \/>\n<meta property=\"og:url\" content=\"https:\/\/positiveprints.com\/es\/producto\/collage-de-letras-para-el-mejor-papa-del-mundo\/\" \/>\n<meta property=\"og:site_name\" content=\"Positive Prints\" \/>\n<meta property=\"article:publisher\" content=\"https:\/\/www.facebook.com\/positiveprintscom\" \/>\n<meta property=\"article:modified_time\" content=\"2026-04-23T10:07:46+00:00\" \/>\n<meta property=\"og:image\" content=\"https:\/\/positiveprints.com\/wp-content\/uploads\/2024\/03\/the-best-dad-in-the-world-collage-gift.jpg\" \/>\n\t<meta property=\"og:image:width\" content=\"1080\" \/>\n\t<meta property=\"og:image:height\" content=\"1080\" \/>\n\t<meta property=\"og:image:type\" content=\"image\/jpeg\" \/>\n<meta name=\"twitter:card\" content=\"summary_large_image\" \/>\n<!-- \/ Yoast SEO Premium plugin. -->","yoast_head_json":{"title":"Collage de letras para el mejor pap\u00e1 del mundo - Positive Prints","description":"Hazle saber a tu padre cu\u00e1nto lo amas con un collage fotogr\u00e1fico personalizado. Una forma emotiva de celebrar al mejor pap\u00e1 del universo.","robots":{"index":"index","follow":"follow","max-snippet":"max-snippet:-1","max-image-preview":"max-image-preview:large","max-video-preview":"max-video-preview:-1"},"canonical":"https:\/\/positiveprints.com\/es\/producto\/collage-de-letras-para-el-mejor-papa-del-mundo\/","og_locale":"es_ES","og_type":"article","og_title":"Collage de letras para el mejor pap\u00e1 del mundo","og_description":"Sube tus fotos favoritas para que personalices todas las letras  Escribe un mensaje para hacer este detalle a\u00fan m\u00e1s especial  Personal\u00edzalo en tres simples pasos con nuestro editor f\u00e1cil de usar  Visualiza tu dise\u00f1o de forma r\u00e1pida usando la vista previa interactiva","og_url":"https:\/\/positiveprints.com\/es\/producto\/collage-de-letras-para-el-mejor-papa-del-mundo\/","og_site_name":"Positive Prints","article_publisher":"https:\/\/www.facebook.com\/positiveprintscom","article_modified_time":"2026-04-23T10:07:46+00:00","og_image":[{"width":1080,"height":1080,"url":"https:\/\/positiveprints.com\/wp-content\/uploads\/2024\/03\/the-best-dad-in-the-world-collage-gift.jpg","type":"image\/jpeg"}],"twitter_card":"summary_large_image","schema":{"@context":"https:\/\/schema.org","@graph":[{"@type":["WebPage","ItemPage"],"@id":"https:\/\/positiveprints.com\/es\/producto\/collage-de-letras-para-el-mejor-papa-del-mundo\/","url":"https:\/\/positiveprints.com\/es\/producto\/collage-de-letras-para-el-mejor-papa-del-mundo\/","name":"Collage de letras para el mejor pap\u00e1 del mundo - Positive Prints","isPartOf":{"@id":"https:\/\/positiveprints.com\/es\/#website"},"primaryImageOfPage":{"@id":"https:\/\/positiveprints.com\/es\/producto\/collage-de-letras-para-el-mejor-papa-del-mundo\/#primaryimage"},"image":{"@id":"https:\/\/positiveprints.com\/es\/producto\/collage-de-letras-para-el-mejor-papa-del-mundo\/#primaryimage"},"thumbnailUrl":"https:\/\/positiveprints.com\/wp-content\/uploads\/2026\/03\/el-mejor-papa-del-mundo_ES.webp","datePublished":"2024-03-01T09:44:37+00:00","dateModified":"2026-04-23T10:07:46+00:00","description":"Hazle saber a tu padre cu\u00e1nto lo amas con un collage fotogr\u00e1fico personalizado. Una forma emotiva de celebrar al mejor pap\u00e1 del universo.","breadcrumb":{"@id":"https:\/\/positiveprints.com\/es\/producto\/collage-de-letras-para-el-mejor-papa-del-mundo\/#breadcrumb"},"inLanguage":"es","potentialAction":[{"@type":"ReadAction","target":["https:\/\/positiveprints.com\/es\/producto\/collage-de-letras-para-el-mejor-papa-del-mundo\/"]}]},{"@type":"ImageObject","inLanguage":"es","@id":"https:\/\/positiveprints.com\/es\/producto\/collage-de-letras-para-el-mejor-papa-del-mundo\/#primaryimage","url":"https:\/\/positiveprints.com\/wp-content\/uploads\/2026\/03\/el-mejor-papa-del-mundo_ES.webp","contentUrl":"https:\/\/positiveprints.com\/wp-content\/uploads\/2026\/03\/el-mejor-papa-del-mundo_ES.webp","width":1450,"height":1450},{"@type":"BreadcrumbList","@id":"https:\/\/positiveprints.com\/es\/producto\/collage-de-letras-para-el-mejor-papa-del-mundo\/#breadcrumb","itemListElement":[{"@type":"ListItem","position":1,"name":"CASA","item":"https:\/\/positiveprints.com\/es\/"},{"@type":"ListItem","position":2,"name":"Productos","item":"https:\/\/positiveprints.com\/es\/shop\/"},{"@type":"ListItem","position":3,"name":"Collage de letras para el mejor pap\u00e1 del mundo"}]},{"@type":"WebSite","@id":"https:\/\/positiveprints.com\/es\/#website","url":"https:\/\/positiveprints.com\/es\/","name":"Positive Prints","description":"Custom Gifts for Special Occasions","publisher":{"@id":"https:\/\/positiveprints.com\/es\/#organization"},"potentialAction":[{"@type":"SearchAction","target":{"@type":"EntryPoint","urlTemplate":"https:\/\/positiveprints.com\/es\/?s={search_term_string}"},"query-input":{"@type":"PropertyValueSpecification","valueRequired":true,"valueName":"search_term_string"}}],"inLanguage":"es"},{"@type":"Organization","@id":"https:\/\/positiveprints.com\/es\/#organization","name":"Positive Prints","alternateName":"Positive Prints ","url":"https:\/\/positiveprints.com\/es\/","logo":{"@type":"ImageObject","inLanguage":"es","@id":"https:\/\/positiveprints.com\/es\/#\/schema\/logo\/image\/","url":"https:\/\/positiveprints.com\/wp-content\/uploads\/2026\/03\/245815646_1337939713319158_5671353136411139666_n.png","contentUrl":"https:\/\/positiveprints.com\/wp-content\/uploads\/2026\/03\/245815646_1337939713319158_5671353136411139666_n.png","width":800,"height":800,"caption":"Positive Prints"},"image":{"@id":"https:\/\/positiveprints.com\/es\/#\/schema\/logo\/image\/"},"sameAs":["https:\/\/www.facebook.com\/positiveprintscom","https:\/\/www.instagram.com\/positiveprintscom\/","https:\/\/www.tiktok.com\/@positiveprintscom","https:\/\/www.pinterest.com\/positiveprintscom\/"]}]}},"jetpack_sharing_enabled":true,"_links":{"self":[{"href":"https:\/\/positiveprints.com\/es\/wp-json\/wp\/v2\/product\/1384194","targetHints":{"allow":["GET"]}}],"collection":[{"href":"https:\/\/positiveprints.com\/es\/wp-json\/wp\/v2\/product"}],"about":[{"href":"https:\/\/positiveprints.com\/es\/wp-json\/wp\/v2\/types\/product"}],"wp:featuredmedia":[{"embeddable":true,"href":"https:\/\/positiveprints.com\/es\/wp-json\/wp\/v2\/media\/1667495"}],"wp:attachment":[{"href":"https:\/\/positiveprints.com\/es\/wp-json\/wp\/v2\/media?parent=1384194"}],"wp:term":[{"taxonomy":"product_brand","embeddable":true,"href":"https:\/\/positiveprints.com\/es\/wp-json\/wp\/v2\/product_brand?post=1384194"},{"taxonomy":"product_cat","embeddable":true,"href":"https:\/\/positiveprints.com\/es\/wp-json\/wp\/v2\/product_cat?post=1384194"},{"taxonomy":"product_tag","embeddable":true,"href":"https:\/\/positiveprints.com\/es\/wp-json\/wp\/v2\/product_tag?post=1384194"}],"curies":[{"name":"wp","href":"https:\/\/api.w.org\/{rel}","templated":true}]}}