{"id":1377515,"date":"2025-03-13T20:40:49","date_gmt":"2025-03-13T19:40:49","guid":{"rendered":"https:\/\/positiveprints.com\/?post_type=product&#038;p=1377515"},"modified":"2026-04-28T13:29:33","modified_gmt":"2026-04-28T12:29:33","slug":"feliz-dia-de-las-madres-collage-fotografico-con-letras","status":"publish","type":"product","link":"https:\/\/positiveprints.com\/es\/producto\/feliz-dia-de-las-madres-collage-fotografico-con-letras\/","title":{"rendered":"Feliz d\u00eda de las madres &#8211; Collage fotogr\u00e1fico con letras"},"content":{"rendered":"","protected":false},"excerpt":{"rendered":"<ul class=\"check-list\">\n<li>Sube tus fotos favoritas para hacerlo a\u00fan m\u00e1s personal<\/li>\n<li>Escribe un mensaje significativo para celebrar su primer d\u00eda de las madres<\/li>\n<li>Personal\u00edzalo en tres simples pasos con nuestro editor f\u00e1cil de usar<\/li>\n<li>Visualiza tu dise\u00f1o de forma r\u00e1pida usando la vista previa interactiva<\/li>\n<\/ul>\n","protected":false},"featured_media":1667396,"template":"","meta":[],"product_brand":[],"product_cat":[7279,8986,7709,9124,106],"product_tag":[10939,11035,11034,11036,10959,11037,11038,8408,12633],"class_list":{"0":"post-1377515","1":"product","2":"type-product","3":"status-publish","4":"has-post-thumbnail","6":"product_cat-regalos-del-dia-de-las-madres","7":"product_cat-nuevo","8":"product_cat-regalos-para-mama","9":"product_cat-photo-letter-es","10":"product_cat-todos-los-productos","11":"product_tag-dia-de-la-madre","12":"product_tag-mam-es","13":"product_tag-mama-es-2","14":"product_tag-mama-es-3","15":"product_tag-mama-es","16":"product_tag-mami","17":"product_tag-momia","18":"product_tag-mother-es","19":"product_tag-regalos-para-mama","21":"first","22":"instock","23":"sale","24":"taxable","25":"shipping-taxable","26":"purchasable","27":"product-type-variable"},"yoast_head":"<!-- This site is optimized with the Yoast SEO Premium plugin v27.2 (Yoast SEO v27.2) - https:\/\/yoast.com\/product\/yoast-seo-premium-wordpress\/ -->\n<title>Feliz d\u00eda de las madres - Collage fotogr\u00e1fico con letras - Positive Prints<\/title>\n<meta name=\"description\" content=\"Festeja tu primer d\u00eda de las madres con un collage fotogr\u00e1fico personalizado. Un detalle especial para celebrar este incre\u00edble momento que nunca podr\u00e1s olvidar.\" \/>\n<meta name=\"robots\" content=\"index, follow, max-snippet:-1, max-image-preview:large, max-video-preview:-1\" \/>\n<link rel=\"canonical\" href=\"https:\/\/positiveprints.com\/es\/producto\/feliz-dia-de-las-madres-collage-fotografico-con-letras\/\" \/>\n<meta property=\"og:locale\" content=\"es_ES\" \/>\n<meta property=\"og:type\" content=\"article\" \/>\n<meta property=\"og:title\" content=\"Feliz d\u00eda de las madres - Collage fotogr\u00e1fico con letras\" \/>\n<meta property=\"og:description\" content=\"Sube tus fotos favoritas para hacerlo a\u00fan m\u00e1s personal Escribe un mensaje significativo para celebrar su primer d\u00eda de las madres Personal\u00edzalo en tres simples pasos con nuestro editor f\u00e1cil de usar Visualiza tu dise\u00f1o de forma r\u00e1pida usando la vista previa interactiva\" \/>\n<meta property=\"og:url\" content=\"https:\/\/positiveprints.com\/es\/producto\/feliz-dia-de-las-madres-collage-fotografico-con-letras\/\" \/>\n<meta property=\"og:site_name\" content=\"Positive Prints\" \/>\n<meta property=\"article:publisher\" content=\"https:\/\/www.facebook.com\/positiveprintscom\" \/>\n<meta property=\"article:modified_time\" content=\"2026-04-28T12:29:33+00:00\" \/>\n<meta property=\"og:image\" content=\"https:\/\/positiveprints.com\/wp-content\/uploads\/2025\/03\/Feliz-Dia-de-la-Madre-1.webp\" \/>\n\t<meta property=\"og:image:width\" content=\"1450\" \/>\n\t<meta property=\"og:image:height\" content=\"1450\" \/>\n\t<meta property=\"og:image:type\" content=\"image\/webp\" \/>\n<meta name=\"twitter:card\" content=\"summary_large_image\" \/>\n<!-- \/ Yoast SEO Premium plugin. -->","yoast_head_json":{"title":"Feliz d\u00eda de las madres - Collage fotogr\u00e1fico con letras - Positive Prints","description":"Festeja tu primer d\u00eda de las madres con un collage fotogr\u00e1fico personalizado. Un detalle especial para celebrar este incre\u00edble momento que nunca podr\u00e1s olvidar.","robots":{"index":"index","follow":"follow","max-snippet":"max-snippet:-1","max-image-preview":"max-image-preview:large","max-video-preview":"max-video-preview:-1"},"canonical":"https:\/\/positiveprints.com\/es\/producto\/feliz-dia-de-las-madres-collage-fotografico-con-letras\/","og_locale":"es_ES","og_type":"article","og_title":"Feliz d\u00eda de las madres - Collage fotogr\u00e1fico con letras","og_description":"Sube tus fotos favoritas para hacerlo a\u00fan m\u00e1s personal Escribe un mensaje significativo para celebrar su primer d\u00eda de las madres Personal\u00edzalo en tres simples pasos con nuestro editor f\u00e1cil de usar Visualiza tu dise\u00f1o de forma r\u00e1pida usando la vista previa interactiva","og_url":"https:\/\/positiveprints.com\/es\/producto\/feliz-dia-de-las-madres-collage-fotografico-con-letras\/","og_site_name":"Positive Prints","article_publisher":"https:\/\/www.facebook.com\/positiveprintscom","article_modified_time":"2026-04-28T12:29:33+00:00","og_image":[{"width":1450,"height":1450,"url":"https:\/\/positiveprints.com\/wp-content\/uploads\/2025\/03\/Feliz-Dia-de-la-Madre-1.webp","type":"image\/webp"}],"twitter_card":"summary_large_image","schema":{"@context":"https:\/\/schema.org","@graph":[{"@type":["WebPage","ItemPage"],"@id":"https:\/\/positiveprints.com\/es\/producto\/feliz-dia-de-las-madres-collage-fotografico-con-letras\/","url":"https:\/\/positiveprints.com\/es\/producto\/feliz-dia-de-las-madres-collage-fotografico-con-letras\/","name":"Feliz d\u00eda de las madres - Collage fotogr\u00e1fico con letras - Positive Prints","isPartOf":{"@id":"https:\/\/positiveprints.com\/es\/#website"},"primaryImageOfPage":{"@id":"https:\/\/positiveprints.com\/es\/producto\/feliz-dia-de-las-madres-collage-fotografico-con-letras\/#primaryimage"},"image":{"@id":"https:\/\/positiveprints.com\/es\/producto\/feliz-dia-de-las-madres-collage-fotografico-con-letras\/#primaryimage"},"thumbnailUrl":"https:\/\/positiveprints.com\/wp-content\/uploads\/2026\/03\/Feliz-Dia-de-la-Madre-1-ES-.webp","datePublished":"2025-03-13T19:40:49+00:00","dateModified":"2026-04-28T12:29:33+00:00","description":"Festeja tu primer d\u00eda de las madres con un collage fotogr\u00e1fico personalizado. Un detalle especial para celebrar este incre\u00edble momento que nunca podr\u00e1s olvidar.","breadcrumb":{"@id":"https:\/\/positiveprints.com\/es\/producto\/feliz-dia-de-las-madres-collage-fotografico-con-letras\/#breadcrumb"},"inLanguage":"es","potentialAction":[{"@type":"ReadAction","target":["https:\/\/positiveprints.com\/es\/producto\/feliz-dia-de-las-madres-collage-fotografico-con-letras\/"]}]},{"@type":"ImageObject","inLanguage":"es","@id":"https:\/\/positiveprints.com\/es\/producto\/feliz-dia-de-las-madres-collage-fotografico-con-letras\/#primaryimage","url":"https:\/\/positiveprints.com\/wp-content\/uploads\/2026\/03\/Feliz-Dia-de-la-Madre-1-ES-.webp","contentUrl":"https:\/\/positiveprints.com\/wp-content\/uploads\/2026\/03\/Feliz-Dia-de-la-Madre-1-ES-.webp","width":1450,"height":1450},{"@type":"BreadcrumbList","@id":"https:\/\/positiveprints.com\/es\/producto\/feliz-dia-de-las-madres-collage-fotografico-con-letras\/#breadcrumb","itemListElement":[{"@type":"ListItem","position":1,"name":"CASA","item":"https:\/\/positiveprints.com\/es\/"},{"@type":"ListItem","position":2,"name":"Productos","item":"https:\/\/positiveprints.com\/es\/shop\/"},{"@type":"ListItem","position":3,"name":"Feliz d\u00eda de las madres &#8211; Collage fotogr\u00e1fico con letras"}]},{"@type":"WebSite","@id":"https:\/\/positiveprints.com\/es\/#website","url":"https:\/\/positiveprints.com\/es\/","name":"Positive Prints","description":"Custom Gifts for Special Occasions","publisher":{"@id":"https:\/\/positiveprints.com\/es\/#organization"},"potentialAction":[{"@type":"SearchAction","target":{"@type":"EntryPoint","urlTemplate":"https:\/\/positiveprints.com\/es\/?s={search_term_string}"},"query-input":{"@type":"PropertyValueSpecification","valueRequired":true,"valueName":"search_term_string"}}],"inLanguage":"es"},{"@type":"Organization","@id":"https:\/\/positiveprints.com\/es\/#organization","name":"Positive Prints","alternateName":"Positive Prints ","url":"https:\/\/positiveprints.com\/es\/","logo":{"@type":"ImageObject","inLanguage":"es","@id":"https:\/\/positiveprints.com\/es\/#\/schema\/logo\/image\/","url":"https:\/\/positiveprints.com\/wp-content\/uploads\/2026\/03\/245815646_1337939713319158_5671353136411139666_n.png","contentUrl":"https:\/\/positiveprints.com\/wp-content\/uploads\/2026\/03\/245815646_1337939713319158_5671353136411139666_n.png","width":800,"height":800,"caption":"Positive Prints"},"image":{"@id":"https:\/\/positiveprints.com\/es\/#\/schema\/logo\/image\/"},"sameAs":["https:\/\/www.facebook.com\/positiveprintscom","https:\/\/www.instagram.com\/positiveprintscom\/","https:\/\/www.tiktok.com\/@positiveprintscom","https:\/\/www.pinterest.com\/positiveprintscom\/"]}]}},"jetpack_sharing_enabled":true,"_links":{"self":[{"href":"https:\/\/positiveprints.com\/es\/wp-json\/wp\/v2\/product\/1377515","targetHints":{"allow":["GET"]}}],"collection":[{"href":"https:\/\/positiveprints.com\/es\/wp-json\/wp\/v2\/product"}],"about":[{"href":"https:\/\/positiveprints.com\/es\/wp-json\/wp\/v2\/types\/product"}],"wp:featuredmedia":[{"embeddable":true,"href":"https:\/\/positiveprints.com\/es\/wp-json\/wp\/v2\/media\/1667396"}],"wp:attachment":[{"href":"https:\/\/positiveprints.com\/es\/wp-json\/wp\/v2\/media?parent=1377515"}],"wp:term":[{"taxonomy":"product_brand","embeddable":true,"href":"https:\/\/positiveprints.com\/es\/wp-json\/wp\/v2\/product_brand?post=1377515"},{"taxonomy":"product_cat","embeddable":true,"href":"https:\/\/positiveprints.com\/es\/wp-json\/wp\/v2\/product_cat?post=1377515"},{"taxonomy":"product_tag","embeddable":true,"href":"https:\/\/positiveprints.com\/es\/wp-json\/wp\/v2\/product_tag?post=1377515"}],"curies":[{"name":"wp","href":"https:\/\/api.w.org\/{rel}","templated":true}]}}