{"id":1377401,"date":"2025-03-13T20:36:04","date_gmt":"2025-03-13T19:36:04","guid":{"rendered":"https:\/\/positiveprints.com\/?post_type=product&#038;p=1377401"},"modified":"2026-04-12T19:47:29","modified_gmt":"2026-04-12T18:47:29","slug":"mama-y-yo-collage-fotografico-con-letras","status":"publish","type":"product","link":"https:\/\/positiveprints.com\/es\/producto\/mama-y-yo-collage-fotografico-con-letras\/","title":{"rendered":"Mam\u00e1 y yo &#8211; Collage fotogr\u00e1fico con letras"},"content":{"rendered":"","protected":false},"excerpt":{"rendered":"<ul class=\"check-list\">\n<li>Sube tus fotos favoritas para destacar los momentos m\u00e1s inolvidables<\/li>\n<li>Escribe un mensaje lleno de amor para hacerlo a\u00fan m\u00e1s especial<\/li>\n<li>Personal\u00edzalo en tres simples pasos con nuestro editor f\u00e1cil de usar<\/li>\n<li>Visualiza tu dise\u00f1o de forma r\u00e1pida usando la vista previa interactiva<\/li>\n<\/ul>\n","protected":false},"featured_media":1667339,"template":"","meta":[],"product_brand":[],"product_cat":[7279,5270,7709,11459,9124,106,9766],"product_tag":[10939,11035,11036,10959,11034,11037,11038,8408,11822,12633],"class_list":{"0":"post-1377401","1":"product","2":"type-product","3":"status-publish","4":"has-post-thumbnail","6":"product_cat-regalos-del-dia-de-las-madres","7":"product_cat-regalos-de-navidad","8":"product_cat-regalos-para-mama","9":"product_cat-regalos-de-navidad-para-mama","10":"product_cat-photo-letter-es","11":"product_cat-todos-los-productos","12":"product_cat-trending-label-es","13":"product_tag-dia-de-la-madre","14":"product_tag-mam-es","15":"product_tag-mama-es-3","16":"product_tag-mama-es","17":"product_tag-mama-es-2","18":"product_tag-mami","19":"product_tag-momia","20":"product_tag-mother-es","21":"product_tag-regalos-de-navidad-para-mama","22":"product_tag-regalos-para-mama","24":"first","25":"instock","26":"sale","27":"taxable","28":"shipping-taxable","29":"purchasable","30":"product-type-variable"},"yoast_head":"<!-- This site is optimized with the Yoast SEO Premium plugin v27.2 (Yoast SEO v27.2) - https:\/\/yoast.com\/product\/yoast-seo-premium-wordpress\/ -->\n<title>Mam\u00e1 y yo - Collage fotogr\u00e1fico con letras - Positive Prints<\/title>\n<meta name=\"description\" content=\"Inmortaliza el amor entre madre e hijo (o hija) con un collage fotogr\u00e1fico personalizado. Es un detalle especial para recordar los momentos m\u00e1s especiales\" \/>\n<meta name=\"robots\" content=\"index, follow, max-snippet:-1, max-image-preview:large, max-video-preview:-1\" \/>\n<link rel=\"canonical\" href=\"https:\/\/positiveprints.com\/es\/producto\/mama-y-yo-collage-fotografico-con-letras\/\" \/>\n<meta property=\"og:locale\" content=\"es_ES\" \/>\n<meta property=\"og:type\" content=\"article\" \/>\n<meta property=\"og:title\" content=\"Mam\u00e1 y yo - Collage fotogr\u00e1fico con letras\" \/>\n<meta property=\"og:description\" content=\"Sube tus fotos favoritas para destacar los momentos m\u00e1s inolvidables Escribe un mensaje lleno de amor para hacerlo a\u00fan m\u00e1s especial Personal\u00edzalo en tres simples pasos con nuestro editor f\u00e1cil de usar Visualiza tu dise\u00f1o de forma r\u00e1pida usando la vista previa interactiva\" \/>\n<meta property=\"og:url\" content=\"https:\/\/positiveprints.com\/es\/producto\/mama-y-yo-collage-fotografico-con-letras\/\" \/>\n<meta property=\"og:site_name\" content=\"Positive Prints\" \/>\n<meta property=\"article:publisher\" content=\"https:\/\/www.facebook.com\/positiveprintscom\" \/>\n<meta property=\"article:modified_time\" content=\"2026-04-12T18:47:29+00:00\" \/>\n<meta property=\"og:image\" content=\"https:\/\/positiveprints.com\/wp-content\/uploads\/2025\/03\/Mama\u0301-y-yo-Collage-fotogra\u0301fico-con-letras-1.webp\" \/>\n\t<meta property=\"og:image:width\" content=\"1450\" \/>\n\t<meta property=\"og:image:height\" content=\"1450\" \/>\n\t<meta property=\"og:image:type\" content=\"image\/webp\" \/>\n<meta name=\"twitter:card\" content=\"summary_large_image\" \/>\n<meta name=\"twitter:label1\" content=\"Tiempo de lectura\" \/>\n\t<meta name=\"twitter:data1\" content=\"1 minuto\" \/>\n<!-- \/ Yoast SEO Premium plugin. -->","yoast_head_json":{"title":"Mam\u00e1 y yo - Collage fotogr\u00e1fico con letras - Positive Prints","description":"Inmortaliza el amor entre madre e hijo (o hija) con un collage fotogr\u00e1fico personalizado. Es un detalle especial para recordar los momentos m\u00e1s especiales","robots":{"index":"index","follow":"follow","max-snippet":"max-snippet:-1","max-image-preview":"max-image-preview:large","max-video-preview":"max-video-preview:-1"},"canonical":"https:\/\/positiveprints.com\/es\/producto\/mama-y-yo-collage-fotografico-con-letras\/","og_locale":"es_ES","og_type":"article","og_title":"Mam\u00e1 y yo - Collage fotogr\u00e1fico con letras","og_description":"Sube tus fotos favoritas para destacar los momentos m\u00e1s inolvidables Escribe un mensaje lleno de amor para hacerlo a\u00fan m\u00e1s especial Personal\u00edzalo en tres simples pasos con nuestro editor f\u00e1cil de usar Visualiza tu dise\u00f1o de forma r\u00e1pida usando la vista previa interactiva","og_url":"https:\/\/positiveprints.com\/es\/producto\/mama-y-yo-collage-fotografico-con-letras\/","og_site_name":"Positive Prints","article_publisher":"https:\/\/www.facebook.com\/positiveprintscom","article_modified_time":"2026-04-12T18:47:29+00:00","og_image":[{"width":1450,"height":1450,"url":"https:\/\/positiveprints.com\/wp-content\/uploads\/2025\/03\/Mama\u0301-y-yo-Collage-fotogra\u0301fico-con-letras-1.webp","type":"image\/webp"}],"twitter_card":"summary_large_image","twitter_misc":{"Tiempo de lectura":"1 minuto"},"schema":{"@context":"https:\/\/schema.org","@graph":[{"@type":["WebPage","ItemPage"],"@id":"https:\/\/positiveprints.com\/es\/producto\/mama-y-yo-collage-fotografico-con-letras\/","url":"https:\/\/positiveprints.com\/es\/producto\/mama-y-yo-collage-fotografico-con-letras\/","name":"Mam\u00e1 y yo - Collage fotogr\u00e1fico con letras - Positive Prints","isPartOf":{"@id":"https:\/\/positiveprints.com\/es\/#website"},"primaryImageOfPage":{"@id":"https:\/\/positiveprints.com\/es\/producto\/mama-y-yo-collage-fotografico-con-letras\/#primaryimage"},"image":{"@id":"https:\/\/positiveprints.com\/es\/producto\/mama-y-yo-collage-fotografico-con-letras\/#primaryimage"},"thumbnailUrl":"https:\/\/positiveprints.com\/wp-content\/uploads\/2026\/03\/Mamayo-ES.webp","datePublished":"2025-03-13T19:36:04+00:00","dateModified":"2026-04-12T18:47:29+00:00","description":"Inmortaliza el amor entre madre e hijo (o hija) con un collage fotogr\u00e1fico personalizado. Es un detalle especial para recordar los momentos m\u00e1s especiales","breadcrumb":{"@id":"https:\/\/positiveprints.com\/es\/producto\/mama-y-yo-collage-fotografico-con-letras\/#breadcrumb"},"inLanguage":"es","potentialAction":[{"@type":"ReadAction","target":["https:\/\/positiveprints.com\/es\/producto\/mama-y-yo-collage-fotografico-con-letras\/"]}]},{"@type":"ImageObject","inLanguage":"es","@id":"https:\/\/positiveprints.com\/es\/producto\/mama-y-yo-collage-fotografico-con-letras\/#primaryimage","url":"https:\/\/positiveprints.com\/wp-content\/uploads\/2026\/03\/Mamayo-ES.webp","contentUrl":"https:\/\/positiveprints.com\/wp-content\/uploads\/2026\/03\/Mamayo-ES.webp","width":1450,"height":1450},{"@type":"BreadcrumbList","@id":"https:\/\/positiveprints.com\/es\/producto\/mama-y-yo-collage-fotografico-con-letras\/#breadcrumb","itemListElement":[{"@type":"ListItem","position":1,"name":"CASA","item":"https:\/\/positiveprints.com\/es\/"},{"@type":"ListItem","position":2,"name":"Productos","item":"https:\/\/positiveprints.com\/es\/shop\/"},{"@type":"ListItem","position":3,"name":"Mam\u00e1 y yo &#8211; Collage fotogr\u00e1fico con letras"}]},{"@type":"WebSite","@id":"https:\/\/positiveprints.com\/es\/#website","url":"https:\/\/positiveprints.com\/es\/","name":"Positive Prints","description":"Custom Gifts for Special Occasions","publisher":{"@id":"https:\/\/positiveprints.com\/es\/#organization"},"potentialAction":[{"@type":"SearchAction","target":{"@type":"EntryPoint","urlTemplate":"https:\/\/positiveprints.com\/es\/?s={search_term_string}"},"query-input":{"@type":"PropertyValueSpecification","valueRequired":true,"valueName":"search_term_string"}}],"inLanguage":"es"},{"@type":"Organization","@id":"https:\/\/positiveprints.com\/es\/#organization","name":"Positive Prints","alternateName":"Positive Prints","url":"https:\/\/positiveprints.com\/es\/","logo":{"@type":"ImageObject","inLanguage":"es","@id":"https:\/\/positiveprints.com\/es\/#\/schema\/logo\/image\/","url":"https:\/\/positiveprints.com\/wp-content\/uploads\/2026\/03\/245815646_1337939713319158_5671353136411139666_n.png","contentUrl":"https:\/\/positiveprints.com\/wp-content\/uploads\/2026\/03\/245815646_1337939713319158_5671353136411139666_n.png","width":800,"height":800,"caption":"Positive Prints"},"image":{"@id":"https:\/\/positiveprints.com\/es\/#\/schema\/logo\/image\/"},"sameAs":["https:\/\/www.facebook.com\/positiveprintscom","https:\/\/www.instagram.com\/positiveprintscom\/","https:\/\/www.tiktok.com\/@positiveprintscom","https:\/\/www.pinterest.com\/positiveprintscom\/"]}]}},"jetpack_sharing_enabled":true,"_links":{"self":[{"href":"https:\/\/positiveprints.com\/es\/wp-json\/wp\/v2\/product\/1377401","targetHints":{"allow":["GET"]}}],"collection":[{"href":"https:\/\/positiveprints.com\/es\/wp-json\/wp\/v2\/product"}],"about":[{"href":"https:\/\/positiveprints.com\/es\/wp-json\/wp\/v2\/types\/product"}],"wp:featuredmedia":[{"embeddable":true,"href":"https:\/\/positiveprints.com\/es\/wp-json\/wp\/v2\/media\/1667339"}],"wp:attachment":[{"href":"https:\/\/positiveprints.com\/es\/wp-json\/wp\/v2\/media?parent=1377401"}],"wp:term":[{"taxonomy":"product_brand","embeddable":true,"href":"https:\/\/positiveprints.com\/es\/wp-json\/wp\/v2\/product_brand?post=1377401"},{"taxonomy":"product_cat","embeddable":true,"href":"https:\/\/positiveprints.com\/es\/wp-json\/wp\/v2\/product_cat?post=1377401"},{"taxonomy":"product_tag","embeddable":true,"href":"https:\/\/positiveprints.com\/es\/wp-json\/wp\/v2\/product_tag?post=1377401"}],"curies":[{"name":"wp","href":"https:\/\/api.w.org\/{rel}","templated":true}]}}