{"id":1377288,"date":"2025-03-13T20:25:10","date_gmt":"2025-03-13T19:25:10","guid":{"rendered":"https:\/\/positiveprints.com\/?post_type=product&#038;p=1377288"},"modified":"2026-04-28T13:29:53","modified_gmt":"2026-04-28T12:29:53","slug":"la-mejor-mama-del-mundo-collage-fotografico-con-letras","status":"publish","type":"product","link":"https:\/\/positiveprints.com\/es\/producto\/la-mejor-mama-del-mundo-collage-fotografico-con-letras\/","title":{"rendered":"La mejor mam\u00e1 del mundo &#8211; Collage fotogr\u00e1fico con letras"},"content":{"rendered":"","protected":false},"excerpt":{"rendered":"<ul class=\"check-list\">\n<li>Sube tus fotos favoritas para que personalices todas las letras<\/li>\n<li>Escribe un mensaje para hacer tu regalo a\u00fan m\u00e1s especial<\/li>\n<li>Personal\u00edzalo en tres simples pasos con nuestro editor f\u00e1cil de usar<\/li>\n<li>Visualiza tu dise\u00f1o de forma r\u00e1pida usando la vista previa interactiva<\/li>\n<\/ul>\n","protected":false},"featured_media":1667639,"template":"","meta":[],"product_brand":[],"product_cat":[9280,7279,5270,7709,11459,9124,106,9766],"product_tag":[10939,15562,11035,11036,10959,11034,11037,11038,8408,15544,11822,12633],"class_list":{"0":"post-1377288","1":"product","2":"type-product","3":"status-publish","4":"has-post-thumbnail","6":"product_cat-bestsellers-label-es","7":"product_cat-regalos-del-dia-de-las-madres","8":"product_cat-regalos-de-navidad","9":"product_cat-regalos-para-mama","10":"product_cat-regalos-de-navidad-para-mama","11":"product_cat-photo-letter-es","12":"product_cat-todos-los-productos","13":"product_cat-trending-label-es","14":"product_tag-dia-de-la-madre","15":"product_tag-la-mejor-mama","16":"product_tag-mam-es","17":"product_tag-mama-es-3","18":"product_tag-mama-es","19":"product_tag-mama-es-2","20":"product_tag-mami","21":"product_tag-momia","22":"product_tag-mother-es","23":"product_tag-regalo-mama","24":"product_tag-regalos-de-navidad-para-mama","25":"product_tag-regalos-para-mama","27":"first","28":"instock","29":"sale","30":"taxable","31":"shipping-taxable","32":"purchasable","33":"product-type-variable"},"yoast_head":"<!-- This site is optimized with the Yoast SEO Premium plugin v27.2 (Yoast SEO v27.2) - https:\/\/yoast.com\/product\/yoast-seo-premium-wordpress\/ -->\n<title>La mejor mam\u00e1 del mundo - Collage fotogr\u00e1fico - Positive Prints<\/title>\n<meta name=\"description\" content=\"Celebra a Mam\u00e1 con un collage fotogr\u00e1fico \u00fanico y lleno de amor. La manera ideal de demostrarle tu cari\u00f1o a la mejor madre del mundo\" \/>\n<meta name=\"robots\" content=\"index, follow, max-snippet:-1, max-image-preview:large, max-video-preview:-1\" \/>\n<link rel=\"canonical\" href=\"https:\/\/positiveprints.com\/es\/producto\/la-mejor-mama-del-mundo-collage-fotografico-con-letras\/\" \/>\n<meta property=\"og:locale\" content=\"es_ES\" \/>\n<meta property=\"og:type\" content=\"article\" \/>\n<meta property=\"og:title\" content=\"La mejor mam\u00e1 del mundo - Collage fotogr\u00e1fico con letras\" \/>\n<meta property=\"og:description\" content=\"Sube tus fotos favoritas para que personalices todas las letras Escribe un mensaje para hacer tu regalo a\u00fan m\u00e1s especial Personal\u00edzalo en tres simples pasos con nuestro editor f\u00e1cil de usar Visualiza tu dise\u00f1o de forma r\u00e1pida usando la vista previa interactiva\" \/>\n<meta property=\"og:url\" content=\"https:\/\/positiveprints.com\/es\/producto\/la-mejor-mama-del-mundo-collage-fotografico-con-letras\/\" \/>\n<meta property=\"og:site_name\" content=\"Positive Prints\" \/>\n<meta property=\"article:publisher\" content=\"https:\/\/www.facebook.com\/positiveprintscom\" \/>\n<meta property=\"article:modified_time\" content=\"2026-04-28T12:29:53+00:00\" \/>\n<meta property=\"og:image\" content=\"https:\/\/positiveprints.com\/wp-content\/uploads\/2025\/03\/La-Mejor-Mama\u0301-del-Mundo-1.webp\" \/>\n\t<meta property=\"og:image:width\" content=\"1450\" \/>\n\t<meta property=\"og:image:height\" content=\"1450\" \/>\n\t<meta property=\"og:image:type\" content=\"image\/webp\" \/>\n<meta name=\"twitter:card\" content=\"summary_large_image\" \/>\n<!-- \/ Yoast SEO Premium plugin. -->","yoast_head_json":{"title":"La mejor mam\u00e1 del mundo - Collage fotogr\u00e1fico - Positive Prints","description":"Celebra a Mam\u00e1 con un collage fotogr\u00e1fico \u00fanico y lleno de amor. La manera ideal de demostrarle tu cari\u00f1o a la mejor madre del mundo","robots":{"index":"index","follow":"follow","max-snippet":"max-snippet:-1","max-image-preview":"max-image-preview:large","max-video-preview":"max-video-preview:-1"},"canonical":"https:\/\/positiveprints.com\/es\/producto\/la-mejor-mama-del-mundo-collage-fotografico-con-letras\/","og_locale":"es_ES","og_type":"article","og_title":"La mejor mam\u00e1 del mundo - Collage fotogr\u00e1fico con letras","og_description":"Sube tus fotos favoritas para que personalices todas las letras Escribe un mensaje para hacer tu regalo a\u00fan m\u00e1s especial Personal\u00edzalo en tres simples pasos con nuestro editor f\u00e1cil de usar Visualiza tu dise\u00f1o de forma r\u00e1pida usando la vista previa interactiva","og_url":"https:\/\/positiveprints.com\/es\/producto\/la-mejor-mama-del-mundo-collage-fotografico-con-letras\/","og_site_name":"Positive Prints","article_publisher":"https:\/\/www.facebook.com\/positiveprintscom","article_modified_time":"2026-04-28T12:29:53+00:00","og_image":[{"width":1450,"height":1450,"url":"https:\/\/positiveprints.com\/wp-content\/uploads\/2025\/03\/La-Mejor-Mama\u0301-del-Mundo-1.webp","type":"image\/webp"}],"twitter_card":"summary_large_image","schema":{"@context":"https:\/\/schema.org","@graph":[{"@type":["WebPage","ItemPage"],"@id":"https:\/\/positiveprints.com\/es\/producto\/la-mejor-mama-del-mundo-collage-fotografico-con-letras\/","url":"https:\/\/positiveprints.com\/es\/producto\/la-mejor-mama-del-mundo-collage-fotografico-con-letras\/","name":"La mejor mam\u00e1 del mundo - Collage fotogr\u00e1fico - Positive Prints","isPartOf":{"@id":"https:\/\/positiveprints.com\/es\/#website"},"primaryImageOfPage":{"@id":"https:\/\/positiveprints.com\/es\/producto\/la-mejor-mama-del-mundo-collage-fotografico-con-letras\/#primaryimage"},"image":{"@id":"https:\/\/positiveprints.com\/es\/producto\/la-mejor-mama-del-mundo-collage-fotografico-con-letras\/#primaryimage"},"thumbnailUrl":"https:\/\/positiveprints.com\/wp-content\/uploads\/2026\/03\/La-Mejor-Mama-del-Mundo_ES.webp","datePublished":"2025-03-13T19:25:10+00:00","dateModified":"2026-04-28T12:29:53+00:00","description":"Celebra a Mam\u00e1 con un collage fotogr\u00e1fico \u00fanico y lleno de amor. La manera ideal de demostrarle tu cari\u00f1o a la mejor madre del mundo","breadcrumb":{"@id":"https:\/\/positiveprints.com\/es\/producto\/la-mejor-mama-del-mundo-collage-fotografico-con-letras\/#breadcrumb"},"inLanguage":"es","potentialAction":[{"@type":"ReadAction","target":["https:\/\/positiveprints.com\/es\/producto\/la-mejor-mama-del-mundo-collage-fotografico-con-letras\/"]}]},{"@type":"ImageObject","inLanguage":"es","@id":"https:\/\/positiveprints.com\/es\/producto\/la-mejor-mama-del-mundo-collage-fotografico-con-letras\/#primaryimage","url":"https:\/\/positiveprints.com\/wp-content\/uploads\/2026\/03\/La-Mejor-Mama-del-Mundo_ES.webp","contentUrl":"https:\/\/positiveprints.com\/wp-content\/uploads\/2026\/03\/La-Mejor-Mama-del-Mundo_ES.webp","width":1450,"height":1450},{"@type":"BreadcrumbList","@id":"https:\/\/positiveprints.com\/es\/producto\/la-mejor-mama-del-mundo-collage-fotografico-con-letras\/#breadcrumb","itemListElement":[{"@type":"ListItem","position":1,"name":"CASA","item":"https:\/\/positiveprints.com\/es\/"},{"@type":"ListItem","position":2,"name":"Productos","item":"https:\/\/positiveprints.com\/es\/shop\/"},{"@type":"ListItem","position":3,"name":"La mejor mam\u00e1 del mundo &#8211; Collage fotogr\u00e1fico con letras"}]},{"@type":"WebSite","@id":"https:\/\/positiveprints.com\/es\/#website","url":"https:\/\/positiveprints.com\/es\/","name":"Positive Prints","description":"Custom Gifts for Special Occasions","publisher":{"@id":"https:\/\/positiveprints.com\/es\/#organization"},"potentialAction":[{"@type":"SearchAction","target":{"@type":"EntryPoint","urlTemplate":"https:\/\/positiveprints.com\/es\/?s={search_term_string}"},"query-input":{"@type":"PropertyValueSpecification","valueRequired":true,"valueName":"search_term_string"}}],"inLanguage":"es"},{"@type":"Organization","@id":"https:\/\/positiveprints.com\/es\/#organization","name":"Positive Prints","alternateName":"Positive Prints ","url":"https:\/\/positiveprints.com\/es\/","logo":{"@type":"ImageObject","inLanguage":"es","@id":"https:\/\/positiveprints.com\/es\/#\/schema\/logo\/image\/","url":"https:\/\/positiveprints.com\/wp-content\/uploads\/2026\/03\/245815646_1337939713319158_5671353136411139666_n.png","contentUrl":"https:\/\/positiveprints.com\/wp-content\/uploads\/2026\/03\/245815646_1337939713319158_5671353136411139666_n.png","width":800,"height":800,"caption":"Positive Prints"},"image":{"@id":"https:\/\/positiveprints.com\/es\/#\/schema\/logo\/image\/"},"sameAs":["https:\/\/www.facebook.com\/positiveprintscom","https:\/\/www.instagram.com\/positiveprintscom\/","https:\/\/www.tiktok.com\/@positiveprintscom","https:\/\/www.pinterest.com\/positiveprintscom\/"]}]}},"jetpack_sharing_enabled":true,"_links":{"self":[{"href":"https:\/\/positiveprints.com\/es\/wp-json\/wp\/v2\/product\/1377288","targetHints":{"allow":["GET"]}}],"collection":[{"href":"https:\/\/positiveprints.com\/es\/wp-json\/wp\/v2\/product"}],"about":[{"href":"https:\/\/positiveprints.com\/es\/wp-json\/wp\/v2\/types\/product"}],"wp:featuredmedia":[{"embeddable":true,"href":"https:\/\/positiveprints.com\/es\/wp-json\/wp\/v2\/media\/1667639"}],"wp:attachment":[{"href":"https:\/\/positiveprints.com\/es\/wp-json\/wp\/v2\/media?parent=1377288"}],"wp:term":[{"taxonomy":"product_brand","embeddable":true,"href":"https:\/\/positiveprints.com\/es\/wp-json\/wp\/v2\/product_brand?post=1377288"},{"taxonomy":"product_cat","embeddable":true,"href":"https:\/\/positiveprints.com\/es\/wp-json\/wp\/v2\/product_cat?post=1377288"},{"taxonomy":"product_tag","embeddable":true,"href":"https:\/\/positiveprints.com\/es\/wp-json\/wp\/v2\/product_tag?post=1377288"}],"curies":[{"name":"wp","href":"https:\/\/api.w.org\/{rel}","templated":true}]}}