{"id":1355722,"date":"2025-02-19T14:25:13","date_gmt":"2025-02-19T13:25:22","guid":{"rendered":"https:\/\/positiveprints.com\/?post_type=product&#038;p=1355722"},"modified":"2026-04-03T02:33:39","modified_gmt":"2026-04-03T01:33:39","slug":"madrastra-collage-de-fotos","status":"publish","type":"product","link":"https:\/\/positiveprints.com\/es\/producto\/madrastra-collage-de-fotos\/","title":{"rendered":"Madrastra Collage de fotos"},"content":{"rendered":"","protected":false},"excerpt":{"rendered":"<ul class=\"check-list\">\n<li>Transforma tus momentos m\u00e1s especiales con mam\u00e1 en un recuerdo \u00fanico que celebra vuestro v\u00ednculo y el amor que os une<\/li>\n<li>Incluye un texto personalizado con un significado especial<\/li>\n<li>Personal\u00edzalo en tres sencillos pasos<\/li>\n<li>Elige uno de nuestros dise\u00f1os o usa tu creatividad<\/li>\n<li>Ve el resultado de inmediato: la vista previa interactiva te permite perfeccionar cada detalle<\/li>\n<\/ul>\n","protected":false},"featured_media":1356726,"template":"","meta":[],"product_brand":[],"product_cat":[106,7501],"product_tag":[10939,16402,10959,11036,8408],"class_list":{"0":"post-1355722","1":"product","2":"type-product","3":"status-publish","4":"has-post-thumbnail","6":"product_cat-todos-los-productos","7":"product_cat-foto-es","8":"product_tag-dia-de-la-madre","9":"product_tag-madrastra","10":"product_tag-mama-es","11":"product_tag-mama-es-3","12":"product_tag-mother-es","14":"first","15":"instock","16":"sale","17":"taxable","18":"shipping-taxable","19":"purchasable","20":"product-type-variable"},"yoast_head":"<!-- This site is optimized with the Yoast SEO Premium plugin v27.2 (Yoast SEO v27.2) - https:\/\/yoast.com\/product\/yoast-seo-premium-wordpress\/ -->\n<title>Madrastra Collage de fotos - Positive Prints<\/title>\n<meta name=\"description\" content=\"Crea un Madrastra Collage de Fotos para celebrar momentos especiales con ella. Perfecto para guardar recuerdos o como un regalo especial que le sacar\u00e1 una sonrisa.\" \/>\n<meta name=\"robots\" content=\"index, follow, max-snippet:-1, max-image-preview:large, max-video-preview:-1\" \/>\n<link rel=\"canonical\" href=\"https:\/\/positiveprints.com\/es\/producto\/madrastra-collage-de-fotos\/\" \/>\n<meta property=\"og:locale\" content=\"es_ES\" \/>\n<meta property=\"og:type\" content=\"article\" \/>\n<meta property=\"og:title\" content=\"Madrastra Collage de fotos\" \/>\n<meta property=\"og:description\" content=\"Transforma tus momentos m\u00e1s especiales con mam\u00e1 en un recuerdo \u00fanico que celebra vuestro v\u00ednculo y el amor que os une  Incluye un texto personalizado con un significado especial  Personal\u00edzalo en tres sencillos pasos  Elige uno de nuestros dise\u00f1os o usa tu creatividad  Ve el resultado de inmediato: la vista previa interactiva te permite perfeccionar cada detalle\" \/>\n<meta property=\"og:url\" content=\"https:\/\/positiveprints.com\/es\/producto\/madrastra-collage-de-fotos\/\" \/>\n<meta property=\"og:site_name\" content=\"Positive Prints\" \/>\n<meta property=\"article:publisher\" content=\"https:\/\/www.facebook.com\/positiveprintscom\" \/>\n<meta property=\"article:modified_time\" content=\"2026-04-03T01:33:39+00:00\" \/>\n<meta property=\"og:image\" content=\"https:\/\/positiveprints.com\/wp-content\/uploads\/2025\/02\/Madrastra-Collage-de-fotos.webp\" \/>\n\t<meta property=\"og:image:width\" content=\"1450\" \/>\n\t<meta property=\"og:image:height\" content=\"1450\" \/>\n\t<meta property=\"og:image:type\" content=\"image\/webp\" \/>\n<meta name=\"twitter:card\" content=\"summary_large_image\" \/>\n<meta name=\"twitter:label1\" content=\"Tiempo de lectura\" \/>\n\t<meta name=\"twitter:data1\" content=\"1 minuto\" \/>\n<!-- \/ Yoast SEO Premium plugin. -->","yoast_head_json":{"title":"Madrastra Collage de fotos - Positive Prints","description":"Crea un Madrastra Collage de Fotos para celebrar momentos especiales con ella. Perfecto para guardar recuerdos o como un regalo especial que le sacar\u00e1 una sonrisa.","robots":{"index":"index","follow":"follow","max-snippet":"max-snippet:-1","max-image-preview":"max-image-preview:large","max-video-preview":"max-video-preview:-1"},"canonical":"https:\/\/positiveprints.com\/es\/producto\/madrastra-collage-de-fotos\/","og_locale":"es_ES","og_type":"article","og_title":"Madrastra Collage de fotos","og_description":"Transforma tus momentos m\u00e1s especiales con mam\u00e1 en un recuerdo \u00fanico que celebra vuestro v\u00ednculo y el amor que os une  Incluye un texto personalizado con un significado especial  Personal\u00edzalo en tres sencillos pasos  Elige uno de nuestros dise\u00f1os o usa tu creatividad  Ve el resultado de inmediato: la vista previa interactiva te permite perfeccionar cada detalle","og_url":"https:\/\/positiveprints.com\/es\/producto\/madrastra-collage-de-fotos\/","og_site_name":"Positive Prints","article_publisher":"https:\/\/www.facebook.com\/positiveprintscom","article_modified_time":"2026-04-03T01:33:39+00:00","og_image":[{"width":1450,"height":1450,"url":"https:\/\/positiveprints.com\/wp-content\/uploads\/2025\/02\/Madrastra-Collage-de-fotos.webp","type":"image\/webp"}],"twitter_card":"summary_large_image","twitter_misc":{"Tiempo de lectura":"1 minuto"},"schema":{"@context":"https:\/\/schema.org","@graph":[{"@type":["WebPage","ItemPage"],"@id":"https:\/\/positiveprints.com\/es\/producto\/madrastra-collage-de-fotos\/","url":"https:\/\/positiveprints.com\/es\/producto\/madrastra-collage-de-fotos\/","name":"Madrastra Collage de fotos - Positive Prints","isPartOf":{"@id":"https:\/\/positiveprints.com\/es\/#website"},"primaryImageOfPage":{"@id":"https:\/\/positiveprints.com\/es\/producto\/madrastra-collage-de-fotos\/#primaryimage"},"image":{"@id":"https:\/\/positiveprints.com\/es\/producto\/madrastra-collage-de-fotos\/#primaryimage"},"thumbnailUrl":"https:\/\/positiveprints.com\/wp-content\/uploads\/2025\/02\/Madrastra-Collage-de-fotos.webp","datePublished":"2025-02-19T13:25:22+00:00","dateModified":"2026-04-03T01:33:39+00:00","description":"Crea un Madrastra Collage de Fotos para celebrar momentos especiales con ella. Perfecto para guardar recuerdos o como un regalo especial que le sacar\u00e1 una sonrisa.","breadcrumb":{"@id":"https:\/\/positiveprints.com\/es\/producto\/madrastra-collage-de-fotos\/#breadcrumb"},"inLanguage":"es","potentialAction":[{"@type":"ReadAction","target":["https:\/\/positiveprints.com\/es\/producto\/madrastra-collage-de-fotos\/"]}]},{"@type":"ImageObject","inLanguage":"es","@id":"https:\/\/positiveprints.com\/es\/producto\/madrastra-collage-de-fotos\/#primaryimage","url":"https:\/\/positiveprints.com\/wp-content\/uploads\/2025\/02\/Madrastra-Collage-de-fotos.webp","contentUrl":"https:\/\/positiveprints.com\/wp-content\/uploads\/2025\/02\/Madrastra-Collage-de-fotos.webp","width":1450,"height":1450,"caption":"Madrastra Collage de fotos"},{"@type":"BreadcrumbList","@id":"https:\/\/positiveprints.com\/es\/producto\/madrastra-collage-de-fotos\/#breadcrumb","itemListElement":[{"@type":"ListItem","position":1,"name":"CASA","item":"https:\/\/positiveprints.com\/es\/"},{"@type":"ListItem","position":2,"name":"Productos","item":"https:\/\/positiveprints.com\/es\/shop\/"},{"@type":"ListItem","position":3,"name":"Madrastra Collage de fotos"}]},{"@type":"WebSite","@id":"https:\/\/positiveprints.com\/es\/#website","url":"https:\/\/positiveprints.com\/es\/","name":"Positive Prints","description":"Custom Gifts for Special Occasions","publisher":{"@id":"https:\/\/positiveprints.com\/es\/#organization"},"potentialAction":[{"@type":"SearchAction","target":{"@type":"EntryPoint","urlTemplate":"https:\/\/positiveprints.com\/es\/?s={search_term_string}"},"query-input":{"@type":"PropertyValueSpecification","valueRequired":true,"valueName":"search_term_string"}}],"inLanguage":"es"},{"@type":"Organization","@id":"https:\/\/positiveprints.com\/es\/#organization","name":"Positive Prints","alternateName":"Positive Prints","url":"https:\/\/positiveprints.com\/es\/","logo":{"@type":"ImageObject","inLanguage":"es","@id":"https:\/\/positiveprints.com\/es\/#\/schema\/logo\/image\/","url":"https:\/\/positiveprints.com\/wp-content\/uploads\/2026\/03\/245815646_1337939713319158_5671353136411139666_n.png","contentUrl":"https:\/\/positiveprints.com\/wp-content\/uploads\/2026\/03\/245815646_1337939713319158_5671353136411139666_n.png","width":800,"height":800,"caption":"Positive Prints"},"image":{"@id":"https:\/\/positiveprints.com\/es\/#\/schema\/logo\/image\/"},"sameAs":["https:\/\/www.facebook.com\/positiveprintscom","https:\/\/www.instagram.com\/positiveprintscom\/","https:\/\/www.tiktok.com\/@positiveprintscom","https:\/\/www.pinterest.com\/positiveprintscom\/"]}]}},"jetpack_sharing_enabled":true,"_links":{"self":[{"href":"https:\/\/positiveprints.com\/es\/wp-json\/wp\/v2\/product\/1355722","targetHints":{"allow":["GET"]}}],"collection":[{"href":"https:\/\/positiveprints.com\/es\/wp-json\/wp\/v2\/product"}],"about":[{"href":"https:\/\/positiveprints.com\/es\/wp-json\/wp\/v2\/types\/product"}],"wp:featuredmedia":[{"embeddable":true,"href":"https:\/\/positiveprints.com\/es\/wp-json\/wp\/v2\/media\/1356726"}],"wp:attachment":[{"href":"https:\/\/positiveprints.com\/es\/wp-json\/wp\/v2\/media?parent=1355722"}],"wp:term":[{"taxonomy":"product_brand","embeddable":true,"href":"https:\/\/positiveprints.com\/es\/wp-json\/wp\/v2\/product_brand?post=1355722"},{"taxonomy":"product_cat","embeddable":true,"href":"https:\/\/positiveprints.com\/es\/wp-json\/wp\/v2\/product_cat?post=1355722"},{"taxonomy":"product_tag","embeddable":true,"href":"https:\/\/positiveprints.com\/es\/wp-json\/wp\/v2\/product_tag?post=1355722"}],"curies":[{"name":"wp","href":"https:\/\/api.w.org\/{rel}","templated":true}]}}