{"id":1314213,"date":"2025-01-13T13:54:12","date_gmt":"2025-01-13T12:54:12","guid":{"rendered":"https:\/\/positiveprints.com\/?post_type=product&#038;p=1314213"},"modified":"2026-04-18T03:06:43","modified_gmt":"2026-04-18T02:06:43","slug":"collage-de-fotos-amor","status":"publish","type":"product","link":"https:\/\/positiveprints.com\/es\/producto\/collage-de-fotos-amor\/","title":{"rendered":"Collage de Fotos Amor"},"content":{"rendered":"","protected":false},"excerpt":{"rendered":"<ul class=\"check-list\">\n<li>Convierte las mejores fotos con tu pareja en un recuerdo especial que celebra su amor y los incre\u00edbles momentos que han compartido juntos<\/li>\n<li>Incluye un texto personalizado con un significado especial<\/li>\n<li>Personal\u00edzalo en tres sencillos pasos<\/li>\n<li>Elige uno de nuestros dise\u00f1os o usa tu creatividad<\/li>\n<li>Ve el resultado de inmediato: la vista previa interactiva te permite perfeccionar cada detalle<\/li>\n<\/ul>\n","protected":false},"featured_media":1314942,"template":"","meta":[],"product_brand":[],"product_cat":[9766,106,7501,5334,11187,11188,11189,5270,11455,11456,11452,11448,11462,11457,8012,7678,7646,7693,7789,7757,7805,3119,11249],"product_tag":[14923,11826,11821,11757,11825,11820,11771,14948,14942],"class_list":{"0":"post-1314213","1":"product","2":"type-product","3":"status-publish","4":"has-post-thumbnail","6":"product_cat-trending-label-es","7":"product_cat-todos-los-productos","8":"product_cat-foto-es","9":"product_cat-regalos-de-aniversario","10":"product_cat-regalos-de-aniversario-para-pareja","11":"product_cat-regalos-de-aniversario-para-ella","12":"product_cat-regalos-de-aniversario-para-el","13":"product_cat-regalos-de-navidad","14":"product_cat-regalos-de-navidad-para-mujer","15":"product_cat-regalos-de-navidad-para-hombre","16":"product_cat-regalos-de-navidad-para-la-novia","17":"product_cat-regalos-de-navidad-para-el-novio","18":"product_cat-regalos-de-navidad-para-la-esposa","19":"product_cat-regalos-de-navidad-para-el-marido","20":"product_cat-regalos-para-hombres","21":"product_cat-regalos-para-mi-novio","22":"product_cat-regalos-para-mi-esposo","23":"product_cat-regalos-para-mujeres","24":"product_cat-regalos-para-mi-novia","25":"product_cat-regalos-para-mi-esposa","26":"product_cat-regalos-para-parejas","27":"product_cat-regalos-de-san-valentin","28":"product_cat-regalos-de-san-valentin-mujeres","29":"product_tag-anniversary-es","30":"product_tag-regalos-de-navidad-para-el","31":"product_tag-regalos-de-navidad-para-el-marido","32":"product_tag-regalos-de-navidad-para-el-novio","33":"product_tag-regalos-de-navidad-para-ella","34":"product_tag-regalos-de-navidad-para-la-esposa","35":"product_tag-regalos-de-navidad-para-la-novia","36":"product_tag-valentines-day-es","37":"product_tag-valentines-day-gift-es","39":"first","40":"instock","41":"sale","42":"taxable","43":"shipping-taxable","44":"purchasable","45":"product-type-variable"},"yoast_head":"<!-- This site is optimized with the Yoast SEO Premium plugin v27.2 (Yoast SEO v27.2) - https:\/\/yoast.com\/product\/yoast-seo-premium-wordpress\/ -->\n<title>Collage de Fotos Amor - Positive Prints<\/title>\n<meta name=\"description\" content=\"Crea un hermoso Collage de Fotos de Amor para atesorar tus momentos especiales. Perfecto para aniversarios, bodas o como un regalo sincero para celebrar el amor.\" \/>\n<meta name=\"robots\" content=\"index, follow, max-snippet:-1, max-image-preview:large, max-video-preview:-1\" \/>\n<link rel=\"canonical\" href=\"https:\/\/positiveprints.com\/es\/producto\/collage-de-fotos-amor\/\" \/>\n<meta property=\"og:locale\" content=\"es_ES\" \/>\n<meta property=\"og:type\" content=\"article\" \/>\n<meta property=\"og:title\" content=\"Collage de Fotos Amor\" \/>\n<meta property=\"og:description\" content=\"Convierte las mejores fotos con tu pareja en un recuerdo especial que celebra su amor y los incre\u00edbles momentos que han compartido juntos Incluye un texto personalizado con un significado especial Personal\u00edzalo en tres sencillos pasos Elige uno de nuestros dise\u00f1os o usa tu creatividad Ve el resultado de inmediato: la vista previa interactiva te permite perfeccionar cada detalle\" \/>\n<meta property=\"og:url\" content=\"https:\/\/positiveprints.com\/es\/producto\/collage-de-fotos-amor\/\" \/>\n<meta property=\"og:site_name\" content=\"Positive Prints\" \/>\n<meta property=\"article:publisher\" content=\"https:\/\/www.facebook.com\/positiveprintscom\" \/>\n<meta property=\"article:modified_time\" content=\"2026-04-18T02:06:43+00:00\" \/>\n<meta property=\"og:image\" content=\"https:\/\/positiveprints.com\/wp-content\/uploads\/2025\/01\/Collage-de-Fotos-Amor.webp\" \/>\n\t<meta property=\"og:image:width\" content=\"1450\" \/>\n\t<meta property=\"og:image:height\" content=\"1450\" \/>\n\t<meta property=\"og:image:type\" content=\"image\/webp\" \/>\n<meta name=\"twitter:card\" content=\"summary_large_image\" \/>\n<meta name=\"twitter:label1\" content=\"Tiempo de lectura\" \/>\n\t<meta name=\"twitter:data1\" content=\"1 minuto\" \/>\n<!-- \/ Yoast SEO Premium plugin. -->","yoast_head_json":{"title":"Collage de Fotos Amor - Positive Prints","description":"Crea un hermoso Collage de Fotos de Amor para atesorar tus momentos especiales. Perfecto para aniversarios, bodas o como un regalo sincero para celebrar el amor.","robots":{"index":"index","follow":"follow","max-snippet":"max-snippet:-1","max-image-preview":"max-image-preview:large","max-video-preview":"max-video-preview:-1"},"canonical":"https:\/\/positiveprints.com\/es\/producto\/collage-de-fotos-amor\/","og_locale":"es_ES","og_type":"article","og_title":"Collage de Fotos Amor","og_description":"Convierte las mejores fotos con tu pareja en un recuerdo especial que celebra su amor y los incre\u00edbles momentos que han compartido juntos Incluye un texto personalizado con un significado especial Personal\u00edzalo en tres sencillos pasos Elige uno de nuestros dise\u00f1os o usa tu creatividad Ve el resultado de inmediato: la vista previa interactiva te permite perfeccionar cada detalle","og_url":"https:\/\/positiveprints.com\/es\/producto\/collage-de-fotos-amor\/","og_site_name":"Positive Prints","article_publisher":"https:\/\/www.facebook.com\/positiveprintscom","article_modified_time":"2026-04-18T02:06:43+00:00","og_image":[{"width":1450,"height":1450,"url":"https:\/\/positiveprints.com\/wp-content\/uploads\/2025\/01\/Collage-de-Fotos-Amor.webp","type":"image\/webp"}],"twitter_card":"summary_large_image","twitter_misc":{"Tiempo de lectura":"1 minuto"},"schema":{"@context":"https:\/\/schema.org","@graph":[{"@type":["WebPage","ItemPage"],"@id":"https:\/\/positiveprints.com\/es\/producto\/collage-de-fotos-amor\/","url":"https:\/\/positiveprints.com\/es\/producto\/collage-de-fotos-amor\/","name":"Collage de Fotos Amor - Positive Prints","isPartOf":{"@id":"https:\/\/positiveprints.com\/es\/#website"},"primaryImageOfPage":{"@id":"https:\/\/positiveprints.com\/es\/producto\/collage-de-fotos-amor\/#primaryimage"},"image":{"@id":"https:\/\/positiveprints.com\/es\/producto\/collage-de-fotos-amor\/#primaryimage"},"thumbnailUrl":"https:\/\/positiveprints.com\/wp-content\/uploads\/2025\/01\/Collage-de-Fotos-Amor.webp","datePublished":"2025-01-13T12:54:12+00:00","dateModified":"2026-04-18T02:06:43+00:00","description":"Crea un hermoso Collage de Fotos de Amor para atesorar tus momentos especiales. Perfecto para aniversarios, bodas o como un regalo sincero para celebrar el amor.","breadcrumb":{"@id":"https:\/\/positiveprints.com\/es\/producto\/collage-de-fotos-amor\/#breadcrumb"},"inLanguage":"es","potentialAction":[{"@type":"ReadAction","target":["https:\/\/positiveprints.com\/es\/producto\/collage-de-fotos-amor\/"]}]},{"@type":"ImageObject","inLanguage":"es","@id":"https:\/\/positiveprints.com\/es\/producto\/collage-de-fotos-amor\/#primaryimage","url":"https:\/\/positiveprints.com\/wp-content\/uploads\/2025\/01\/Collage-de-Fotos-Amor.webp","contentUrl":"https:\/\/positiveprints.com\/wp-content\/uploads\/2025\/01\/Collage-de-Fotos-Amor.webp","width":1450,"height":1450,"caption":"Collage de Fotos Amor"},{"@type":"BreadcrumbList","@id":"https:\/\/positiveprints.com\/es\/producto\/collage-de-fotos-amor\/#breadcrumb","itemListElement":[{"@type":"ListItem","position":1,"name":"CASA","item":"https:\/\/positiveprints.com\/es\/"},{"@type":"ListItem","position":2,"name":"Productos","item":"https:\/\/positiveprints.com\/es\/shop\/"},{"@type":"ListItem","position":3,"name":"Collage de Fotos Amor"}]},{"@type":"WebSite","@id":"https:\/\/positiveprints.com\/es\/#website","url":"https:\/\/positiveprints.com\/es\/","name":"Positive Prints","description":"Custom Gifts for Special Occasions","publisher":{"@id":"https:\/\/positiveprints.com\/es\/#organization"},"potentialAction":[{"@type":"SearchAction","target":{"@type":"EntryPoint","urlTemplate":"https:\/\/positiveprints.com\/es\/?s={search_term_string}"},"query-input":{"@type":"PropertyValueSpecification","valueRequired":true,"valueName":"search_term_string"}}],"inLanguage":"es"},{"@type":"Organization","@id":"https:\/\/positiveprints.com\/es\/#organization","name":"Positive Prints","alternateName":"Positive Prints","url":"https:\/\/positiveprints.com\/es\/","logo":{"@type":"ImageObject","inLanguage":"es","@id":"https:\/\/positiveprints.com\/es\/#\/schema\/logo\/image\/","url":"https:\/\/positiveprints.com\/wp-content\/uploads\/2026\/03\/245815646_1337939713319158_5671353136411139666_n.png","contentUrl":"https:\/\/positiveprints.com\/wp-content\/uploads\/2026\/03\/245815646_1337939713319158_5671353136411139666_n.png","width":800,"height":800,"caption":"Positive Prints"},"image":{"@id":"https:\/\/positiveprints.com\/es\/#\/schema\/logo\/image\/"},"sameAs":["https:\/\/www.facebook.com\/positiveprintscom","https:\/\/www.instagram.com\/positiveprintscom\/","https:\/\/www.tiktok.com\/@positiveprintscom","https:\/\/www.pinterest.com\/positiveprintscom\/"]}]}},"jetpack_sharing_enabled":true,"_links":{"self":[{"href":"https:\/\/positiveprints.com\/es\/wp-json\/wp\/v2\/product\/1314213","targetHints":{"allow":["GET"]}}],"collection":[{"href":"https:\/\/positiveprints.com\/es\/wp-json\/wp\/v2\/product"}],"about":[{"href":"https:\/\/positiveprints.com\/es\/wp-json\/wp\/v2\/types\/product"}],"wp:featuredmedia":[{"embeddable":true,"href":"https:\/\/positiveprints.com\/es\/wp-json\/wp\/v2\/media\/1314942"}],"wp:attachment":[{"href":"https:\/\/positiveprints.com\/es\/wp-json\/wp\/v2\/media?parent=1314213"}],"wp:term":[{"taxonomy":"product_brand","embeddable":true,"href":"https:\/\/positiveprints.com\/es\/wp-json\/wp\/v2\/product_brand?post=1314213"},{"taxonomy":"product_cat","embeddable":true,"href":"https:\/\/positiveprints.com\/es\/wp-json\/wp\/v2\/product_cat?post=1314213"},{"taxonomy":"product_tag","embeddable":true,"href":"https:\/\/positiveprints.com\/es\/wp-json\/wp\/v2\/product_tag?post=1314213"}],"curies":[{"name":"wp","href":"https:\/\/api.w.org\/{rel}","templated":true}]}}