{"id":1313197,"date":"2024-12-26T23:24:26","date_gmt":"2024-12-26T22:24:26","guid":{"rendered":"https:\/\/positiveprints.com\/product\/you-me-photo-collage\/"},"modified":"2026-04-03T02:35:09","modified_gmt":"2026-04-03T01:35:09","slug":"collage-de-fotos-tu-y-yo","status":"publish","type":"product","link":"https:\/\/positiveprints.com\/es\/producto\/collage-de-fotos-tu-y-yo\/","title":{"rendered":"Collage de Fotos T\u00fa y Yo"},"content":{"rendered":"","protected":false},"excerpt":{"rendered":"<ul class=\"check-list\">\n<li>Convierte las mejores fotos con tu pareja en un recuerdo especial que celebra su amor y los incre\u00edbles momentos que han compartido juntos<\/li>\n<li>Incluye un texto personalizado con un significado especial<\/li>\n<li>Personal\u00edzalo en tres sencillos pasos<\/li>\n<li>Elige uno de nuestros dise\u00f1os o usa tu creatividad<\/li>\n<li>Ve el resultado de inmediato: la vista previa interactiva te permite perfeccionar cada detalle<\/li>\n<\/ul>\n","protected":false},"featured_media":1313889,"template":"","meta":[],"product_brand":[],"product_cat":[106,7501,11187,11188,11189,5270,11455,11456,11452,11448,11462,11457,8012,7678,7646,7693,7789,7757,3119,11249,11250],"product_tag":[14933,14945,14931,14937,14183,14939,14922,14929,14940,14187,11826,11821,11757,11825,11820,11771,14947,14943,14925,14927,14944,14946,14948,14942,14924],"class_list":{"0":"post-1313197","1":"product","2":"type-product","3":"status-publish","4":"has-post-thumbnail","6":"product_cat-todos-los-productos","7":"product_cat-foto-es","8":"product_cat-regalos-de-aniversario-para-pareja","9":"product_cat-regalos-de-aniversario-para-ella","10":"product_cat-regalos-de-aniversario-para-el","11":"product_cat-regalos-de-navidad","12":"product_cat-regalos-de-navidad-para-mujer","13":"product_cat-regalos-de-navidad-para-hombre","14":"product_cat-regalos-de-navidad-para-la-novia","15":"product_cat-regalos-de-navidad-para-el-novio","16":"product_cat-regalos-de-navidad-para-la-esposa","17":"product_cat-regalos-de-navidad-para-el-marido","18":"product_cat-regalos-para-hombres","19":"product_cat-regalos-para-mi-novio","20":"product_cat-regalos-para-mi-esposo","21":"product_cat-regalos-para-mujeres","22":"product_cat-regalos-para-mi-novia","23":"product_cat-regalos-para-mi-esposa","24":"product_cat-regalos-de-san-valentin","25":"product_cat-regalos-de-san-valentin-mujeres","26":"product_cat-regalos-de-san-valentin-hombres","27":"product_tag-anniversary-gift-es","28":"product_tag-anniversary-gifts-es","29":"product_tag-anniversary-present-es","30":"product_tag-couple-gift-es-2","31":"product_tag-couple-gift-anniversary-es","32":"product_tag-gift-for-couple-es","33":"product_tag-love-es","34":"product_tag-love-gift-es","35":"product_tag-personalized-gift-es","36":"product_tag-regalo-romantico-es","37":"product_tag-regalos-de-navidad-para-el","38":"product_tag-regalos-de-navidad-para-el-marido","39":"product_tag-regalos-de-navidad-para-el-novio","40":"product_tag-regalos-de-navidad-para-ella","41":"product_tag-regalos-de-navidad-para-la-esposa","42":"product_tag-regalos-de-navidad-para-la-novia","43":"product_tag-romantic-gifts-es","44":"product_tag-sentimental-gift-es","45":"product_tag-special-occasion-es-2","46":"product_tag-thoughtful-gift-es","47":"product_tag-unique-gift-es","48":"product_tag-valentines-day-gifts-es","49":"product_tag-valentines-day-es","50":"product_tag-valentines-day-gift-es","51":"product_tag-wedding-anniversary-es","53":"first","54":"instock","55":"sale","56":"taxable","57":"shipping-taxable","58":"purchasable","59":"product-type-variable"},"yoast_head":"<!-- This site is optimized with the Yoast SEO Premium plugin v27.2 (Yoast SEO v27.2) - https:\/\/yoast.com\/product\/yoast-seo-premium-wordpress\/ -->\n<title>Collage de Fotos T\u00fa y Yo - Positive Prints<\/title>\n<meta name=\"description\" content=\"Captura tus momentos favoritos con el Collage de Fotos T\u00fa y Yo. Esta pieza bellamente personalizada es perfecta para celebrar vuestro v\u00ednculo especial.\" \/>\n<meta name=\"robots\" content=\"index, follow, max-snippet:-1, max-image-preview:large, max-video-preview:-1\" \/>\n<link rel=\"canonical\" href=\"https:\/\/positiveprints.com\/es\/producto\/collage-de-fotos-tu-y-yo\/\" \/>\n<meta property=\"og:locale\" content=\"es_ES\" \/>\n<meta property=\"og:type\" content=\"article\" \/>\n<meta property=\"og:title\" content=\"Collage de Fotos T\u00fa y Yo\" \/>\n<meta property=\"og:description\" content=\"Convierte las mejores fotos con tu pareja en un recuerdo especial que celebra su amor y los incre\u00edbles momentos que han compartido juntos Incluye un texto personalizado con un significado especial Personal\u00edzalo en tres sencillos pasos Elige uno de nuestros dise\u00f1os o usa tu creatividad Ve el resultado de inmediato: la vista previa interactiva te permite perfeccionar cada detalle\" \/>\n<meta property=\"og:url\" content=\"https:\/\/positiveprints.com\/es\/producto\/collage-de-fotos-tu-y-yo\/\" \/>\n<meta property=\"og:site_name\" content=\"Positive Prints\" \/>\n<meta property=\"article:publisher\" content=\"https:\/\/www.facebook.com\/positiveprintscom\" \/>\n<meta property=\"article:modified_time\" content=\"2026-04-03T01:35:09+00:00\" \/>\n<meta property=\"og:image\" content=\"https:\/\/positiveprints.com\/wp-content\/uploads\/2024\/12\/Collage-de-Fotos-Tu\u0301-y-Yo.webp\" \/>\n\t<meta property=\"og:image:width\" content=\"1450\" \/>\n\t<meta property=\"og:image:height\" content=\"1450\" \/>\n\t<meta property=\"og:image:type\" content=\"image\/webp\" \/>\n<meta name=\"twitter:card\" content=\"summary_large_image\" \/>\n<meta name=\"twitter:label1\" content=\"Tiempo de lectura\" \/>\n\t<meta name=\"twitter:data1\" content=\"1 minuto\" \/>\n<!-- \/ Yoast SEO Premium plugin. -->","yoast_head_json":{"title":"Collage de Fotos T\u00fa y Yo - Positive Prints","description":"Captura tus momentos favoritos con el Collage de Fotos T\u00fa y Yo. Esta pieza bellamente personalizada es perfecta para celebrar vuestro v\u00ednculo especial.","robots":{"index":"index","follow":"follow","max-snippet":"max-snippet:-1","max-image-preview":"max-image-preview:large","max-video-preview":"max-video-preview:-1"},"canonical":"https:\/\/positiveprints.com\/es\/producto\/collage-de-fotos-tu-y-yo\/","og_locale":"es_ES","og_type":"article","og_title":"Collage de Fotos T\u00fa y Yo","og_description":"Convierte las mejores fotos con tu pareja en un recuerdo especial que celebra su amor y los incre\u00edbles momentos que han compartido juntos Incluye un texto personalizado con un significado especial Personal\u00edzalo en tres sencillos pasos Elige uno de nuestros dise\u00f1os o usa tu creatividad Ve el resultado de inmediato: la vista previa interactiva te permite perfeccionar cada detalle","og_url":"https:\/\/positiveprints.com\/es\/producto\/collage-de-fotos-tu-y-yo\/","og_site_name":"Positive Prints","article_publisher":"https:\/\/www.facebook.com\/positiveprintscom","article_modified_time":"2026-04-03T01:35:09+00:00","og_image":[{"width":1450,"height":1450,"url":"https:\/\/positiveprints.com\/wp-content\/uploads\/2024\/12\/Collage-de-Fotos-Tu\u0301-y-Yo.webp","type":"image\/webp"}],"twitter_card":"summary_large_image","twitter_misc":{"Tiempo de lectura":"1 minuto"},"schema":{"@context":"https:\/\/schema.org","@graph":[{"@type":["WebPage","ItemPage"],"@id":"https:\/\/positiveprints.com\/es\/producto\/collage-de-fotos-tu-y-yo\/","url":"https:\/\/positiveprints.com\/es\/producto\/collage-de-fotos-tu-y-yo\/","name":"Collage de Fotos T\u00fa y Yo - Positive Prints","isPartOf":{"@id":"https:\/\/positiveprints.com\/es\/#website"},"primaryImageOfPage":{"@id":"https:\/\/positiveprints.com\/es\/producto\/collage-de-fotos-tu-y-yo\/#primaryimage"},"image":{"@id":"https:\/\/positiveprints.com\/es\/producto\/collage-de-fotos-tu-y-yo\/#primaryimage"},"thumbnailUrl":"https:\/\/positiveprints.com\/wp-content\/uploads\/2024\/12\/Collage-de-Fotos-Tu\u0301-y-Yo.webp","datePublished":"2024-12-26T22:24:26+00:00","dateModified":"2026-04-03T01:35:09+00:00","description":"Captura tus momentos favoritos con el Collage de Fotos T\u00fa y Yo. Esta pieza bellamente personalizada es perfecta para celebrar vuestro v\u00ednculo especial.","breadcrumb":{"@id":"https:\/\/positiveprints.com\/es\/producto\/collage-de-fotos-tu-y-yo\/#breadcrumb"},"inLanguage":"es","potentialAction":[{"@type":"ReadAction","target":["https:\/\/positiveprints.com\/es\/producto\/collage-de-fotos-tu-y-yo\/"]}]},{"@type":"ImageObject","inLanguage":"es","@id":"https:\/\/positiveprints.com\/es\/producto\/collage-de-fotos-tu-y-yo\/#primaryimage","url":"https:\/\/positiveprints.com\/wp-content\/uploads\/2024\/12\/Collage-de-Fotos-Tu\u0301-y-Yo.webp","contentUrl":"https:\/\/positiveprints.com\/wp-content\/uploads\/2024\/12\/Collage-de-Fotos-Tu\u0301-y-Yo.webp","width":1450,"height":1450,"caption":"Collage de Fotos T\u00fa y Yo"},{"@type":"BreadcrumbList","@id":"https:\/\/positiveprints.com\/es\/producto\/collage-de-fotos-tu-y-yo\/#breadcrumb","itemListElement":[{"@type":"ListItem","position":1,"name":"CASA","item":"https:\/\/positiveprints.com\/es\/"},{"@type":"ListItem","position":2,"name":"Productos","item":"https:\/\/positiveprints.com\/es\/shop\/"},{"@type":"ListItem","position":3,"name":"Collage de Fotos T\u00fa y Yo"}]},{"@type":"WebSite","@id":"https:\/\/positiveprints.com\/es\/#website","url":"https:\/\/positiveprints.com\/es\/","name":"Positive Prints","description":"Custom Gifts for Special Occasions","publisher":{"@id":"https:\/\/positiveprints.com\/es\/#organization"},"potentialAction":[{"@type":"SearchAction","target":{"@type":"EntryPoint","urlTemplate":"https:\/\/positiveprints.com\/es\/?s={search_term_string}"},"query-input":{"@type":"PropertyValueSpecification","valueRequired":true,"valueName":"search_term_string"}}],"inLanguage":"es"},{"@type":"Organization","@id":"https:\/\/positiveprints.com\/es\/#organization","name":"Positive Prints","alternateName":"Positive Prints","url":"https:\/\/positiveprints.com\/es\/","logo":{"@type":"ImageObject","inLanguage":"es","@id":"https:\/\/positiveprints.com\/es\/#\/schema\/logo\/image\/","url":"https:\/\/positiveprints.com\/wp-content\/uploads\/2026\/03\/245815646_1337939713319158_5671353136411139666_n.png","contentUrl":"https:\/\/positiveprints.com\/wp-content\/uploads\/2026\/03\/245815646_1337939713319158_5671353136411139666_n.png","width":800,"height":800,"caption":"Positive Prints"},"image":{"@id":"https:\/\/positiveprints.com\/es\/#\/schema\/logo\/image\/"},"sameAs":["https:\/\/www.facebook.com\/positiveprintscom","https:\/\/www.instagram.com\/positiveprintscom\/","https:\/\/www.tiktok.com\/@positiveprintscom","https:\/\/www.pinterest.com\/positiveprintscom\/"]}]}},"jetpack_sharing_enabled":true,"_links":{"self":[{"href":"https:\/\/positiveprints.com\/es\/wp-json\/wp\/v2\/product\/1313197","targetHints":{"allow":["GET"]}}],"collection":[{"href":"https:\/\/positiveprints.com\/es\/wp-json\/wp\/v2\/product"}],"about":[{"href":"https:\/\/positiveprints.com\/es\/wp-json\/wp\/v2\/types\/product"}],"wp:featuredmedia":[{"embeddable":true,"href":"https:\/\/positiveprints.com\/es\/wp-json\/wp\/v2\/media\/1313889"}],"wp:attachment":[{"href":"https:\/\/positiveprints.com\/es\/wp-json\/wp\/v2\/media?parent=1313197"}],"wp:term":[{"taxonomy":"product_brand","embeddable":true,"href":"https:\/\/positiveprints.com\/es\/wp-json\/wp\/v2\/product_brand?post=1313197"},{"taxonomy":"product_cat","embeddable":true,"href":"https:\/\/positiveprints.com\/es\/wp-json\/wp\/v2\/product_cat?post=1313197"},{"taxonomy":"product_tag","embeddable":true,"href":"https:\/\/positiveprints.com\/es\/wp-json\/wp\/v2\/product_tag?post=1313197"}],"curies":[{"name":"wp","href":"https:\/\/api.w.org\/{rel}","templated":true}]}}