{"id":131267,"date":"2021-03-23T08:59:16","date_gmt":"2021-03-23T07:59:16","guid":{"rendered":"https:\/\/positiveprints.com\/product\/las-estrellas-de-la-noche-en-que-nos-conocimos\/"},"modified":"2026-04-18T09:12:50","modified_gmt":"2026-04-18T08:12:50","slug":"las-estrellas-de-la-noche-en-que-nos-conocimos","status":"publish","type":"product","link":"https:\/\/positiveprints.com\/es\/producto\/las-estrellas-de-la-noche-en-que-nos-conocimos\/","title":{"rendered":"Las Estrellas De La Noche En Que Nos Conocimos"},"content":{"rendered":"<p>Si no miraste el cielo nocturno en ese d\u00eda tan especial, para ver c\u00f3mo se alineaba el universo para ti y tu pareja, un p\u00f3ster de \u201cEstrellas de la noche en que nos conocimos\u201d puede complementar tus recuerdos de aquella ocasi\u00f3n.<\/p>\r\n\r\n<h2 class=\"grenB f24 cblue\" style=\"margin-top: 3rem\">Captura las estrellas de ese momento m\u00e1gico<\/h2>\r\n\r\n<p style=\"margin-top: 1rem\">Piensa en ese momento en el que conociste a tu alma gemela. Todas las decisiones que tomaron en el pasado los llevaron hasta ese lugar y momento preciso donde inici\u00f3 su historia juntos. Algunos pueden llamarlo suerte, otros lo llaman destino. No importa lo que sea, se trata de un momento m\u00e1gico donde la posici\u00f3n de las estrellas sin duda tuvo mucho que ver. Es por eso que un p\u00f3ster de \u201cEstrellas de la noche en que nos conocimos\u201d es un regalo tan preciado.<\/p>\r\n\r\n<p style=\"margin-top: 1rem\">Toma en cuenta esto: muchos de nosotros no nos damos cuenta de que conocimos a \u201cla persona indicada\u201d desde el primer momento. Tal vez sea un encuentro casual que permiti\u00f3 que sus caminos se cruzaran, o posiblemente un amigo te organiz\u00f3 una cita a ciegas y en la que no sab\u00edas qu\u00e9 esperar. Si bien, encontrar a esa persona especial puede sentirse como una descarga instant\u00e1nea de electricidad, tambi\u00e9n puede llevar alg\u00fan tiempo darse cuenta de que ese sentimiento no es solo una atracci\u00f3n pasajera. Es por eso que no siempre estamos conscientes de cada uno de los eventos que influyeron para que se diera ese encuentro casual.<\/p>\r\n \r\n<h2 class=\"grenB f24 cblue\" style=\"margin-top: 3rem\">\u00bfQu\u00e9 es un p\u00f3ster de \u201cEstrellas la noche en que nos conocimos\u201d?<\/h2>\r\n\r\n<p style=\"margin-top: 1rem\">El cielo nocturno es un tapiz en constante evoluci\u00f3n de estrellas, planetas, constelaciones y otros cuerpos celestes. El cielo que ves en Espa\u00f1a ser\u00e1 diferente al cielo que ves en Australia. Tanto si dos personas miran al cielo el mismo d\u00eda a la misma hora, pero en diferente lugar; o si miran el cielo desde el mismo punto de la tierra, pero en noches distintas, el acomodo de las estrellas no ser\u00e1 igual. Esto es lo que hace que nuestros posters estelares sean tan \u00fanicos. <\/p>\r\n\r\n<p style=\"margin-top: 1rem\">Con nuestra tecnolog\u00eda y el creador de mapas estelares personalizados puedes recrear c\u00f3mo se ve\u00eda el cielo nocturno en la fecha que elijas, desde cualquier lugar del mundo. Esto te da m\u00e1s flexibilidad y personalizaci\u00f3n para tu p\u00f3ster para que puedas saborear los momentos que m\u00e1s te importan.<\/p>\r\n\r\n<p style=\"margin-top: 1rem\">Imagina tener el cielo nocturno de tu primera cita dentro de tu sala de estar o dormitorio. Tu p\u00f3ster ser\u00e1 un recordatorio continuo de esa noche que cambi\u00f3 tu vida y la de tu pareja para siempre<\/p>\r\n \r\n<h2 class=\"grenB f24 cblue\" style=\"margin-top: 3rem\">\u00bfPor qu\u00e9 crear un p\u00f3ster de \u201cEstrellas la noche en que nos conocimos\u201d?<\/h2>\r\n\r\n<p style=\"margin-top: 1rem\">Muchos de nuestros clientes conf\u00edan en Positive Prints como fuente \u00fanica de obsequios personalizados. Nuestros posters de \u201cEstrellas la noche en que nos conocimos\u201d est\u00e1n hechos especialmente para regalar. Hemos dise\u00f1ado nuestros mapas para que sean f\u00e1ciles de personalizar y mostrarle a tu ser querido que le dedicas tiempo y atenci\u00f3n a su regalo.<\/p>\r\n\r\n<p style=\"margin-top: 1rem\">Cada p\u00f3ster de mapa estelar est\u00e1 impreso en material profesional de la m\u00e1s alta calidad, listo para enmarcar. Tambi\u00e9n ofrecemos impresiones en lienzo, e incluso, podemos entregar tu obra de arte enmarcada. La calidad superior de nuestras impresiones estar\u00e1 a la par de otras obras enmarcadas en tu hogar u oficina. Ser\u00e1 una pieza que exhibir\u00e1s con orgullo.<\/p>\r\n \r\n<p style=\"margin-top: 1rem\">Nuestras impresiones son el regalo perfecto para cualquier ocasi\u00f3n para \u00e9l o ella, e incluyen:\r\n \r\n<ul><li>Cumplea\u00f1os<\/li>\r\n<li>Compromisos<\/li>\r\n<li>Aniversario de bodas<\/li>\r\n<li>Regalos de boda para reci\u00e9n casados<\/li>\r\n<li>Navidad<\/li>\r\n<li>Januc\u00e1<\/li>\r\n<li>d\u00eda de San Valent\u00edn<\/li>\r\n<li>\u00a1Simplemente porque s\u00ed!<\/li>\r\n<\/ul><\/p>\r\n\r\n<p style=\"margin-top: 1rem\">Siempre es un buen momento para demostrarle a tu alma gemela cu\u00e1nto la amas y la gratitud que sientes con el universo por d\u00eda en que se conocieron. <\/p>\r\n\r\n<h2 class=\"grenB f24 cblue\" style=\"margin-top: 3rem\">C\u00f3mo convertir el cielo de la noche en que se conocieron en un p\u00f3ster<\/h2>\r\n\r\n<p style=\"margin-top: 1rem\">Nuestros carteles personalizados est\u00e1n dise\u00f1ados para convertirse en piezas art\u00edsticas de decoraci\u00f3n, ya que son hermosos, pero no es necesario que seas un artista o tengas alg\u00fan talento especial para crear uno. Nuestra sencilla herramienta de tres pasos permite a cualquier persona dise\u00f1ar su propio p\u00f3ster personalizado y obtener una hermosa impresi\u00f3n.<\/p>\r\n\r\n<p style=\"margin-top: 1rem\">Con nuestro creador de mapas de estrellas, puedes elegir el tama\u00f1o de tu impresi\u00f3n y la forma de tu mapa. Tambi\u00e9n puede elegir cu\u00e1ntos y cu\u00e1les detalles aparecer\u00e1n en tu mapa: planetas y nombres de planetas, estrellas, constelaciones y la V\u00eda L\u00e1ctea, por ejemplo.<\/p>\r\n\r\n<p style=\"margin-top: 1rem\">Puedes seleccionar la ubicaci\u00f3n espec\u00edfica del lugar donde se conocieron por primera vez, as\u00ed como la fecha y la hora. Esto asegurar\u00e1 la representaci\u00f3n m\u00e1s precisa del cielo nocturno en aquel momento.<\/p>\r\n\r\n<p style=\"margin-top: 1rem\">Agrega un mensaje personalizado a tu ser amado o detalles de ese d\u00eda especial para que todos los que vean tu obra de arte conozcan un poco de su historia.<\/p>\r\n\r\n<p style=\"margin-top: 1rem\">Con la herramienta de edici\u00f3n personalizada, ver\u00e1s cada cambio que realices a tu mapa en tiempo real. \u00a1Sabr\u00e1s exactamente c\u00f3mo se ver\u00e1 tu impresi\u00f3n!<\/p>\r\n\r\n \r\n \r\n<h2 class=\"grenB f24 cblue\" style=\"margin-top: 3rem\">\u00a1Sorprende a su ser querido con el regalo \u201cEstrellas la noche en que nos conocimos\u201d!<\/h2>\r\n\r\n<p style=\"margin-top: 1rem\">Un regalo de \u201cEstrellas la noche en que nos conocimos\u201d es \u00fanico e inesperado. Puedes tener la certeza que tu ser amado lo atesorar\u00e1 para siempre. Es f\u00e1cil de crear y parecer\u00e1 que pasaste horas creando un regalo m\u00e1s que sorprendente.<\/p>\r\n\r\n<p style=\"margin-top: 1rem\">Cuenta tu historia de amor con un p\u00f3ster de \u201cEstrellas la noche en que nos conocimos\u201d. \u00a1Empieza hoy mismo!<\/p>","protected":false},"excerpt":{"rendered":"<ul class=\"check-list\">\n<li>Agrega planetas, constelaciones y la V\u00eda L\u00e1ctea<\/li>\n<li>Usa nuestro editor para personalizar tu dise\u00f1o en apenas tres pasos<\/li>\n<li>A\u00f1ade un mensaje personalizado para que\u00a0tu dise\u00f1o sea \u00fanico y especial<\/li>\n<li>Visualiza tu dise\u00f1o de forma r\u00e1pida usando la vista previa interactiva<\/li>\n<\/ul>\n","protected":false},"featured_media":1424588,"template":"","meta":[],"product_brand":[],"product_cat":[9280,8189,8215,9766,5334,11187,11188,11189,5270,11455,11456,11452,11448,11462,11457,8012,7678,7693,7789,7805,3117,3119,11250],"product_tag":[14923,15455,11826,11821,11757,11825,11827,11820,11771,11824],"class_list":{"0":"post-131267","1":"product","2":"type-product","3":"status-publish","4":"has-post-thumbnail","6":"product_cat-bestsellers-label-es","7":"product_cat-para-ella","8":"product_cat-para-el","9":"product_cat-trending-label-es","10":"product_cat-regalos-de-aniversario","11":"product_cat-regalos-de-aniversario-para-pareja","12":"product_cat-regalos-de-aniversario-para-ella","13":"product_cat-regalos-de-aniversario-para-el","14":"product_cat-regalos-de-navidad","15":"product_cat-regalos-de-navidad-para-mujer","16":"product_cat-regalos-de-navidad-para-hombre","17":"product_cat-regalos-de-navidad-para-la-novia","18":"product_cat-regalos-de-navidad-para-el-novio","19":"product_cat-regalos-de-navidad-para-la-esposa","20":"product_cat-regalos-de-navidad-para-el-marido","21":"product_cat-regalos-para-hombres","22":"product_cat-regalos-para-mi-novio","23":"product_cat-regalos-para-mujeres","24":"product_cat-regalos-para-mi-novia","25":"product_cat-regalos-para-parejas","26":"product_cat-star-es-2","27":"product_cat-regalos-de-san-valentin","28":"product_cat-regalos-de-san-valentin-hombres","29":"product_tag-anniversary-es","30":"product_tag-el-cielo-bajo-el-que-nos-conocimos","31":"product_tag-regalos-de-navidad-para-el","32":"product_tag-regalos-de-navidad-para-el-marido","33":"product_tag-regalos-de-navidad-para-el-novio","34":"product_tag-regalos-de-navidad-para-ella","35":"product_tag-regalos-de-navidad-para-hombres","36":"product_tag-regalos-de-navidad-para-la-esposa","37":"product_tag-regalos-de-navidad-para-la-novia","38":"product_tag-regalos-de-navidad-para-mujer","40":"first","41":"instock","42":"sale","43":"taxable","44":"shipping-taxable","45":"purchasable","46":"product-type-variable"},"yoast_head":"<!-- This site is optimized with the Yoast SEO Premium plugin v27.2 (Yoast SEO v27.2) - https:\/\/yoast.com\/product\/yoast-seo-premium-wordpress\/ -->\n<title>Las Estrellas De La Noche En Que Nos Conocimos - Positive Prints<\/title>\n<meta name=\"description\" content=\"Un regalo de \u201cEstrellas la noche en que nos conocimos\u201d es \u00fanico e inesperado. Puedes tener la certeza que tu parej\u00e1 lo guardar\u00e1 con cari\u00f1o para siempre.\" \/>\n<meta name=\"robots\" content=\"index, follow, max-snippet:-1, max-image-preview:large, max-video-preview:-1\" \/>\n<link rel=\"canonical\" href=\"https:\/\/positiveprints.com\/es\/producto\/las-estrellas-de-la-noche-en-que-nos-conocimos\/\" \/>\n<meta property=\"og:locale\" content=\"es_ES\" \/>\n<meta property=\"og:type\" content=\"article\" \/>\n<meta property=\"og:title\" content=\"Las Estrellas De La Noche En Que Nos Conocimos\" \/>\n<meta property=\"og:description\" content=\"Agrega planetas, constelaciones y la V\u00eda L\u00e1ctea  Usa nuestro editor para personalizar tu dise\u00f1o en apenas tres pasos  A\u00f1ade un mensaje personalizado para que\u00a0tu dise\u00f1o sea \u00fanico y especial  Visualiza tu dise\u00f1o de forma r\u00e1pida usando la vista previa interactiva\" \/>\n<meta property=\"og:url\" content=\"https:\/\/positiveprints.com\/es\/producto\/las-estrellas-de-la-noche-en-que-nos-conocimos\/\" \/>\n<meta property=\"og:site_name\" content=\"Positive Prints\" \/>\n<meta property=\"article:publisher\" content=\"https:\/\/www.facebook.com\/positiveprintscom\" \/>\n<meta property=\"article:modified_time\" content=\"2026-04-18T08:12:50+00:00\" \/>\n<meta property=\"og:image\" content=\"https:\/\/positiveprints.com\/wp-content\/uploads\/2024\/10\/Packshot_ES_Stars-the-Night-We-Met-product-image.webp\" \/>\n\t<meta property=\"og:image:width\" content=\"1450\" \/>\n\t<meta property=\"og:image:height\" content=\"1450\" \/>\n\t<meta property=\"og:image:type\" content=\"image\/webp\" \/>\n<meta name=\"twitter:card\" content=\"summary_large_image\" \/>\n<meta name=\"twitter:label1\" content=\"Tiempo de lectura\" \/>\n\t<meta name=\"twitter:data1\" content=\"5 minutos\" \/>\n<!-- \/ Yoast SEO Premium plugin. -->","yoast_head_json":{"title":"Las Estrellas De La Noche En Que Nos Conocimos - Positive Prints","description":"Un regalo de \u201cEstrellas la noche en que nos conocimos\u201d es \u00fanico e inesperado. Puedes tener la certeza que tu parej\u00e1 lo guardar\u00e1 con cari\u00f1o para siempre.","robots":{"index":"index","follow":"follow","max-snippet":"max-snippet:-1","max-image-preview":"max-image-preview:large","max-video-preview":"max-video-preview:-1"},"canonical":"https:\/\/positiveprints.com\/es\/producto\/las-estrellas-de-la-noche-en-que-nos-conocimos\/","og_locale":"es_ES","og_type":"article","og_title":"Las Estrellas De La Noche En Que Nos Conocimos","og_description":"Agrega planetas, constelaciones y la V\u00eda L\u00e1ctea  Usa nuestro editor para personalizar tu dise\u00f1o en apenas tres pasos  A\u00f1ade un mensaje personalizado para que\u00a0tu dise\u00f1o sea \u00fanico y especial  Visualiza tu dise\u00f1o de forma r\u00e1pida usando la vista previa interactiva","og_url":"https:\/\/positiveprints.com\/es\/producto\/las-estrellas-de-la-noche-en-que-nos-conocimos\/","og_site_name":"Positive Prints","article_publisher":"https:\/\/www.facebook.com\/positiveprintscom","article_modified_time":"2026-04-18T08:12:50+00:00","og_image":[{"width":1450,"height":1450,"url":"https:\/\/positiveprints.com\/wp-content\/uploads\/2024\/10\/Packshot_ES_Stars-the-Night-We-Met-product-image.webp","type":"image\/webp"}],"twitter_card":"summary_large_image","twitter_misc":{"Tiempo de lectura":"5 minutos"},"schema":{"@context":"https:\/\/schema.org","@graph":[{"@type":["WebPage","ItemPage"],"@id":"https:\/\/positiveprints.com\/es\/producto\/las-estrellas-de-la-noche-en-que-nos-conocimos\/","url":"https:\/\/positiveprints.com\/es\/producto\/las-estrellas-de-la-noche-en-que-nos-conocimos\/","name":"Las Estrellas De La Noche En Que Nos Conocimos - Positive Prints","isPartOf":{"@id":"https:\/\/positiveprints.com\/es\/#website"},"primaryImageOfPage":{"@id":"https:\/\/positiveprints.com\/es\/producto\/las-estrellas-de-la-noche-en-que-nos-conocimos\/#primaryimage"},"image":{"@id":"https:\/\/positiveprints.com\/es\/producto\/las-estrellas-de-la-noche-en-que-nos-conocimos\/#primaryimage"},"thumbnailUrl":"https:\/\/positiveprints.com\/wp-content\/uploads\/2025\/05\/Las-Estrellas-De-La-Noche-En-Que-Nos-Conocimos-1.webp","datePublished":"2021-03-23T07:59:16+00:00","dateModified":"2026-04-18T08:12:50+00:00","description":"Un regalo de \u201cEstrellas la noche en que nos conocimos\u201d es \u00fanico e inesperado. Puedes tener la certeza que tu parej\u00e1 lo guardar\u00e1 con cari\u00f1o para siempre.","breadcrumb":{"@id":"https:\/\/positiveprints.com\/es\/producto\/las-estrellas-de-la-noche-en-que-nos-conocimos\/#breadcrumb"},"inLanguage":"es","potentialAction":[{"@type":"ReadAction","target":["https:\/\/positiveprints.com\/es\/producto\/las-estrellas-de-la-noche-en-que-nos-conocimos\/"]}]},{"@type":"ImageObject","inLanguage":"es","@id":"https:\/\/positiveprints.com\/es\/producto\/las-estrellas-de-la-noche-en-que-nos-conocimos\/#primaryimage","url":"https:\/\/positiveprints.com\/wp-content\/uploads\/2025\/05\/Las-Estrellas-De-La-Noche-En-Que-Nos-Conocimos-1.webp","contentUrl":"https:\/\/positiveprints.com\/wp-content\/uploads\/2025\/05\/Las-Estrellas-De-La-Noche-En-Que-Nos-Conocimos-1.webp","width":1450,"height":1450},{"@type":"BreadcrumbList","@id":"https:\/\/positiveprints.com\/es\/producto\/las-estrellas-de-la-noche-en-que-nos-conocimos\/#breadcrumb","itemListElement":[{"@type":"ListItem","position":1,"name":"CASA","item":"https:\/\/positiveprints.com\/es\/"},{"@type":"ListItem","position":2,"name":"Productos","item":"https:\/\/positiveprints.com\/es\/shop\/"},{"@type":"ListItem","position":3,"name":"Las Estrellas De La Noche En Que Nos Conocimos"}]},{"@type":"WebSite","@id":"https:\/\/positiveprints.com\/es\/#website","url":"https:\/\/positiveprints.com\/es\/","name":"Positive Prints","description":"Custom Gifts for Special Occasions","publisher":{"@id":"https:\/\/positiveprints.com\/es\/#organization"},"potentialAction":[{"@type":"SearchAction","target":{"@type":"EntryPoint","urlTemplate":"https:\/\/positiveprints.com\/es\/?s={search_term_string}"},"query-input":{"@type":"PropertyValueSpecification","valueRequired":true,"valueName":"search_term_string"}}],"inLanguage":"es"},{"@type":"Organization","@id":"https:\/\/positiveprints.com\/es\/#organization","name":"Positive Prints","alternateName":"Positive Prints","url":"https:\/\/positiveprints.com\/es\/","logo":{"@type":"ImageObject","inLanguage":"es","@id":"https:\/\/positiveprints.com\/es\/#\/schema\/logo\/image\/","url":"https:\/\/positiveprints.com\/wp-content\/uploads\/2026\/03\/245815646_1337939713319158_5671353136411139666_n.png","contentUrl":"https:\/\/positiveprints.com\/wp-content\/uploads\/2026\/03\/245815646_1337939713319158_5671353136411139666_n.png","width":800,"height":800,"caption":"Positive Prints"},"image":{"@id":"https:\/\/positiveprints.com\/es\/#\/schema\/logo\/image\/"},"sameAs":["https:\/\/www.facebook.com\/positiveprintscom","https:\/\/www.instagram.com\/positiveprintscom\/","https:\/\/www.tiktok.com\/@positiveprintscom","https:\/\/www.pinterest.com\/positiveprintscom\/"]}]}},"jetpack_sharing_enabled":true,"_links":{"self":[{"href":"https:\/\/positiveprints.com\/es\/wp-json\/wp\/v2\/product\/131267","targetHints":{"allow":["GET"]}}],"collection":[{"href":"https:\/\/positiveprints.com\/es\/wp-json\/wp\/v2\/product"}],"about":[{"href":"https:\/\/positiveprints.com\/es\/wp-json\/wp\/v2\/types\/product"}],"wp:featuredmedia":[{"embeddable":true,"href":"https:\/\/positiveprints.com\/es\/wp-json\/wp\/v2\/media\/1424588"}],"wp:attachment":[{"href":"https:\/\/positiveprints.com\/es\/wp-json\/wp\/v2\/media?parent=131267"}],"wp:term":[{"taxonomy":"product_brand","embeddable":true,"href":"https:\/\/positiveprints.com\/es\/wp-json\/wp\/v2\/product_brand?post=131267"},{"taxonomy":"product_cat","embeddable":true,"href":"https:\/\/positiveprints.com\/es\/wp-json\/wp\/v2\/product_cat?post=131267"},{"taxonomy":"product_tag","embeddable":true,"href":"https:\/\/positiveprints.com\/es\/wp-json\/wp\/v2\/product_tag?post=131267"}],"curies":[{"name":"wp","href":"https:\/\/api.w.org\/{rel}","templated":true}]}}