{"id":131037,"date":"2021-03-23T10:23:30","date_gmt":"2021-03-23T09:23:30","guid":{"rendered":"https:\/\/positiveprints.com\/product\/mapa-estelar-de-nacimiento\/"},"modified":"2026-04-18T09:12:41","modified_gmt":"2026-04-18T08:12:41","slug":"mapa-estelar-de-cumpleanos","status":"publish","type":"product","link":"https:\/\/positiveprints.com\/es\/producto\/mapa-estelar-de-cumpleanos\/","title":{"rendered":"Mapa Estelar de Cumplea\u00f1os"},"content":{"rendered":"<p>Un mapa estelar de nacimiento es una representaci\u00f3n impresa de c\u00f3mo se ve\u00eda la noche de alguna fecha espec\u00edfica, en un determinado lugar y momento.<\/p>\r\n\r\n<h2 class=\"grenB f24 cblue\" style=\"margin-top: 3rem\">El cielo en la noche de tu nacimiento<\/h2>\r\n\r\n<p style=\"margin-top: 1rem\">La vida es un verdadero regalo. La ciencia ha demostrado que las posibilidades de nacer son una entre 400 billones. Ha sido una suerte incre\u00edble la que nos permite estar aqu\u00ed. Visto de esa forma, es m\u00e1s que merecido festejar nuestro cumplea\u00f1os cada a\u00f1o. Si deseas demostrar a un ser querido lo feliz que te hace el que est\u00e9 en este mundo, un mapa estelar de nacimiento es el obsequio perfecto.<\/p>\r\n\r\n<p style=\"margin-top: 1rem\">Un mapa estelar de nacimiento es una representaci\u00f3n impresa de c\u00f3mo luc\u00eda el cielo desde el mismo lugar y a la misma hora el d\u00eda del nacimiento de alguien. Esta es la raz\u00f3n por la que ning\u00fan mapa es igual a otro, cada uno es \u00fanico y resalta los detalles de la fecha de nacimiento de un ser especial. <\/p>\r\n\r\n<p style=\"margin-top: 1rem\">No existe regalo de cumplea\u00f1os m\u00e1s personalizado y \u00fanico que este. No estamos hablando de un presente que se adquiere al entrar a una tienda y tomar un art\u00edculo gen\u00e9rico de un estante. Cada mapa es una fiel recreaci\u00f3n de las constelaciones del d\u00eda del nacimiento de alguien. Sin duda, se trata de un regalo que demuestra creatividad y esmero, ya que te has tomado el tiempo de editar el mapa con los datos espec\u00edficos de tu ser querido. <\/p>\r\n\r\n<h2 class=\"grenB f24 cblue\" style=\"margin-top: 3rem\">\u00bfQu\u00e9 hace al mapa estelar de nacimiento tan especial?<\/h2>\r\n\r\n<p style=\"margin-top: 1rem\">Si miras el cielo nocturno de hoy, no ser\u00e1 igual que el de la noche de ayer, incluso si lo haces desde el mismo lugar. Esto, debido a que el universo est\u00e1 en constante movimiento. Esta es la misma raz\u00f3n por la que solamente puedes mirar ciertos planetas o constelaciones durante cierto per\u00edodo del a\u00f1o.<\/p>\r\n\r\n<p style=\"margin-top: 1rem\">El cielo nocturno de tu fecha de nacimiento es especial porque representa la manera en que el universo se aline\u00f3 para tu llegada a este mundo. La posici\u00f3n de estrellas, planetas y constelaciones en tu d\u00eda de nacimiento ten\u00edan un acomodo especial para ti.<\/p>\r\n\r\n<p style=\"margin-top: 1rem\">En aquel momento no pudiste ver el cielo, as\u00ed que puedes considerar un mapa estelar de nacimiento como una oportunidad de viajar en el tiempo y revivir ese momento con los ojos bien abiertos. Conoce la primera p\u00e1gina de tu historia y cons\u00e9rvala por siempre.<\/p>\r\n\r\n<h2 class=\"grenB f24 cblue\" style=\"margin-top: 3rem\">\u00bfC\u00f3mo hacer un mapa estelar de nacimiento?<\/h2>\r\n\r\n<p style=\"margin-top: 1rem\">En Positive Prints queremos que todos tengan la posibilidad de dise\u00f1ar un mapa estelar de nacimiento f\u00e1cilmente, sin necesidad de tener habilidades art\u00edsticas o t\u00e9cnicas. Utilizamos un sistema de tres pasos, simple y con tecnolog\u00eda inteligente para que crees tu propio mapa estelar personalizado. Este es el proceso que deber\u00e1s seguir:<\/p>\r\n\r\n<p style=\"margin-top: 1rem\"><b>Paso uno: Selecciona tu dise\u00f1o<\/b><\/p>\r\n\r\n<p style=\"margin-top: 1rem\">Positive Prints te ofrece siete dise\u00f1os distintos de mapa estelar de nacimiento, que incluye uno en forma de coraz\u00f3n, as\u00ed como m\u00faltiples combinaciones de colores. Sin embargo, si quieres ir m\u00e1s all\u00e1 con la personalizaci\u00f3n, tienes la opci\u00f3n de hacer tus propias combinaciones de colores.<\/p>\r\n\r\n<p style=\"margin-top: 1rem\">Adem\u00e1s, incluye algunos detalles extra a tu mapa. A\u00f1ade nombres de constelaciones, planetas y nombres de planetas, incluso de la V\u00eda L\u00e1ctea. Mientras haces las modificaciones en tu mapa, puedes ver los cambios en tiempo real y previsualizar c\u00f3mo se ver\u00e1 tu mapa antes de hacer tu compra. <\/p>\r\n\r\n<p style=\"margin-top: 1rem\"><b>Paso dos: Agrega los detalles<\/b><\/p>\r\n\r\n<p style=\"margin-top: 1rem\">A continuaci\u00f3n, puedes incluir la ubicaci\u00f3n o coordenadas, as\u00ed como la fecha y la hora de nacimiento. Utilizamos datos reales para hacer una recreaci\u00f3n lo m\u00e1s precisa posible del cielo nocturno en aquella fecha y lugar.<\/p>\r\n\r\n<p style=\"margin-top: 1rem\">Si lo deseas, puedes agregar hasta tres l\u00edneas de texto (t\u00edtulo, sub t\u00edtulo y nota de pie). Muchos de nuestros clientes utilizan estas l\u00edneas para plasmar un mensaje personal. Otra opci\u00f3n es incluir una frase de tu autor o canci\u00f3n favoritos.  <\/p>\r\n\r\n<p style=\"margin-top: 1rem\"><b>Paso tres: Elige el formato<\/b><\/p>\r\n\r\n<p style=\"margin-top: 1rem\">En el paso tres, puedes decidir el tama\u00f1o de tu p\u00f3ster, as\u00ed como la forma de entrega. Muchos de nuestros clientes deciden dejar en nuestras manos el trabajo de impresi\u00f3n, para recibir el mapa en un lienzo o en un papel de la m\u00e1s alta calidad. Tambi\u00e9n podemos incluir un marco que le de m\u00e1s presencia y permita colgarse en la pared de inmediato. <\/p>\r\n\r\n<p style=\"margin-top: 1rem\">Si est\u00e1s buscando un regalo de \u00faltimo momento, Positive Prints puede ayudarte. Te brindamos una versi\u00f3n digital descargable de tu mapa, que recibir\u00e1s casi de inmediato en tu bandeja de correo electr\u00f3nico una vez que realices tu compra. Puedes llevar esta versi\u00f3n digital de alta calidad a tu servicio de impresi\u00f3n m\u00e1s cercano. <\/p>\r\n\r\n<h2 class=\"grenB f24 cblue\" style=\"margin-top: 3rem\">\u00a1S\u00e9 el alma de la fiesta al regalar un mapa personalizado de nacimiento!<\/h2>\r\n\r\n<p style=\"margin-top: 1rem\">\u00bfEst\u00e1s listo para sorprender a tus seres amados con un regalo que perdurar\u00e1 por siempre? \u00a1Crea ahora mismo tu mapa estelar!<\/p>","protected":false},"excerpt":{"rendered":"<ul class=\"check-list\">\n<li>Agrega planetas, constelaciones y la V\u00eda L\u00e1ctea<\/li>\n<li>Usa nuestro editor para personalizar tu dise\u00f1o en apenas tres pasos<\/li>\n<li>A\u00f1ade un mensaje personalizado para que\u00a0tu dise\u00f1o sea \u00fanico y especial<\/li>\n<li>Visualiza tu dise\u00f1o de forma r\u00e1pida usando la vista previa interactiva<\/li>\n<\/ul>\n","protected":false},"featured_media":1423847,"template":"","meta":[],"product_brand":[],"product_cat":[9280,8189,3128,11219,11220,5270,15045,11461,11449,8012,7629,7693,7742,7837,3117],"product_tag":[15095,13429,13479,15267],"class_list":{"0":"post-131037","1":"product","2":"type-product","3":"status-publish","4":"has-post-thumbnail","6":"product_cat-bestsellers-label-es","7":"product_cat-para-ella","8":"product_cat-regalos-de-cumpleanos","9":"product_cat-regalos-de-cumpleanos-para-mujeres","10":"product_cat-regalos-de-cumpleanos-para-hombres","11":"product_cat-regalos-de-navidad","12":"product_cat-regalos-de-navidad-para-amigos","13":"product_cat-regalos-de-navidad-para-la-hermana","14":"product_cat-regalos-de-navidad-para-el-hermano","15":"product_cat-regalos-para-hombres","16":"product_cat-regalos-para-mi-hermano","17":"product_cat-regalos-para-mujeres","18":"product_cat-regalos-para-mi-hermana","19":"product_cat-regalos-para-amigos","20":"product_cat-star-es-2","21":"product_tag-birthday-pl-es","22":"product_tag-regalo-de-navidad-para-hermana","23":"product_tag-regalos-de-navidad-para-amigos","24":"product_tag-weihnachtsgeschenke-fuer-den-bruder","26":"first","27":"instock","28":"sale","29":"taxable","30":"shipping-taxable","31":"purchasable","32":"product-type-variable","33":"has-default-attributes"},"yoast_head":"<!-- This site is optimized with the Yoast SEO Premium plugin v27.2 (Yoast SEO v27.2) - https:\/\/yoast.com\/product\/yoast-seo-premium-wordpress\/ -->\n<title>Mapa Estelar de Cumplea\u00f1os - Positive Prints<\/title>\n<meta name=\"description\" content=\"Un mapa estelar de nacimiento es una representaci\u00f3n impresa de c\u00f3mo se ve\u00eda la noche en una fecha, hora y lugar espec\u00edficos.\" \/>\n<meta name=\"robots\" content=\"index, follow, max-snippet:-1, max-image-preview:large, max-video-preview:-1\" \/>\n<link rel=\"canonical\" href=\"https:\/\/positiveprints.com\/es\/producto\/mapa-estelar-de-cumpleanos\/\" \/>\n<meta property=\"og:locale\" content=\"es_ES\" \/>\n<meta property=\"og:type\" content=\"article\" \/>\n<meta property=\"og:title\" content=\"Mapa Estelar de Cumplea\u00f1os\" \/>\n<meta property=\"og:description\" content=\"Agrega planetas, constelaciones y la V\u00eda L\u00e1ctea Usa nuestro editor para personalizar tu dise\u00f1o en apenas tres pasos A\u00f1ade un mensaje personalizado para que\u00a0tu dise\u00f1o sea \u00fanico y especial Visualiza tu dise\u00f1o de forma r\u00e1pida usando la vista previa interactiva\" \/>\n<meta property=\"og:url\" content=\"https:\/\/positiveprints.com\/es\/producto\/mapa-estelar-de-cumpleanos\/\" \/>\n<meta property=\"og:site_name\" content=\"Positive Prints\" \/>\n<meta property=\"article:publisher\" content=\"https:\/\/www.facebook.com\/positiveprintscom\" \/>\n<meta property=\"article:modified_time\" content=\"2026-04-18T08:12:41+00:00\" \/>\n<meta property=\"og:image\" content=\"https:\/\/positiveprints.com\/wp-content\/uploads\/2024\/10\/Packshot_ES_birthday-star-map-product-image.webp\" \/>\n\t<meta property=\"og:image:width\" content=\"1450\" \/>\n\t<meta property=\"og:image:height\" content=\"1450\" \/>\n\t<meta property=\"og:image:type\" content=\"image\/webp\" \/>\n<meta name=\"twitter:card\" content=\"summary_large_image\" \/>\n<meta name=\"twitter:label1\" content=\"Tiempo de lectura\" \/>\n\t<meta name=\"twitter:data1\" content=\"4 minutos\" \/>\n<!-- \/ Yoast SEO Premium plugin. -->","yoast_head_json":{"title":"Mapa Estelar de Cumplea\u00f1os - Positive Prints","description":"Un mapa estelar de nacimiento es una representaci\u00f3n impresa de c\u00f3mo se ve\u00eda la noche en una fecha, hora y lugar espec\u00edficos.","robots":{"index":"index","follow":"follow","max-snippet":"max-snippet:-1","max-image-preview":"max-image-preview:large","max-video-preview":"max-video-preview:-1"},"canonical":"https:\/\/positiveprints.com\/es\/producto\/mapa-estelar-de-cumpleanos\/","og_locale":"es_ES","og_type":"article","og_title":"Mapa Estelar de Cumplea\u00f1os","og_description":"Agrega planetas, constelaciones y la V\u00eda L\u00e1ctea Usa nuestro editor para personalizar tu dise\u00f1o en apenas tres pasos A\u00f1ade un mensaje personalizado para que\u00a0tu dise\u00f1o sea \u00fanico y especial Visualiza tu dise\u00f1o de forma r\u00e1pida usando la vista previa interactiva","og_url":"https:\/\/positiveprints.com\/es\/producto\/mapa-estelar-de-cumpleanos\/","og_site_name":"Positive Prints","article_publisher":"https:\/\/www.facebook.com\/positiveprintscom","article_modified_time":"2026-04-18T08:12:41+00:00","og_image":[{"width":1450,"height":1450,"url":"https:\/\/positiveprints.com\/wp-content\/uploads\/2024\/10\/Packshot_ES_birthday-star-map-product-image.webp","type":"image\/webp"}],"twitter_card":"summary_large_image","twitter_misc":{"Tiempo de lectura":"4 minutos"},"schema":{"@context":"https:\/\/schema.org","@graph":[{"@type":["WebPage","ItemPage"],"@id":"https:\/\/positiveprints.com\/es\/producto\/mapa-estelar-de-cumpleanos\/","url":"https:\/\/positiveprints.com\/es\/producto\/mapa-estelar-de-cumpleanos\/","name":"Mapa Estelar de Cumplea\u00f1os - Positive Prints","isPartOf":{"@id":"https:\/\/positiveprints.com\/es\/#website"},"primaryImageOfPage":{"@id":"https:\/\/positiveprints.com\/es\/producto\/mapa-estelar-de-cumpleanos\/#primaryimage"},"image":{"@id":"https:\/\/positiveprints.com\/es\/producto\/mapa-estelar-de-cumpleanos\/#primaryimage"},"thumbnailUrl":"https:\/\/positiveprints.com\/wp-content\/uploads\/2025\/05\/Mapa-Estelar-de-Cumplean\u0303os-1.webp","datePublished":"2021-03-23T09:23:30+00:00","dateModified":"2026-04-18T08:12:41+00:00","description":"Un mapa estelar de nacimiento es una representaci\u00f3n impresa de c\u00f3mo se ve\u00eda la noche en una fecha, hora y lugar espec\u00edficos.","breadcrumb":{"@id":"https:\/\/positiveprints.com\/es\/producto\/mapa-estelar-de-cumpleanos\/#breadcrumb"},"inLanguage":"es","potentialAction":[{"@type":"ReadAction","target":["https:\/\/positiveprints.com\/es\/producto\/mapa-estelar-de-cumpleanos\/"]}]},{"@type":"ImageObject","inLanguage":"es","@id":"https:\/\/positiveprints.com\/es\/producto\/mapa-estelar-de-cumpleanos\/#primaryimage","url":"https:\/\/positiveprints.com\/wp-content\/uploads\/2025\/05\/Mapa-Estelar-de-Cumplean\u0303os-1.webp","contentUrl":"https:\/\/positiveprints.com\/wp-content\/uploads\/2025\/05\/Mapa-Estelar-de-Cumplean\u0303os-1.webp","width":1450,"height":1450},{"@type":"BreadcrumbList","@id":"https:\/\/positiveprints.com\/es\/producto\/mapa-estelar-de-cumpleanos\/#breadcrumb","itemListElement":[{"@type":"ListItem","position":1,"name":"CASA","item":"https:\/\/positiveprints.com\/es\/"},{"@type":"ListItem","position":2,"name":"Productos","item":"https:\/\/positiveprints.com\/es\/shop\/"},{"@type":"ListItem","position":3,"name":"Mapa Estelar de Cumplea\u00f1os"}]},{"@type":"WebSite","@id":"https:\/\/positiveprints.com\/es\/#website","url":"https:\/\/positiveprints.com\/es\/","name":"Positive Prints","description":"Custom Gifts for Special Occasions","publisher":{"@id":"https:\/\/positiveprints.com\/es\/#organization"},"potentialAction":[{"@type":"SearchAction","target":{"@type":"EntryPoint","urlTemplate":"https:\/\/positiveprints.com\/es\/?s={search_term_string}"},"query-input":{"@type":"PropertyValueSpecification","valueRequired":true,"valueName":"search_term_string"}}],"inLanguage":"es"},{"@type":"Organization","@id":"https:\/\/positiveprints.com\/es\/#organization","name":"Positive Prints","alternateName":"Positive Prints","url":"https:\/\/positiveprints.com\/es\/","logo":{"@type":"ImageObject","inLanguage":"es","@id":"https:\/\/positiveprints.com\/es\/#\/schema\/logo\/image\/","url":"https:\/\/positiveprints.com\/wp-content\/uploads\/2026\/03\/245815646_1337939713319158_5671353136411139666_n.png","contentUrl":"https:\/\/positiveprints.com\/wp-content\/uploads\/2026\/03\/245815646_1337939713319158_5671353136411139666_n.png","width":800,"height":800,"caption":"Positive Prints"},"image":{"@id":"https:\/\/positiveprints.com\/es\/#\/schema\/logo\/image\/"},"sameAs":["https:\/\/www.facebook.com\/positiveprintscom","https:\/\/www.instagram.com\/positiveprintscom\/","https:\/\/www.tiktok.com\/@positiveprintscom","https:\/\/www.pinterest.com\/positiveprintscom\/"]}]}},"jetpack_sharing_enabled":true,"_links":{"self":[{"href":"https:\/\/positiveprints.com\/es\/wp-json\/wp\/v2\/product\/131037","targetHints":{"allow":["GET"]}}],"collection":[{"href":"https:\/\/positiveprints.com\/es\/wp-json\/wp\/v2\/product"}],"about":[{"href":"https:\/\/positiveprints.com\/es\/wp-json\/wp\/v2\/types\/product"}],"wp:featuredmedia":[{"embeddable":true,"href":"https:\/\/positiveprints.com\/es\/wp-json\/wp\/v2\/media\/1423847"}],"wp:attachment":[{"href":"https:\/\/positiveprints.com\/es\/wp-json\/wp\/v2\/media?parent=131037"}],"wp:term":[{"taxonomy":"product_brand","embeddable":true,"href":"https:\/\/positiveprints.com\/es\/wp-json\/wp\/v2\/product_brand?post=131037"},{"taxonomy":"product_cat","embeddable":true,"href":"https:\/\/positiveprints.com\/es\/wp-json\/wp\/v2\/product_cat?post=131037"},{"taxonomy":"product_tag","embeddable":true,"href":"https:\/\/positiveprints.com\/es\/wp-json\/wp\/v2\/product_tag?post=131037"}],"curies":[{"name":"wp","href":"https:\/\/api.w.org\/{rel}","templated":true}]}}