{"id":1309692,"date":"2024-12-26T22:11:54","date_gmt":"2024-12-26T21:11:54","guid":{"rendered":"https:\/\/positiveprints.com\/product\/tu-y-yo-collage-fotografico-con-letras\/"},"modified":"2026-04-18T03:09:39","modified_gmt":"2026-04-18T02:09:39","slug":"tu-y-yo-collage-fotografico-con-letras","status":"publish","type":"product","link":"https:\/\/positiveprints.com\/es\/producto\/tu-y-yo-collage-fotografico-con-letras\/","title":{"rendered":"T\u00fa y Yo &#8211; Collage Fotogr\u00e1fico con Letras"},"content":{"rendered":"","protected":false},"excerpt":{"rendered":"<ul class=\"check-list\">\n<li>Expresa tu amor y tu gratitud de una forma significativa y \u00fanica, y celebra todos los momentos que pas\u00e1is juntos<\/li>\n<li>Incluye un texto personalizado significativo<\/li>\n<li>Personalizar en 3 sencillos pasos<\/li>\n<li>Elija una plantilla o sea creativo<\/li>\n<li>Ve el resultado de inmediato: la vista previa interactiva te permite perfeccionar cada detalle<\/li>\n<\/ul>\n","protected":false},"featured_media":1671724,"template":"","meta":[],"product_brand":[],"product_cat":[9280,8986,9124,106,5334,11187,11188,11189,5270,11455,11456,11452,11448,8012,7678,7646,7693,7789,7757,7805,3119,11249,11250],"product_tag":[14933,14945,14931,14937,14183,14939,14922,14929,14940,14187,11826,11757,11825,11771,14947,14943,14925,14927,14944,14946,14948,14942,14924],"class_list":{"0":"post-1309692","1":"product","2":"type-product","3":"status-publish","4":"has-post-thumbnail","6":"product_cat-bestsellers-label-es","7":"product_cat-nuevo","8":"product_cat-photo-letter-es","9":"product_cat-todos-los-productos","10":"product_cat-regalos-de-aniversario","11":"product_cat-regalos-de-aniversario-para-pareja","12":"product_cat-regalos-de-aniversario-para-ella","13":"product_cat-regalos-de-aniversario-para-el","14":"product_cat-regalos-de-navidad","15":"product_cat-regalos-de-navidad-para-mujer","16":"product_cat-regalos-de-navidad-para-hombre","17":"product_cat-regalos-de-navidad-para-la-novia","18":"product_cat-regalos-de-navidad-para-el-novio","19":"product_cat-regalos-para-hombres","20":"product_cat-regalos-para-mi-novio","21":"product_cat-regalos-para-mi-esposo","22":"product_cat-regalos-para-mujeres","23":"product_cat-regalos-para-mi-novia","24":"product_cat-regalos-para-mi-esposa","25":"product_cat-regalos-para-parejas","26":"product_cat-regalos-de-san-valentin","27":"product_cat-regalos-de-san-valentin-mujeres","28":"product_cat-regalos-de-san-valentin-hombres","29":"product_tag-anniversary-gift-es","30":"product_tag-anniversary-gifts-es","31":"product_tag-anniversary-present-es","32":"product_tag-couple-gift-es-2","33":"product_tag-couple-gift-anniversary-es","34":"product_tag-gift-for-couple-es","35":"product_tag-love-es","36":"product_tag-love-gift-es","37":"product_tag-personalized-gift-es","38":"product_tag-regalo-romantico-es","39":"product_tag-regalos-de-navidad-para-el","40":"product_tag-regalos-de-navidad-para-el-novio","41":"product_tag-regalos-de-navidad-para-ella","42":"product_tag-regalos-de-navidad-para-la-novia","43":"product_tag-romantic-gifts-es","44":"product_tag-sentimental-gift-es","45":"product_tag-special-occasion-es-2","46":"product_tag-thoughtful-gift-es","47":"product_tag-unique-gift-es","48":"product_tag-valentines-day-gifts-es","49":"product_tag-valentines-day-es","50":"product_tag-valentines-day-gift-es","51":"product_tag-wedding-anniversary-es","53":"first","54":"instock","55":"sale","56":"taxable","57":"shipping-taxable","58":"purchasable","59":"product-type-variable"},"yoast_head":"<!-- This site is optimized with the Yoast SEO Premium plugin v27.2 (Yoast SEO v27.2) - https:\/\/yoast.com\/product\/yoast-seo-premium-wordpress\/ -->\n<title>T\u00fa y Yo - Collage Fotogr\u00e1fico con Letras - Positive Prints<\/title>\n<meta name=\"description\" content=\"Celebra tu v\u00ednculo especial con nuestro Collage Fotogr\u00e1fico con Letras T\u00fa y Yo. Esta obra de arte personalizada es la manera perfecta de capturar tus recuerdos m\u00e1s queridos.\" \/>\n<meta name=\"robots\" content=\"index, follow, max-snippet:-1, max-image-preview:large, max-video-preview:-1\" \/>\n<link rel=\"canonical\" href=\"https:\/\/positiveprints.com\/es\/producto\/tu-y-yo-collage-fotografico-con-letras\/\" \/>\n<meta property=\"og:locale\" content=\"es_ES\" \/>\n<meta property=\"og:type\" content=\"article\" \/>\n<meta property=\"og:title\" content=\"T\u00fa y Yo - Collage Fotogr\u00e1fico con Letras\" \/>\n<meta property=\"og:description\" content=\"Expresa tu amor y tu gratitud de una forma significativa y \u00fanica, y celebra todos los momentos que pas\u00e1is juntos Incluye un texto personalizado significativo Personalizar en 3 sencillos pasos Elija una plantilla o sea creativo Ve el resultado de inmediato: la vista previa interactiva te permite perfeccionar cada detalle\" \/>\n<meta property=\"og:url\" content=\"https:\/\/positiveprints.com\/es\/producto\/tu-y-yo-collage-fotografico-con-letras\/\" \/>\n<meta property=\"og:site_name\" content=\"Positive Prints\" \/>\n<meta property=\"article:publisher\" content=\"https:\/\/www.facebook.com\/positiveprintscom\" \/>\n<meta property=\"article:modified_time\" content=\"2026-04-18T02:09:39+00:00\" \/>\n<meta property=\"og:image\" content=\"https:\/\/positiveprints.com\/wp-content\/uploads\/2025\/03\/Tu\u0301-Yo-Collage-Fotogra\u0301fico-1.webp\" \/>\n\t<meta property=\"og:image:width\" content=\"1450\" \/>\n\t<meta property=\"og:image:height\" content=\"1450\" \/>\n\t<meta property=\"og:image:type\" content=\"image\/webp\" \/>\n<meta name=\"twitter:card\" content=\"summary_large_image\" \/>\n<meta name=\"twitter:label1\" content=\"Tiempo de lectura\" \/>\n\t<meta name=\"twitter:data1\" content=\"1 minuto\" \/>\n<!-- \/ Yoast SEO Premium plugin. -->","yoast_head_json":{"title":"T\u00fa y Yo - Collage Fotogr\u00e1fico con Letras - Positive Prints","description":"Celebra tu v\u00ednculo especial con nuestro Collage Fotogr\u00e1fico con Letras T\u00fa y Yo. Esta obra de arte personalizada es la manera perfecta de capturar tus recuerdos m\u00e1s queridos.","robots":{"index":"index","follow":"follow","max-snippet":"max-snippet:-1","max-image-preview":"max-image-preview:large","max-video-preview":"max-video-preview:-1"},"canonical":"https:\/\/positiveprints.com\/es\/producto\/tu-y-yo-collage-fotografico-con-letras\/","og_locale":"es_ES","og_type":"article","og_title":"T\u00fa y Yo - Collage Fotogr\u00e1fico con Letras","og_description":"Expresa tu amor y tu gratitud de una forma significativa y \u00fanica, y celebra todos los momentos que pas\u00e1is juntos Incluye un texto personalizado significativo Personalizar en 3 sencillos pasos Elija una plantilla o sea creativo Ve el resultado de inmediato: la vista previa interactiva te permite perfeccionar cada detalle","og_url":"https:\/\/positiveprints.com\/es\/producto\/tu-y-yo-collage-fotografico-con-letras\/","og_site_name":"Positive Prints","article_publisher":"https:\/\/www.facebook.com\/positiveprintscom","article_modified_time":"2026-04-18T02:09:39+00:00","og_image":[{"width":1450,"height":1450,"url":"https:\/\/positiveprints.com\/wp-content\/uploads\/2025\/03\/Tu\u0301-Yo-Collage-Fotogra\u0301fico-1.webp","type":"image\/webp"}],"twitter_card":"summary_large_image","twitter_misc":{"Tiempo de lectura":"1 minuto"},"schema":{"@context":"https:\/\/schema.org","@graph":[{"@type":["WebPage","ItemPage"],"@id":"https:\/\/positiveprints.com\/es\/producto\/tu-y-yo-collage-fotografico-con-letras\/","url":"https:\/\/positiveprints.com\/es\/producto\/tu-y-yo-collage-fotografico-con-letras\/","name":"T\u00fa y Yo - Collage Fotogr\u00e1fico con Letras - Positive Prints","isPartOf":{"@id":"https:\/\/positiveprints.com\/es\/#website"},"primaryImageOfPage":{"@id":"https:\/\/positiveprints.com\/es\/producto\/tu-y-yo-collage-fotografico-con-letras\/#primaryimage"},"image":{"@id":"https:\/\/positiveprints.com\/es\/producto\/tu-y-yo-collage-fotografico-con-letras\/#primaryimage"},"thumbnailUrl":"https:\/\/positiveprints.com\/wp-content\/uploads\/2026\/03\/tuyo_ES.webp","datePublished":"2024-12-26T21:11:54+00:00","dateModified":"2026-04-18T02:09:39+00:00","description":"Celebra tu v\u00ednculo especial con nuestro Collage Fotogr\u00e1fico con Letras T\u00fa y Yo. Esta obra de arte personalizada es la manera perfecta de capturar tus recuerdos m\u00e1s queridos.","breadcrumb":{"@id":"https:\/\/positiveprints.com\/es\/producto\/tu-y-yo-collage-fotografico-con-letras\/#breadcrumb"},"inLanguage":"es","potentialAction":[{"@type":"ReadAction","target":["https:\/\/positiveprints.com\/es\/producto\/tu-y-yo-collage-fotografico-con-letras\/"]}]},{"@type":"ImageObject","inLanguage":"es","@id":"https:\/\/positiveprints.com\/es\/producto\/tu-y-yo-collage-fotografico-con-letras\/#primaryimage","url":"https:\/\/positiveprints.com\/wp-content\/uploads\/2026\/03\/tuyo_ES.webp","contentUrl":"https:\/\/positiveprints.com\/wp-content\/uploads\/2026\/03\/tuyo_ES.webp","width":1450,"height":1450},{"@type":"BreadcrumbList","@id":"https:\/\/positiveprints.com\/es\/producto\/tu-y-yo-collage-fotografico-con-letras\/#breadcrumb","itemListElement":[{"@type":"ListItem","position":1,"name":"CASA","item":"https:\/\/positiveprints.com\/es\/"},{"@type":"ListItem","position":2,"name":"Productos","item":"https:\/\/positiveprints.com\/es\/shop\/"},{"@type":"ListItem","position":3,"name":"T\u00fa y Yo &#8211; Collage Fotogr\u00e1fico con Letras"}]},{"@type":"WebSite","@id":"https:\/\/positiveprints.com\/es\/#website","url":"https:\/\/positiveprints.com\/es\/","name":"Positive Prints","description":"Custom Gifts for Special Occasions","publisher":{"@id":"https:\/\/positiveprints.com\/es\/#organization"},"potentialAction":[{"@type":"SearchAction","target":{"@type":"EntryPoint","urlTemplate":"https:\/\/positiveprints.com\/es\/?s={search_term_string}"},"query-input":{"@type":"PropertyValueSpecification","valueRequired":true,"valueName":"search_term_string"}}],"inLanguage":"es"},{"@type":"Organization","@id":"https:\/\/positiveprints.com\/es\/#organization","name":"Positive Prints","alternateName":"Positive Prints","url":"https:\/\/positiveprints.com\/es\/","logo":{"@type":"ImageObject","inLanguage":"es","@id":"https:\/\/positiveprints.com\/es\/#\/schema\/logo\/image\/","url":"https:\/\/positiveprints.com\/wp-content\/uploads\/2026\/03\/245815646_1337939713319158_5671353136411139666_n.png","contentUrl":"https:\/\/positiveprints.com\/wp-content\/uploads\/2026\/03\/245815646_1337939713319158_5671353136411139666_n.png","width":800,"height":800,"caption":"Positive Prints"},"image":{"@id":"https:\/\/positiveprints.com\/es\/#\/schema\/logo\/image\/"},"sameAs":["https:\/\/www.facebook.com\/positiveprintscom","https:\/\/www.instagram.com\/positiveprintscom\/","https:\/\/www.tiktok.com\/@positiveprintscom","https:\/\/www.pinterest.com\/positiveprintscom\/"]}]}},"jetpack_sharing_enabled":true,"_links":{"self":[{"href":"https:\/\/positiveprints.com\/es\/wp-json\/wp\/v2\/product\/1309692","targetHints":{"allow":["GET"]}}],"collection":[{"href":"https:\/\/positiveprints.com\/es\/wp-json\/wp\/v2\/product"}],"about":[{"href":"https:\/\/positiveprints.com\/es\/wp-json\/wp\/v2\/types\/product"}],"wp:featuredmedia":[{"embeddable":true,"href":"https:\/\/positiveprints.com\/es\/wp-json\/wp\/v2\/media\/1671724"}],"wp:attachment":[{"href":"https:\/\/positiveprints.com\/es\/wp-json\/wp\/v2\/media?parent=1309692"}],"wp:term":[{"taxonomy":"product_brand","embeddable":true,"href":"https:\/\/positiveprints.com\/es\/wp-json\/wp\/v2\/product_brand?post=1309692"},{"taxonomy":"product_cat","embeddable":true,"href":"https:\/\/positiveprints.com\/es\/wp-json\/wp\/v2\/product_cat?post=1309692"},{"taxonomy":"product_tag","embeddable":true,"href":"https:\/\/positiveprints.com\/es\/wp-json\/wp\/v2\/product_tag?post=1309692"}],"curies":[{"name":"wp","href":"https:\/\/api.w.org\/{rel}","templated":true}]}}