{"id":1309320,"date":"2024-12-26T21:25:34","date_gmt":"2024-12-26T20:25:34","guid":{"rendered":"https:\/\/positiveprints.com\/product\/donde-todo-comenzo-mapa-y-foto\/"},"modified":"2026-04-03T02:35:29","modified_gmt":"2026-04-03T01:35:29","slug":"donde-todo-comenzo-mapa-y-foto","status":"publish","type":"product","link":"https:\/\/positiveprints.com\/es\/producto\/donde-todo-comenzo-mapa-y-foto\/","title":{"rendered":"Donde todo comenz\u00f3 &#8211; Mapa y foto"},"content":{"rendered":"","protected":false},"excerpt":{"rendered":"<ul class=\"check-list\">\n<li>Captura el momento especial con un mapa y una foto personalizados, se\u00f1alando la ubicaci\u00f3n exacta de los recuerdos m\u00e1s preciados<\/li>\n<li>Marcar un lugar especial con un s\u00edmbolo elegido<\/li>\n<li>Incluye un texto personalizado significativo<\/li>\n<li>Personalizar en 3 sencillos pasos<\/li>\n<li>Ve el resultado de inmediato: la vista previa interactiva te permite perfeccionar cada detalle<\/li>\n<\/ul>\n","protected":false},"featured_media":1351931,"template":"","meta":[],"product_brand":[],"product_cat":[9117,106,11187,11188,11189,5270,11455,11456,11452,11448,11462,11457,8012,7678,7646,7693,7789,7757,7805,3119,11249,11250],"product_tag":[11826,11821,11757,11825,11820,11771,14948,14942],"class_list":{"0":"post-1309320","1":"product","2":"type-product","3":"status-publish","4":"has-post-thumbnail","6":"product_cat-double-maps-es","7":"product_cat-todos-los-productos","8":"product_cat-regalos-de-aniversario-para-pareja","9":"product_cat-regalos-de-aniversario-para-ella","10":"product_cat-regalos-de-aniversario-para-el","11":"product_cat-regalos-de-navidad","12":"product_cat-regalos-de-navidad-para-mujer","13":"product_cat-regalos-de-navidad-para-hombre","14":"product_cat-regalos-de-navidad-para-la-novia","15":"product_cat-regalos-de-navidad-para-el-novio","16":"product_cat-regalos-de-navidad-para-la-esposa","17":"product_cat-regalos-de-navidad-para-el-marido","18":"product_cat-regalos-para-hombres","19":"product_cat-regalos-para-mi-novio","20":"product_cat-regalos-para-mi-esposo","21":"product_cat-regalos-para-mujeres","22":"product_cat-regalos-para-mi-novia","23":"product_cat-regalos-para-mi-esposa","24":"product_cat-regalos-para-parejas","25":"product_cat-regalos-de-san-valentin","26":"product_cat-regalos-de-san-valentin-mujeres","27":"product_cat-regalos-de-san-valentin-hombres","28":"product_tag-regalos-de-navidad-para-el","29":"product_tag-regalos-de-navidad-para-el-marido","30":"product_tag-regalos-de-navidad-para-el-novio","31":"product_tag-regalos-de-navidad-para-ella","32":"product_tag-regalos-de-navidad-para-la-esposa","33":"product_tag-regalos-de-navidad-para-la-novia","34":"product_tag-valentines-day-es","35":"product_tag-valentines-day-gift-es","37":"first","38":"instock","39":"sale","40":"taxable","41":"shipping-taxable","42":"purchasable","43":"product-type-variable"},"yoast_head":"<!-- This site is optimized with the Yoast SEO Premium plugin v27.2 (Yoast SEO v27.2) - https:\/\/yoast.com\/product\/yoast-seo-premium-wordpress\/ -->\n<title>Donde todo comenz\u00f3 - Mapa y foto - Positive Prints<\/title>\n<meta name=\"description\" content=\"El Mapa y Foto del Lugar Donde Todo Comenz\u00f3 es un regalo \u00fanico y reflexivo para aniversarios, San Valent\u00edn, bodas o cualquier ocasi\u00f3n especial.\" \/>\n<meta name=\"robots\" content=\"index, follow, max-snippet:-1, max-image-preview:large, max-video-preview:-1\" \/>\n<link rel=\"canonical\" href=\"https:\/\/positiveprints.com\/es\/producto\/donde-todo-comenzo-mapa-y-foto\/\" \/>\n<meta property=\"og:locale\" content=\"es_ES\" \/>\n<meta property=\"og:type\" content=\"article\" \/>\n<meta property=\"og:title\" content=\"Donde todo comenz\u00f3 - Mapa y foto\" \/>\n<meta property=\"og:description\" content=\"Captura el momento especial con un mapa y una foto personalizados, se\u00f1alando la ubicaci\u00f3n exacta de los recuerdos m\u00e1s preciados Marcar un lugar especial con un s\u00edmbolo elegido Incluye un texto personalizado significativo Personalizar en 3 sencillos pasos Ve el resultado de inmediato: la vista previa interactiva te permite perfeccionar cada detalle\" \/>\n<meta property=\"og:url\" content=\"https:\/\/positiveprints.com\/es\/producto\/donde-todo-comenzo-mapa-y-foto\/\" \/>\n<meta property=\"og:site_name\" content=\"Positive Prints\" \/>\n<meta property=\"article:publisher\" content=\"https:\/\/www.facebook.com\/positiveprintscom\" \/>\n<meta property=\"article:modified_time\" content=\"2026-04-03T01:35:29+00:00\" \/>\n<meta property=\"og:image\" content=\"https:\/\/positiveprints.com\/wp-content\/uploads\/2024\/12\/Donde-todo-comenzo\u0301-Mapa-y-foto.webp\" \/>\n\t<meta property=\"og:image:width\" content=\"1080\" \/>\n\t<meta property=\"og:image:height\" content=\"1080\" \/>\n\t<meta property=\"og:image:type\" content=\"image\/webp\" \/>\n<meta name=\"twitter:card\" content=\"summary_large_image\" \/>\n<meta name=\"twitter:label1\" content=\"Tiempo de lectura\" \/>\n\t<meta name=\"twitter:data1\" content=\"1 minuto\" \/>\n<!-- \/ Yoast SEO Premium plugin. -->","yoast_head_json":{"title":"Donde todo comenz\u00f3 - Mapa y foto - Positive Prints","description":"El Mapa y Foto del Lugar Donde Todo Comenz\u00f3 es un regalo \u00fanico y reflexivo para aniversarios, San Valent\u00edn, bodas o cualquier ocasi\u00f3n especial.","robots":{"index":"index","follow":"follow","max-snippet":"max-snippet:-1","max-image-preview":"max-image-preview:large","max-video-preview":"max-video-preview:-1"},"canonical":"https:\/\/positiveprints.com\/es\/producto\/donde-todo-comenzo-mapa-y-foto\/","og_locale":"es_ES","og_type":"article","og_title":"Donde todo comenz\u00f3 - Mapa y foto","og_description":"Captura el momento especial con un mapa y una foto personalizados, se\u00f1alando la ubicaci\u00f3n exacta de los recuerdos m\u00e1s preciados Marcar un lugar especial con un s\u00edmbolo elegido Incluye un texto personalizado significativo Personalizar en 3 sencillos pasos Ve el resultado de inmediato: la vista previa interactiva te permite perfeccionar cada detalle","og_url":"https:\/\/positiveprints.com\/es\/producto\/donde-todo-comenzo-mapa-y-foto\/","og_site_name":"Positive Prints","article_publisher":"https:\/\/www.facebook.com\/positiveprintscom","article_modified_time":"2026-04-03T01:35:29+00:00","og_image":[{"width":1080,"height":1080,"url":"https:\/\/positiveprints.com\/wp-content\/uploads\/2024\/12\/Donde-todo-comenzo\u0301-Mapa-y-foto.webp","type":"image\/webp"}],"twitter_card":"summary_large_image","twitter_misc":{"Tiempo de lectura":"1 minuto"},"schema":{"@context":"https:\/\/schema.org","@graph":[{"@type":["WebPage","ItemPage"],"@id":"https:\/\/positiveprints.com\/es\/producto\/donde-todo-comenzo-mapa-y-foto\/","url":"https:\/\/positiveprints.com\/es\/producto\/donde-todo-comenzo-mapa-y-foto\/","name":"Donde todo comenz\u00f3 - Mapa y foto - Positive Prints","isPartOf":{"@id":"https:\/\/positiveprints.com\/es\/#website"},"primaryImageOfPage":{"@id":"https:\/\/positiveprints.com\/es\/producto\/donde-todo-comenzo-mapa-y-foto\/#primaryimage"},"image":{"@id":"https:\/\/positiveprints.com\/es\/producto\/donde-todo-comenzo-mapa-y-foto\/#primaryimage"},"thumbnailUrl":"https:\/\/positiveprints.com\/wp-content\/uploads\/2025\/02\/Donde-todo-comenzo\u0301-Mapa-y-foto-1.webp","datePublished":"2024-12-26T20:25:34+00:00","dateModified":"2026-04-03T01:35:29+00:00","description":"El Mapa y Foto del Lugar Donde Todo Comenz\u00f3 es un regalo \u00fanico y reflexivo para aniversarios, San Valent\u00edn, bodas o cualquier ocasi\u00f3n especial.","breadcrumb":{"@id":"https:\/\/positiveprints.com\/es\/producto\/donde-todo-comenzo-mapa-y-foto\/#breadcrumb"},"inLanguage":"es","potentialAction":[{"@type":"ReadAction","target":["https:\/\/positiveprints.com\/es\/producto\/donde-todo-comenzo-mapa-y-foto\/"]}]},{"@type":"ImageObject","inLanguage":"es","@id":"https:\/\/positiveprints.com\/es\/producto\/donde-todo-comenzo-mapa-y-foto\/#primaryimage","url":"https:\/\/positiveprints.com\/wp-content\/uploads\/2025\/02\/Donde-todo-comenzo\u0301-Mapa-y-foto-1.webp","contentUrl":"https:\/\/positiveprints.com\/wp-content\/uploads\/2025\/02\/Donde-todo-comenzo\u0301-Mapa-y-foto-1.webp","width":1450,"height":1450},{"@type":"BreadcrumbList","@id":"https:\/\/positiveprints.com\/es\/producto\/donde-todo-comenzo-mapa-y-foto\/#breadcrumb","itemListElement":[{"@type":"ListItem","position":1,"name":"CASA","item":"https:\/\/positiveprints.com\/es\/"},{"@type":"ListItem","position":2,"name":"Productos","item":"https:\/\/positiveprints.com\/es\/shop\/"},{"@type":"ListItem","position":3,"name":"Donde todo comenz\u00f3 &#8211; Mapa y foto"}]},{"@type":"WebSite","@id":"https:\/\/positiveprints.com\/es\/#website","url":"https:\/\/positiveprints.com\/es\/","name":"Positive Prints","description":"Custom Gifts for Special Occasions","publisher":{"@id":"https:\/\/positiveprints.com\/es\/#organization"},"potentialAction":[{"@type":"SearchAction","target":{"@type":"EntryPoint","urlTemplate":"https:\/\/positiveprints.com\/es\/?s={search_term_string}"},"query-input":{"@type":"PropertyValueSpecification","valueRequired":true,"valueName":"search_term_string"}}],"inLanguage":"es"},{"@type":"Organization","@id":"https:\/\/positiveprints.com\/es\/#organization","name":"Positive Prints","alternateName":"Positive Prints","url":"https:\/\/positiveprints.com\/es\/","logo":{"@type":"ImageObject","inLanguage":"es","@id":"https:\/\/positiveprints.com\/es\/#\/schema\/logo\/image\/","url":"https:\/\/positiveprints.com\/wp-content\/uploads\/2026\/03\/245815646_1337939713319158_5671353136411139666_n.png","contentUrl":"https:\/\/positiveprints.com\/wp-content\/uploads\/2026\/03\/245815646_1337939713319158_5671353136411139666_n.png","width":800,"height":800,"caption":"Positive Prints"},"image":{"@id":"https:\/\/positiveprints.com\/es\/#\/schema\/logo\/image\/"},"sameAs":["https:\/\/www.facebook.com\/positiveprintscom","https:\/\/www.instagram.com\/positiveprintscom\/","https:\/\/www.tiktok.com\/@positiveprintscom","https:\/\/www.pinterest.com\/positiveprintscom\/"]}]}},"jetpack_sharing_enabled":true,"_links":{"self":[{"href":"https:\/\/positiveprints.com\/es\/wp-json\/wp\/v2\/product\/1309320","targetHints":{"allow":["GET"]}}],"collection":[{"href":"https:\/\/positiveprints.com\/es\/wp-json\/wp\/v2\/product"}],"about":[{"href":"https:\/\/positiveprints.com\/es\/wp-json\/wp\/v2\/types\/product"}],"wp:featuredmedia":[{"embeddable":true,"href":"https:\/\/positiveprints.com\/es\/wp-json\/wp\/v2\/media\/1351931"}],"wp:attachment":[{"href":"https:\/\/positiveprints.com\/es\/wp-json\/wp\/v2\/media?parent=1309320"}],"wp:term":[{"taxonomy":"product_brand","embeddable":true,"href":"https:\/\/positiveprints.com\/es\/wp-json\/wp\/v2\/product_brand?post=1309320"},{"taxonomy":"product_cat","embeddable":true,"href":"https:\/\/positiveprints.com\/es\/wp-json\/wp\/v2\/product_cat?post=1309320"},{"taxonomy":"product_tag","embeddable":true,"href":"https:\/\/positiveprints.com\/es\/wp-json\/wp\/v2\/product_tag?post=1309320"}],"curies":[{"name":"wp","href":"https:\/\/api.w.org\/{rel}","templated":true}]}}