{"id":1296235,"date":"2024-11-30T22:01:19","date_gmt":"2024-11-30T21:01:19","guid":{"rendered":"https:\/\/positiveprints.com\/product\/poster-con-letras-de-cancion-para-abuelo\/"},"modified":"2026-04-03T02:36:21","modified_gmt":"2026-04-03T01:36:21","slug":"poster-con-letras-de-cancion-para-abuelo","status":"publish","type":"product","link":"https:\/\/positiveprints.com\/es\/producto\/poster-con-letras-de-cancion-para-abuelo\/","title":{"rendered":"P\u00f3ster con Letras de Canci\u00f3n para Abuelo"},"content":{"rendered":"","protected":false},"excerpt":{"rendered":"<ul class=\"check-list\">\n<li>Personaliza el dise\u00f1o eligiendo cualquier canci\u00f3n: tomaremos su letra y la arreglaremos art\u00edsticamente en la obra<\/li>\n<li>Personaliza en s\u00f3lo 2 minutos<\/li>\n<li>Incluye un texto personalizado significativo<\/li>\n<li>Ve el resultado de inmediato: la vista previa interactiva te permite perfeccionar cada detalle<\/li>\n<\/ul>\n","protected":false},"featured_media":1296409,"template":"","meta":[],"product_brand":[],"product_cat":[9280,12104,5270,11454,7613,106,9766],"product_tag":[12097,8672,12070,12071,13350,12630],"class_list":{"0":"post-1296235","1":"product","2":"type-product","3":"status-publish","4":"has-post-thumbnail","6":"product_cat-bestsellers-label-es","7":"product_cat-letras","8":"product_cat-regalos-de-navidad","9":"product_cat-regalos-de-navidad-para-abuelo","10":"product_cat-regalos-para-el-abuelo","11":"product_cat-todos-los-productos","12":"product_cat-trending-label-es","13":"product_tag-cancion","14":"product_tag-grandpa-es","15":"product_tag-letra-de-cancion","16":"product_tag-letras","17":"product_tag-regalo-de-navidad-para-una-abuela","18":"product_tag-regalo-para-abuelo","20":"first","21":"instock","22":"sale","23":"taxable","24":"shipping-taxable","25":"purchasable","26":"product-type-variable"},"yoast_head":"<!-- This site is optimized with the Yoast SEO Premium plugin v27.2 (Yoast SEO v27.2) - https:\/\/yoast.com\/product\/yoast-seo-premium-wordpress\/ -->\n<title>P\u00f3ster con Letras de Canci\u00f3n para Abuelo - Positive Prints<\/title>\n<meta name=\"description\" content=\"Captura la canci\u00f3n favorita de tu abuelo en un p\u00f3ster personalizado con letras de canci\u00f3n. Perfecto para cumplea\u00f1os o cualquier ocasi\u00f3n especial. \u00a1Ordena tu P\u00f3ster con Letras de Canci\u00f3n para Abuelo hoy mismo!\" \/>\n<meta name=\"robots\" content=\"index, follow, max-snippet:-1, max-image-preview:large, max-video-preview:-1\" \/>\n<link rel=\"canonical\" href=\"https:\/\/positiveprints.com\/es\/producto\/poster-con-letras-de-cancion-para-abuelo\/\" \/>\n<meta property=\"og:locale\" content=\"es_ES\" \/>\n<meta property=\"og:type\" content=\"article\" \/>\n<meta property=\"og:title\" content=\"P\u00f3ster con Letras de Canci\u00f3n para Abuelo\" \/>\n<meta property=\"og:description\" content=\"Personaliza el dise\u00f1o eligiendo cualquier canci\u00f3n: tomaremos su letra y la arreglaremos art\u00edsticamente en la obra Personaliza en s\u00f3lo 2 minutos Incluye un texto personalizado significativo Ve el resultado de inmediato: la vista previa interactiva te permite perfeccionar cada detalle\" \/>\n<meta property=\"og:url\" content=\"https:\/\/positiveprints.com\/es\/producto\/poster-con-letras-de-cancion-para-abuelo\/\" \/>\n<meta property=\"og:site_name\" content=\"Positive Prints\" \/>\n<meta property=\"article:publisher\" content=\"https:\/\/www.facebook.com\/positiveprintscom\" \/>\n<meta property=\"article:modified_time\" content=\"2026-04-03T01:36:21+00:00\" \/>\n<meta property=\"og:image\" content=\"https:\/\/positiveprints.com\/wp-content\/uploads\/2024\/11\/Poster-con-Letras-de-Cancion-para-Abuelo-1.webp\" \/>\n\t<meta property=\"og:image:width\" content=\"1450\" \/>\n\t<meta property=\"og:image:height\" content=\"1450\" \/>\n\t<meta property=\"og:image:type\" content=\"image\/webp\" \/>\n<meta name=\"twitter:card\" content=\"summary_large_image\" \/>\n<meta name=\"twitter:label1\" content=\"Tiempo de lectura\" \/>\n\t<meta name=\"twitter:data1\" content=\"1 minuto\" \/>\n<!-- \/ Yoast SEO Premium plugin. -->","yoast_head_json":{"title":"P\u00f3ster con Letras de Canci\u00f3n para Abuelo - Positive Prints","description":"Captura la canci\u00f3n favorita de tu abuelo en un p\u00f3ster personalizado con letras de canci\u00f3n. Perfecto para cumplea\u00f1os o cualquier ocasi\u00f3n especial. \u00a1Ordena tu P\u00f3ster con Letras de Canci\u00f3n para Abuelo hoy mismo!","robots":{"index":"index","follow":"follow","max-snippet":"max-snippet:-1","max-image-preview":"max-image-preview:large","max-video-preview":"max-video-preview:-1"},"canonical":"https:\/\/positiveprints.com\/es\/producto\/poster-con-letras-de-cancion-para-abuelo\/","og_locale":"es_ES","og_type":"article","og_title":"P\u00f3ster con Letras de Canci\u00f3n para Abuelo","og_description":"Personaliza el dise\u00f1o eligiendo cualquier canci\u00f3n: tomaremos su letra y la arreglaremos art\u00edsticamente en la obra Personaliza en s\u00f3lo 2 minutos Incluye un texto personalizado significativo Ve el resultado de inmediato: la vista previa interactiva te permite perfeccionar cada detalle","og_url":"https:\/\/positiveprints.com\/es\/producto\/poster-con-letras-de-cancion-para-abuelo\/","og_site_name":"Positive Prints","article_publisher":"https:\/\/www.facebook.com\/positiveprintscom","article_modified_time":"2026-04-03T01:36:21+00:00","og_image":[{"width":1450,"height":1450,"url":"https:\/\/positiveprints.com\/wp-content\/uploads\/2024\/11\/Poster-con-Letras-de-Cancion-para-Abuelo-1.webp","type":"image\/webp"}],"twitter_card":"summary_large_image","twitter_misc":{"Tiempo de lectura":"1 minuto"},"schema":{"@context":"https:\/\/schema.org","@graph":[{"@type":["WebPage","ItemPage"],"@id":"https:\/\/positiveprints.com\/es\/producto\/poster-con-letras-de-cancion-para-abuelo\/","url":"https:\/\/positiveprints.com\/es\/producto\/poster-con-letras-de-cancion-para-abuelo\/","name":"P\u00f3ster con Letras de Canci\u00f3n para Abuelo - Positive Prints","isPartOf":{"@id":"https:\/\/positiveprints.com\/es\/#website"},"primaryImageOfPage":{"@id":"https:\/\/positiveprints.com\/es\/producto\/poster-con-letras-de-cancion-para-abuelo\/#primaryimage"},"image":{"@id":"https:\/\/positiveprints.com\/es\/producto\/poster-con-letras-de-cancion-para-abuelo\/#primaryimage"},"thumbnailUrl":"https:\/\/positiveprints.com\/wp-content\/uploads\/2024\/11\/Poster-con-Letras-de-Cancion-para-Abuelo-1.webp","datePublished":"2024-11-30T21:01:19+00:00","dateModified":"2026-04-03T01:36:21+00:00","description":"Captura la canci\u00f3n favorita de tu abuelo en un p\u00f3ster personalizado con letras de canci\u00f3n. Perfecto para cumplea\u00f1os o cualquier ocasi\u00f3n especial. \u00a1Ordena tu P\u00f3ster con Letras de Canci\u00f3n para Abuelo hoy mismo!","breadcrumb":{"@id":"https:\/\/positiveprints.com\/es\/producto\/poster-con-letras-de-cancion-para-abuelo\/#breadcrumb"},"inLanguage":"es","potentialAction":[{"@type":"ReadAction","target":["https:\/\/positiveprints.com\/es\/producto\/poster-con-letras-de-cancion-para-abuelo\/"]}]},{"@type":"ImageObject","inLanguage":"es","@id":"https:\/\/positiveprints.com\/es\/producto\/poster-con-letras-de-cancion-para-abuelo\/#primaryimage","url":"https:\/\/positiveprints.com\/wp-content\/uploads\/2024\/11\/Poster-con-Letras-de-Cancion-para-Abuelo-1.webp","contentUrl":"https:\/\/positiveprints.com\/wp-content\/uploads\/2024\/11\/Poster-con-Letras-de-Cancion-para-Abuelo-1.webp","width":1450,"height":1450,"caption":"Poster con Letras de Cancion para Abuelo-1"},{"@type":"BreadcrumbList","@id":"https:\/\/positiveprints.com\/es\/producto\/poster-con-letras-de-cancion-para-abuelo\/#breadcrumb","itemListElement":[{"@type":"ListItem","position":1,"name":"CASA","item":"https:\/\/positiveprints.com\/es\/"},{"@type":"ListItem","position":2,"name":"Productos","item":"https:\/\/positiveprints.com\/es\/shop\/"},{"@type":"ListItem","position":3,"name":"P\u00f3ster con Letras de Canci\u00f3n para Abuelo"}]},{"@type":"WebSite","@id":"https:\/\/positiveprints.com\/es\/#website","url":"https:\/\/positiveprints.com\/es\/","name":"Positive Prints","description":"Custom Gifts for Special Occasions","publisher":{"@id":"https:\/\/positiveprints.com\/es\/#organization"},"potentialAction":[{"@type":"SearchAction","target":{"@type":"EntryPoint","urlTemplate":"https:\/\/positiveprints.com\/es\/?s={search_term_string}"},"query-input":{"@type":"PropertyValueSpecification","valueRequired":true,"valueName":"search_term_string"}}],"inLanguage":"es"},{"@type":"Organization","@id":"https:\/\/positiveprints.com\/es\/#organization","name":"Positive Prints","alternateName":"Positive Prints","url":"https:\/\/positiveprints.com\/es\/","logo":{"@type":"ImageObject","inLanguage":"es","@id":"https:\/\/positiveprints.com\/es\/#\/schema\/logo\/image\/","url":"https:\/\/positiveprints.com\/wp-content\/uploads\/2026\/03\/245815646_1337939713319158_5671353136411139666_n.png","contentUrl":"https:\/\/positiveprints.com\/wp-content\/uploads\/2026\/03\/245815646_1337939713319158_5671353136411139666_n.png","width":800,"height":800,"caption":"Positive Prints"},"image":{"@id":"https:\/\/positiveprints.com\/es\/#\/schema\/logo\/image\/"},"sameAs":["https:\/\/www.facebook.com\/positiveprintscom","https:\/\/www.instagram.com\/positiveprintscom\/","https:\/\/www.tiktok.com\/@positiveprintscom","https:\/\/www.pinterest.com\/positiveprintscom\/"]}]}},"jetpack_sharing_enabled":true,"_links":{"self":[{"href":"https:\/\/positiveprints.com\/es\/wp-json\/wp\/v2\/product\/1296235","targetHints":{"allow":["GET"]}}],"collection":[{"href":"https:\/\/positiveprints.com\/es\/wp-json\/wp\/v2\/product"}],"about":[{"href":"https:\/\/positiveprints.com\/es\/wp-json\/wp\/v2\/types\/product"}],"wp:featuredmedia":[{"embeddable":true,"href":"https:\/\/positiveprints.com\/es\/wp-json\/wp\/v2\/media\/1296409"}],"wp:attachment":[{"href":"https:\/\/positiveprints.com\/es\/wp-json\/wp\/v2\/media?parent=1296235"}],"wp:term":[{"taxonomy":"product_brand","embeddable":true,"href":"https:\/\/positiveprints.com\/es\/wp-json\/wp\/v2\/product_brand?post=1296235"},{"taxonomy":"product_cat","embeddable":true,"href":"https:\/\/positiveprints.com\/es\/wp-json\/wp\/v2\/product_cat?post=1296235"},{"taxonomy":"product_tag","embeddable":true,"href":"https:\/\/positiveprints.com\/es\/wp-json\/wp\/v2\/product_tag?post=1296235"}],"curies":[{"name":"wp","href":"https:\/\/api.w.org\/{rel}","templated":true}]}}