{"id":1287131,"date":"2024-04-19T11:49:25","date_gmt":"2024-04-19T10:49:25","guid":{"rendered":"https:\/\/positiveprints.com\/product\/joyeria-con-mapa-estelar-personalizado\/"},"modified":"2026-04-18T04:26:08","modified_gmt":"2026-04-18T03:26:08","slug":"mapa-estelar-joyeria","status":"publish","type":"product","link":"https:\/\/positiveprints.com\/es\/producto\/mapa-estelar-joyeria\/","title":{"rendered":"Joyer\u00eda con Mapa Estelar Personalizado"},"content":{"rendered":"<p>\u00bfAlguna vez quisiste capturar la magia de un momento especial bajo las estrellas? Te presentamos nuestra joyer\u00eda personalizada con carta astral. Pero, \u00bfqu\u00e9 es lo que hace que esta joyer\u00eda sea realmente encantadora?  <\/p>\n\n\n\n<h2>Crea tu Joyer\u00eda Personalizada con Carta Astral<\/h2>\n\n\n\n<p>Con nuestra Joyer\u00eda Personalizada con Carta Astral, puedes inmortalizar la belleza celestial de un momento significativo en el tiempo. Simplemente proporci\u00f3nanos la fecha, la hora y el lugar de tu momento especial, y crearemos una vista \u00fanica del cielo estrellado de ese preciso instante. <\/p>\n\n\n\n<p>Cada colgante presenta una impresionante representaci\u00f3n del mapa estelar de tu momento elegido, asegurando que tu pieza sea tan \u00fanica como los recuerdos que representa. Agrega un mensaje personalizado en la parte posterior del colgante para hacerlo a\u00fan m\u00e1s personal. <\/p>\n\n\n\n<p>Cada pieza pasa por un meticuloso grabado l\u00e1ser para garantizar precisi\u00f3n y durabilidad. <\/p>\n\n\n\n\n\n<h2>Pedidos de Joyer\u00eda con Carta Astral como Regalo<\/h2>\n\n\n\n<p>\u00bfBuscas el regalo perfecto para un ser querido? Nuestra Joyer\u00eda Personalizada con Carta Astral es una forma emotiva de conmemorar ocasiones especiales como bodas, cumplea\u00f1os, aniversarios o el nacimiento de un ni\u00f1o. Imagina la maravilla en su rostro cuando reciban un colgante con el cielo estrellado del momento en que dijeron &#8220;s\u00ed, acepto&#8221;, o de la noche en que naci\u00f3 su hijo. <\/p>\n\n\n\n<p>Hacer tu pedido es f\u00e1cil: simplemente visita nuestro sitio web, proporciona los detalles necesarios, personaliza tu colgante, elige tu material y opci\u00f3n de cadena preferidos, y realiza tu pedido. Nosotros nos encargamos del resto, asegurando que tu colgante est\u00e9 elegantemente empaquetado en una caja de joyer\u00eda, completa con una gu\u00eda de cuidados y un pa\u00f1o especial para limpiar.\n\nNosotros nos encargamos del resto, asegur\u00e1ndonos de que tu colgante est\u00e9 elegantemente empaquetado en un joyero, con una gu\u00eda de cuidados y un pa\u00f1o especial para limpiarlo. <\/p>\n\n\n\n<p>Ya sea que est\u00e9s celebrando un hito, honrando un recuerdo especial o simplemente expresando tu amor, nuestra Joyer\u00eda Personalizada con Carta Astral es la forma perfecta de capturar la belleza del cosmos y mantener tus momentos m\u00e1s preciados cerca de tu coraz\u00f3n. Entonces, \u00bfpor qu\u00e9 esperar? \u00a1Dise\u00f1a tu pieza personalizada hoy mismo y deja que las estrellas cuenten tu historia!<\/p>","protected":false},"excerpt":{"rendered":"<ul class=\"check-list\">\n<li>Un homenaje \u00fanico a este momento especial del universo.<\/li>\n<li>Descubre tu mapa estelar y a\u00f1ade un mensaje para grabar en tu charm<\/li>\n<li>Colgante de 20 mm elaborado en plata de ley de primera calidad, grabado con l\u00e1ser y acabado a mano.<\/li>\n<li>Personaliza en s\u00f3lo 2 minutos<\/li>\n<li>Ve el resultado de inmediato: la vista previa interactiva te permite perfeccionar cada detalle<\/li>\n<\/ul>\n","protected":false},"featured_media":1552136,"template":"","meta":[],"product_brand":[],"product_cat":[11592,11593,11589,11594,11590,11603,11591,9264,9220,5270,15045,11461,11458,7693,106],"product_tag":[15551,13717,13702,14920,11903,11904,15096,15097,15098,13429,13479,15099],"class_list":{"0":"post-1287131","1":"product","2":"type-product","3":"status-publish","4":"has-post-thumbnail","6":"product_cat-10-aniversario","7":"product_cat-15-aniversario","8":"product_cat-1-aniversario","9":"product_cat-20-aniversario","10":"product_cat-2-aniversario","11":"product_cat-50-aniversario","12":"product_cat-5-aniversario","13":"product_cat-jewelry-es","14":"product_cat-joyas-mapa-estelar","15":"product_cat-regalos-de-navidad","16":"product_cat-regalos-de-navidad-para-amigos","17":"product_cat-regalos-de-navidad-para-la-hermana","18":"product_cat-regalos-de-navidad-para-los-ninos","19":"product_cat-regalos-para-mujeres","20":"product_cat-todos-los-productos","21":"product_tag-cielo-nocturno","22":"product_tag-collar-de-plata-con-mapa-estelar","23":"product_tag-collar-mapa-estelar","24":"product_tag-creators-es-2","25":"product_tag-dije","26":"product_tag-dijes","27":"product_tag-lancuszek-es","28":"product_tag-medalion-es","29":"product_tag-naszyjnik-es","30":"product_tag-regalo-de-navidad-para-hermana","31":"product_tag-regalos-de-navidad-para-amigos","32":"product_tag-wisiorek-es","34":"first","35":"instock","36":"sale","37":"taxable","38":"shipping-taxable","39":"purchasable","40":"product-type-variable"},"yoast_head":"<!-- This site is optimized with the Yoast SEO Premium plugin v27.2 (Yoast SEO v27.2) - https:\/\/yoast.com\/product\/yoast-seo-premium-wordpress\/ -->\n<title>Joyer\u00eda con Mapa Estelar Personalizado - Positive Prints<\/title>\n<meta name=\"description\" content=\"Nuestra joyer\u00eda Star Chart personalizada es la manera perfecta de capturar la belleza del cosmos y mantener sus momentos m\u00e1s preciados cerca del coraz\u00f3n.\" \/>\n<meta name=\"robots\" content=\"index, follow, max-snippet:-1, max-image-preview:large, max-video-preview:-1\" \/>\n<link rel=\"canonical\" href=\"https:\/\/positiveprints.com\/es\/producto\/mapa-estelar-joyeria\/\" \/>\n<meta property=\"og:locale\" content=\"es_ES\" \/>\n<meta property=\"og:type\" content=\"article\" \/>\n<meta property=\"og:title\" content=\"Joyer\u00eda con Mapa Estelar Personalizado\" \/>\n<meta property=\"og:description\" content=\"Un homenaje \u00fanico a este momento especial del universo.    Descubre tu mapa estelar y a\u00f1ade un mensaje para grabar en tu charm    Colgante de 20 mm elaborado en plata de ley de primera calidad, grabado con l\u00e1ser y acabado a mano.    Personaliza en s\u00f3lo 2 minutos    Ve el resultado de inmediato: la vista previa interactiva te permite perfeccionar cada detalle\" \/>\n<meta property=\"og:url\" content=\"https:\/\/positiveprints.com\/es\/producto\/mapa-estelar-joyeria\/\" \/>\n<meta property=\"og:site_name\" content=\"Positive Prints\" \/>\n<meta property=\"article:publisher\" content=\"https:\/\/www.facebook.com\/positiveprintscom\" \/>\n<meta property=\"article:modified_time\" content=\"2026-04-18T03:26:08+00:00\" \/>\n<meta property=\"og:image\" content=\"https:\/\/positiveprints.com\/wp-content\/uploads\/2025\/10\/main-and-packshot-all-custom-star-chart-jewelry.webp\" \/>\n\t<meta property=\"og:image:width\" content=\"2500\" \/>\n\t<meta property=\"og:image:height\" content=\"2500\" \/>\n\t<meta property=\"og:image:type\" content=\"image\/webp\" \/>\n<meta name=\"twitter:card\" content=\"summary_large_image\" \/>\n<meta name=\"twitter:label1\" content=\"Tiempo de lectura\" \/>\n\t<meta name=\"twitter:data1\" content=\"2 minutos\" \/>\n<!-- \/ Yoast SEO Premium plugin. -->","yoast_head_json":{"title":"Joyer\u00eda con Mapa Estelar Personalizado - Positive Prints","description":"Nuestra joyer\u00eda Star Chart personalizada es la manera perfecta de capturar la belleza del cosmos y mantener sus momentos m\u00e1s preciados cerca del coraz\u00f3n.","robots":{"index":"index","follow":"follow","max-snippet":"max-snippet:-1","max-image-preview":"max-image-preview:large","max-video-preview":"max-video-preview:-1"},"canonical":"https:\/\/positiveprints.com\/es\/producto\/mapa-estelar-joyeria\/","og_locale":"es_ES","og_type":"article","og_title":"Joyer\u00eda con Mapa Estelar Personalizado","og_description":"Un homenaje \u00fanico a este momento especial del universo.    Descubre tu mapa estelar y a\u00f1ade un mensaje para grabar en tu charm    Colgante de 20 mm elaborado en plata de ley de primera calidad, grabado con l\u00e1ser y acabado a mano.    Personaliza en s\u00f3lo 2 minutos    Ve el resultado de inmediato: la vista previa interactiva te permite perfeccionar cada detalle","og_url":"https:\/\/positiveprints.com\/es\/producto\/mapa-estelar-joyeria\/","og_site_name":"Positive Prints","article_publisher":"https:\/\/www.facebook.com\/positiveprintscom","article_modified_time":"2026-04-18T03:26:08+00:00","og_image":[{"width":2500,"height":2500,"url":"https:\/\/positiveprints.com\/wp-content\/uploads\/2025\/10\/main-and-packshot-all-custom-star-chart-jewelry.webp","type":"image\/webp"}],"twitter_card":"summary_large_image","twitter_misc":{"Tiempo de lectura":"2 minutos"},"schema":{"@context":"https:\/\/schema.org","@graph":[{"@type":["WebPage","ItemPage"],"@id":"https:\/\/positiveprints.com\/es\/producto\/mapa-estelar-joyeria\/","url":"https:\/\/positiveprints.com\/es\/producto\/mapa-estelar-joyeria\/","name":"Joyer\u00eda con Mapa Estelar Personalizado - Positive Prints","isPartOf":{"@id":"https:\/\/positiveprints.com\/es\/#website"},"primaryImageOfPage":{"@id":"https:\/\/positiveprints.com\/es\/producto\/mapa-estelar-joyeria\/#primaryimage"},"image":{"@id":"https:\/\/positiveprints.com\/es\/producto\/mapa-estelar-joyeria\/#primaryimage"},"thumbnailUrl":"https:\/\/positiveprints.com\/wp-content\/uploads\/2025\/10\/main-and-packshot-all-custom-star-chart-jewelry.webp","datePublished":"2024-04-19T10:49:25+00:00","dateModified":"2026-04-18T03:26:08+00:00","description":"Nuestra joyer\u00eda Star Chart personalizada es la manera perfecta de capturar la belleza del cosmos y mantener sus momentos m\u00e1s preciados cerca del coraz\u00f3n.","breadcrumb":{"@id":"https:\/\/positiveprints.com\/es\/producto\/mapa-estelar-joyeria\/#breadcrumb"},"inLanguage":"es","potentialAction":[{"@type":"ReadAction","target":["https:\/\/positiveprints.com\/es\/producto\/mapa-estelar-joyeria\/"]}]},{"@type":"ImageObject","inLanguage":"es","@id":"https:\/\/positiveprints.com\/es\/producto\/mapa-estelar-joyeria\/#primaryimage","url":"https:\/\/positiveprints.com\/wp-content\/uploads\/2025\/10\/main-and-packshot-all-custom-star-chart-jewelry.webp","contentUrl":"https:\/\/positiveprints.com\/wp-content\/uploads\/2025\/10\/main-and-packshot-all-custom-star-chart-jewelry.webp","width":2500,"height":2500},{"@type":"BreadcrumbList","@id":"https:\/\/positiveprints.com\/es\/producto\/mapa-estelar-joyeria\/#breadcrumb","itemListElement":[{"@type":"ListItem","position":1,"name":"CASA","item":"https:\/\/positiveprints.com\/es\/"},{"@type":"ListItem","position":2,"name":"Productos","item":"https:\/\/positiveprints.com\/es\/shop\/"},{"@type":"ListItem","position":3,"name":"Joyer\u00eda con Mapa Estelar Personalizado"}]},{"@type":"WebSite","@id":"https:\/\/positiveprints.com\/es\/#website","url":"https:\/\/positiveprints.com\/es\/","name":"Positive Prints","description":"Custom Gifts for Special Occasions","publisher":{"@id":"https:\/\/positiveprints.com\/es\/#organization"},"potentialAction":[{"@type":"SearchAction","target":{"@type":"EntryPoint","urlTemplate":"https:\/\/positiveprints.com\/es\/?s={search_term_string}"},"query-input":{"@type":"PropertyValueSpecification","valueRequired":true,"valueName":"search_term_string"}}],"inLanguage":"es"},{"@type":"Organization","@id":"https:\/\/positiveprints.com\/es\/#organization","name":"Positive Prints","alternateName":"Positive Prints","url":"https:\/\/positiveprints.com\/es\/","logo":{"@type":"ImageObject","inLanguage":"es","@id":"https:\/\/positiveprints.com\/es\/#\/schema\/logo\/image\/","url":"https:\/\/positiveprints.com\/wp-content\/uploads\/2026\/03\/245815646_1337939713319158_5671353136411139666_n.png","contentUrl":"https:\/\/positiveprints.com\/wp-content\/uploads\/2026\/03\/245815646_1337939713319158_5671353136411139666_n.png","width":800,"height":800,"caption":"Positive Prints"},"image":{"@id":"https:\/\/positiveprints.com\/es\/#\/schema\/logo\/image\/"},"sameAs":["https:\/\/www.facebook.com\/positiveprintscom","https:\/\/www.instagram.com\/positiveprintscom\/","https:\/\/www.tiktok.com\/@positiveprintscom","https:\/\/www.pinterest.com\/positiveprintscom\/"]}]}},"jetpack_sharing_enabled":true,"_links":{"self":[{"href":"https:\/\/positiveprints.com\/es\/wp-json\/wp\/v2\/product\/1287131","targetHints":{"allow":["GET"]}}],"collection":[{"href":"https:\/\/positiveprints.com\/es\/wp-json\/wp\/v2\/product"}],"about":[{"href":"https:\/\/positiveprints.com\/es\/wp-json\/wp\/v2\/types\/product"}],"wp:featuredmedia":[{"embeddable":true,"href":"https:\/\/positiveprints.com\/es\/wp-json\/wp\/v2\/media\/1552136"}],"wp:attachment":[{"href":"https:\/\/positiveprints.com\/es\/wp-json\/wp\/v2\/media?parent=1287131"}],"wp:term":[{"taxonomy":"product_brand","embeddable":true,"href":"https:\/\/positiveprints.com\/es\/wp-json\/wp\/v2\/product_brand?post=1287131"},{"taxonomy":"product_cat","embeddable":true,"href":"https:\/\/positiveprints.com\/es\/wp-json\/wp\/v2\/product_cat?post=1287131"},{"taxonomy":"product_tag","embeddable":true,"href":"https:\/\/positiveprints.com\/es\/wp-json\/wp\/v2\/product_tag?post=1287131"}],"curies":[{"name":"wp","href":"https:\/\/api.w.org\/{rel}","templated":true}]}}