{"id":1281057,"date":"2024-11-22T12:40:56","date_gmt":"2024-11-22T11:41:05","guid":{"rendered":"https:\/\/positiveprints.com\/?post_type=product&#038;p=1281057"},"modified":"2026-04-03T02:36:38","modified_gmt":"2026-04-03T01:36:38","slug":"mestalla-stadium-map","status":"publish","type":"product","link":"https:\/\/positiveprints.com\/es\/producto\/mestalla-stadium-map\/","title":{"rendered":"Mapa del Estadio Mestalla de Valencia CF"},"content":{"rendered":"<h2>Mapa del Estadio Mestalla de Valencia CF<\/h2>\r\n          \r\n\r\n          \r\n\r\n          <p>Muestra tu pasi\u00f3n por el Valencia CF con este exquisito mapa del Estadio Mestalla. Perfecto para cualquier aficionado de Los Che, este mapa captura maravillosamente el hist\u00f3rico hogar del Valencia con todo detalle. Ya sea que hayas animado desde las gradas o apoyado desde casa, esta pieza es esencial para tu colecci\u00f3n.  <\/p>\r\n          \r\n\r\n          \r\n\r\n          <p>Nuestro mapa del Estadio Mestalla est\u00e1 impreso en papel de alta calidad, asegurando colores vibrantes y detalles n\u00edtidos. El mapa incluye coordenadas precisas y un dise\u00f1o moderno y elegante que destaca la ubicaci\u00f3n del estadio en Valencia. Disponible en varios tama\u00f1os, es ideal para cualquier espacio, desde tu sala de estar hasta tu oficina.  <\/p>\r\n          \r\n\r\n          \r\n\r\n          <h2>El Regalo Perfecto para los Aficionados del Valencia<\/h2>\r\n          \r\n\r\n          \r\n\r\n          <p>\u00bfBuscas el regalo perfecto para un seguidor del Valencia? Este mapa del Estadio Mestalla es un presente \u00fanico y considerado para cumplea\u00f1os, aniversarios o cualquier ocasi\u00f3n especial. Es una excelente manera de conmemorar un partido memorable o simplemente mostrar tu apoyo incondicional al equipo.  <\/p>\r\n          \r\n\r\n          \r\n\r\n          <p>Dise\u00f1ado para adaptarse a tama\u00f1os de marcos est\u00e1ndar, este mapa es f\u00e1cil de exhibir. Ya sea que elijas un marco negro cl\u00e1sico o algo m\u00e1s decorativo, lucir\u00e1 espectacular en tu pared. Es una adici\u00f3n elegante a cualquier colecci\u00f3n de recuerdos del Valencia.  <\/p>\r\n          \r\n\r\n          \r\n\r\n          <h2>P\u00eddelo Hoy Mismo<\/h2>\r\n          \r\n\r\n          \r\n\r\n          <p>No pierdas la oportunidad de poseer un pedazo de la historia del Valencia CF. Pide tu mapa del Estadio Mestalla hoy y celebra el legado de uno de los clubes m\u00e1s hist\u00f3ricos de La Liga. Perfecto para ti o como regalo, este mapa es un hermoso tributo al Valencia CF y su legendario estadio.  <\/p>","protected":false},"excerpt":{"rendered":"\n<ul class=\"check-list\">\n<li>Celebre su devoci\u00f3n por el Valencia CF y muestre su orgullo por el equipo con estilo<\/li>\n<li>Elija una plantilla o sea creativo<\/li>\n<li>Personalizar en 3 sencillos pasos<\/li>\n<li>Incluye un texto personalizado significativo<\/li>\n<li>Ve el resultado de inmediato: la vista previa interactiva te permite perfeccionar cada detalle<\/li>\n<\/ul>\n","protected":false},"featured_media":1281175,"template":"","meta":[],"product_brand":[],"product_cat":[12242,7195,7885],"product_tag":[12244,12243,15268,8574,12290],"class_list":{"0":"post-1281057","1":"product","2":"type-product","3":"status-publish","4":"has-post-thumbnail","6":"product_cat-stadium-map-es","7":"product_cat-map-es","8":"product_cat-regalos-para-fanaticos-de-los-deportes","9":"product_tag-football-es","10":"product_tag-soccer-es","11":"product_tag-sport-de-es","12":"product_tag-sport-es","13":"product_tag-valencia-cf-es","15":"first","16":"instock","17":"sale","18":"taxable","19":"shipping-taxable","20":"purchasable","21":"product-type-variable"},"yoast_head":"<!-- This site is optimized with the Yoast SEO Premium plugin v27.2 (Yoast SEO v27.2) - https:\/\/yoast.com\/product\/yoast-seo-premium-wordpress\/ -->\n<title>Mapa del Estadio Mestalla de Valencia CF - Positive Prints<\/title>\n<meta name=\"description\" content=\"Si est\u00e1s buscando un regalo \u00fanico para un aficionado del Valencia CF, sorprende a tu ser querido con un mapa hecho especialmente para \u00e9l.\" \/>\n<meta name=\"robots\" content=\"index, follow, max-snippet:-1, max-image-preview:large, max-video-preview:-1\" \/>\n<link rel=\"canonical\" href=\"https:\/\/positiveprints.com\/es\/producto\/mestalla-stadium-map\/\" \/>\n<meta property=\"og:locale\" content=\"es_ES\" \/>\n<meta property=\"og:type\" content=\"article\" \/>\n<meta property=\"og:title\" content=\"Mapa del Estadio Mestalla de Valencia CF\" \/>\n<meta property=\"og:description\" content=\"Celebre su devoci\u00f3n por el Valencia CF y muestre su orgullo por el equipo con estilo               Elija una plantilla o sea creativo               Personalizar en 3 sencillos pasos               Incluye un texto personalizado significativo               Ve el resultado de inmediato: la vista previa interactiva te permite perfeccionar cada detalle\" \/>\n<meta property=\"og:url\" content=\"https:\/\/positiveprints.com\/es\/producto\/mestalla-stadium-map\/\" \/>\n<meta property=\"og:site_name\" content=\"Positive Prints\" \/>\n<meta property=\"article:publisher\" content=\"https:\/\/www.facebook.com\/positiveprintscom\" \/>\n<meta property=\"article:modified_time\" content=\"2026-04-03T01:36:38+00:00\" \/>\n<meta property=\"og:image\" content=\"https:\/\/positiveprints.com\/wp-content\/uploads\/2024\/11\/Mapa-del-Estadio-Mestalla-de-Valencia-CF.webp\" \/>\n\t<meta property=\"og:image:width\" content=\"1450\" \/>\n\t<meta property=\"og:image:height\" content=\"1450\" \/>\n\t<meta property=\"og:image:type\" content=\"image\/webp\" \/>\n<meta name=\"twitter:card\" content=\"summary_large_image\" \/>\n<meta name=\"twitter:label1\" content=\"Tiempo de lectura\" \/>\n\t<meta name=\"twitter:data1\" content=\"2 minutos\" \/>\n<!-- \/ Yoast SEO Premium plugin. -->","yoast_head_json":{"title":"Mapa del Estadio Mestalla de Valencia CF - Positive Prints","description":"Si est\u00e1s buscando un regalo \u00fanico para un aficionado del Valencia CF, sorprende a tu ser querido con un mapa hecho especialmente para \u00e9l.","robots":{"index":"index","follow":"follow","max-snippet":"max-snippet:-1","max-image-preview":"max-image-preview:large","max-video-preview":"max-video-preview:-1"},"canonical":"https:\/\/positiveprints.com\/es\/producto\/mestalla-stadium-map\/","og_locale":"es_ES","og_type":"article","og_title":"Mapa del Estadio Mestalla de Valencia CF","og_description":"Celebre su devoci\u00f3n por el Valencia CF y muestre su orgullo por el equipo con estilo               Elija una plantilla o sea creativo               Personalizar en 3 sencillos pasos               Incluye un texto personalizado significativo               Ve el resultado de inmediato: la vista previa interactiva te permite perfeccionar cada detalle","og_url":"https:\/\/positiveprints.com\/es\/producto\/mestalla-stadium-map\/","og_site_name":"Positive Prints","article_publisher":"https:\/\/www.facebook.com\/positiveprintscom","article_modified_time":"2026-04-03T01:36:38+00:00","og_image":[{"width":1450,"height":1450,"url":"https:\/\/positiveprints.com\/wp-content\/uploads\/2024\/11\/Mapa-del-Estadio-Mestalla-de-Valencia-CF.webp","type":"image\/webp"}],"twitter_card":"summary_large_image","twitter_misc":{"Tiempo de lectura":"2 minutos"},"schema":{"@context":"https:\/\/schema.org","@graph":[{"@type":["WebPage","ItemPage"],"@id":"https:\/\/positiveprints.com\/es\/producto\/mestalla-stadium-map\/","url":"https:\/\/positiveprints.com\/es\/producto\/mestalla-stadium-map\/","name":"Mapa del Estadio Mestalla de Valencia CF - Positive Prints","isPartOf":{"@id":"https:\/\/positiveprints.com\/es\/#website"},"primaryImageOfPage":{"@id":"https:\/\/positiveprints.com\/es\/producto\/mestalla-stadium-map\/#primaryimage"},"image":{"@id":"https:\/\/positiveprints.com\/es\/producto\/mestalla-stadium-map\/#primaryimage"},"thumbnailUrl":"https:\/\/positiveprints.com\/wp-content\/uploads\/2024\/11\/Mapa-del-Estadio-Mestalla-de-Valencia-CF.webp","datePublished":"2024-11-22T11:41:05+00:00","dateModified":"2026-04-03T01:36:38+00:00","description":"Si est\u00e1s buscando un regalo \u00fanico para un aficionado del Valencia CF, sorprende a tu ser querido con un mapa hecho especialmente para \u00e9l.","breadcrumb":{"@id":"https:\/\/positiveprints.com\/es\/producto\/mestalla-stadium-map\/#breadcrumb"},"inLanguage":"es","potentialAction":[{"@type":"ReadAction","target":["https:\/\/positiveprints.com\/es\/producto\/mestalla-stadium-map\/"]}]},{"@type":"ImageObject","inLanguage":"es","@id":"https:\/\/positiveprints.com\/es\/producto\/mestalla-stadium-map\/#primaryimage","url":"https:\/\/positiveprints.com\/wp-content\/uploads\/2024\/11\/Mapa-del-Estadio-Mestalla-de-Valencia-CF.webp","contentUrl":"https:\/\/positiveprints.com\/wp-content\/uploads\/2024\/11\/Mapa-del-Estadio-Mestalla-de-Valencia-CF.webp","width":1450,"height":1450,"caption":"Mapa del Estadio Mestalla de Valencia CF"},{"@type":"BreadcrumbList","@id":"https:\/\/positiveprints.com\/es\/producto\/mestalla-stadium-map\/#breadcrumb","itemListElement":[{"@type":"ListItem","position":1,"name":"CASA","item":"https:\/\/positiveprints.com\/es\/"},{"@type":"ListItem","position":2,"name":"Productos","item":"https:\/\/positiveprints.com\/es\/shop\/"},{"@type":"ListItem","position":3,"name":"Mapa del Estadio Mestalla de Valencia CF"}]},{"@type":"WebSite","@id":"https:\/\/positiveprints.com\/es\/#website","url":"https:\/\/positiveprints.com\/es\/","name":"Positive Prints","description":"Custom Gifts for Special Occasions","publisher":{"@id":"https:\/\/positiveprints.com\/es\/#organization"},"potentialAction":[{"@type":"SearchAction","target":{"@type":"EntryPoint","urlTemplate":"https:\/\/positiveprints.com\/es\/?s={search_term_string}"},"query-input":{"@type":"PropertyValueSpecification","valueRequired":true,"valueName":"search_term_string"}}],"inLanguage":"es"},{"@type":"Organization","@id":"https:\/\/positiveprints.com\/es\/#organization","name":"Positive Prints","alternateName":"Positive Prints","url":"https:\/\/positiveprints.com\/es\/","logo":{"@type":"ImageObject","inLanguage":"es","@id":"https:\/\/positiveprints.com\/es\/#\/schema\/logo\/image\/","url":"https:\/\/positiveprints.com\/wp-content\/uploads\/2026\/03\/245815646_1337939713319158_5671353136411139666_n.png","contentUrl":"https:\/\/positiveprints.com\/wp-content\/uploads\/2026\/03\/245815646_1337939713319158_5671353136411139666_n.png","width":800,"height":800,"caption":"Positive Prints"},"image":{"@id":"https:\/\/positiveprints.com\/es\/#\/schema\/logo\/image\/"},"sameAs":["https:\/\/www.facebook.com\/positiveprintscom","https:\/\/www.instagram.com\/positiveprintscom\/","https:\/\/www.tiktok.com\/@positiveprintscom","https:\/\/www.pinterest.com\/positiveprintscom\/"]}]}},"jetpack_sharing_enabled":true,"_links":{"self":[{"href":"https:\/\/positiveprints.com\/es\/wp-json\/wp\/v2\/product\/1281057","targetHints":{"allow":["GET"]}}],"collection":[{"href":"https:\/\/positiveprints.com\/es\/wp-json\/wp\/v2\/product"}],"about":[{"href":"https:\/\/positiveprints.com\/es\/wp-json\/wp\/v2\/types\/product"}],"wp:featuredmedia":[{"embeddable":true,"href":"https:\/\/positiveprints.com\/es\/wp-json\/wp\/v2\/media\/1281175"}],"wp:attachment":[{"href":"https:\/\/positiveprints.com\/es\/wp-json\/wp\/v2\/media?parent=1281057"}],"wp:term":[{"taxonomy":"product_brand","embeddable":true,"href":"https:\/\/positiveprints.com\/es\/wp-json\/wp\/v2\/product_brand?post=1281057"},{"taxonomy":"product_cat","embeddable":true,"href":"https:\/\/positiveprints.com\/es\/wp-json\/wp\/v2\/product_cat?post=1281057"},{"taxonomy":"product_tag","embeddable":true,"href":"https:\/\/positiveprints.com\/es\/wp-json\/wp\/v2\/product_tag?post=1281057"}],"curies":[{"name":"wp","href":"https:\/\/api.w.org\/{rel}","templated":true}]}}