{"id":1264882,"date":"2024-11-06T17:30:12","date_gmt":"2024-11-06T16:30:12","guid":{"rendered":"https:\/\/positiveprints.com\/?post_type=product&#038;p=1264882"},"modified":"2026-04-23T10:46:11","modified_gmt":"2026-04-23T09:46:11","slug":"letras-de-canciones-personalizadas","status":"publish","type":"product","link":"https:\/\/positiveprints.com\/es\/producto\/letras-de-canciones-personalizadas\/","title":{"rendered":"Letras de Canciones Personalizadas"},"content":{"rendered":"<p>\u00bfBuscas un regalo \u00fanico y especial? Letras de Canciones Personalizadas es una impresi\u00f3n personalizada o un lienzo que muestra maravillosamente la letra de una canci\u00f3n que t\u00fa elijas. Es la forma perfecta de celebrar cualquier ocasi\u00f3n y crear recuerdos duraderos.  <\/p>\r\n\r\n<h2>Crea tus propias Letras de Canciones Personalizadas<\/h2>\r\n\r\n<p>Visita nuestro editor en l\u00ednea y empieza por elegir un fondo. Puedes elegir entre nuestras opciones predefinidas o crear el tuyo propio. A continuaci\u00f3n, selecciona la letra de la canci\u00f3n que quieres mostrar. Tambi\u00e9n puedes a\u00f1adir un mensaje personalizado debajo de la letra para hacerlo m\u00e1s especial.   <\/p>\r\n\r\n<p>Selecciona el formato de tu obra de arte entre varias opciones, como p\u00f3sters impresos o enmarcados, lienzos y descargas digitales instant\u00e1neas. Cada obra se hace s\u00f3lo para ti, para que sea un regalo \u00fanico y preciado.   <\/p>\r\n\r\n<h2>Regalo perfecto para cualquier ocasi\u00f3n<\/h2>\r\n\r\n<p>Letras de Canciones Personalizadas es un regalo estupendo para cualquier ocasi\u00f3n. Ya sea un cumplea\u00f1os, un aniversario, una boda o simplemente para demostrar que te importa, esta obra de arte es una forma significativa de celebrar momentos especiales. Tambi\u00e9n es un regalo rom\u00e1ntico, perfecto para exponer la canci\u00f3n de vuestro primer baile o de vuestro primer encuentro.  <\/p>\r\n\r\n<p>Este regalo es ideal para amigos, familiares o compa\u00f1eros de trabajo que tengan una canci\u00f3n favorita que signifique algo especial para ellos.<\/p>\r\n\r\n<h2>Empieza a personalizar tu regalo hoy<\/h2>\r\n\r\n<p>\u00bfListo para crear un regalo sincero? Empieza hoy mismo a personalizar tu Letras de Canciones Personalizadas. Visita nuestro editor en l\u00ednea para elegir un fondo, introducir la letra de la canci\u00f3n y a\u00f1adir un mensaje personalizado. Selecciona el formato que mejor se adapte a tu estilo y \u00a1listo!   <\/p>\r\n\r\n<p>Encarga ahora tu Letras de Canciones Personalizadas y haz un regalo que atesorar\u00e1s para siempre.<\/p>","protected":false},"excerpt":{"rendered":"<ul class=\"check-list\">\n<li>Personaliza con letras de canciones o el texto que prefieras<\/li>\n<li>Sube tu propia foto (opcional) y crea un dise\u00f1o \u00fanico<\/li>\n<li>A\u00f1ade nombres, fechas o un mensaje emotivo<\/li>\n<li>Personal\u00edzalo todo en solo 2 minutos<\/li>\n<li>La vista previa interactiva en tiempo real te permite ajustar cada detalle<\/li>\n<\/ul>\n","protected":false},"featured_media":1271403,"template":"","meta":[],"product_brand":[],"product_cat":[8215,12104,9766,106,8997,3128,11595,11596,11597,11598,11640,11641,11642,11643,11219,11220,5293,5270,11453,11454,11450,11458,7949,7678,7646,7661,7773,7789,7757,7853,7837],"product_tag":[16275,15095,12097,12070,12071,9421,15953,13351,13242,13350],"class_list":{"0":"post-1264882","1":"product","2":"type-product","3":"status-publish","4":"has-post-thumbnail","6":"product_cat-para-el","7":"product_cat-letras","8":"product_cat-trending-label-es","9":"product_cat-todos-los-productos","10":"product_cat-dia-de-los-abuelos","11":"product_cat-regalos-de-cumpleanos","12":"product_cat-18-cumpleanos","13":"product_cat-21-cumpleanos","14":"product_cat-30-cumpleanos","15":"product_cat-40-cumpleanos","16":"product_cat-50-cumpleanos","17":"product_cat-60-cumpleanos","18":"product_cat-70-cumpleanos","19":"product_cat-80-cumpleanos","20":"product_cat-regalos-de-cumpleanos-para-mujeres","21":"product_cat-regalos-de-cumpleanos-para-hombres","22":"product_cat-regalos-para-mudanzas","23":"product_cat-regalos-de-navidad","24":"product_cat-regalos-de-navidad-para-abuela","25":"product_cat-regalos-de-navidad-para-abuelo","26":"product_cat-regalos-de-navidad-para-los-companeros-de-trabajo","27":"product_cat-regalos-de-navidad-para-los-ninos","28":"product_cat-regalos-por-jubilacion","29":"product_cat-regalos-para-mi-novio","30":"product_cat-regalos-para-mi-esposo","31":"product_cat-regalos-para-mi-hijo","32":"product_cat-regalos-para-mi-hija","33":"product_cat-regalos-para-mi-novia","34":"product_cat-regalos-para-mi-esposa","35":"product_cat-regalos-para-la-familia","36":"product_cat-regalos-para-amigos","37":"product_tag-album-de-vinilo","38":"product_tag-birthday-pl-es","39":"product_tag-cancion","40":"product_tag-letra-de-cancion","41":"product_tag-letras","42":"product_tag-musica-es","43":"product_tag-regalo-de-navidad-para-ninos","44":"product_tag-regalo-de-navidad-para-un-abuelo","45":"product_tag-regalo-de-navidad-para-un-companero","46":"product_tag-regalo-de-navidad-para-una-abuela","48":"first","49":"instock","50":"sale","51":"taxable","52":"shipping-taxable","53":"purchasable","54":"product-type-variable"},"yoast_head":"<!-- This site is optimized with the Yoast SEO Premium plugin v27.2 (Yoast SEO v27.2) - https:\/\/yoast.com\/product\/yoast-seo-premium-wordpress\/ -->\n<title>Letras de canciones personalizadas - Positive Prints<\/title>\n<meta name=\"description\" content=\"\u00bfBuscas un regalo \u00fanico y especial? Letras de Canciones Personalizadas es una impresi\u00f3n personalizada o un lienzo que muestra maravillosamente la letra de una canci\u00f3n que t\u00fa elijas.\" \/>\n<meta name=\"robots\" content=\"index, follow, max-snippet:-1, max-image-preview:large, max-video-preview:-1\" \/>\n<link rel=\"canonical\" href=\"https:\/\/positiveprints.com\/es\/producto\/letras-de-canciones-personalizadas\/\" \/>\n<meta property=\"og:locale\" content=\"es_ES\" \/>\n<meta property=\"og:type\" content=\"article\" \/>\n<meta property=\"og:title\" content=\"Letras de Canciones Personalizadas\" \/>\n<meta property=\"og:description\" content=\"Personaliza con letras de canciones o el texto que prefieras Sube tu propia foto (opcional) y crea un dise\u00f1o \u00fanico A\u00f1ade nombres, fechas o un mensaje emotivo Personal\u00edzalo todo en solo 2 minutos La vista previa interactiva en tiempo real te permite ajustar cada detalle\" \/>\n<meta property=\"og:url\" content=\"https:\/\/positiveprints.com\/es\/producto\/letras-de-canciones-personalizadas\/\" \/>\n<meta property=\"og:site_name\" content=\"Positive Prints\" \/>\n<meta property=\"article:publisher\" content=\"https:\/\/www.facebook.com\/positiveprintscom\" \/>\n<meta property=\"article:modified_time\" content=\"2026-04-23T09:46:11+00:00\" \/>\n<meta property=\"og:image\" content=\"https:\/\/positiveprints.com\/wp-content\/uploads\/2024\/11\/Packshot_ES_Custom-Song-Lyrics-Art-product-image-.webp\" \/>\n\t<meta property=\"og:image:width\" content=\"1450\" \/>\n\t<meta property=\"og:image:height\" content=\"1450\" \/>\n\t<meta property=\"og:image:type\" content=\"image\/webp\" \/>\n<meta name=\"twitter:card\" content=\"summary_large_image\" \/>\n<meta name=\"twitter:label1\" content=\"Tiempo de lectura\" \/>\n\t<meta name=\"twitter:data1\" content=\"2 minutos\" \/>\n<!-- \/ Yoast SEO Premium plugin. -->","yoast_head_json":{"title":"Letras de canciones personalizadas - Positive Prints","description":"\u00bfBuscas un regalo \u00fanico y especial? Letras de Canciones Personalizadas es una impresi\u00f3n personalizada o un lienzo que muestra maravillosamente la letra de una canci\u00f3n que t\u00fa elijas.","robots":{"index":"index","follow":"follow","max-snippet":"max-snippet:-1","max-image-preview":"max-image-preview:large","max-video-preview":"max-video-preview:-1"},"canonical":"https:\/\/positiveprints.com\/es\/producto\/letras-de-canciones-personalizadas\/","og_locale":"es_ES","og_type":"article","og_title":"Letras de Canciones Personalizadas","og_description":"Personaliza con letras de canciones o el texto que prefieras Sube tu propia foto (opcional) y crea un dise\u00f1o \u00fanico A\u00f1ade nombres, fechas o un mensaje emotivo Personal\u00edzalo todo en solo 2 minutos La vista previa interactiva en tiempo real te permite ajustar cada detalle","og_url":"https:\/\/positiveprints.com\/es\/producto\/letras-de-canciones-personalizadas\/","og_site_name":"Positive Prints","article_publisher":"https:\/\/www.facebook.com\/positiveprintscom","article_modified_time":"2026-04-23T09:46:11+00:00","og_image":[{"width":1450,"height":1450,"url":"https:\/\/positiveprints.com\/wp-content\/uploads\/2024\/11\/Packshot_ES_Custom-Song-Lyrics-Art-product-image-.webp","type":"image\/webp"}],"twitter_card":"summary_large_image","twitter_misc":{"Tiempo de lectura":"2 minutos"},"schema":{"@context":"https:\/\/schema.org","@graph":[{"@type":["WebPage","ItemPage"],"@id":"https:\/\/positiveprints.com\/es\/producto\/letras-de-canciones-personalizadas\/","url":"https:\/\/positiveprints.com\/es\/producto\/letras-de-canciones-personalizadas\/","name":"Letras de canciones personalizadas - Positive Prints","isPartOf":{"@id":"https:\/\/positiveprints.com\/es\/#website"},"primaryImageOfPage":{"@id":"https:\/\/positiveprints.com\/es\/producto\/letras-de-canciones-personalizadas\/#primaryimage"},"image":{"@id":"https:\/\/positiveprints.com\/es\/producto\/letras-de-canciones-personalizadas\/#primaryimage"},"thumbnailUrl":"https:\/\/positiveprints.com\/wp-content\/uploads\/2024\/11\/Packshot_ES_Custom-Song-Lyrics-Art-product-image-.webp","datePublished":"2024-11-06T16:30:12+00:00","dateModified":"2026-04-23T09:46:11+00:00","description":"\u00bfBuscas un regalo \u00fanico y especial? Letras de Canciones Personalizadas es una impresi\u00f3n personalizada o un lienzo que muestra maravillosamente la letra de una canci\u00f3n que t\u00fa elijas.","breadcrumb":{"@id":"https:\/\/positiveprints.com\/es\/producto\/letras-de-canciones-personalizadas\/#breadcrumb"},"inLanguage":"es","potentialAction":[{"@type":"ReadAction","target":["https:\/\/positiveprints.com\/es\/producto\/letras-de-canciones-personalizadas\/"]}]},{"@type":"ImageObject","inLanguage":"es","@id":"https:\/\/positiveprints.com\/es\/producto\/letras-de-canciones-personalizadas\/#primaryimage","url":"https:\/\/positiveprints.com\/wp-content\/uploads\/2024\/11\/Packshot_ES_Custom-Song-Lyrics-Art-product-image-.webp","contentUrl":"https:\/\/positiveprints.com\/wp-content\/uploads\/2024\/11\/Packshot_ES_Custom-Song-Lyrics-Art-product-image-.webp","width":1450,"height":1450},{"@type":"BreadcrumbList","@id":"https:\/\/positiveprints.com\/es\/producto\/letras-de-canciones-personalizadas\/#breadcrumb","itemListElement":[{"@type":"ListItem","position":1,"name":"CASA","item":"https:\/\/positiveprints.com\/es\/"},{"@type":"ListItem","position":2,"name":"Productos","item":"https:\/\/positiveprints.com\/es\/shop\/"},{"@type":"ListItem","position":3,"name":"Letras de Canciones Personalizadas"}]},{"@type":"WebSite","@id":"https:\/\/positiveprints.com\/es\/#website","url":"https:\/\/positiveprints.com\/es\/","name":"Positive Prints","description":"Custom Gifts for Special Occasions","publisher":{"@id":"https:\/\/positiveprints.com\/es\/#organization"},"potentialAction":[{"@type":"SearchAction","target":{"@type":"EntryPoint","urlTemplate":"https:\/\/positiveprints.com\/es\/?s={search_term_string}"},"query-input":{"@type":"PropertyValueSpecification","valueRequired":true,"valueName":"search_term_string"}}],"inLanguage":"es"},{"@type":"Organization","@id":"https:\/\/positiveprints.com\/es\/#organization","name":"Positive Prints","alternateName":"Positive Prints ","url":"https:\/\/positiveprints.com\/es\/","logo":{"@type":"ImageObject","inLanguage":"es","@id":"https:\/\/positiveprints.com\/es\/#\/schema\/logo\/image\/","url":"https:\/\/positiveprints.com\/wp-content\/uploads\/2026\/03\/245815646_1337939713319158_5671353136411139666_n.png","contentUrl":"https:\/\/positiveprints.com\/wp-content\/uploads\/2026\/03\/245815646_1337939713319158_5671353136411139666_n.png","width":800,"height":800,"caption":"Positive Prints"},"image":{"@id":"https:\/\/positiveprints.com\/es\/#\/schema\/logo\/image\/"},"sameAs":["https:\/\/www.facebook.com\/positiveprintscom","https:\/\/www.instagram.com\/positiveprintscom\/","https:\/\/www.tiktok.com\/@positiveprintscom","https:\/\/www.pinterest.com\/positiveprintscom\/"]}]}},"jetpack_sharing_enabled":true,"_links":{"self":[{"href":"https:\/\/positiveprints.com\/es\/wp-json\/wp\/v2\/product\/1264882","targetHints":{"allow":["GET"]}}],"collection":[{"href":"https:\/\/positiveprints.com\/es\/wp-json\/wp\/v2\/product"}],"about":[{"href":"https:\/\/positiveprints.com\/es\/wp-json\/wp\/v2\/types\/product"}],"wp:featuredmedia":[{"embeddable":true,"href":"https:\/\/positiveprints.com\/es\/wp-json\/wp\/v2\/media\/1271403"}],"wp:attachment":[{"href":"https:\/\/positiveprints.com\/es\/wp-json\/wp\/v2\/media?parent=1264882"}],"wp:term":[{"taxonomy":"product_brand","embeddable":true,"href":"https:\/\/positiveprints.com\/es\/wp-json\/wp\/v2\/product_brand?post=1264882"},{"taxonomy":"product_cat","embeddable":true,"href":"https:\/\/positiveprints.com\/es\/wp-json\/wp\/v2\/product_cat?post=1264882"},{"taxonomy":"product_tag","embeddable":true,"href":"https:\/\/positiveprints.com\/es\/wp-json\/wp\/v2\/product_tag?post=1264882"}],"curies":[{"name":"wp","href":"https:\/\/api.w.org\/{rel}","templated":true}]}}