{"id":1259498,"date":"2024-11-06T19:57:23","date_gmt":"2024-11-06T18:57:23","guid":{"rendered":"https:\/\/positiveprints.com\/?post_type=product&#038;p=1259498"},"modified":"2026-04-28T13:33:56","modified_gmt":"2026-04-28T12:33:56","slug":"nuestra-cancion","status":"publish","type":"product","link":"https:\/\/positiveprints.com\/es\/producto\/nuestra-cancion\/","title":{"rendered":"Nuestra Canci\u00f3n"},"content":{"rendered":"<p>\u00bfBuscas un regalo rom\u00e1ntico para tu pareja? Nuestra obra de arte Nuestra Canci\u00f3nes una forma \u00fanica y sincera de celebrar vuestro amor.  Esta hermosa pieza contiene la letra de una canci\u00f3n que significa algo especial para los dos, elegantemente expuesta para crear un recuerdo memorable de vuestra relaci\u00f3n.<\/p>\r\n\r\n<h2>Crea tu propia obra de arte Nuestra Canci\u00f3n<\/h2>\r\n\r\n<p>Empieza por visitar nuestro editor en l\u00ednea, donde puedes elegir un fondo de nuestra selecci\u00f3n o crear el tuyo propio para que combine perfectamente con la letra. A continuaci\u00f3n, introduce la letra de tu canci\u00f3n especial y a\u00f1ade un mensaje personal para darle a\u00fan m\u00e1s significado. <\/p>\r\n\r\n<p>Elige el formato que mejor se adapte a tu estilo. Ofrecemos varias opciones, como p\u00f3sters impresos o enmarcados, lienzos y descargas digitales instant\u00e1neas. Cada pieza se hace s\u00f3lo para ti, garantizando que tu obra de arte sea un regalo \u00fanico y preciado.  <\/p>\r\n\r\n<h2>El regalo rom\u00e1ntico perfecto<\/h2>\r\n\r\n<p>Nuestra obra de arte Nuestra Canci\u00f3n es el regalo rom\u00e1ntico perfecto para ella o para \u00e9l. Ya sea para un aniversario, un cumplea\u00f1os, el D\u00eda de San Valent\u00edn o simplemente para demostrar que te importa, esta obra de arte es una bonita forma de celebrar vuestro amor y los momentos que compart\u00eds. Es perfecta para parejas que quieren recordar una canci\u00f3n especial que representa su relaci\u00f3n.  <\/p>\r\n\r\n<h2>Empieza a personalizar tu regalo hoy<\/h2>\r\n\r\n<p>\u00bfListo para crear un regalo \u00fanico y rom\u00e1ntico? Empieza a personalizar hoy mismo tu obra de arte Nuestra Canci\u00f3n. Visita nuestro editor en l\u00ednea para elegir un fondo, introducir la letra de la canci\u00f3n y a\u00f1adir un mensaje personal. Elige el formato que mejor se adapte a tu estilo y \u00a1listo!   <\/p>\r\n\r\n<p>Encarga ahora tus ilustraciones personalizadas Nuestra Canci\u00f3n y haz un regalo que apreciar\u00e1n para siempre.<\/p>","protected":false},"excerpt":{"rendered":"<ul class=\"check-list\">\n<li>Personaliza con letras de canciones, votos de boda o el texto que prefieras<\/li>\n<li>Sube tu propia foto (opcional) y crea un dise\u00f1o \u00fanico<\/li>\n<li>A\u00f1ade nombres, fechas o un mensaje emotivo<\/li>\n<li>Personal\u00edzalo todo en solo 2 minutos<\/li>\n<li>La vista previa interactiva en tiempo real te permite ajustar cada detalle<\/li>\n<\/ul>\n","protected":false},"featured_media":1267493,"template":"","meta":[],"product_brand":[],"product_cat":[8215,12104,9766,106,11592,11603,11593,11589,11594,11590,11591,11187,11189,11220,5270,11455,11456,11452,11448,11462,11457,8012,7693,3119,11249,11250],"product_tag":[16275,14923,14933,14945,14931,12097,14937,14939,12070,12071,14922,14929,9421,14940,14187,11826,11821,11757,11825,11820,11771,14947,14943,14925,14927,14944,14924],"class_list":{"0":"post-1259498","1":"product","2":"type-product","3":"status-publish","4":"has-post-thumbnail","6":"product_cat-para-el","7":"product_cat-letras","8":"product_cat-trending-label-es","9":"product_cat-todos-los-productos","10":"product_cat-10-aniversario","11":"product_cat-50-aniversario","12":"product_cat-15-aniversario","13":"product_cat-1-aniversario","14":"product_cat-20-aniversario","15":"product_cat-2-aniversario","16":"product_cat-5-aniversario","17":"product_cat-regalos-de-aniversario-para-pareja","18":"product_cat-regalos-de-aniversario-para-el","19":"product_cat-regalos-de-cumpleanos-para-hombres","20":"product_cat-regalos-de-navidad","21":"product_cat-regalos-de-navidad-para-mujer","22":"product_cat-regalos-de-navidad-para-hombre","23":"product_cat-regalos-de-navidad-para-la-novia","24":"product_cat-regalos-de-navidad-para-el-novio","25":"product_cat-regalos-de-navidad-para-la-esposa","26":"product_cat-regalos-de-navidad-para-el-marido","27":"product_cat-regalos-para-hombres","28":"product_cat-regalos-para-mujeres","29":"product_cat-regalos-de-san-valentin","30":"product_cat-regalos-de-san-valentin-mujeres","31":"product_cat-regalos-de-san-valentin-hombres","32":"product_tag-album-de-vinilo","33":"product_tag-anniversary-es","34":"product_tag-anniversary-gift-es","35":"product_tag-anniversary-gifts-es","36":"product_tag-anniversary-present-es","37":"product_tag-cancion","38":"product_tag-couple-gift-es-2","39":"product_tag-gift-for-couple-es","40":"product_tag-letra-de-cancion","41":"product_tag-letras","42":"product_tag-love-es","43":"product_tag-love-gift-es","44":"product_tag-musica-es","45":"product_tag-personalized-gift-es","46":"product_tag-regalo-romantico-es","47":"product_tag-regalos-de-navidad-para-el","48":"product_tag-regalos-de-navidad-para-el-marido","49":"product_tag-regalos-de-navidad-para-el-novio","50":"product_tag-regalos-de-navidad-para-ella","51":"product_tag-regalos-de-navidad-para-la-esposa","52":"product_tag-regalos-de-navidad-para-la-novia","53":"product_tag-romantic-gifts-es","54":"product_tag-sentimental-gift-es","55":"product_tag-special-occasion-es-2","56":"product_tag-thoughtful-gift-es","57":"product_tag-unique-gift-es","58":"product_tag-wedding-anniversary-es","60":"first","61":"instock","62":"sale","63":"taxable","64":"shipping-taxable","65":"purchasable","66":"product-type-variable"},"yoast_head":"<!-- This site is optimized with the Yoast SEO Premium plugin v27.2 (Yoast SEO v27.2) - https:\/\/yoast.com\/product\/yoast-seo-premium-wordpress\/ -->\n<title>Nuestra canci\u00f3n especial - Impresiones positivas<\/title>\n<meta name=\"description\" content=\"\u00bfBuscas un regalo rom\u00e1ntico para tu pareja? Nuestra obra de arte Nuestra Canci\u00f3n especial es una forma \u00fanica y sincera de celebrar vuestro amor.\" \/>\n<meta name=\"robots\" content=\"index, follow, max-snippet:-1, max-image-preview:large, max-video-preview:-1\" \/>\n<link rel=\"canonical\" href=\"https:\/\/positiveprints.com\/es\/producto\/nuestra-cancion\/\" \/>\n<meta property=\"og:locale\" content=\"es_ES\" \/>\n<meta property=\"og:type\" content=\"article\" \/>\n<meta property=\"og:title\" content=\"Nuestra Canci\u00f3n\" \/>\n<meta property=\"og:description\" content=\"Personaliza con letras de canciones, votos de boda o el texto que prefieras Sube tu propia foto (opcional) y crea un dise\u00f1o \u00fanico A\u00f1ade nombres, fechas o un mensaje emotivo Personal\u00edzalo todo en solo 2 minutos La vista previa interactiva en tiempo real te permite ajustar cada detalle\" \/>\n<meta property=\"og:url\" content=\"https:\/\/positiveprints.com\/es\/producto\/nuestra-cancion\/\" \/>\n<meta property=\"og:site_name\" content=\"Positive Prints\" \/>\n<meta property=\"article:publisher\" content=\"https:\/\/www.facebook.com\/positiveprintscom\" \/>\n<meta property=\"article:modified_time\" content=\"2026-04-28T12:33:56+00:00\" \/>\n<meta property=\"og:image\" content=\"https:\/\/positiveprints.com\/wp-content\/uploads\/2024\/11\/ES_PACKSHOT_Our-Special-Song-product-image-.webp\" \/>\n\t<meta property=\"og:image:width\" content=\"1450\" \/>\n\t<meta property=\"og:image:height\" content=\"1450\" \/>\n\t<meta property=\"og:image:type\" content=\"image\/webp\" \/>\n<meta name=\"twitter:card\" content=\"summary_large_image\" \/>\n<!-- \/ Yoast SEO Premium plugin. -->","yoast_head_json":{"title":"Nuestra canci\u00f3n especial - Impresiones positivas","description":"\u00bfBuscas un regalo rom\u00e1ntico para tu pareja? Nuestra obra de arte Nuestra Canci\u00f3n especial es una forma \u00fanica y sincera de celebrar vuestro amor.","robots":{"index":"index","follow":"follow","max-snippet":"max-snippet:-1","max-image-preview":"max-image-preview:large","max-video-preview":"max-video-preview:-1"},"canonical":"https:\/\/positiveprints.com\/es\/producto\/nuestra-cancion\/","og_locale":"es_ES","og_type":"article","og_title":"Nuestra Canci\u00f3n","og_description":"Personaliza con letras de canciones, votos de boda o el texto que prefieras Sube tu propia foto (opcional) y crea un dise\u00f1o \u00fanico A\u00f1ade nombres, fechas o un mensaje emotivo Personal\u00edzalo todo en solo 2 minutos La vista previa interactiva en tiempo real te permite ajustar cada detalle","og_url":"https:\/\/positiveprints.com\/es\/producto\/nuestra-cancion\/","og_site_name":"Positive Prints","article_publisher":"https:\/\/www.facebook.com\/positiveprintscom","article_modified_time":"2026-04-28T12:33:56+00:00","og_image":[{"width":1450,"height":1450,"url":"https:\/\/positiveprints.com\/wp-content\/uploads\/2024\/11\/ES_PACKSHOT_Our-Special-Song-product-image-.webp","type":"image\/webp"}],"twitter_card":"summary_large_image","schema":{"@context":"https:\/\/schema.org","@graph":[{"@type":["WebPage","ItemPage"],"@id":"https:\/\/positiveprints.com\/es\/producto\/nuestra-cancion\/","url":"https:\/\/positiveprints.com\/es\/producto\/nuestra-cancion\/","name":"Nuestra canci\u00f3n especial - Impresiones positivas","isPartOf":{"@id":"https:\/\/positiveprints.com\/es\/#website"},"primaryImageOfPage":{"@id":"https:\/\/positiveprints.com\/es\/producto\/nuestra-cancion\/#primaryimage"},"image":{"@id":"https:\/\/positiveprints.com\/es\/producto\/nuestra-cancion\/#primaryimage"},"thumbnailUrl":"https:\/\/positiveprints.com\/wp-content\/uploads\/2024\/11\/ES_PACKSHOT_Our-Special-Song-product-image-.webp","datePublished":"2024-11-06T18:57:23+00:00","dateModified":"2026-04-28T12:33:56+00:00","description":"\u00bfBuscas un regalo rom\u00e1ntico para tu pareja? Nuestra obra de arte Nuestra Canci\u00f3n especial es una forma \u00fanica y sincera de celebrar vuestro amor.","breadcrumb":{"@id":"https:\/\/positiveprints.com\/es\/producto\/nuestra-cancion\/#breadcrumb"},"inLanguage":"es","potentialAction":[{"@type":"ReadAction","target":["https:\/\/positiveprints.com\/es\/producto\/nuestra-cancion\/"]}]},{"@type":"ImageObject","inLanguage":"es","@id":"https:\/\/positiveprints.com\/es\/producto\/nuestra-cancion\/#primaryimage","url":"https:\/\/positiveprints.com\/wp-content\/uploads\/2024\/11\/ES_PACKSHOT_Our-Special-Song-product-image-.webp","contentUrl":"https:\/\/positiveprints.com\/wp-content\/uploads\/2024\/11\/ES_PACKSHOT_Our-Special-Song-product-image-.webp","width":1450,"height":1450},{"@type":"BreadcrumbList","@id":"https:\/\/positiveprints.com\/es\/producto\/nuestra-cancion\/#breadcrumb","itemListElement":[{"@type":"ListItem","position":1,"name":"CASA","item":"https:\/\/positiveprints.com\/es\/"},{"@type":"ListItem","position":2,"name":"Productos","item":"https:\/\/positiveprints.com\/es\/shop\/"},{"@type":"ListItem","position":3,"name":"Nuestra Canci\u00f3n"}]},{"@type":"WebSite","@id":"https:\/\/positiveprints.com\/es\/#website","url":"https:\/\/positiveprints.com\/es\/","name":"Positive Prints","description":"Custom Gifts for Special Occasions","publisher":{"@id":"https:\/\/positiveprints.com\/es\/#organization"},"potentialAction":[{"@type":"SearchAction","target":{"@type":"EntryPoint","urlTemplate":"https:\/\/positiveprints.com\/es\/?s={search_term_string}"},"query-input":{"@type":"PropertyValueSpecification","valueRequired":true,"valueName":"search_term_string"}}],"inLanguage":"es"},{"@type":"Organization","@id":"https:\/\/positiveprints.com\/es\/#organization","name":"Positive Prints","alternateName":"Positive Prints ","url":"https:\/\/positiveprints.com\/es\/","logo":{"@type":"ImageObject","inLanguage":"es","@id":"https:\/\/positiveprints.com\/es\/#\/schema\/logo\/image\/","url":"https:\/\/positiveprints.com\/wp-content\/uploads\/2026\/03\/245815646_1337939713319158_5671353136411139666_n.png","contentUrl":"https:\/\/positiveprints.com\/wp-content\/uploads\/2026\/03\/245815646_1337939713319158_5671353136411139666_n.png","width":800,"height":800,"caption":"Positive Prints"},"image":{"@id":"https:\/\/positiveprints.com\/es\/#\/schema\/logo\/image\/"},"sameAs":["https:\/\/www.facebook.com\/positiveprintscom","https:\/\/www.instagram.com\/positiveprintscom\/","https:\/\/www.tiktok.com\/@positiveprintscom","https:\/\/www.pinterest.com\/positiveprintscom\/"]}]}},"jetpack_sharing_enabled":true,"_links":{"self":[{"href":"https:\/\/positiveprints.com\/es\/wp-json\/wp\/v2\/product\/1259498","targetHints":{"allow":["GET"]}}],"collection":[{"href":"https:\/\/positiveprints.com\/es\/wp-json\/wp\/v2\/product"}],"about":[{"href":"https:\/\/positiveprints.com\/es\/wp-json\/wp\/v2\/types\/product"}],"wp:featuredmedia":[{"embeddable":true,"href":"https:\/\/positiveprints.com\/es\/wp-json\/wp\/v2\/media\/1267493"}],"wp:attachment":[{"href":"https:\/\/positiveprints.com\/es\/wp-json\/wp\/v2\/media?parent=1259498"}],"wp:term":[{"taxonomy":"product_brand","embeddable":true,"href":"https:\/\/positiveprints.com\/es\/wp-json\/wp\/v2\/product_brand?post=1259498"},{"taxonomy":"product_cat","embeddable":true,"href":"https:\/\/positiveprints.com\/es\/wp-json\/wp\/v2\/product_cat?post=1259498"},{"taxonomy":"product_tag","embeddable":true,"href":"https:\/\/positiveprints.com\/es\/wp-json\/wp\/v2\/product_tag?post=1259498"}],"curies":[{"name":"wp","href":"https:\/\/api.w.org\/{rel}","templated":true}]}}