{"id":1259476,"date":"2024-11-06T19:52:37","date_gmt":"2024-11-06T18:52:37","guid":{"rendered":"https:\/\/positiveprints.com\/?post_type=product&#038;p=1259476"},"modified":"2026-04-12T20:01:29","modified_gmt":"2026-04-12T19:01:29","slug":"tu-y-yo-letras-de-canciones-personalizadas","status":"publish","type":"product","link":"https:\/\/positiveprints.com\/es\/producto\/tu-y-yo-letras-de-canciones-personalizadas\/","title":{"rendered":"T\u00fa y Yo &#8211; Letras de Canciones Personalizadas"},"content":{"rendered":"<p>\u00bfBuscas un regalo rom\u00e1ntico para tu pareja? Nuestra obra de arte T\u00fa y Yo &#8211; Letras de Canciones Personalizadas es una forma \u00fanica y sincera de celebrar vuestro amor.  Esta hermosa pieza contiene la letra de una canci\u00f3n que significa algo especial para los dos, elegantemente expuesta alrededor de una preciada foto, creando un recuerdo memorable de vuestra relaci\u00f3n.<\/p>\r\n\r\n<h2>Crea tu propia T\u00fa y Yo &#8211; Letras de Canciones Personalizadas<\/h2>\r\n\r\n<p>Empieza por visitar nuestro editor en l\u00ednea, donde puedes subir f\u00e1cilmente una foto que tenga un significado especial. Elige un fondo de nuestra selecci\u00f3n o crea uno propio para realzar la foto y la letra. A continuaci\u00f3n, introduce la letra de tu canci\u00f3n especial y a\u00f1ade un mensaje personal para darle a\u00fan m\u00e1s significado.  <\/p>\r\n\r\n<p>Elige el formato que mejor se adapte a tu estilo. Ofrecemos varias opciones, como p\u00f3sters impresos o enmarcados, lienzos y descargas digitales instant\u00e1neas. Cada pieza se hace s\u00f3lo para ti, garantizando que tu obra de arte sea un regalo \u00fanico y preciado.  <\/p>\r\n\r\n<h2>El regalo rom\u00e1ntico perfecto<\/h2>\r\n\r\n<p>T\u00fa y Yo &#8211; Letras de Canciones Personalizadas es el regalo rom\u00e1ntico perfecto para ella o para \u00e9l. Ya sea para un aniversario, un cumplea\u00f1os, el D\u00eda de San Valent\u00edn o simplemente para demostrar que te importa, esta obra de arte es una bonita forma de celebrar vuestro amor y los momentos que compart\u00eds. Es perfecta para parejas que quieren recordar una canci\u00f3n especial y una foto entra\u00f1able que represente su relaci\u00f3n.  <\/p>\r\n\r\n<h2>Empieza a personalizar tu regalo hoy<\/h2>\r\n\r\n<p>\u00bfListo para crear un regalo \u00fanico y rom\u00e1ntico? Empieza hoy mismo a personalizar T\u00fa y Yo &#8211; Letras de Canciones Personalizadas. Visita nuestro editor en l\u00ednea para subir tu foto, elegir un fondo, introducir la letra de la canci\u00f3n y a\u00f1adir un mensaje personal. Elige el formato que se adapte a tu estilo, \u00a1y listo!   <\/p>\r\n\r\n<p>Encarga ahora tu personalizada T\u00fa y Yo &#8211; Letras de Canciones Personalizadas y haz un regalo que apreciar\u00e1n para siempre.<\/p>","protected":false},"excerpt":{"rendered":"<ul class=\"check-list\">\n<li>Personaliza con letras de canciones, votos de boda o el texto que prefieras<\/li>\n<li>Sube tu propia foto (opcional) y crea un dise\u00f1o \u00fanico<\/li>\n<li>A\u00f1ade nombres, fechas o un mensaje emotivo<\/li>\n<li>Personal\u00edzalo todo en solo 2 minutos<\/li>\n<li>La vista previa interactiva en tiempo real te permite ajustar cada detalle<\/li>\n<\/ul>\n","protected":false},"featured_media":1265345,"template":"","meta":[],"product_brand":[],"product_cat":[11592,11593,11589,11594,11590,11603,11591,5334,9280,3119,12104,5270,8986,8012,11452,7693,11189,11188,11187,11219,11250,11249,106],"product_tag":[14923,14933,14945,14931,12097,14937,14183,14939,12070,12071,14922,14929,9421,12096,9187,14940,14187,11771,14947,14943,14925,14927,14944,14946,14948,14942,14924],"class_list":{"0":"post-1259476","1":"product","2":"type-product","3":"status-publish","4":"has-post-thumbnail","6":"product_cat-10-aniversario","7":"product_cat-15-aniversario","8":"product_cat-1-aniversario","9":"product_cat-20-aniversario","10":"product_cat-2-aniversario","11":"product_cat-50-aniversario","12":"product_cat-5-aniversario","13":"product_cat-regalos-de-aniversario","14":"product_cat-bestsellers-label-es","15":"product_cat-regalos-de-san-valentin","16":"product_cat-letras","17":"product_cat-regalos-de-navidad","18":"product_cat-nuevo","19":"product_cat-regalos-para-hombres","20":"product_cat-regalos-de-navidad-para-la-novia","21":"product_cat-regalos-para-mujeres","22":"product_cat-regalos-de-aniversario-para-el","23":"product_cat-regalos-de-aniversario-para-ella","24":"product_cat-regalos-de-aniversario-para-pareja","25":"product_cat-regalos-de-cumpleanos-para-mujeres","26":"product_cat-regalos-de-san-valentin-hombres","27":"product_cat-regalos-de-san-valentin-mujeres","28":"product_cat-todos-los-productos","29":"product_tag-anniversary-es","30":"product_tag-anniversary-gift-es","31":"product_tag-anniversary-gifts-es","32":"product_tag-anniversary-present-es","33":"product_tag-cancion","34":"product_tag-couple-gift-es-2","35":"product_tag-couple-gift-anniversary-es","36":"product_tag-gift-for-couple-es","37":"product_tag-letra-de-cancion","38":"product_tag-letras","39":"product_tag-love-es","40":"product_tag-love-gift-es","41":"product_tag-musica-es","42":"product_tag-nuestra-cancion","43":"product_tag-pareja","44":"product_tag-personalized-gift-es","45":"product_tag-regalo-romantico-es","46":"product_tag-regalos-de-navidad-para-la-novia","47":"product_tag-romantic-gifts-es","48":"product_tag-sentimental-gift-es","49":"product_tag-special-occasion-es-2","50":"product_tag-thoughtful-gift-es","51":"product_tag-unique-gift-es","52":"product_tag-valentines-day-gifts-es","53":"product_tag-valentines-day-es","54":"product_tag-valentines-day-gift-es","55":"product_tag-wedding-anniversary-es","57":"first","58":"instock","59":"sale","60":"taxable","61":"shipping-taxable","62":"purchasable","63":"product-type-variable"},"yoast_head":"<!-- This site is optimized with the Yoast SEO Premium plugin v27.2 (Yoast SEO v27.2) - https:\/\/yoast.com\/product\/yoast-seo-premium-wordpress\/ -->\n<title>T\u00fa y Yo - Letras de Canciones Personalizadas - Positive Prints<\/title>\n<meta name=\"description\" content=\"\u00bfBuscas un regalo rom\u00e1ntico para tu pareja? Nuestra obra de arte Canci\u00f3n especial con foto es una forma \u00fanica y sincera de celebrar vuestro amor.\" \/>\n<meta name=\"robots\" content=\"index, follow, max-snippet:-1, max-image-preview:large, max-video-preview:-1\" \/>\n<link rel=\"canonical\" href=\"https:\/\/positiveprints.com\/es\/producto\/tu-y-yo-letras-de-canciones-personalizadas\/\" \/>\n<meta property=\"og:locale\" content=\"es_ES\" \/>\n<meta property=\"og:type\" content=\"article\" \/>\n<meta property=\"og:title\" content=\"T\u00fa y Yo - Letras de Canciones Personalizadas\" \/>\n<meta property=\"og:description\" content=\"Personaliza con letras de canciones, votos de boda o el texto que prefieras Sube tu propia foto (opcional) y crea un dise\u00f1o \u00fanico A\u00f1ade nombres, fechas o un mensaje emotivo Personal\u00edzalo todo en solo 2 minutos La vista previa interactiva en tiempo real te permite ajustar cada detalle\" \/>\n<meta property=\"og:url\" content=\"https:\/\/positiveprints.com\/es\/producto\/tu-y-yo-letras-de-canciones-personalizadas\/\" \/>\n<meta property=\"og:site_name\" content=\"Positive Prints\" \/>\n<meta property=\"article:publisher\" content=\"https:\/\/www.facebook.com\/positiveprintscom\" \/>\n<meta property=\"article:modified_time\" content=\"2026-04-12T19:01:29+00:00\" \/>\n<meta property=\"og:image\" content=\"https:\/\/positiveprints.com\/wp-content\/uploads\/2024\/11\/ES_PACKSHOT_Our-Special-Song-with-Photo-product-image-.webp\" \/>\n\t<meta property=\"og:image:width\" content=\"1450\" \/>\n\t<meta property=\"og:image:height\" content=\"1450\" \/>\n\t<meta property=\"og:image:type\" content=\"image\/webp\" \/>\n<meta name=\"twitter:card\" content=\"summary_large_image\" \/>\n<meta name=\"twitter:label1\" content=\"Tiempo de lectura\" \/>\n\t<meta name=\"twitter:data1\" content=\"2 minutos\" \/>\n<!-- \/ Yoast SEO Premium plugin. -->","yoast_head_json":{"title":"T\u00fa y Yo - Letras de Canciones Personalizadas - Positive Prints","description":"\u00bfBuscas un regalo rom\u00e1ntico para tu pareja? Nuestra obra de arte Canci\u00f3n especial con foto es una forma \u00fanica y sincera de celebrar vuestro amor.","robots":{"index":"index","follow":"follow","max-snippet":"max-snippet:-1","max-image-preview":"max-image-preview:large","max-video-preview":"max-video-preview:-1"},"canonical":"https:\/\/positiveprints.com\/es\/producto\/tu-y-yo-letras-de-canciones-personalizadas\/","og_locale":"es_ES","og_type":"article","og_title":"T\u00fa y Yo - Letras de Canciones Personalizadas","og_description":"Personaliza con letras de canciones, votos de boda o el texto que prefieras Sube tu propia foto (opcional) y crea un dise\u00f1o \u00fanico A\u00f1ade nombres, fechas o un mensaje emotivo Personal\u00edzalo todo en solo 2 minutos La vista previa interactiva en tiempo real te permite ajustar cada detalle","og_url":"https:\/\/positiveprints.com\/es\/producto\/tu-y-yo-letras-de-canciones-personalizadas\/","og_site_name":"Positive Prints","article_publisher":"https:\/\/www.facebook.com\/positiveprintscom","article_modified_time":"2026-04-12T19:01:29+00:00","og_image":[{"width":1450,"height":1450,"url":"https:\/\/positiveprints.com\/wp-content\/uploads\/2024\/11\/ES_PACKSHOT_Our-Special-Song-with-Photo-product-image-.webp","type":"image\/webp"}],"twitter_card":"summary_large_image","twitter_misc":{"Tiempo de lectura":"2 minutos"},"schema":{"@context":"https:\/\/schema.org","@graph":[{"@type":["WebPage","ItemPage"],"@id":"https:\/\/positiveprints.com\/es\/producto\/tu-y-yo-letras-de-canciones-personalizadas\/","url":"https:\/\/positiveprints.com\/es\/producto\/tu-y-yo-letras-de-canciones-personalizadas\/","name":"T\u00fa y Yo - Letras de Canciones Personalizadas - Positive Prints","isPartOf":{"@id":"https:\/\/positiveprints.com\/es\/#website"},"primaryImageOfPage":{"@id":"https:\/\/positiveprints.com\/es\/producto\/tu-y-yo-letras-de-canciones-personalizadas\/#primaryimage"},"image":{"@id":"https:\/\/positiveprints.com\/es\/producto\/tu-y-yo-letras-de-canciones-personalizadas\/#primaryimage"},"thumbnailUrl":"https:\/\/positiveprints.com\/wp-content\/uploads\/2024\/11\/ES_PACKSHOT_Our-Special-Song-with-Photo-product-image-.webp","datePublished":"2024-11-06T18:52:37+00:00","dateModified":"2026-04-12T19:01:29+00:00","description":"\u00bfBuscas un regalo rom\u00e1ntico para tu pareja? Nuestra obra de arte Canci\u00f3n especial con foto es una forma \u00fanica y sincera de celebrar vuestro amor.","breadcrumb":{"@id":"https:\/\/positiveprints.com\/es\/producto\/tu-y-yo-letras-de-canciones-personalizadas\/#breadcrumb"},"inLanguage":"es","potentialAction":[{"@type":"ReadAction","target":["https:\/\/positiveprints.com\/es\/producto\/tu-y-yo-letras-de-canciones-personalizadas\/"]}]},{"@type":"ImageObject","inLanguage":"es","@id":"https:\/\/positiveprints.com\/es\/producto\/tu-y-yo-letras-de-canciones-personalizadas\/#primaryimage","url":"https:\/\/positiveprints.com\/wp-content\/uploads\/2024\/11\/ES_PACKSHOT_Our-Special-Song-with-Photo-product-image-.webp","contentUrl":"https:\/\/positiveprints.com\/wp-content\/uploads\/2024\/11\/ES_PACKSHOT_Our-Special-Song-with-Photo-product-image-.webp","width":1450,"height":1450},{"@type":"BreadcrumbList","@id":"https:\/\/positiveprints.com\/es\/producto\/tu-y-yo-letras-de-canciones-personalizadas\/#breadcrumb","itemListElement":[{"@type":"ListItem","position":1,"name":"CASA","item":"https:\/\/positiveprints.com\/es\/"},{"@type":"ListItem","position":2,"name":"Productos","item":"https:\/\/positiveprints.com\/es\/shop\/"},{"@type":"ListItem","position":3,"name":"T\u00fa y Yo &#8211; Letras de Canciones Personalizadas"}]},{"@type":"WebSite","@id":"https:\/\/positiveprints.com\/es\/#website","url":"https:\/\/positiveprints.com\/es\/","name":"Positive Prints","description":"Custom Gifts for Special Occasions","publisher":{"@id":"https:\/\/positiveprints.com\/es\/#organization"},"potentialAction":[{"@type":"SearchAction","target":{"@type":"EntryPoint","urlTemplate":"https:\/\/positiveprints.com\/es\/?s={search_term_string}"},"query-input":{"@type":"PropertyValueSpecification","valueRequired":true,"valueName":"search_term_string"}}],"inLanguage":"es"},{"@type":"Organization","@id":"https:\/\/positiveprints.com\/es\/#organization","name":"Positive Prints","alternateName":"Positive Prints","url":"https:\/\/positiveprints.com\/es\/","logo":{"@type":"ImageObject","inLanguage":"es","@id":"https:\/\/positiveprints.com\/es\/#\/schema\/logo\/image\/","url":"https:\/\/positiveprints.com\/wp-content\/uploads\/2026\/03\/245815646_1337939713319158_5671353136411139666_n.png","contentUrl":"https:\/\/positiveprints.com\/wp-content\/uploads\/2026\/03\/245815646_1337939713319158_5671353136411139666_n.png","width":800,"height":800,"caption":"Positive Prints"},"image":{"@id":"https:\/\/positiveprints.com\/es\/#\/schema\/logo\/image\/"},"sameAs":["https:\/\/www.facebook.com\/positiveprintscom","https:\/\/www.instagram.com\/positiveprintscom\/","https:\/\/www.tiktok.com\/@positiveprintscom","https:\/\/www.pinterest.com\/positiveprintscom\/"]}]}},"jetpack_sharing_enabled":true,"_links":{"self":[{"href":"https:\/\/positiveprints.com\/es\/wp-json\/wp\/v2\/product\/1259476","targetHints":{"allow":["GET"]}}],"collection":[{"href":"https:\/\/positiveprints.com\/es\/wp-json\/wp\/v2\/product"}],"about":[{"href":"https:\/\/positiveprints.com\/es\/wp-json\/wp\/v2\/types\/product"}],"wp:featuredmedia":[{"embeddable":true,"href":"https:\/\/positiveprints.com\/es\/wp-json\/wp\/v2\/media\/1265345"}],"wp:attachment":[{"href":"https:\/\/positiveprints.com\/es\/wp-json\/wp\/v2\/media?parent=1259476"}],"wp:term":[{"taxonomy":"product_brand","embeddable":true,"href":"https:\/\/positiveprints.com\/es\/wp-json\/wp\/v2\/product_brand?post=1259476"},{"taxonomy":"product_cat","embeddable":true,"href":"https:\/\/positiveprints.com\/es\/wp-json\/wp\/v2\/product_cat?post=1259476"},{"taxonomy":"product_tag","embeddable":true,"href":"https:\/\/positiveprints.com\/es\/wp-json\/wp\/v2\/product_tag?post=1259476"}],"curies":[{"name":"wp","href":"https:\/\/api.w.org\/{rel}","templated":true}]}}