{"id":1259443,"date":"2024-11-06T17:42:52","date_gmt":"2024-11-06T16:42:52","guid":{"rendered":"https:\/\/positiveprints.com\/?post_type=product&#038;p=1259443"},"modified":"2026-04-18T03:18:03","modified_gmt":"2026-04-18T02:18:03","slug":"primer-baile-con-foto","status":"publish","type":"product","link":"https:\/\/positiveprints.com\/es\/producto\/primer-baile-con-foto\/","title":{"rendered":"Primer Baile con Foto"},"content":{"rendered":"<p>\u00bfBuscas el regalo de aniversario perfecto? Nuestro Primer Baile con Foto es una forma especial y \u00fanica de recordar el d\u00eda de tu boda.  Esta hermosa pieza muestra la letra de la canci\u00f3n de tu primer baile alrededor de una foto favorita de tu boda u otro momento especial, creando un recuerdo duradero de tu historia de amor.<\/p>\r\n\r\n<h2>Crea tu propio Primer Baile con Foto<\/h2>\r\n\r\n<p>Empieza por visitar nuestro editor en l\u00ednea, donde puedes subir f\u00e1cilmente una foto que sea significativa para ti. Elige un fondo de nuestra selecci\u00f3n o crea uno propio que combine con la foto y la letra. A continuaci\u00f3n, introduce la letra de la canci\u00f3n de vuestro primer baile y a\u00f1ade un mensaje personal para hacerlo a\u00fan m\u00e1s especial.  <\/p>\r\n\r\n<p>Elige el formato que mejor se adapte a tu estilo. Ofrecemos varias opciones, como p\u00f3sters impresos o enmarcados, lienzos y descargas digitales instant\u00e1neas. Cada pieza se hace s\u00f3lo para ti, garantizando que tu obra de arte sea un regalo \u00fanico y preciado.  <\/p>\r\n\r\n<h2>El regalo de aniversario perfecto<\/h2>\r\n\r\n<p>Primer Baile con Foto es el regalo de aniversario perfecto. Tanto si celebr\u00e1is vuestro primer a\u00f1o juntos como un gran hito, esta obra de arte es una forma significativa de honrar vuestro amor y los recuerdos que compart\u00eds. Es perfecta para las parejas que quieren recordar el d\u00eda de su boda y la canci\u00f3n especial que inici\u00f3 su viaje juntos.  <\/p>\r\n\r\n<h2>Empieza a personalizar tu regalo hoy<\/h2>\r\n\r\n<p>\u00bfListo para crear un regalo de aniversario \u00fanico y sincero? Empieza hoy mismo a personalizar tu Primer Baile con Foto. Visita nuestro editor en l\u00ednea para subir tu foto, elegir un fondo, introducir la letra de la canci\u00f3n y a\u00f1adir un mensaje personal. Elige el formato que mejor se adapte a tu estilo y \u00a1listo!   <\/p>\r\n\r\n<p>Encarga ahora tu Primer Baile con Foto personalizado y haz un regalo que apreciar\u00e1n para siempre.<\/p>","protected":false},"excerpt":{"rendered":"<ul class=\"check-list\">\n<li>Personaliza con letras de canciones, votos de boda o el texto que prefieras<\/li>\n<li>Sube tu propia foto (opcional) y crea un dise\u00f1o \u00fanico<\/li>\n<li>A\u00f1ade nombres, fechas o un mensaje emotivo<\/li>\n<li>Personal\u00edzalo todo en solo 2 minutos<\/li>\n<li>La vista previa interactiva en tiempo real te permite ajustar cada detalle<\/li>\n<\/ul>\n","protected":false},"featured_media":1261146,"template":"","meta":[],"product_brand":[],"product_cat":[15850,9280,12104,106,11589,11187,11188,3124,5270,11455,11456,15060,11462,11457],"product_tag":[14923,12097,12070,12071,11826,11821,11825,11820,13469,15081],"class_list":{"0":"post-1259443","1":"product","2":"type-product","3":"status-publish","4":"has-post-thumbnail","6":"product_cat-shop-bestsellers-es","7":"product_cat-bestsellers-label-es","8":"product_cat-letras","9":"product_cat-todos-los-productos","10":"product_cat-1-aniversario","11":"product_cat-regalos-de-aniversario-para-pareja","12":"product_cat-regalos-de-aniversario-para-ella","13":"product_cat-regalos-de-boda","14":"product_cat-regalos-de-navidad","15":"product_cat-regalos-de-navidad-para-mujer","16":"product_cat-regalos-de-navidad-para-hombre","17":"product_cat-regalos-de-navidad-para-la-familia","18":"product_cat-regalos-de-navidad-para-la-esposa","19":"product_cat-regalos-de-navidad-para-el-marido","20":"product_tag-anniversary-es","21":"product_tag-cancion","22":"product_tag-letra-de-cancion","23":"product_tag-letras","24":"product_tag-regalos-de-navidad-para-el","25":"product_tag-regalos-de-navidad-para-el-marido","26":"product_tag-regalos-de-navidad-para-ella","27":"product_tag-regalos-de-navidad-para-la-esposa","28":"product_tag-regalos-de-navidad-para-la-familia","29":"product_tag-wedding-es-2","31":"first","32":"instock","33":"sale","34":"taxable","35":"shipping-taxable","36":"purchasable","37":"product-type-variable"},"yoast_head":"<!-- This site is optimized with the Yoast SEO Premium plugin v27.2 (Yoast SEO v27.2) - https:\/\/yoast.com\/product\/yoast-seo-premium-wordpress\/ -->\n<title>Letra de la canci\u00f3n del primer baile con foto - Positive Prints<\/title>\n<meta name=\"description\" content=\"\u00bfBuscas el regalo de aniversario perfecto? Nuestra Primer Baile con Foto es una forma especial y \u00fanica de recordar el d\u00eda de tu boda.\" \/>\n<meta name=\"robots\" content=\"index, follow, max-snippet:-1, max-image-preview:large, max-video-preview:-1\" \/>\n<link rel=\"canonical\" href=\"https:\/\/positiveprints.com\/es\/producto\/primer-baile-con-foto\/\" \/>\n<meta property=\"og:locale\" content=\"es_ES\" \/>\n<meta property=\"og:type\" content=\"article\" \/>\n<meta property=\"og:title\" content=\"Primer Baile con Foto\" \/>\n<meta property=\"og:description\" content=\"Personaliza con letras de canciones, votos de boda o el texto que prefieras Sube tu propia foto (opcional) y crea un dise\u00f1o \u00fanico A\u00f1ade nombres, fechas o un mensaje emotivo Personal\u00edzalo todo en solo 2 minutos La vista previa interactiva en tiempo real te permite ajustar cada detalle\" \/>\n<meta property=\"og:url\" content=\"https:\/\/positiveprints.com\/es\/producto\/primer-baile-con-foto\/\" \/>\n<meta property=\"og:site_name\" content=\"Positive Prints\" \/>\n<meta property=\"article:publisher\" content=\"https:\/\/www.facebook.com\/positiveprintscom\" \/>\n<meta property=\"article:modified_time\" content=\"2026-04-18T02:18:03+00:00\" \/>\n<meta property=\"og:image\" content=\"https:\/\/positiveprints.com\/wp-content\/uploads\/2024\/11\/ES_PACKSHOT_First-Dance-Song-Lyrics-with-Photo-product-image-.webp\" \/>\n\t<meta property=\"og:image:width\" content=\"1450\" \/>\n\t<meta property=\"og:image:height\" content=\"1450\" \/>\n\t<meta property=\"og:image:type\" content=\"image\/webp\" \/>\n<meta name=\"twitter:card\" content=\"summary_large_image\" \/>\n<meta name=\"twitter:label1\" content=\"Tiempo de lectura\" \/>\n\t<meta name=\"twitter:data1\" content=\"2 minutos\" \/>\n<!-- \/ Yoast SEO Premium plugin. -->","yoast_head_json":{"title":"Letra de la canci\u00f3n del primer baile con foto - Positive Prints","description":"\u00bfBuscas el regalo de aniversario perfecto? Nuestra Primer Baile con Foto es una forma especial y \u00fanica de recordar el d\u00eda de tu boda.","robots":{"index":"index","follow":"follow","max-snippet":"max-snippet:-1","max-image-preview":"max-image-preview:large","max-video-preview":"max-video-preview:-1"},"canonical":"https:\/\/positiveprints.com\/es\/producto\/primer-baile-con-foto\/","og_locale":"es_ES","og_type":"article","og_title":"Primer Baile con Foto","og_description":"Personaliza con letras de canciones, votos de boda o el texto que prefieras Sube tu propia foto (opcional) y crea un dise\u00f1o \u00fanico A\u00f1ade nombres, fechas o un mensaje emotivo Personal\u00edzalo todo en solo 2 minutos La vista previa interactiva en tiempo real te permite ajustar cada detalle","og_url":"https:\/\/positiveprints.com\/es\/producto\/primer-baile-con-foto\/","og_site_name":"Positive Prints","article_publisher":"https:\/\/www.facebook.com\/positiveprintscom","article_modified_time":"2026-04-18T02:18:03+00:00","og_image":[{"width":1450,"height":1450,"url":"https:\/\/positiveprints.com\/wp-content\/uploads\/2024\/11\/ES_PACKSHOT_First-Dance-Song-Lyrics-with-Photo-product-image-.webp","type":"image\/webp"}],"twitter_card":"summary_large_image","twitter_misc":{"Tiempo de lectura":"2 minutos"},"schema":{"@context":"https:\/\/schema.org","@graph":[{"@type":["WebPage","ItemPage"],"@id":"https:\/\/positiveprints.com\/es\/producto\/primer-baile-con-foto\/","url":"https:\/\/positiveprints.com\/es\/producto\/primer-baile-con-foto\/","name":"Letra de la canci\u00f3n del primer baile con foto - Positive Prints","isPartOf":{"@id":"https:\/\/positiveprints.com\/es\/#website"},"primaryImageOfPage":{"@id":"https:\/\/positiveprints.com\/es\/producto\/primer-baile-con-foto\/#primaryimage"},"image":{"@id":"https:\/\/positiveprints.com\/es\/producto\/primer-baile-con-foto\/#primaryimage"},"thumbnailUrl":"https:\/\/positiveprints.com\/wp-content\/uploads\/2024\/11\/ES_PACKSHOT_First-Dance-Song-Lyrics-with-Photo-product-image-.webp","datePublished":"2024-11-06T16:42:52+00:00","dateModified":"2026-04-18T02:18:03+00:00","description":"\u00bfBuscas el regalo de aniversario perfecto? Nuestra Primer Baile con Foto es una forma especial y \u00fanica de recordar el d\u00eda de tu boda.","breadcrumb":{"@id":"https:\/\/positiveprints.com\/es\/producto\/primer-baile-con-foto\/#breadcrumb"},"inLanguage":"es","potentialAction":[{"@type":"ReadAction","target":["https:\/\/positiveprints.com\/es\/producto\/primer-baile-con-foto\/"]}]},{"@type":"ImageObject","inLanguage":"es","@id":"https:\/\/positiveprints.com\/es\/producto\/primer-baile-con-foto\/#primaryimage","url":"https:\/\/positiveprints.com\/wp-content\/uploads\/2024\/11\/ES_PACKSHOT_First-Dance-Song-Lyrics-with-Photo-product-image-.webp","contentUrl":"https:\/\/positiveprints.com\/wp-content\/uploads\/2024\/11\/ES_PACKSHOT_First-Dance-Song-Lyrics-with-Photo-product-image-.webp","width":1450,"height":1450},{"@type":"BreadcrumbList","@id":"https:\/\/positiveprints.com\/es\/producto\/primer-baile-con-foto\/#breadcrumb","itemListElement":[{"@type":"ListItem","position":1,"name":"CASA","item":"https:\/\/positiveprints.com\/es\/"},{"@type":"ListItem","position":2,"name":"Productos","item":"https:\/\/positiveprints.com\/es\/shop\/"},{"@type":"ListItem","position":3,"name":"Primer Baile con Foto"}]},{"@type":"WebSite","@id":"https:\/\/positiveprints.com\/es\/#website","url":"https:\/\/positiveprints.com\/es\/","name":"Positive Prints","description":"Custom Gifts for Special Occasions","publisher":{"@id":"https:\/\/positiveprints.com\/es\/#organization"},"potentialAction":[{"@type":"SearchAction","target":{"@type":"EntryPoint","urlTemplate":"https:\/\/positiveprints.com\/es\/?s={search_term_string}"},"query-input":{"@type":"PropertyValueSpecification","valueRequired":true,"valueName":"search_term_string"}}],"inLanguage":"es"},{"@type":"Organization","@id":"https:\/\/positiveprints.com\/es\/#organization","name":"Positive Prints","alternateName":"Positive Prints","url":"https:\/\/positiveprints.com\/es\/","logo":{"@type":"ImageObject","inLanguage":"es","@id":"https:\/\/positiveprints.com\/es\/#\/schema\/logo\/image\/","url":"https:\/\/positiveprints.com\/wp-content\/uploads\/2026\/03\/245815646_1337939713319158_5671353136411139666_n.png","contentUrl":"https:\/\/positiveprints.com\/wp-content\/uploads\/2026\/03\/245815646_1337939713319158_5671353136411139666_n.png","width":800,"height":800,"caption":"Positive Prints"},"image":{"@id":"https:\/\/positiveprints.com\/es\/#\/schema\/logo\/image\/"},"sameAs":["https:\/\/www.facebook.com\/positiveprintscom","https:\/\/www.instagram.com\/positiveprintscom\/","https:\/\/www.tiktok.com\/@positiveprintscom","https:\/\/www.pinterest.com\/positiveprintscom\/"]}]}},"jetpack_sharing_enabled":true,"_links":{"self":[{"href":"https:\/\/positiveprints.com\/es\/wp-json\/wp\/v2\/product\/1259443","targetHints":{"allow":["GET"]}}],"collection":[{"href":"https:\/\/positiveprints.com\/es\/wp-json\/wp\/v2\/product"}],"about":[{"href":"https:\/\/positiveprints.com\/es\/wp-json\/wp\/v2\/types\/product"}],"wp:featuredmedia":[{"embeddable":true,"href":"https:\/\/positiveprints.com\/es\/wp-json\/wp\/v2\/media\/1261146"}],"wp:attachment":[{"href":"https:\/\/positiveprints.com\/es\/wp-json\/wp\/v2\/media?parent=1259443"}],"wp:term":[{"taxonomy":"product_brand","embeddable":true,"href":"https:\/\/positiveprints.com\/es\/wp-json\/wp\/v2\/product_brand?post=1259443"},{"taxonomy":"product_cat","embeddable":true,"href":"https:\/\/positiveprints.com\/es\/wp-json\/wp\/v2\/product_cat?post=1259443"},{"taxonomy":"product_tag","embeddable":true,"href":"https:\/\/positiveprints.com\/es\/wp-json\/wp\/v2\/product_tag?post=1259443"}],"curies":[{"name":"wp","href":"https:\/\/api.w.org\/{rel}","templated":true}]}}