{"id":1259433,"date":"2024-11-06T19:43:10","date_gmt":"2024-11-06T18:43:10","guid":{"rendered":"https:\/\/positiveprints.com\/?post_type=product&#038;p=1259433"},"modified":"2026-04-28T13:34:11","modified_gmt":"2026-04-28T12:34:11","slug":"voto-matrimonial-con-foto","status":"publish","type":"product","link":"https:\/\/positiveprints.com\/es\/producto\/voto-matrimonial-con-foto\/","title":{"rendered":"Votos de Boda Arte con Foto"},"content":{"rendered":"<p>\u00bfBuscas una forma \u00fanica de conmemorar el d\u00eda de tu boda? Nuestro cuadro de votos matrimoniales con foto es la forma perfecta de celebrar vuestro amor y compromiso. Esta hermosa pieza muestra tus votos matrimoniales personalizados elegantemente expuestos alrededor de una preciada foto, creando un recuerdo atemporal de tu d\u00eda especial.  <\/p>\r\n\r\n<h2>Crea tu propio Arte de Votos de Boda con Foto<\/h2>\r\n\r\n<p>Empieza por visitar nuestro editor en l\u00ednea, donde puedes subir f\u00e1cilmente una foto que tenga un significado especial para ti. Elige un fondo de nuestra selecci\u00f3n o crea el tuyo propio para realzar la foto y los votos. A continuaci\u00f3n, introduce tus votos matrimoniales y a\u00f1ade un mensaje personalizado para hacerlo a\u00fan m\u00e1s especial.  <\/p>\r\n\r\n<p>Selecciona el formato que mejor se adapte a tu estilo y necesidades. Ofrecemos varias opciones, como p\u00f3sters impresos o enmarcados, lienzos y descargas digitales instant\u00e1neas. Cada pieza est\u00e1 hecha a medida para ti, lo que garantiza que tu obra de arte sea un recuerdo \u00fanico y preciado.  <\/p>\r\n\r\n<h2>La forma perfecta de recordar el d\u00eda de tu boda<\/h2>\r\n\r\n<p>El Arte de los Votos Matrimoniales con Foto es ideal para cualquier ocasi\u00f3n especial. Ya sea una boda, un aniversario o simplemente un gesto de amor, esta obra de arte es una forma significativa de celebrar y preservar las promesas que os hicisteis el uno al otro. Es perfecta para las parejas que quieren recordar el d\u00eda de su boda y los votos especiales que marcaron el comienzo de su viaje juntos.  <\/p>\r\n\r\n<h2>Empieza hoy a crear los recuerdos de tu boda<\/h2>\r\n\r\n<p>\u00bfListo para crear un recuerdo \u00fanico y memorable? Empieza hoy mismo a personalizar tu Arte de votos matrimoniales con foto. Visita nuestro editor en l\u00ednea para subir tu foto, elegir un fondo, introducir tus votos matrimoniales y a\u00f1adir un mensaje personalizado. Selecciona el formato que mejor se adapte a tu estilo y \u00a1listo!   <\/p>\r\n\r\n<p>Encarga ahora tus votos matrimoniales personalizados con foto y crea un recuerdo imborrable de tu d\u00eda especial.<\/p>","protected":false},"excerpt":{"rendered":"<ul class=\"check-list\">\n<li>Personaliza con letras de canciones, votos de boda o el texto que prefieras<\/li>\n<li>Sube tu propia foto (opcional) y crea un dise\u00f1o \u00fanico<\/li>\n<li>A\u00f1ade nombres, fechas o un mensaje emotivo<\/li>\n<li>Personal\u00edzalo todo en solo 2 minutos<\/li>\n<li>La vista previa interactiva en tiempo real te permite ajustar cada detalle<\/li>\n<\/ul>\n","protected":false},"featured_media":1260614,"template":"","meta":[],"product_brand":[],"product_cat":[12104,106,11589,11188,11189,3124],"product_tag":[14923,12097,12070,12071,15081,14924],"class_list":{"0":"post-1259433","1":"product","2":"type-product","3":"status-publish","4":"has-post-thumbnail","6":"product_cat-letras","7":"product_cat-todos-los-productos","8":"product_cat-1-aniversario","9":"product_cat-regalos-de-aniversario-para-ella","10":"product_cat-regalos-de-aniversario-para-el","11":"product_cat-regalos-de-boda","12":"product_tag-anniversary-es","13":"product_tag-cancion","14":"product_tag-letra-de-cancion","15":"product_tag-letras","16":"product_tag-wedding-es-2","17":"product_tag-wedding-anniversary-es","19":"first","20":"instock","21":"sale","22":"taxable","23":"shipping-taxable","24":"purchasable","25":"product-type-variable"},"yoast_head":"<!-- This site is optimized with the Yoast SEO Premium plugin v27.2 (Yoast SEO v27.2) - https:\/\/yoast.com\/product\/yoast-seo-premium-wordpress\/ -->\n<title>Arte de los votos matrimoniales con foto - Positive Prints<\/title>\n<meta name=\"description\" content=\"\u00bfBuscas una forma \u00fanica de conmemorar el d\u00eda de tu boda? Nuestro Arte de votos matrimoniales con foto es la forma perfecta de celebrar vuestro amor y compromiso.\" \/>\n<meta name=\"robots\" content=\"index, follow, max-snippet:-1, max-image-preview:large, max-video-preview:-1\" \/>\n<link rel=\"canonical\" href=\"https:\/\/positiveprints.com\/es\/producto\/voto-matrimonial-con-foto\/\" \/>\n<meta property=\"og:locale\" content=\"es_ES\" \/>\n<meta property=\"og:type\" content=\"article\" \/>\n<meta property=\"og:title\" content=\"Votos de Boda Arte con Foto\" \/>\n<meta property=\"og:description\" content=\"Personaliza con letras de canciones, votos de boda o el texto que prefieras Sube tu propia foto (opcional) y crea un dise\u00f1o \u00fanico A\u00f1ade nombres, fechas o un mensaje emotivo Personal\u00edzalo todo en solo 2 minutos La vista previa interactiva en tiempo real te permite ajustar cada detalle\" \/>\n<meta property=\"og:url\" content=\"https:\/\/positiveprints.com\/es\/producto\/voto-matrimonial-con-foto\/\" \/>\n<meta property=\"og:site_name\" content=\"Positive Prints\" \/>\n<meta property=\"article:publisher\" content=\"https:\/\/www.facebook.com\/positiveprintscom\" \/>\n<meta property=\"article:modified_time\" content=\"2026-04-28T12:34:11+00:00\" \/>\n<meta property=\"og:image\" content=\"https:\/\/positiveprints.com\/wp-content\/uploads\/2024\/11\/ES_PACKSHOT_Wedding-Vows-Art-with-Photo-product-image-.webp\" \/>\n\t<meta property=\"og:image:width\" content=\"1450\" \/>\n\t<meta property=\"og:image:height\" content=\"1450\" \/>\n\t<meta property=\"og:image:type\" content=\"image\/webp\" \/>\n<meta name=\"twitter:card\" content=\"summary_large_image\" \/>\n<!-- \/ Yoast SEO Premium plugin. -->","yoast_head_json":{"title":"Arte de los votos matrimoniales con foto - Positive Prints","description":"\u00bfBuscas una forma \u00fanica de conmemorar el d\u00eda de tu boda? Nuestro Arte de votos matrimoniales con foto es la forma perfecta de celebrar vuestro amor y compromiso.","robots":{"index":"index","follow":"follow","max-snippet":"max-snippet:-1","max-image-preview":"max-image-preview:large","max-video-preview":"max-video-preview:-1"},"canonical":"https:\/\/positiveprints.com\/es\/producto\/voto-matrimonial-con-foto\/","og_locale":"es_ES","og_type":"article","og_title":"Votos de Boda Arte con Foto","og_description":"Personaliza con letras de canciones, votos de boda o el texto que prefieras Sube tu propia foto (opcional) y crea un dise\u00f1o \u00fanico A\u00f1ade nombres, fechas o un mensaje emotivo Personal\u00edzalo todo en solo 2 minutos La vista previa interactiva en tiempo real te permite ajustar cada detalle","og_url":"https:\/\/positiveprints.com\/es\/producto\/voto-matrimonial-con-foto\/","og_site_name":"Positive Prints","article_publisher":"https:\/\/www.facebook.com\/positiveprintscom","article_modified_time":"2026-04-28T12:34:11+00:00","og_image":[{"width":1450,"height":1450,"url":"https:\/\/positiveprints.com\/wp-content\/uploads\/2024\/11\/ES_PACKSHOT_Wedding-Vows-Art-with-Photo-product-image-.webp","type":"image\/webp"}],"twitter_card":"summary_large_image","schema":{"@context":"https:\/\/schema.org","@graph":[{"@type":["WebPage","ItemPage"],"@id":"https:\/\/positiveprints.com\/es\/producto\/voto-matrimonial-con-foto\/","url":"https:\/\/positiveprints.com\/es\/producto\/voto-matrimonial-con-foto\/","name":"Arte de los votos matrimoniales con foto - Positive Prints","isPartOf":{"@id":"https:\/\/positiveprints.com\/es\/#website"},"primaryImageOfPage":{"@id":"https:\/\/positiveprints.com\/es\/producto\/voto-matrimonial-con-foto\/#primaryimage"},"image":{"@id":"https:\/\/positiveprints.com\/es\/producto\/voto-matrimonial-con-foto\/#primaryimage"},"thumbnailUrl":"https:\/\/positiveprints.com\/wp-content\/uploads\/2024\/11\/ES_PACKSHOT_Wedding-Vows-Art-with-Photo-product-image-.webp","datePublished":"2024-11-06T18:43:10+00:00","dateModified":"2026-04-28T12:34:11+00:00","description":"\u00bfBuscas una forma \u00fanica de conmemorar el d\u00eda de tu boda? Nuestro Arte de votos matrimoniales con foto es la forma perfecta de celebrar vuestro amor y compromiso.","breadcrumb":{"@id":"https:\/\/positiveprints.com\/es\/producto\/voto-matrimonial-con-foto\/#breadcrumb"},"inLanguage":"es","potentialAction":[{"@type":"ReadAction","target":["https:\/\/positiveprints.com\/es\/producto\/voto-matrimonial-con-foto\/"]}]},{"@type":"ImageObject","inLanguage":"es","@id":"https:\/\/positiveprints.com\/es\/producto\/voto-matrimonial-con-foto\/#primaryimage","url":"https:\/\/positiveprints.com\/wp-content\/uploads\/2024\/11\/ES_PACKSHOT_Wedding-Vows-Art-with-Photo-product-image-.webp","contentUrl":"https:\/\/positiveprints.com\/wp-content\/uploads\/2024\/11\/ES_PACKSHOT_Wedding-Vows-Art-with-Photo-product-image-.webp","width":1450,"height":1450},{"@type":"BreadcrumbList","@id":"https:\/\/positiveprints.com\/es\/producto\/voto-matrimonial-con-foto\/#breadcrumb","itemListElement":[{"@type":"ListItem","position":1,"name":"CASA","item":"https:\/\/positiveprints.com\/es\/"},{"@type":"ListItem","position":2,"name":"Productos","item":"https:\/\/positiveprints.com\/es\/shop\/"},{"@type":"ListItem","position":3,"name":"Votos de Boda Arte con Foto"}]},{"@type":"WebSite","@id":"https:\/\/positiveprints.com\/es\/#website","url":"https:\/\/positiveprints.com\/es\/","name":"Positive Prints","description":"Custom Gifts for Special Occasions","publisher":{"@id":"https:\/\/positiveprints.com\/es\/#organization"},"potentialAction":[{"@type":"SearchAction","target":{"@type":"EntryPoint","urlTemplate":"https:\/\/positiveprints.com\/es\/?s={search_term_string}"},"query-input":{"@type":"PropertyValueSpecification","valueRequired":true,"valueName":"search_term_string"}}],"inLanguage":"es"},{"@type":"Organization","@id":"https:\/\/positiveprints.com\/es\/#organization","name":"Positive Prints","alternateName":"Positive Prints ","url":"https:\/\/positiveprints.com\/es\/","logo":{"@type":"ImageObject","inLanguage":"es","@id":"https:\/\/positiveprints.com\/es\/#\/schema\/logo\/image\/","url":"https:\/\/positiveprints.com\/wp-content\/uploads\/2026\/03\/245815646_1337939713319158_5671353136411139666_n.png","contentUrl":"https:\/\/positiveprints.com\/wp-content\/uploads\/2026\/03\/245815646_1337939713319158_5671353136411139666_n.png","width":800,"height":800,"caption":"Positive Prints"},"image":{"@id":"https:\/\/positiveprints.com\/es\/#\/schema\/logo\/image\/"},"sameAs":["https:\/\/www.facebook.com\/positiveprintscom","https:\/\/www.instagram.com\/positiveprintscom\/","https:\/\/www.tiktok.com\/@positiveprintscom","https:\/\/www.pinterest.com\/positiveprintscom\/"]}]}},"jetpack_sharing_enabled":true,"_links":{"self":[{"href":"https:\/\/positiveprints.com\/es\/wp-json\/wp\/v2\/product\/1259433","targetHints":{"allow":["GET"]}}],"collection":[{"href":"https:\/\/positiveprints.com\/es\/wp-json\/wp\/v2\/product"}],"about":[{"href":"https:\/\/positiveprints.com\/es\/wp-json\/wp\/v2\/types\/product"}],"wp:featuredmedia":[{"embeddable":true,"href":"https:\/\/positiveprints.com\/es\/wp-json\/wp\/v2\/media\/1260614"}],"wp:attachment":[{"href":"https:\/\/positiveprints.com\/es\/wp-json\/wp\/v2\/media?parent=1259433"}],"wp:term":[{"taxonomy":"product_brand","embeddable":true,"href":"https:\/\/positiveprints.com\/es\/wp-json\/wp\/v2\/product_brand?post=1259433"},{"taxonomy":"product_cat","embeddable":true,"href":"https:\/\/positiveprints.com\/es\/wp-json\/wp\/v2\/product_cat?post=1259433"},{"taxonomy":"product_tag","embeddable":true,"href":"https:\/\/positiveprints.com\/es\/wp-json\/wp\/v2\/product_tag?post=1259433"}],"curies":[{"name":"wp","href":"https:\/\/api.w.org\/{rel}","templated":true}]}}